{"id":10000018,"date":"2014-08-18T15:45:30","date_gmt":"2014-08-18T13:45:30","guid":{"rendered":"https:\/\/www.fh-joanneum.at\/journalismus-und-public-relations\/bachelor\/im-studium\/praxisprojekte\/"},"modified":"2024-09-09T10:12:07","modified_gmt":"2024-09-09T08:12:07","slug":"praxisprojekte","status":"publish","type":"page","link":"https:\/\/www.fh-joanneum.at\/journalismus-und-public-relations\/bachelor\/im-studium\/praxisprojekte\/","title":{"rendered":"Praxisprojekte"},"content":{"rendered":"<div id=\"\" class=\"wp-block-text-content margin-bottom-none\">\n    <div class=\"container-lg\">\n        <div class=\"row\">\n            <div class=\"col\">\n                <div class=\"module-migration-headline\">\n<h3>Praxisprojekte im Studium<\/h3>\n<\/div>\n\n            <\/div>\n        <\/div>\n            <\/div>\n<\/div>\n\n\n<div id=\"\" class=\"wp-block-text-content margin-bottom-normal\">\n    <div class=\"container-lg\">\n        <div class=\"row\">\n            <div class=\"col\">\n                <p>Praxiserfahrung sammeln Sie schon ab dem 1. Semester, indem Sie Projekte umsetzen. Dabei nutzen Sie die erlernte Theorie, toben sich kreativ aus und arbeiten im Team oder selbstst&auml;ndig.<\/p>\n<p>In jedem Semester haben Sie die M&ouml;glichkeit, an verschiedenen Praxisprojekten teilzunehmen. Die Bandbreite reicht von der Konzepterstellung bis zur konkreten Umsetzung von journalistischen Druckwerken, Websites, Imagefilmen, Kampagnen und Vielem mehr. Im Laufe des Studiums wachsen auch die Anforderungen. Im 5. Semester produziert jeder Jahrgang selbstst&auml;ndig eine Ausgabe eines Magazins.<\/p>\n<p>Durch Projekte k&ouml;nnen Sie au&szlig;erdem erste Kontakte in die Wirtschaft kn&uuml;pfen. Redaktionen, Unternehmen und Agenturen lernen Sie und Ihre F&auml;higkeiten in der direkten Zusammenarbeit kennen. Wenn Sie einen Praktikums- oder Arbeitsplatz suchen, k&ouml;nnen diese Kontakte sehr hilfreich sein.<\/p>\n\n            <\/div>\n        <\/div>\n            <\/div>\n<\/div>\n\n\n<div id=\"\" class=\"wp-block-text-content margin-bottom-none\">\n    <div class=\"container-lg\">\n        <div class=\"row\">\n            <div class=\"col\">\n                <div class=\"module-migration-headline\">\n<h3>Aktuelle Projekte von Studierenden<\/h3>\n<\/div>\n\n            <\/div>\n        <\/div>\n            <\/div>\n<\/div>\n\n\n<div id=\"\" class=\"wp-block-text-content margin-bottom-none\">\n    <div class=\"container-lg\">\n        <div class=\"row\">\n            <div class=\"col\">\n                <div class=\"module-migration-headline\">\n<h4>Der Weblog Annenpost<\/h4>\n<\/div>\n\n            <\/div>\n        <\/div>\n            <\/div>\n<\/div>\n\n\n<div id=\"\" class=\"wp-block-text-content margin-bottom-normal\">\n    <div class=\"container-lg\">\n        <div class=\"row\">\n            <div class=\"col\">\n                <p>F&uuml;r das Praxisprojekt Annenpost verwandelt sich Ihr Jahrgang in einen richtigen Newsroom. In den ersten beiden Semestern produzieren Sie mit Ihren Kolleginnen und Kollegen unter realen Bedingungen das lokale Weblog Annenpost.<\/p>\n<p>Dort nehmen Sie gemeinsam das vielf&auml;ltige Leben im Grazer Annenviertel journalistisch unter die Lupe. Gleich in der ersten Studienwoche geht es los: Mit dem legend&auml;ren Annenpost-Bootcamp.<\/p>\n<ul>\n<li>Semester: erstes und zweites Semester<\/li>\n<li>Projektleiter und Ansprechperson: Mag. Thomas Wolkinger<\/li>\n<li>Links:<\/li>\n<li><a title=\"www.annenpost.at\" href=\"http:\/\/www.annenpost.at\" target=\"_blank\" rel=\"noopener noreferrer\">www.annenpost.at<\/a><\/li>\n<li><a href=\"https:\/\/www.youtube.com\/user\/Annenpost\" target=\"_blank\" rel=\"noopener noreferrer\">www.youtube.com\/user\/Annenpost<\/a><\/li>\n<\/ul>\n\n            <\/div>\n        <\/div>\n            <\/div>\n<\/div>\n\n\n<div id=\"\" class=\"wp-block-text-content margin-bottom-none\">\n    <div class=\"container-lg\">\n        <div class=\"row\">\n            <div class=\"col\">\n                <div class=\"module-migration-headline\">\n<h4>joanneum racing graz<\/h4>\n<\/div>\n\n            <\/div>\n        <\/div>\n            <\/div>\n<\/div>\n\n\n<div id=\"\" class=\"wp-block-text-content margin-bottom-normal\">\n    <div class=\"container-lg\">\n        <div class=\"row\">\n            <div class=\"col\">\n                <p>Wendig, dynamisch und vor allem schnell &ndash; das Wiesel ist das Maskottchen von <em>joanneum racing graz<\/em> und zwar aus gutem Grund: Die Boliden des Studierendenteams der FH JOANNEUM verbinden seit mittlerweile zw&ouml;lf Jahren alle diese F&auml;higkeit. Und das erfolgreich.<\/p>\n<p>Die Kommunikation f&uuml;r das &bdquo;wieselschnelle&ldquo; Team koordinieren Studierende von &bdquo;Journalismus und Public Relations (PR)&ldquo;. <a href=\"https:\/\/fh-joanneum.at\/blog\/weasel-inter-pares-joanneum-racing-graz-hat-einen-neuen-leader\/\">Hier am Blog<\/a> finden Sie das Interview eines Studierenden mit dem neuen Leiter des <em>joanneum racing team<\/em>. Auch die <a href=\"http:\/\/www.joanneum-racing.at\/\" target=\"_blank\" rel=\"noopener noreferrer\">Website<\/a> der Wiesels betreuen unsere Studierenden. <\/p>\n\n            <\/div>\n        <\/div>\n            <\/div>\n<\/div>\n\n\n<div id=\"\" class=\"wp-block-text-content margin-bottom-none\">\n    <div class=\"container-lg\">\n        <div class=\"row\">\n            <div class=\"col\">\n                <div class=\"module-migration-headline\">\n<h4>Spannende Beispiele f&uuml;r Unternehmenskommunikation<\/h4>\n<\/div>\n\n            <\/div>\n        <\/div>\n            <\/div>\n<\/div>\n\n\n<div id=\"\" class=\"wp-block-text-content margin-bottom-normal\">\n    <div class=\"container-lg\">\n        <div class=\"row\">\n            <div class=\"col\">\n                <p>Im Zuge der Lehrveranstaltung <strong>PR-Projekt<\/strong> haben Studierende des Studiengangs &bdquo;Journalismus und Public Relations (PR)&ldquo; den Auftrag bekommen, sich mithilfe der <a href=\"https:\/\/www.sfg.at\/\" target=\"_blank\" rel=\"noopener noreferrer\">SFG<\/a> mit verschiedenen Unternehmen in Verbindung zu setzen. Das Ziel dabei war, f&uuml;r diese Unternehmen eine Story zu schreiben, die am Ende des Projekts im Web-, Print- und Social-Media-Sektor erscheint. Die Texte umfassten nicht nur den Journalismus, sondern auch den PR-Bereich und richteten sich vor allem an wirtschaftsinformierte Leser:innen.<\/p>\n\n            <\/div>\n        <\/div>\n            <\/div>\n<\/div>\n\n\n<div id=\"\" class=\"wp-block-text-content margin-bottom-none\">\n    <div class=\"container-lg\">\n        <div class=\"row\">\n            <div class=\"col\">\n                <div class=\"module-migration-headline\">\n<h4>&Ouml;sterreichische Geschichte auf TikTok<\/h4>\n<\/div>\n\n            <\/div>\n        <\/div>\n            <\/div>\n<\/div>\n\n\n<div\n    id=\"\"\n    class=\"wp-block-content-image margin-bottom-normal\"\n>\n    <div class=\"container-lg\">\n        <div class=\"row\">\n            <div class=\"col-12\">\n                <div >\n\n                    <div class=\"image-wrapper\">\n                        <picture>\n                        <source\n                media=\"(max-width: 576px)\"\n                srcset=\"https:\/\/cdn3.fh-joanneum.at\/media\/sites\/38\/2022\/03\/praxisprojekte-4.jpg, https:\/\/cdn3.fh-joanneum.at\/media\/sites\/38\/2022\/03\/praxisprojekte-4-768x378.jpg 2x\"\n            \/>\n                    <source\n                media=\"(max-width: 768px)\"\n                srcset=\"https:\/\/cdn3.fh-joanneum.at\/media\/sites\/38\/2022\/03\/praxisprojekte-4-768x378.jpg, https:\/\/cdn3.fh-joanneum.at\/media\/sites\/38\/2022\/03\/praxisprojekte-4-1024x505.jpg 2x\"\n            \/>\n                    <source\n                media=\"(max-width: 1024px)\"\n                srcset=\"https:\/\/cdn3.fh-joanneum.at\/media\/sites\/38\/2022\/03\/praxisprojekte-4-1024x505.jpg, https:\/\/cdn3.fh-joanneum.at\/media\/sites\/38\/2022\/03\/praxisprojekte-4.jpg 2x\"\n            \/>\n                    <source\n                media=\"(max-width: 1386px)\"\n                srcset=\"https:\/\/cdn3.fh-joanneum.at\/media\/sites\/38\/2022\/03\/praxisprojekte-4.jpg, https:\/\/cdn3.fh-joanneum.at\/media\/sites\/38\/2022\/03\/praxisprojekte-4.jpg 2x\"\n            \/>\n                    <source\n                media=\"(max-width: 1386px)\"\n                srcset=\"https:\/\/cdn3.fh-joanneum.at\/media\/sites\/38\/2022\/03\/praxisprojekte-4.jpg, https:\/\/cdn3.fh-joanneum.at\/media\/sites\/38\/2022\/03\/praxisprojekte-4.jpg 2x\"\n            \/>\n                <img decoding=\"async\"\n        class=\"img-fluid @if ($image_credit || $media_subtitle) mb-2 @endif @if ($lightbox) modal-trigger @endif\" @click=\"modal = !modal\" aria-expanded=\"false\"\n        src=\"https:\/\/cdn3.fh-joanneum.at\/media\/sites\/38\/2022\/03\/praxisprojekte-4.jpg\"\n        alt=\"Praxisprojekte 3\"\n        title=\"\"\n         loading=\"lazy\"             >\n<\/picture>\n\n                                                                            <p class=\"text-muted\">Das Team von \u201eGeschichte oida!\u201c beim ersten Drehtag \u2013 Foto: Nico Lang<\/p>\n                                            <\/div>\n\n                                    <\/div>\n\n            <\/div>\n        <\/div>\n    <\/div>\n<\/div>\n\n\n<div id=\"\" class=\"wp-block-text-content margin-bottom-normal\">\n    <div class=\"container-lg\">\n        <div class=\"row\">\n            <div class=\"col\">\n                <p>Im f&uuml;nften Semester entwickeln die Studierenden von &bdquo;Journalismus und Public Relations (PR)&ldquo; an der FH JOANNEUM ihr eigenes Projekt. Dies geschieht als Praxis&uuml;bung unter Professor und Digitaljournalist Stefan Apfl. Vorgaben gibt es keine, die Studierenden k&ouml;nnen ihrer Kreativit&auml;t freien Lauf lassen. Einzige Bedingung: online musste das Ganze sein. Und so enstand &bdquo;Geschichte Oida!&ldquo;, zu verfolgen auf TikTok. <\/p>\n<ul>\n<li><a href=\"https:\/\/www.tiktok.com\/@geschichte.oida\" target=\"_blank\" rel=\"noopener noreferrer\">TikTok Channel geschichte.oida (@geschichte.oida)<\/a><\/li>\n<li><a href=\"www.instagram.com\/geschichte.oida\">Instagram<\/a> <\/li>\n<\/ul>\n\n            <\/div>\n        <\/div>\n            <\/div>\n<\/div>\n\n\n\n\n\n\n<div id=\"\" class=\"wp-block-text-content margin-bottom-none\">\n    <div class=\"container-lg\">\n        <div class=\"row\">\n            <div class=\"col\">\n                <div class=\"module-migration-headline\">\n<h3>Forschungsprojekte mit Studierenden<\/h3>\n<\/div>\n\n            <\/div>\n        <\/div>\n            <\/div>\n<\/div>\n\n\n<div\n    id=\"\"\n    class=\"wp-block-project-cards margin-bottom-normal\"\n>\n    <div class=\"container-lg\">\n        <div class=\"row\">\n                                                            <div class=\"col-12 col-sm-6 col-md-6 col-lg-6 col-xl-4 mb-4\">\n                        <a href=\"https:\/\/www.fh-joanneum.at\/projekt\/inside\/\"\n      class=\"project-card\">\n      <div class=\"border border-light h-100\">\n\n          <div class=\"image-wrapper\">\n              <picture>\n                        <source\n                media=\"(max-width: 500px)\"\n                srcset=\"https:\/\/cdn3.fh-joanneum.at\/media\/2022\/02\/inside-12.png, https:\/\/cdn3.fh-joanneum.at\/media\/2022\/02\/inside-12.png 2x\"\n            \/>\n                    <source\n                media=\"(max-width: 500px)\"\n                srcset=\"https:\/\/cdn3.fh-joanneum.at\/media\/2022\/02\/inside-12.png, https:\/\/cdn3.fh-joanneum.at\/media\/2022\/02\/inside-12.png 2x\"\n            \/>\n                    <source\n                media=\"(max-width: 500px)\"\n                srcset=\"https:\/\/cdn3.fh-joanneum.at\/media\/2022\/02\/inside-12.png, https:\/\/cdn3.fh-joanneum.at\/media\/2022\/02\/inside-12.png 2x\"\n            \/>\n                    <source\n                media=\"(max-width: 500px)\"\n                srcset=\"https:\/\/cdn3.fh-joanneum.at\/media\/2022\/02\/inside-12.png, https:\/\/cdn3.fh-joanneum.at\/media\/2022\/02\/inside-12.png 2x\"\n            \/>\n                    <source\n                media=\"(max-width: 500px)\"\n                srcset=\"https:\/\/cdn3.fh-joanneum.at\/media\/2022\/02\/inside-12.png, https:\/\/cdn3.fh-joanneum.at\/media\/2022\/02\/inside-12.png 2x\"\n            \/>\n                <img decoding=\"async\"\n        class=\"img-fluid\"\n        src=\"https:\/\/cdn3.fh-joanneum.at\/media\/2022\/02\/inside-12.png\"\n        alt=\"Inside 10\"\n        title=\"\"\n         loading=\"lazy\"             >\n<\/picture>\n\n          <\/div>\n          <div class=\"p-2 p-xl-3\">\n                                    <p class=\"mb-1\">Projekt<\/p>\n                                <h6 class=\"\">Inside<\/h6>\n                                    <p class=\"mb-0\">Inside \u2013 ein Projekt, das den Blick nach innen richten will \u2013 f\u00fcr Frauen, junge M\u00e4dchen und alle Menschen, deren K\u00f6rperbild von der Social-Media-Welt mitgepr\u00e4gt wird. Zu diesem Zweck forscht das Projektteam zum Thema Social-Media-Empowerment f\u00fcr Jugendliche im Kontext Ern\u00e4hrung und K\u00f6rperwahrnehmung.<\/p>\n                          <\/div>\n      <\/div>\n  <\/a>\n                    <\/div>\n                                    <div class=\"col-12 col-sm-6 col-md-6 col-lg-6 col-xl-4 mb-4\">\n                        <a href=\"https:\/\/www.fh-joanneum.at\/projekt\/seva\/\"\n      class=\"project-card\">\n      <div class=\"border border-light h-100\">\n\n          <div class=\"image-wrapper\">\n              <picture>\n                        <source\n                media=\"(max-width: 576px)\"\n                srcset=\"https:\/\/cdn3.fh-joanneum.at\/media\/2020\/02\/seva-2.jpg, https:\/\/cdn3.fh-joanneum.at\/media\/2020\/02\/seva-2-768x512.jpg 2x\"\n            \/>\n                    <source\n                media=\"(max-width: 768px)\"\n                srcset=\"https:\/\/cdn3.fh-joanneum.at\/media\/2020\/02\/seva-2-768x512.jpg, https:\/\/cdn3.fh-joanneum.at\/media\/2020\/02\/seva-2-1024x683.jpg 2x\"\n            \/>\n                    <source\n                media=\"(max-width: 1024px)\"\n                srcset=\"https:\/\/cdn3.fh-joanneum.at\/media\/2020\/02\/seva-2-1024x683.jpg, https:\/\/cdn3.fh-joanneum.at\/media\/2020\/02\/seva-2.jpg 2x\"\n            \/>\n                    <source\n                media=\"(max-width: 1536px)\"\n                srcset=\"https:\/\/cdn3.fh-joanneum.at\/media\/2020\/02\/seva-2.jpg, https:\/\/cdn3.fh-joanneum.at\/media\/2020\/02\/seva-2.jpg 2x\"\n            \/>\n                    <source\n                media=\"(max-width: 1600px)\"\n                srcset=\"https:\/\/cdn3.fh-joanneum.at\/media\/2020\/02\/seva-2.jpg, https:\/\/cdn3.fh-joanneum.at\/media\/2020\/02\/seva-2.jpg 2x\"\n            \/>\n                <img decoding=\"async\"\n        class=\"img-fluid\"\n        src=\"https:\/\/cdn3.fh-joanneum.at\/media\/2020\/02\/seva-2.jpg\"\n        alt=\"SEVA\"\n        title=\"\"\n         loading=\"lazy\"             >\n<\/picture>\n\n          <\/div>\n          <div class=\"p-2 p-xl-3\">\n                                    <p class=\"mb-1\">Projekt<\/p>\n                                <h6 class=\"\">SEVA<\/h6>\n                                    <p class=\"mb-0\">Menge und Komplexit\u00e4t der uns zur Verf\u00fcgung stehenden Daten steigen in immer gr\u00f6\u00dferem Ausma\u00df. Obwohl diese Datenfu\u0308lle v\u00f6llig neue M\u00f6glichkeiten ero\u0308ffnet, ko\u0308nnen Methoden, um Daten zu analysieren, nicht mit dem rasanten Datenzuwachs Schritt halten. Visual Analytics ist ein Forschungsfeld, das sich dieser Herausforderung stellt, indem es die F\u00e4higkeiten der visuellen Wahrnehmung des Menschen mit den St\u00e4rken automatisierter Datenanalyse kombiniert.<\/p>\n                          <\/div>\n      <\/div>\n  <\/a>\n                    <\/div>\n                                    <\/div>\n    <\/div>\n<\/div>\n","protected":false},"excerpt":{"rendered":"<p>Die vielseitige Ausbildung erm\u00f6glicht Ihnen, im Studium an interessanten und spannenden Projekten zu arbeiten. Was dabei entstehen kann, wenn Sie ihr theoretisches Wissen in die Praxis umsetzen, erfahren Sie hier.<\/p>\n","protected":false},"author":1,"featured_media":10000045,"parent":10000014,"menu_order":55,"comment_status":"closed","ping_status":"closed","template":"","meta":{"_acf_changed":false,"footnotes":""},"acf":[],"aioseo_notices":[],"_links":{"self":[{"href":"https:\/\/www.fh-joanneum.at\/journalismus-und-public-relations\/bachelor\/wp-json\/wp\/v2\/pages\/10000018"}],"collection":[{"href":"https:\/\/www.fh-joanneum.at\/journalismus-und-public-relations\/bachelor\/wp-json\/wp\/v2\/pages"}],"about":[{"href":"https:\/\/www.fh-joanneum.at\/journalismus-und-public-relations\/bachelor\/wp-json\/wp\/v2\/types\/page"}],"author":[{"embeddable":true,"href":"https:\/\/www.fh-joanneum.at\/journalismus-und-public-relations\/bachelor\/wp-json\/wp\/v2\/users\/1"}],"replies":[{"embeddable":true,"href":"https:\/\/www.fh-joanneum.at\/journalismus-und-public-relations\/bachelor\/wp-json\/wp\/v2\/comments?post=10000018"}],"version-history":[{"count":1,"href":"https:\/\/www.fh-joanneum.at\/journalismus-und-public-relations\/bachelor\/wp-json\/wp\/v2\/pages\/10000018\/revisions"}],"predecessor-version":[{"id":10001299,"href":"https:\/\/www.fh-joanneum.at\/journalismus-und-public-relations\/bachelor\/wp-json\/wp\/v2\/pages\/10000018\/revisions\/10001299"}],"up":[{"embeddable":true,"href":"https:\/\/www.fh-joanneum.at\/journalismus-und-public-relations\/bachelor\/wp-json\/wp\/v2\/pages\/10000014"}],"wp:featuredmedia":[{"embeddable":true,"href":"https:\/\/www.fh-joanneum.at\/journalismus-und-public-relations\/bachelor\/wp-json\/wp\/v2\/media\/10000045"}],"wp:attachment":[{"href":"https:\/\/www.fh-joanneum.at\/journalismus-und-public-relations\/bachelor\/wp-json\/wp\/v2\/media?parent=10000018"}],"curies":[{"name":"wp","href":"https:\/\/api.w.org\/{rel}","templated":true}]}}