{"id":10000021,"date":"2014-08-18T15:45:30","date_gmt":"2014-08-18T13:45:30","guid":{"rendered":"https:\/\/www.fh-joanneum.at\/journalismus-und-public-relations\/bachelor\/im-studium\/studienabschluss\/"},"modified":"2019-04-18T10:16:39","modified_gmt":"2019-04-18T08:16:39","slug":"studienabschluss","status":"publish","type":"page","link":"https:\/\/www.fh-joanneum.at\/journalismus-und-public-relations\/bachelor\/im-studium\/studienabschluss\/","title":{"rendered":"Studienabschluss"},"content":{"rendered":"<div id=\"\" class=\"wp-block-text-content margin-bottom-none\">\n    <div class=\"container-lg\">\n        <div class=\"row\">\n            <div class=\"col\">\n                <div class=\"module-migration-headline\">\n<h3>Voraussetzungen f&uuml;r den Studienabschluss<\/h3>\n<\/div>\n\n            <\/div>\n        <\/div>\n            <\/div>\n<\/div>\n\n<div id=\"\" class=\"wp-block-text-content margin-bottom-normal\">\n    <div class=\"container-lg\">\n        <div class=\"row\">\n            <div class=\"col\">\n                <p>Um das Bachelorstudium erfolgreich abzuschlie&szlig;en, m&uuml;ssen Sie:<\/p>\n<ul>\n<li>alle Lehrveranstaltungen positiv absolvieren<\/li>\n<li>eine Bachelorarbeit verfassen, die positiv bewertet werden muss<\/li>\n<li>die Bachelorpr&uuml;fung positiv ablegen<\/li>\n<\/ul>\n<p>Sie schlie&szlig;en das Studium mit dem akademischen Titel &bdquo;Bachelor of Arts in Social Sciences (BA)&ldquo; ab.<\/p>\n\n            <\/div>\n        <\/div>\n            <\/div>\n<\/div>\n\n<div id=\"\" class=\"wp-block-text-content margin-bottom-none\">\n    <div class=\"container-lg\">\n        <div class=\"row\">\n            <div class=\"col\">\n                <div class=\"module-migration-headline\">\n<h4>Bachelorarbeit<\/h4>\n<\/div>\n\n            <\/div>\n        <\/div>\n            <\/div>\n<\/div>\n\n<div id=\"\" class=\"wp-block-text-content margin-bottom-normal\">\n    <div class=\"container-lg\">\n        <div class=\"row\">\n            <div class=\"col\">\n                <p>Im Laufe des Bachelorstudiums verfassen unsere Studierenden eine Arbeit &uuml;ber ein selbstgew&auml;hltes, inhaltlich auf das Studium bezogene Thema. Im Zuge dieser Bachelorarbeit ist innerhalb einer vorgegebenen Frist ein Problem aus einem Fachbereich unter Anleitung einer Betreuerin oder eines Betreuers zu bearbeiten. Umfang und Schwierigkeitsgrad entsprechen der zur Verf&uuml;gung stehenden Bearbeitungszeit.<\/p>\n<p>Die Bachelorarbeit ist grunds&auml;tzlich eine eigenst&auml;ndige Einzelarbeit. Sollte in Ausnahmef&auml;llen ein Thema gemeinsam bearbeitet werden, m&uuml;ssen die Leistungen der beteiligten Studierenden gesondert beurteilbar bleiben. Zudem wird den Studierenden die M&ouml;glichkeit einger&auml;umt, ihre Arbeit in Form eines Werkst&uuml;cks und in Kooperation mit einem externen Unternehmen anzufertigen. Weiterhin kann die Arbeit in Teilen auch einen nicht-schriftlichen Part, wie zum Beispiel ein Video umfassen.<\/p>\n\n            <\/div>\n        <\/div>\n            <\/div>\n<\/div>\n\n<div id=\"\" class=\"wp-block-text-content margin-bottom-none\">\n    <div class=\"container-lg\">\n        <div class=\"row\">\n            <div class=\"col\">\n                <div class=\"module-migration-headline\">\n<h4>Bachelorpr&uuml;fung<\/h4>\n<\/div>\n\n            <\/div>\n        <\/div>\n            <\/div>\n<\/div>\n\n<div id=\"\" class=\"wp-block-text-content margin-bottom-normal\">\n    <div class=\"container-lg\">\n        <div class=\"row\">\n            <div class=\"col\">\n                <p>Nach dem positiven Abschluss aller sechs Semester findet die Bachelorpr&uuml;fung statt. Den Pr&uuml;fungsvorsitz hat die Studiengangsleitung inne. In der Kommission sitzt &uuml;berdies eine Lehrende beziehungsweise ein Lehrender sowie die Betreuerin oder der Betreuer der Bachelorarbeit. Die kommissionelle Pr&uuml;fung setzt sich aus einem Pr&uuml;fungsgespr&auml;ch &uuml;ber die durchgef&uuml;hrte Bachelorarbeit sowie deren Querverbindungen zu relevanten F&auml;chern des Studienplans zusammen.<\/p>\n\n            <\/div>\n        <\/div>\n            <\/div>\n<\/div>\n\n<div id=\"\" class=\"wp-block-text-content margin-bottom-none\">\n    <div class=\"container-lg\">\n        <div class=\"row\">\n            <div class=\"col\">\n                <div class=\"module-migration-headline\">\n<h3>Nach dem Bachelorabschluss<\/h3>\n<\/div>\n\n            <\/div>\n        <\/div>\n            <\/div>\n<\/div>\n\n<div id=\"\" class=\"wp-block-text-content margin-bottom-normal\">\n    <div class=\"container-lg\">\n        <div class=\"row\">\n            <div class=\"col\">\n                <p>Mit ihrem Bachelorabschluss steht es unseren Absolventinnen und Absolventen offenen, gleich in der Berufswelt t&auml;tig zu werden oder sich in einem Masterstudium weiter zu vertiefen: Zur Auswahl stehen zum Beispiel das Masterstudium <a href=\"https:\/\/fh-joanneum.at\/content-strategie-und-digitale-kommunikation\/master\/\">&bdquo;Content-Strategie \/ Content Strategy&ldquo;<\/a> sowie die Masterlehrg&auml;nge <a href=\"https:\/\/www.fh-joanneum.at\/medienkompetenz-und-digital-literacy\/postgraduate\/\">&bdquo;Medienkompetenz und Digital Literacy&ldquo;<\/a>, <a href=\"https:\/\/fh-joanneum.at\/public-communication\/postgraduate\/\">&bdquo;Public Communication&ldquo;<\/a>, <a href=\"https:\/\/fh-joanneum.at\/technische-dokumentation\/postgraduate\/\">&bdquo;Technische Dokumentation&ldquo;<\/a> und <a href=\"https:\/\/www.fh-joanneum.at\/visuelle-kommunikation-und-bildmanagement\/postgraduate\/\">&bdquo;Visuelle Kommunikation und Bildmanagement&ldquo;<\/a> an der FH JOANNEUM oder auch passende Studienrichtungen an einer Hochschule Ihrer Wahl.<\/p>\n\n            <\/div>\n        <\/div>\n            <\/div>\n<\/div>\n\n","protected":false},"excerpt":{"rendered":"<p>Mit Ihrem Abschluss legen Sie den Grundstein f\u00fcr Ihre berufliche Zukunft. Welche Voraussetzungen Sie f\u00fcr den erfolgreichen Abschluss Ihres Studiums ben\u00f6tigen und alles, was Sie sonst noch wissen sollten, verraten wir Ihnen hier.<\/p>\n","protected":false},"author":1,"featured_media":10000049,"parent":10000014,"menu_order":62,"comment_status":"closed","ping_status":"closed","template":"","meta":{"_acf_changed":false,"footnotes":""},"acf":[],"aioseo_notices":[],"_links":{"self":[{"href":"https:\/\/www.fh-joanneum.at\/journalismus-und-public-relations\/bachelor\/wp-json\/wp\/v2\/pages\/10000021"}],"collection":[{"href":"https:\/\/www.fh-joanneum.at\/journalismus-und-public-relations\/bachelor\/wp-json\/wp\/v2\/pages"}],"about":[{"href":"https:\/\/www.fh-joanneum.at\/journalismus-und-public-relations\/bachelor\/wp-json\/wp\/v2\/types\/page"}],"author":[{"embeddable":true,"href":"https:\/\/www.fh-joanneum.at\/journalismus-und-public-relations\/bachelor\/wp-json\/wp\/v2\/users\/1"}],"replies":[{"embeddable":true,"href":"https:\/\/www.fh-joanneum.at\/journalismus-und-public-relations\/bachelor\/wp-json\/wp\/v2\/comments?post=10000021"}],"version-history":[{"count":0,"href":"https:\/\/www.fh-joanneum.at\/journalismus-und-public-relations\/bachelor\/wp-json\/wp\/v2\/pages\/10000021\/revisions"}],"up":[{"embeddable":true,"href":"https:\/\/www.fh-joanneum.at\/journalismus-und-public-relations\/bachelor\/wp-json\/wp\/v2\/pages\/10000014"}],"wp:featuredmedia":[{"embeddable":true,"href":"https:\/\/www.fh-joanneum.at\/journalismus-und-public-relations\/bachelor\/wp-json\/wp\/v2\/media\/10000049"}],"wp:attachment":[{"href":"https:\/\/www.fh-joanneum.at\/journalismus-und-public-relations\/bachelor\/wp-json\/wp\/v2\/media?parent=10000021"}],"curies":[{"name":"wp","href":"https:\/\/api.w.org\/{rel}","templated":true}]}}