{"id":10001209,"date":"2023-02-06T17:05:15","date_gmt":"2023-02-06T15:05:15","guid":{"rendered":"https:\/\/www.fh-joanneum.at\/journalismus-und-public-relations\/bachelor\/?page_id=1209"},"modified":"2024-03-05T09:32:42","modified_gmt":"2024-03-05T07:32:42","slug":"nico-lang-ba","status":"publish","type":"page","link":"https:\/\/www.fh-joanneum.at\/journalismus-und-public-relations\/bachelor\/nach-dem-studium\/absolventinnen-absolventen\/nico-lang-ba\/","title":{"rendered":"Nico Lang, BA"},"content":{"rendered":"<div id=\"\" class=\"wp-block-text-content margin-bottom-normal\">\n    <div class=\"container-lg\">\n        <div class=\"row\">\n            <div class=\"col\">\n                <p><strong>Jobbezeichnung:<\/strong> &#8239;Social Media Redakteur und Redakteur bei Kleine Zeitung Next  <br>\n<strong>Unternehmen:<\/strong> &#8239;Kleine Zeitung    <br>\nIch arbeite in: &#8239;Graz<br>\nIch arbeite hier seit:&#8239;Oktober 2022<br>\nIch im Web:  <br>\n<a href=\"https:\/\/twitter.com\/kleativ\" target=\"_blank\" rel=\"noopener noreferrer\">Twitter<\/a><br>\n<a href=\"https:\/\/www.instagram.com\/kleativ\/\" target=\"_blank\" rel=\"noopener noreferrer\">Instagram<\/a><br>\n<a href=\"https:\/\/www.tiktok.com\/@kleativ\" target=\"_blank\" rel=\"noopener noreferrer\">TikTok<\/a>  <\/p>\n<p>Foto: &copy; Valentine Engel<\/p>\n<h4>Was ich mache:<\/h4>\n<p>Als Social Media Redakteur bin ich haupts&auml;chlich daf&uuml;r zust&auml;ndig, bestehende Geschichten der Kleinen Zeitung f&uuml;r die Social-Media-Kan&auml;le Facebook, Instagram und TikTok aufzubereiten. Dazu z&auml;hlen Instagram-Storys, Videos und Bilder. Da nat&uuml;rlich nicht alle Themen auf jeder Plattform gleich gut gehen, geh&ouml;rt es auch zu meinen Aufgaben, Themen zu filtern und herauszufinden, welche f&uuml;r die jeweilige Zielgruppe interessant sein k&ouml;nnten. Ab und zu kommt auch hinzu, dass ich raus gehe und Interviews f&uuml;hre oder bei Events f&uuml;r ein Reel oder eine Story filme und dann zusammenschneide.  <\/p>\n<p>Bei Kleine Zeitung Next recherchiere und schreibe ich einerseits &uuml;ber allgemeine Themen, um diese der j&uuml;ngeren Zielgruppe n&auml;her zu bringen. Andererseits verfasse ich auch oft eigene Artikel zu Themen, die speziell die junge Generation ansprechen oder betreffen, um diese gezielt abzuholen. <\/p>\n<h4>Warum ich meinen Beruf liebe:<\/h4>\n<p>Da Social Media und der Journalismus sehr vielf&auml;ltig sind, ist die Kombination daraus ein bunter Mix an Themen und Aufgaben, sodass es mir nie langweilig wird und ich die n&ouml;tige Abwechslung habe. Au&szlig;erdem ist man stark im Austausch mit der Community, was sehr viel Spa&szlig; macht. Vor allem liebe ich es aber auch, eigene Themen einzubringen und Ideen umsetzen zu k&ouml;nnen und unmittelbar zu sehen, wie es bei den Leser:innen oder Follower:innen ankommt. Und als Social Media Redakteur, der auch vor der Kamera steht, ist man gewisserma&szlig;en auch ein &bdquo;Gesicht&ldquo; der Zeitung. Man trifft dadurch sehr viele spannende Menschen dadurch und bekommt M&ouml;glichkeiten, einen Einblick in verschiedene Bereiche zu bekommen.<\/p>\n<h5>Wichtige F&auml;higkeiten in meinem Job:<\/h5>\n<ul>\n<li>Neugier <\/li>\n<li>Social Media  <\/li>\n<li>Kamera, Videoschnitt, Bildbearbeitung <\/li>\n<li>authentisches Auftreten vor der Kamera <\/li>\n<li>Freude am Pr&auml;sentieren, Erkl&auml;ren und Erz&auml;hlen <\/li>\n<li>Stressresistenz <\/li>\n<li>Gesp&uuml;r f&uuml;r Themen, die der jungen Zielgruppe entsprechen <\/li>\n<li>Bereitschaft, zu unregelm&auml;&szlig;igen Zeiten und auch am Wochenende und an Feiertagen zu arbeiten <\/li>\n<\/ul>\n<h4>Der bisher gr&ouml;&szlig;te Erfolg in meiner Karriere:<\/h4>\n<ul>\n<li>bestandener Bachelor und Jobzusage in der gleichen Woche  <\/li>\n<\/ul>\n<h4>So bin ich zu meinem Job gekommen:<\/h4>\n<p>Bereits w&auml;hrend meines &bdquo;Journalismus und Public Relations (PR)&ldquo;-Studiums an der FH JOANNEUM habe ich begonnen, f&uuml;r diverse Medien zu schreiben. Zum einen habe ich K&uuml;nstler:innen-Portr&auml;ts f&uuml;r die ARTfaces-Galerie des Landes Steiermark geschrieben und f&uuml;r das Jugendmagazin checkit Videos und Artikel gestaltet. Bei meiner Zeit als Youth Reporter beim &Ouml;sterreichischen Jugendportal habe ich auch zwei Beitr&auml;ge f&uuml;r das Schulsportmagazin &bdquo;Schule bewegt&ldquo; bei ORF Sport+ produziert. W&auml;hrend meines Praktikums bei Chefredaktion habe ich schlie&szlig;lich mehr &uuml;ber Videoreportagen gelernt und das Projekt <a href=\"https:\/\/www.tiktok.com\/@geschichte.oida\" target=\"_blank\" rel=\"noopener noreferrer\">geschichte.oida<\/a>, das im Studium entstanden ist, hat mir die n&ouml;tige TikTok Expertise verschafft.  <\/p>\n<p>Meinen ersten Kontakt mit der Kleinen Zeitung hatte ich als freier Mitarbeiter f&uuml;r Liezen, Graz und &bdquo;Futter&ldquo; (heute Kleine Zeitung Next). Durch die Erfahrung und der schon bestehenden Verbindung bin ich dann zu meiner jetzigen Stelle gekommen.  <\/p>\n<h4>Das habe ich im Studium f&uuml;rs Berufsleben gelernt:<\/h4>\n<p>Ganz wichtig f&uuml;r mich war das Netzwerken w&auml;hrend der Studienzeit sowie das Ausprobieren von Neuem und mich immer wieder zu bem&uuml;hen, meine eigenen Projekte, Artikeln, Videos etc. irgendwo unterzubringen. Die zahlreichen Journalismus-Projekte, angefangen bei der Annenpost &uuml;ber Styria Ethics bis zu einem Online-Magazin, haben mir die n&ouml;tige Erfahrung im &bdquo;Au&szlig;endienst&ldquo; gebracht und Einblicke in die wirkliche Arbeit nach dem Studium erm&ouml;glicht.  <\/p>\n<h4>Die Jobchancen in meinem Bereich:<\/h4>\n<p>Im Journalismus ist es grunds&auml;tzlich recht schwer etwas zu finden. Vor allem in Zeiten, in denen die Frage &bdquo;Wie finanziert man den Journalismus?&ldquo; immer wichtiger wird und tats&auml;chlich nicht mehr ganz so leicht zu beantworten ist, wie vielleicht fr&uuml;her. Man sollte vor allem auch w&auml;hrend des Studiums m&ouml;glichst viel mitnehmen, Leute kennenlernen und Erfahrungen machen. Am besten in Bereichen, die neu sind und wo aktuell Leute gebraucht werden. Das erleichtert den Einstieg.  <\/p>\n<h4>Ich bin:<\/h4>\n<ul>\n<li>neugierig <\/li>\n<li>vielseitig einsetzbar (Text, Video, Podcast) <\/li>\n<li>kommunikativ <\/li>\n<\/ul>\n<h4>Ich &uuml;ber meinen Job:<\/h4>\n<p>Im tagesaktuellen Journalismus kann es manchmal recht stressig werden. Daf&uuml;r wei&szlig; man nach jedem Arbeitstag, dass man etwas gemacht hat. Auf Social Media hat man den direkten Austausch mit den Follower:innen, was dem Ganzen einen pers&ouml;nlichen Touch gibt. Daf&uuml;r ist jeder Tag anders und abwechslungsreich.  <\/p>\n<h4>Meine beruflichen Ziele f&uuml;r die n&auml;chsten Jahre sind:<\/h4>\n<p>Mein Ziel ist es, mich beruflich weiterzuentwickeln und mir fortlaufend neue Wege zur &Uuml;bermittlung von Nachrichten anzueignen. Dazu geh&ouml;rt auch, die j&uuml;ngeren Generationen mit Nachrichten abzuholen und ihnen Journalismus n&auml;herzubringen.  <\/p>\n\n            <\/div>\n        <\/div>\n            <\/div>\n<\/div>\n\n","protected":false},"excerpt":{"rendered":"<p>Social Media Redakteur und Journalist Nico Lang m\u00f6chte insbesondere die j\u00fcngeren Generationen mit Nachrichten abholen und ihnen Journalismus n\u00e4herbringen.  <\/p>\n","protected":false},"author":11,"featured_media":10001210,"parent":10000025,"menu_order":5,"comment_status":"closed","ping_status":"closed","template":"template-absolvent.blade.php","meta":{"_acf_changed":false,"footnotes":""},"acf":[],"aioseo_notices":[],"_links":{"self":[{"href":"https:\/\/www.fh-joanneum.at\/journalismus-und-public-relations\/bachelor\/wp-json\/wp\/v2\/pages\/10001209"}],"collection":[{"href":"https:\/\/www.fh-joanneum.at\/journalismus-und-public-relations\/bachelor\/wp-json\/wp\/v2\/pages"}],"about":[{"href":"https:\/\/www.fh-joanneum.at\/journalismus-und-public-relations\/bachelor\/wp-json\/wp\/v2\/types\/page"}],"author":[{"embeddable":true,"href":"https:\/\/www.fh-joanneum.at\/journalismus-und-public-relations\/bachelor\/wp-json\/wp\/v2\/users\/11"}],"replies":[{"embeddable":true,"href":"https:\/\/www.fh-joanneum.at\/journalismus-und-public-relations\/bachelor\/wp-json\/wp\/v2\/comments?post=10001209"}],"version-history":[{"count":0,"href":"https:\/\/www.fh-joanneum.at\/journalismus-und-public-relations\/bachelor\/wp-json\/wp\/v2\/pages\/10001209\/revisions"}],"up":[{"embeddable":true,"href":"https:\/\/www.fh-joanneum.at\/journalismus-und-public-relations\/bachelor\/wp-json\/wp\/v2\/pages\/10000025"}],"wp:featuredmedia":[{"embeddable":true,"href":"https:\/\/www.fh-joanneum.at\/journalismus-und-public-relations\/bachelor\/wp-json\/wp\/v2\/media\/10001210"}],"wp:attachment":[{"href":"https:\/\/www.fh-joanneum.at\/journalismus-und-public-relations\/bachelor\/wp-json\/wp\/v2\/media?parent=10001209"}],"curies":[{"name":"wp","href":"https:\/\/api.w.org\/{rel}","templated":true}]}}