{"id":10000081,"date":"2018-12-18T14:26:05","date_gmt":"2018-12-18T13:26:05","guid":{"rendered":"https:\/\/www.fh-joanneum.at\/lebensmittel-produkt-und-prozessentwicklung\/master\/?page_id=81"},"modified":"2026-03-06T10:00:08","modified_gmt":"2026-03-06T09:00:08","slug":"voraussetzungen","status":"publish","type":"page","link":"https:\/\/www.fh-joanneum.at\/lebensmittel-produkt-und-prozessentwicklung\/master\/vor-dem-studium\/voraussetzungen\/","title":{"rendered":"Voraussetzungen"},"content":{"rendered":"<div id=\"\" class=\"wp-block-text-content margin-bottom-none\">\n    <div class=\"container-lg\">\n        <div class=\"row\">\n            <div class=\"col\">\n                <div class=\"module-migration-headline\">\n<h3>Voraussetzungen f&uuml;r das Studium<\/h3>\n<\/div>\n\n            <\/div>\n        <\/div>\n            <\/div>\n<\/div>\n\n\n<div id=\"\" class=\"wp-block-text-content margin-bottom-normal\">\n    <div class=\"container-lg\">\n        <div class=\"row\">\n            <div class=\"col\">\n                <p>Wenn Sie einen Studienabschluss eines facheinschl&auml;gigen Bachelorstudiums einer gleichwertigen Ausbildung nachweisen k&ouml;nnen, erf&uuml;llen Sie die Voraussetzungen f&uuml;r das Masterstudium &bdquo;Lebensmittel: Produkt- und Prozessentwicklung&ldquo;.<\/p>\n<p>Der Zugang zu diesem Masterstudium kann aus einem breiten Spektrum von Bachelorstudieng&auml;ngen an unterschiedlichen &ouml;sterreichischen Universit&auml;ten und Hochschulen erfolgen. Wie zum Beispiel:<\/p>\n<p><strong>FH JOANNEUM:<\/strong><\/p>\n<ul>\n<li>Nachhaltiges Lebensmittelmanagement<\/li>\n<li>Gesundheits- und Tourismusmanagement (Gesundheitsmanagement im Tourismus)<\/li>\n<li>Produktionstechnik und Organisation<\/li>\n<li>Umweltmanagement (Energie-, Verkehrs- und Umweltmanagement)<\/li>\n<li>Di&auml;tologie<\/li>\n<li>Biomedizinische Analytik<\/li>\n<\/ul>\n<p>&nbsp;<\/p>\n<p><strong>Universit&auml;ten und Technischen Universit&auml;ten:<\/strong><\/p>\n<ul>\n<li>Lebensmittelchemie<\/li>\n<li>Biotechnologie<\/li>\n<li>Verfahrenstechnik<\/li>\n<li>Ern&auml;hrungswissenschaften<\/li>\n<li>Umweltsystemwissenschaften<\/li>\n<li>Umwelt- und Bioressourcenmanagement<\/li>\n<li>Lebensmittel- und Biotechnologie<\/li>\n<li>Andere Fachhochschulen in &Ouml;sterreich:<\/li>\n<li>Lebensmitteltechnologie und Ern&auml;hrung<\/li>\n<li>Bio- und Lebensmitteltechnologie<\/li>\n<li>Biotechnologie<\/li>\n<li>Verfahrenstechnische Produktion<\/li>\n<\/ul>\n<p>Auch bei Abschluss eines inhaltlich &auml;quivalenten Studiums von anderen Hochschulen oder aus anderen L&auml;ndern (z.B. HSWT Weihenstephan-Triesdorf) freuen wir uns &uuml;ber Ihre Bewerbung und stehen Ihnen gerne f&uuml;r eine individuelle Beratung zur Verf&uuml;gung.<\/p>\n<p>In fraglichen F&auml;llen obliegt es der Studiengangsleitung zu entscheiden, ob die Zugangsvoraussetzungen erf&uuml;llt sind. Eine verbindliche Auskunft dar&uuml;ber erhalten Sie nach Einlangen Ihrer vollst&auml;ndigen Bewerbungsunterlagen.<\/p>\n\n            <\/div>\n        <\/div>\n            <\/div>\n<\/div>\n\n\n<div id=\"\" class=\"wp-block-text-content margin-bottom-none\">\n    <div class=\"container-lg\">\n        <div class=\"row\">\n            <div class=\"col\">\n                <div class=\"module-migration-headline\">\n<h4>Sprachkenntnisse<\/h4>\n<\/div>\n\n            <\/div>\n        <\/div>\n            <\/div>\n<\/div>\n\n\n<div id=\"\" class=\"wp-block-text-content margin-bottom-normal\">\n    <div class=\"container-lg\">\n        <div class=\"row\">\n            <div class=\"col\">\n                <p>Deutsch ist die Unterrichtssprache am Studiengang. Mit Sprachkenntnissen auf Level B2 k&ouml;nnen Sie den Studieninhalten ohne Probleme folgen. Best&auml;tigen Sie uns Ihre Sprachkenntnisse bitte mit einem Zertifikat, sofern Sie nicht in Maturazeugnissen oder &auml;hnlichen Diplomen genannt sind.<\/p>\n\n            <\/div>\n        <\/div>\n            <\/div>\n<\/div>\n\n\n\n\n\n\n<div id=\"\" class=\"wp-block-text-content margin-bottom-normal\">\n    <div class=\"container-lg\">\n        <div class=\"row\">\n            <div class=\"col\">\n                <h4>Sie sind keine &ouml;sterreichische Staatsb&uuml;rgerin oder kein &ouml;sterreichischer Staatsb&uuml;rger?<\/h4>\n<p>F&uuml;r Sie gibt es einige Besonderheiten zu beachten. Mehr Informationen dazu finden Sie in unter dem Men&uuml;punkt <a href=\"https:\/\/www.fh-joanneum.at\/lebensmittel-produkt-und-prozessentwicklung\/master\/vor-dem-studium\/internationale-bewerberinnen-bewerber\/\"><strong>Internationale BewerberInnen<\/strong>.<\/a><\/p>\n\n            <\/div>\n        <\/div>\n            <\/div>\n<\/div>\n","protected":false},"excerpt":{"rendered":"<p>Diese Voraussetzungen m\u00fcssen Sie f\u00fcr das Studium erf\u00fcllen.<\/p>\n","protected":false},"author":11,"featured_media":0,"parent":10000073,"menu_order":8,"comment_status":"closed","ping_status":"closed","template":"","meta":{"_acf_changed":false,"footnotes":""},"acf":[],"aioseo_notices":[],"_links":{"self":[{"href":"https:\/\/www.fh-joanneum.at\/lebensmittel-produkt-und-prozessentwicklung\/master\/wp-json\/wp\/v2\/pages\/10000081"}],"collection":[{"href":"https:\/\/www.fh-joanneum.at\/lebensmittel-produkt-und-prozessentwicklung\/master\/wp-json\/wp\/v2\/pages"}],"about":[{"href":"https:\/\/www.fh-joanneum.at\/lebensmittel-produkt-und-prozessentwicklung\/master\/wp-json\/wp\/v2\/types\/page"}],"author":[{"embeddable":true,"href":"https:\/\/www.fh-joanneum.at\/lebensmittel-produkt-und-prozessentwicklung\/master\/wp-json\/wp\/v2\/users\/11"}],"replies":[{"embeddable":true,"href":"https:\/\/www.fh-joanneum.at\/lebensmittel-produkt-und-prozessentwicklung\/master\/wp-json\/wp\/v2\/comments?post=10000081"}],"version-history":[{"count":3,"href":"https:\/\/www.fh-joanneum.at\/lebensmittel-produkt-und-prozessentwicklung\/master\/wp-json\/wp\/v2\/pages\/10000081\/revisions"}],"predecessor-version":[{"id":10000515,"href":"https:\/\/www.fh-joanneum.at\/lebensmittel-produkt-und-prozessentwicklung\/master\/wp-json\/wp\/v2\/pages\/10000081\/revisions\/10000515"}],"up":[{"embeddable":true,"href":"https:\/\/www.fh-joanneum.at\/lebensmittel-produkt-und-prozessentwicklung\/master\/wp-json\/wp\/v2\/pages\/10000073"}],"wp:attachment":[{"href":"https:\/\/www.fh-joanneum.at\/lebensmittel-produkt-und-prozessentwicklung\/master\/wp-json\/wp\/v2\/media?parent=10000081"}],"curies":[{"name":"wp","href":"https:\/\/api.w.org\/{rel}","templated":true}]}}