{"id":10000129,"date":"2018-12-19T10:18:06","date_gmt":"2018-12-19T09:18:06","guid":{"rendered":"https:\/\/www.fh-joanneum.at\/lebensmittel-produkt-und-prozessentwicklung\/master\/?page_id=129"},"modified":"2024-04-25T09:58:53","modified_gmt":"2024-04-25T07:58:53","slug":"ausstattung","status":"publish","type":"page","link":"https:\/\/www.fh-joanneum.at\/lebensmittel-produkt-und-prozessentwicklung\/master\/im-studium\/ausstattung\/","title":{"rendered":"Ausstattung"},"content":{"rendered":"<div id=\"\" class=\"wp-block-text-content margin-bottom-none\">\n    <div class=\"container-lg\">\n        <div class=\"row\">\n            <div class=\"col\">\n                <div class=\"module-migration-headline\">\n<h3>Ausstattung am Institut<\/h3>\n<\/div>\n\n            <\/div>\n        <\/div>\n            <\/div>\n<\/div>\n\n<div id=\"\" class=\"wp-block-text-content margin-bottom-normal\">\n    <div class=\"container-lg\">\n        <div class=\"row\">\n            <div class=\"col\">\n                <p>Unser Institut bietet Studierenden modern ausgestattete <strong>State-of-the-Art-Labore<\/strong> sowie <strong>Lehr- und EDV-R&auml;ume<\/strong>. <\/p>\n<p>Am Studiengang &bdquo;Lebensmittel: Produkt- und Prozessentwicklung&ldquo; steht das <a href=\"https:\/\/www.fh-joanneum.at\/forschung\/forschungszentren\/food-processing-lab\/\"><strong>Food Processing Lab<\/strong><\/a> im Fokus. Hier werden Lehrinhalte praxisnah vermittelt und Studierenden die M&ouml;glichkeit geboten, nachhaltige Produkte und Prozesse in Projekt- und Masterarbeiten umzusetzen. Aktuelle Forschungsthemen flie&szlig;en dabei in die Lehre ein.<\/p>\n<p>Folgende Schwerpunkte werden im Food Processing Lab abgebildet: <\/p>\n<p>Im <a href=\"https:\/\/www.fh-joanneum.at\/forschung\/forschungszentren\/food-processing-lab\/technikum-food\/\">Technikum Food<\/a> werden Verfahren zur Herstellung von Lebensmitteln erforscht und entwickelt.<\/p>\n<p>Das <a href=\"https:\/\/www.fh-joanneum.at\/forschung\/forschungszentren\/food-processing-lab\/labor-analytik\/\">Analytik-Labor<\/a> widmet sich der Analyse von Lebensmittelinhaltsstoffen. <\/p>\n<p>Das <a href=\"https:\/\/www.fh-joanneum.at\/forschung\/forschungszentren\/food-processing-lab\/labor-fuer-chemie-physik-und-mikrobiologie\/\">Labor f&uuml;r Chemie, Physik und Mikrobiologie<\/a> vermittelt zentrale Themen der Lebensmittelerzeugung. <\/p>\n<p>Im <a href=\"https:\/\/www.fh-joanneum.at\/forschung\/forschungszentren\/food-processing-lab\/labor-fuer-produktentwicklungen\/\">Labor f&uuml;r Produktentwicklung<\/a> werden Prozesse zur Verarbeitung von Vorprodukten und Herstellung von Lebensmitteln erprobt.  <\/p>\n<p>Zudem verf&uuml;gt das Food Processing Lab &uuml;ber <a href=\"https:\/\/www.fh-joanneum.at\/forschung\/forschungszentren\/food-processing-lab\/brautechnologie\/\">Kleinbrauanlagen<\/a> und G&auml;rgef&auml;&szlig;e f&uuml;r Experimente mit verschiedenen Zutaten und Hefest&auml;mmen. Mehr Informationen &uuml;ber unsere R&auml;umlichkeiten und Ausstattungen sowie die M&ouml;glichkeit zu einem virtuellen Rundgang <a href=\"https:\/\/www.fh-joanneum.at\/forschung\/forschungszentren\/food-processing-lab\/\">finden Sie hier<\/a>.<\/p>\n\n            <\/div>\n        <\/div>\n            <\/div>\n<\/div>\n\n<div\n    id=\"\"\n    class=\"wp-block-image-slider margin-bottom-normal\"\n>\n    <div class=\"container-lg\">\n        <div class=\"row\">\n            <div class=\"col-12\">\n                <div class=\"swiper-outer-wrapper\">\n                    <div class=\"image-header\">\n                        <div class=\"swiper-navigation\">\n                            <div class=\"swiper-button-prev-custom\">\n                                <svg xmlns=\"http:\/\/www.w3.org\/2000\/svg\" width=\"9\" height=\"14\" viewBox=\"0 0 9 14\" fill=\"none\">\n  <path d=\"M8 13L2 7L8 1\" stroke=\"\" stroke-width=\"1.5\" stroke-linecap=\"round\"\/>\n<\/svg>                            <\/div>\n                            <div class=\"swiper-button-next-custom\">\n                                <svg xmlns=\"http:\/\/www.w3.org\/2000\/svg\" width=\"9\" height=\"14\" viewBox=\"0 0 9 14\" fill=\"none\">\n  <path d=\"M1 1L7 7L1 13\" stroke=\"\" stroke-width=\"1.5\" stroke-linecap=\"round\"\/>\n<\/svg>                            <\/div>\n                        <\/div>\n                    <\/div>\n                    <div class=\"swiper image-slider-swiper\">\n                        <div class=\"swiper-wrapper\">\n                                                                                                <div class=\"swiper-slide item\">\n                                        <picture>\n                        <source\n                media=\"(max-width: 576px)\"\n                srcset=\"https:\/\/cdn3.fh-joanneum.at\/media\/sites\/75\/2021\/01\/ausstattung-4.jpg, https:\/\/cdn3.fh-joanneum.at\/media\/sites\/75\/2021\/01\/ausstattung-4-768x384.jpg 2x\"\n            \/>\n                    <source\n                media=\"(max-width: 768px)\"\n                srcset=\"https:\/\/cdn3.fh-joanneum.at\/media\/sites\/75\/2021\/01\/ausstattung-4-768x384.jpg, https:\/\/cdn3.fh-joanneum.at\/media\/sites\/75\/2021\/01\/ausstattung-4-1024x512.jpg 2x\"\n            \/>\n                    <source\n                media=\"(max-width: 1024px)\"\n                srcset=\"https:\/\/cdn3.fh-joanneum.at\/media\/sites\/75\/2021\/01\/ausstattung-4-1024x512.jpg, https:\/\/cdn3.fh-joanneum.at\/media\/sites\/75\/2021\/01\/ausstattung-4.jpg 2x\"\n            \/>\n                    <source\n                media=\"(max-width: 1200px)\"\n                srcset=\"https:\/\/cdn3.fh-joanneum.at\/media\/sites\/75\/2021\/01\/ausstattung-4.jpg, https:\/\/cdn3.fh-joanneum.at\/media\/sites\/75\/2021\/01\/ausstattung-4.jpg 2x\"\n            \/>\n                    <source\n                media=\"(max-width: 1200px)\"\n                srcset=\"https:\/\/cdn3.fh-joanneum.at\/media\/sites\/75\/2021\/01\/ausstattung-4.jpg, https:\/\/cdn3.fh-joanneum.at\/media\/sites\/75\/2021\/01\/ausstattung-4.jpg 2x\"\n            \/>\n                <img decoding=\"async\"\n        class=\"img-fluid\"\n        src=\"https:\/\/cdn3.fh-joanneum.at\/media\/sites\/75\/2021\/01\/ausstattung-4.jpg\"\n        alt=\"Ausstattung 2\"\n        title=\"\"\n         loading=\"lazy\"             >\n<\/picture>\n\n                                                                            <\/div>\n                                                                    <div class=\"swiper-slide item\">\n                                        <picture>\n                        <source\n                media=\"(max-width: 576px)\"\n                srcset=\"https:\/\/cdn3.fh-joanneum.at\/media\/sites\/75\/2021\/01\/ausstattung-5.jpg, https:\/\/cdn3.fh-joanneum.at\/media\/sites\/75\/2021\/01\/ausstattung-5-768x386.jpg 2x\"\n            \/>\n                    <source\n                media=\"(max-width: 768px)\"\n                srcset=\"https:\/\/cdn3.fh-joanneum.at\/media\/sites\/75\/2021\/01\/ausstattung-5-768x386.jpg, https:\/\/cdn3.fh-joanneum.at\/media\/sites\/75\/2021\/01\/ausstattung-5-1024x515.jpg 2x\"\n            \/>\n                    <source\n                media=\"(max-width: 1024px)\"\n                srcset=\"https:\/\/cdn3.fh-joanneum.at\/media\/sites\/75\/2021\/01\/ausstattung-5-1024x515.jpg, https:\/\/cdn3.fh-joanneum.at\/media\/sites\/75\/2021\/01\/ausstattung-5.jpg 2x\"\n            \/>\n                    <source\n                media=\"(max-width: 1170px)\"\n                srcset=\"https:\/\/cdn3.fh-joanneum.at\/media\/sites\/75\/2021\/01\/ausstattung-5.jpg, https:\/\/cdn3.fh-joanneum.at\/media\/sites\/75\/2021\/01\/ausstattung-5.jpg 2x\"\n            \/>\n                    <source\n                media=\"(max-width: 1170px)\"\n                srcset=\"https:\/\/cdn3.fh-joanneum.at\/media\/sites\/75\/2021\/01\/ausstattung-5.jpg, https:\/\/cdn3.fh-joanneum.at\/media\/sites\/75\/2021\/01\/ausstattung-5.jpg 2x\"\n            \/>\n                <img decoding=\"async\"\n        class=\"img-fluid\"\n        src=\"https:\/\/cdn3.fh-joanneum.at\/media\/sites\/75\/2021\/01\/ausstattung-5.jpg\"\n        alt=\"Ausstattung 3\"\n        title=\"\"\n         loading=\"lazy\"             >\n<\/picture>\n\n                                                                            <\/div>\n                                                                    <div class=\"swiper-slide item\">\n                                        <picture>\n                        <source\n                media=\"(max-width: 576px)\"\n                srcset=\"https:\/\/cdn3.fh-joanneum.at\/media\/sites\/75\/2021\/01\/ausstattung-2.jpg, https:\/\/cdn3.fh-joanneum.at\/media\/sites\/75\/2021\/01\/ausstattung-2-768x384.jpg 2x\"\n            \/>\n                    <source\n                media=\"(max-width: 768px)\"\n                srcset=\"https:\/\/cdn3.fh-joanneum.at\/media\/sites\/75\/2021\/01\/ausstattung-2-768x384.jpg, https:\/\/cdn3.fh-joanneum.at\/media\/sites\/75\/2021\/01\/ausstattung-2-1024x512.jpg 2x\"\n            \/>\n                    <source\n                media=\"(max-width: 1024px)\"\n                srcset=\"https:\/\/cdn3.fh-joanneum.at\/media\/sites\/75\/2021\/01\/ausstattung-2-1024x512.jpg, https:\/\/cdn3.fh-joanneum.at\/media\/sites\/75\/2021\/01\/ausstattung-2.jpg 2x\"\n            \/>\n                    <source\n                media=\"(max-width: 1200px)\"\n                srcset=\"https:\/\/cdn3.fh-joanneum.at\/media\/sites\/75\/2021\/01\/ausstattung-2.jpg, https:\/\/cdn3.fh-joanneum.at\/media\/sites\/75\/2021\/01\/ausstattung-2.jpg 2x\"\n            \/>\n                    <source\n                media=\"(max-width: 1200px)\"\n                srcset=\"https:\/\/cdn3.fh-joanneum.at\/media\/sites\/75\/2021\/01\/ausstattung-2.jpg, https:\/\/cdn3.fh-joanneum.at\/media\/sites\/75\/2021\/01\/ausstattung-2.jpg 2x\"\n            \/>\n                <img decoding=\"async\"\n        class=\"img-fluid\"\n        src=\"https:\/\/cdn3.fh-joanneum.at\/media\/sites\/75\/2021\/01\/ausstattung-2.jpg\"\n        alt=\"Ausstattung\"\n        title=\"\"\n         loading=\"lazy\"             >\n<\/picture>\n\n                                                                            <\/div>\n                                                                    <div class=\"swiper-slide item\">\n                                        <picture>\n                        <source\n                media=\"(max-width: 576px)\"\n                srcset=\"https:\/\/cdn3.fh-joanneum.at\/media\/sites\/75\/2021\/01\/ausstattung-9.jpg, https:\/\/cdn3.fh-joanneum.at\/media\/sites\/75\/2021\/01\/ausstattung-9-768x386.jpg 2x\"\n            \/>\n                    <source\n                media=\"(max-width: 768px)\"\n                srcset=\"https:\/\/cdn3.fh-joanneum.at\/media\/sites\/75\/2021\/01\/ausstattung-9-768x386.jpg, https:\/\/cdn3.fh-joanneum.at\/media\/sites\/75\/2021\/01\/ausstattung-9-1024x515.jpg 2x\"\n            \/>\n                    <source\n                media=\"(max-width: 1024px)\"\n                srcset=\"https:\/\/cdn3.fh-joanneum.at\/media\/sites\/75\/2021\/01\/ausstattung-9-1024x515.jpg, https:\/\/cdn3.fh-joanneum.at\/media\/sites\/75\/2021\/01\/ausstattung-9.jpg 2x\"\n            \/>\n                    <source\n                media=\"(max-width: 1170px)\"\n                srcset=\"https:\/\/cdn3.fh-joanneum.at\/media\/sites\/75\/2021\/01\/ausstattung-9.jpg, https:\/\/cdn3.fh-joanneum.at\/media\/sites\/75\/2021\/01\/ausstattung-9.jpg 2x\"\n            \/>\n                    <source\n                media=\"(max-width: 1170px)\"\n                srcset=\"https:\/\/cdn3.fh-joanneum.at\/media\/sites\/75\/2021\/01\/ausstattung-9.jpg, https:\/\/cdn3.fh-joanneum.at\/media\/sites\/75\/2021\/01\/ausstattung-9.jpg 2x\"\n            \/>\n                <img decoding=\"async\"\n        class=\"img-fluid\"\n        src=\"https:\/\/cdn3.fh-joanneum.at\/media\/sites\/75\/2021\/01\/ausstattung-9.jpg\"\n        alt=\"Ausstattung 7\"\n        title=\"\"\n         loading=\"lazy\"             >\n<\/picture>\n\n                                                                            <\/div>\n                                                                    <div class=\"swiper-slide item\">\n                                        <picture>\n                        <source\n                media=\"(max-width: 576px)\"\n                srcset=\"https:\/\/cdn3.fh-joanneum.at\/media\/sites\/75\/2021\/01\/ausstattung-8.jpg, https:\/\/cdn3.fh-joanneum.at\/media\/sites\/75\/2021\/01\/ausstattung-8-768x384.jpg 2x\"\n            \/>\n                    <source\n                media=\"(max-width: 768px)\"\n                srcset=\"https:\/\/cdn3.fh-joanneum.at\/media\/sites\/75\/2021\/01\/ausstattung-8-768x384.jpg, https:\/\/cdn3.fh-joanneum.at\/media\/sites\/75\/2021\/01\/ausstattung-8-1024x512.jpg 2x\"\n            \/>\n                    <source\n                media=\"(max-width: 1024px)\"\n                srcset=\"https:\/\/cdn3.fh-joanneum.at\/media\/sites\/75\/2021\/01\/ausstattung-8-1024x512.jpg, https:\/\/cdn3.fh-joanneum.at\/media\/sites\/75\/2021\/01\/ausstattung-8.jpg 2x\"\n            \/>\n                    <source\n                media=\"(max-width: 1200px)\"\n                srcset=\"https:\/\/cdn3.fh-joanneum.at\/media\/sites\/75\/2021\/01\/ausstattung-8.jpg, https:\/\/cdn3.fh-joanneum.at\/media\/sites\/75\/2021\/01\/ausstattung-8.jpg 2x\"\n            \/>\n                    <source\n                media=\"(max-width: 1200px)\"\n                srcset=\"https:\/\/cdn3.fh-joanneum.at\/media\/sites\/75\/2021\/01\/ausstattung-8.jpg, https:\/\/cdn3.fh-joanneum.at\/media\/sites\/75\/2021\/01\/ausstattung-8.jpg 2x\"\n            \/>\n                <img decoding=\"async\"\n        class=\"img-fluid\"\n        src=\"https:\/\/cdn3.fh-joanneum.at\/media\/sites\/75\/2021\/01\/ausstattung-8.jpg\"\n        alt=\"Ausstattung 6\"\n        title=\"\"\n         loading=\"lazy\"             >\n<\/picture>\n\n                                                                            <\/div>\n                                                                    <div class=\"swiper-slide item\">\n                                        <picture>\n                        <source\n                media=\"(max-width: 576px)\"\n                srcset=\"https:\/\/cdn3.fh-joanneum.at\/media\/sites\/75\/2021\/01\/ausstattung-7.jpg, https:\/\/cdn3.fh-joanneum.at\/media\/sites\/75\/2021\/01\/ausstattung-7-768x386.jpg 2x\"\n            \/>\n                    <source\n                media=\"(max-width: 768px)\"\n                srcset=\"https:\/\/cdn3.fh-joanneum.at\/media\/sites\/75\/2021\/01\/ausstattung-7-768x386.jpg, https:\/\/cdn3.fh-joanneum.at\/media\/sites\/75\/2021\/01\/ausstattung-7-1024x515.jpg 2x\"\n            \/>\n                    <source\n                media=\"(max-width: 1024px)\"\n                srcset=\"https:\/\/cdn3.fh-joanneum.at\/media\/sites\/75\/2021\/01\/ausstattung-7-1024x515.jpg, https:\/\/cdn3.fh-joanneum.at\/media\/sites\/75\/2021\/01\/ausstattung-7.jpg 2x\"\n            \/>\n                    <source\n                media=\"(max-width: 1170px)\"\n                srcset=\"https:\/\/cdn3.fh-joanneum.at\/media\/sites\/75\/2021\/01\/ausstattung-7.jpg, https:\/\/cdn3.fh-joanneum.at\/media\/sites\/75\/2021\/01\/ausstattung-7.jpg 2x\"\n            \/>\n                    <source\n                media=\"(max-width: 1170px)\"\n                srcset=\"https:\/\/cdn3.fh-joanneum.at\/media\/sites\/75\/2021\/01\/ausstattung-7.jpg, https:\/\/cdn3.fh-joanneum.at\/media\/sites\/75\/2021\/01\/ausstattung-7.jpg 2x\"\n            \/>\n                <img decoding=\"async\"\n        class=\"img-fluid\"\n        src=\"https:\/\/cdn3.fh-joanneum.at\/media\/sites\/75\/2021\/01\/ausstattung-7.jpg\"\n        alt=\"Ausstattung 5\"\n        title=\"\"\n         loading=\"lazy\"             >\n<\/picture>\n\n                                                                            <\/div>\n                                                                    <div class=\"swiper-slide item\">\n                                        <picture>\n                        <source\n                media=\"(max-width: 576px)\"\n                srcset=\"https:\/\/cdn3.fh-joanneum.at\/media\/sites\/75\/2021\/01\/ausstattung-10.jpg, https:\/\/cdn3.fh-joanneum.at\/media\/sites\/75\/2021\/01\/ausstattung-10-768x384.jpg 2x\"\n            \/>\n                    <source\n                media=\"(max-width: 768px)\"\n                srcset=\"https:\/\/cdn3.fh-joanneum.at\/media\/sites\/75\/2021\/01\/ausstattung-10-768x384.jpg, https:\/\/cdn3.fh-joanneum.at\/media\/sites\/75\/2021\/01\/ausstattung-10-1024x512.jpg 2x\"\n            \/>\n                    <source\n                media=\"(max-width: 1024px)\"\n                srcset=\"https:\/\/cdn3.fh-joanneum.at\/media\/sites\/75\/2021\/01\/ausstattung-10-1024x512.jpg, https:\/\/cdn3.fh-joanneum.at\/media\/sites\/75\/2021\/01\/ausstattung-10.jpg 2x\"\n            \/>\n                    <source\n                media=\"(max-width: 1200px)\"\n                srcset=\"https:\/\/cdn3.fh-joanneum.at\/media\/sites\/75\/2021\/01\/ausstattung-10.jpg, https:\/\/cdn3.fh-joanneum.at\/media\/sites\/75\/2021\/01\/ausstattung-10.jpg 2x\"\n            \/>\n                    <source\n                media=\"(max-width: 1200px)\"\n                srcset=\"https:\/\/cdn3.fh-joanneum.at\/media\/sites\/75\/2021\/01\/ausstattung-10.jpg, https:\/\/cdn3.fh-joanneum.at\/media\/sites\/75\/2021\/01\/ausstattung-10.jpg 2x\"\n            \/>\n                <img decoding=\"async\"\n        class=\"img-fluid\"\n        src=\"https:\/\/cdn3.fh-joanneum.at\/media\/sites\/75\/2021\/01\/ausstattung-10.jpg\"\n        alt=\"Ausstattung 8\"\n        title=\"\"\n         loading=\"lazy\"             >\n<\/picture>\n\n                                                                            <\/div>\n                                                                    <div class=\"swiper-slide item\">\n                                        <picture>\n                        <source\n                media=\"(max-width: 576px)\"\n                srcset=\"https:\/\/cdn3.fh-joanneum.at\/media\/sites\/75\/2021\/01\/ausstattung-3.jpg, https:\/\/cdn3.fh-joanneum.at\/media\/sites\/75\/2021\/01\/ausstattung-3-768x384.jpg 2x\"\n            \/>\n                    <source\n                media=\"(max-width: 768px)\"\n                srcset=\"https:\/\/cdn3.fh-joanneum.at\/media\/sites\/75\/2021\/01\/ausstattung-3-768x384.jpg, https:\/\/cdn3.fh-joanneum.at\/media\/sites\/75\/2021\/01\/ausstattung-3-1024x512.jpg 2x\"\n            \/>\n                    <source\n                media=\"(max-width: 1024px)\"\n                srcset=\"https:\/\/cdn3.fh-joanneum.at\/media\/sites\/75\/2021\/01\/ausstattung-3-1024x512.jpg, https:\/\/cdn3.fh-joanneum.at\/media\/sites\/75\/2021\/01\/ausstattung-3.jpg 2x\"\n            \/>\n                    <source\n                media=\"(max-width: 1200px)\"\n                srcset=\"https:\/\/cdn3.fh-joanneum.at\/media\/sites\/75\/2021\/01\/ausstattung-3.jpg, https:\/\/cdn3.fh-joanneum.at\/media\/sites\/75\/2021\/01\/ausstattung-3.jpg 2x\"\n            \/>\n                    <source\n                media=\"(max-width: 1200px)\"\n                srcset=\"https:\/\/cdn3.fh-joanneum.at\/media\/sites\/75\/2021\/01\/ausstattung-3.jpg, https:\/\/cdn3.fh-joanneum.at\/media\/sites\/75\/2021\/01\/ausstattung-3.jpg 2x\"\n            \/>\n                <img decoding=\"async\"\n        class=\"img-fluid\"\n        src=\"https:\/\/cdn3.fh-joanneum.at\/media\/sites\/75\/2021\/01\/ausstattung-3.jpg\"\n        alt=\"Ausstattung 1\"\n        title=\"\"\n         loading=\"lazy\"             >\n<\/picture>\n\n                                                                            <\/div>\n                                                                    <div class=\"swiper-slide item\">\n                                        <picture>\n                        <source\n                media=\"(max-width: 576px)\"\n                srcset=\"https:\/\/cdn3.fh-joanneum.at\/media\/sites\/75\/2018\/12\/lebensmittel-produkt-und-prozessentwicklung-13.jpg, https:\/\/cdn3.fh-joanneum.at\/media\/sites\/75\/2018\/12\/lebensmittel-produkt-und-prozessentwicklung-13-768x513.jpg 2x\"\n            \/>\n                    <source\n                media=\"(max-width: 768px)\"\n                srcset=\"https:\/\/cdn3.fh-joanneum.at\/media\/sites\/75\/2018\/12\/lebensmittel-produkt-und-prozessentwicklung-13-768x513.jpg, https:\/\/cdn3.fh-joanneum.at\/media\/sites\/75\/2018\/12\/lebensmittel-produkt-und-prozessentwicklung-13-1024x683.jpg 2x\"\n            \/>\n                    <source\n                media=\"(max-width: 1024px)\"\n                srcset=\"https:\/\/cdn3.fh-joanneum.at\/media\/sites\/75\/2018\/12\/lebensmittel-produkt-und-prozessentwicklung-13-1024x683.jpg, https:\/\/cdn3.fh-joanneum.at\/media\/sites\/75\/2018\/12\/lebensmittel-produkt-und-prozessentwicklung-13.jpg 2x\"\n            \/>\n                    <source\n                media=\"(max-width: 1536px)\"\n                srcset=\"https:\/\/cdn3.fh-joanneum.at\/media\/sites\/75\/2018\/12\/lebensmittel-produkt-und-prozessentwicklung-13.jpg, https:\/\/cdn3.fh-joanneum.at\/media\/sites\/75\/2018\/12\/lebensmittel-produkt-und-prozessentwicklung-13.jpg 2x\"\n            \/>\n                    <source\n                media=\"(max-width: 2048px)\"\n                srcset=\"https:\/\/cdn3.fh-joanneum.at\/media\/sites\/75\/2018\/12\/lebensmittel-produkt-und-prozessentwicklung-13.jpg, https:\/\/cdn3.fh-joanneum.at\/media\/sites\/75\/2018\/12\/lebensmittel-produkt-und-prozessentwicklung-13.jpg 2x\"\n            \/>\n                <img decoding=\"async\"\n        class=\"img-fluid\"\n        src=\"https:\/\/cdn3.fh-joanneum.at\/media\/sites\/75\/2018\/12\/lebensmittel-produkt-und-prozessentwicklung-13.jpg\"\n        alt=\"Lebensmittel: Produkt- und Prozessentwicklung 11\"\n        title=\"\"\n         loading=\"lazy\"             >\n<\/picture>\n\n                                                                            <\/div>\n                                                                                    <\/div>\n                    <\/div>\n\n                    <div class=\"swiper-navigation-pagination\">\n                        <div class=\"swiper-button-prev-custom\">\n                            <svg xmlns=\"http:\/\/www.w3.org\/2000\/svg\" width=\"9\" height=\"14\" viewBox=\"0 0 9 14\" fill=\"none\">\n  <path d=\"M8 13L2 7L8 1\" stroke=\"\" stroke-width=\"1.5\" stroke-linecap=\"round\"\/>\n<\/svg>                        <\/div>\n                        <div class=\"swiper-pagination\"><\/div>\n                        <div class=\"swiper-button-next-custom\">\n                            <svg xmlns=\"http:\/\/www.w3.org\/2000\/svg\" width=\"9\" height=\"14\" viewBox=\"0 0 9 14\" fill=\"none\">\n  <path d=\"M1 1L7 7L1 13\" stroke=\"\" stroke-width=\"1.5\" stroke-linecap=\"round\"\/>\n<\/svg>                        <\/div>\n                    <\/div>\n                <\/div>\n            <\/div>\n        <\/div>\n    <\/div>\n<\/div>\n\n<div\n    id=\"\"\n    class=\"wp-block-tipp-box margin-bottom-normal\"\n>\n    <div class=\"container-lg\">\n        <div class=\"row\">\n            <div class=\"col\">\n                <div class=\"tipp-box border border-warning\">\n                    <div class=\"tipp-box-inner p-2 p-md-3\">\n                        <h4 class=\"\">Tipp<\/h4>\n                        <p>Sollte die Ausstattung des Arbeitgebers nicht ausreichend zur Bearbeitung bestimmter Fragestellungen sein, k\u00f6nnen unsere R\u00e4umlichkeiten und Ausstattungen selbstverst\u00e4ndlich f\u00fcr Projekt- und Masterarbeiten mitgenutzt werden.<\/p>\n\n                    <\/div>\n                <\/div>\n            <\/div>\n        <\/div>\n    <\/div>\n<\/div>\n\n\n\n\n","protected":false},"excerpt":{"rendered":"<p>An der Schnittstelle zwischen Theorie und Praxis studieren Sie in modernen R\u00e4umlichkeiten am aktuellsten Stand der Technik. Welche Infrastruktur Ihnen in diesem professionellen Umfeld zur Verf\u00fcgung steht, erfahren Sie hier.<\/p>\n","protected":false},"author":11,"featured_media":0,"parent":10000115,"menu_order":37,"comment_status":"closed","ping_status":"closed","template":"","meta":{"_acf_changed":false,"footnotes":""},"acf":[],"aioseo_notices":[],"_links":{"self":[{"href":"https:\/\/www.fh-joanneum.at\/lebensmittel-produkt-und-prozessentwicklung\/master\/wp-json\/wp\/v2\/pages\/10000129"}],"collection":[{"href":"https:\/\/www.fh-joanneum.at\/lebensmittel-produkt-und-prozessentwicklung\/master\/wp-json\/wp\/v2\/pages"}],"about":[{"href":"https:\/\/www.fh-joanneum.at\/lebensmittel-produkt-und-prozessentwicklung\/master\/wp-json\/wp\/v2\/types\/page"}],"author":[{"embeddable":true,"href":"https:\/\/www.fh-joanneum.at\/lebensmittel-produkt-und-prozessentwicklung\/master\/wp-json\/wp\/v2\/users\/11"}],"replies":[{"embeddable":true,"href":"https:\/\/www.fh-joanneum.at\/lebensmittel-produkt-und-prozessentwicklung\/master\/wp-json\/wp\/v2\/comments?post=10000129"}],"version-history":[{"count":0,"href":"https:\/\/www.fh-joanneum.at\/lebensmittel-produkt-und-prozessentwicklung\/master\/wp-json\/wp\/v2\/pages\/10000129\/revisions"}],"up":[{"embeddable":true,"href":"https:\/\/www.fh-joanneum.at\/lebensmittel-produkt-und-prozessentwicklung\/master\/wp-json\/wp\/v2\/pages\/10000115"}],"wp:attachment":[{"href":"https:\/\/www.fh-joanneum.at\/lebensmittel-produkt-und-prozessentwicklung\/master\/wp-json\/wp\/v2\/media?parent=10000129"}],"curies":[{"name":"wp","href":"https:\/\/api.w.org\/{rel}","templated":true}]}}