{"id":10000067,"date":"2017-10-20T15:21:57","date_gmt":"2017-10-20T13:21:57","guid":{"rendered":"https:\/\/www.fh-joanneum.at\/gesundheitstourismus-und-freizeitmanagement\/master\/?page_id=67"},"modified":"2024-06-05T22:32:15","modified_gmt":"2024-06-05T20:32:15","slug":"absolventinnen-absolventen","status":"publish","type":"page","link":"https:\/\/www.fh-joanneum.at\/lebensqualitaet-und-nachhaltigkeit-im-tourismus\/master\/nach-dem-studium\/absolventinnen-absolventen\/","title":{"rendered":"Absolvent:innen"},"content":{"rendered":"<div id=\"\" class=\"wp-block-text-content margin-bottom-none\">\n    <div class=\"container-lg\">\n        <div class=\"row\">\n            <div class=\"col\">\n                <div class=\"module-migration-headline\">\n<h3>Das machen unsere Absolvent:innen.<\/h3>\n<\/div>\n\n            <\/div>\n        <\/div>\n            <\/div>\n<\/div>\n\n<div id=\"\" class=\"wp-block-list-of-graduates margin-bottom-normal\">\n  <div class=\"container-lg\">\n    <div class=\"row\">\n                        <div class=\"col-6 col-sm-4 col-md-6 col-lg-4 col-xl-4 mb-4\">\n            <a\n    href=\"https:\/\/www.fh-joanneum.at\/lebensqualitaet-und-nachhaltigkeit-im-tourismus\/master\/nach-dem-studium\/absolventinnen-absolventen\/bianca-lamprecht-ba-ma\/\"\n    class=\"graduate-card bg-light\"\n>\n    <div class=\"border border-light h-100\">\n        <div class=\"image-wrapper\">\n            <picture>\n                        <source\n                media=\"(max-width: 350px)\"\n                srcset=\"https:\/\/cdn3.fh-joanneum.at\/media\/sites\/70\/2019\/09\/bianca-lamprecht-ba-ma-2.jpg, https:\/\/cdn3.fh-joanneum.at\/media\/sites\/70\/2019\/09\/bianca-lamprecht-ba-ma-2.jpg 2x\"\n            \/>\n                    <source\n                media=\"(max-width: 350px)\"\n                srcset=\"https:\/\/cdn3.fh-joanneum.at\/media\/sites\/70\/2019\/09\/bianca-lamprecht-ba-ma-2.jpg, https:\/\/cdn3.fh-joanneum.at\/media\/sites\/70\/2019\/09\/bianca-lamprecht-ba-ma-2.jpg 2x\"\n            \/>\n                    <source\n                media=\"(max-width: 350px)\"\n                srcset=\"https:\/\/cdn3.fh-joanneum.at\/media\/sites\/70\/2019\/09\/bianca-lamprecht-ba-ma-2.jpg, https:\/\/cdn3.fh-joanneum.at\/media\/sites\/70\/2019\/09\/bianca-lamprecht-ba-ma-2.jpg 2x\"\n            \/>\n                    <source\n                media=\"(max-width: 350px)\"\n                srcset=\"https:\/\/cdn3.fh-joanneum.at\/media\/sites\/70\/2019\/09\/bianca-lamprecht-ba-ma-2.jpg, https:\/\/cdn3.fh-joanneum.at\/media\/sites\/70\/2019\/09\/bianca-lamprecht-ba-ma-2.jpg 2x\"\n            \/>\n                    <source\n                media=\"(max-width: 350px)\"\n                srcset=\"https:\/\/cdn3.fh-joanneum.at\/media\/sites\/70\/2019\/09\/bianca-lamprecht-ba-ma-2.jpg, https:\/\/cdn3.fh-joanneum.at\/media\/sites\/70\/2019\/09\/bianca-lamprecht-ba-ma-2.jpg 2x\"\n            \/>\n                <img decoding=\"async\"\n        class=\"img-fluid\"\n        src=\"https:\/\/cdn3.fh-joanneum.at\/media\/sites\/70\/2019\/09\/bianca-lamprecht-ba-ma-2.jpg\"\n        alt=\"Bianca Lamprecht, BA, MA 1\"\n        title=\"\"\n         loading=\"lazy\"             >\n<\/picture>\n\n        <\/div>\n        <div class=\"p-2 p-xl-3\">\n            <h6>Bianca Lamprecht, BA MA<\/h6>\n            <p class=\"mb-0 hyphens\">\n                Bianca Lamprecht arbeitet in der Regionalentwicklung beim Steirischen Vulkanland. Sie setzt nachhaltige Projekte um und gestaltet so die Region, in der sie lebt, aktiv mit.\n            <\/p>\n        <\/div>\n    <\/div>\n<\/a>\n          <\/div>\n                  <div class=\"col-6 col-sm-4 col-md-6 col-lg-4 col-xl-4 mb-4\">\n            <a\n    href=\"https:\/\/www.fh-joanneum.at\/lebensqualitaet-und-nachhaltigkeit-im-tourismus\/master\/nach-dem-studium\/absolventinnen-absolventen\/lisa-markl-ba-mba-ma\/\"\n    class=\"graduate-card bg-light\"\n>\n    <div class=\"border border-light h-100\">\n        <div class=\"image-wrapper\">\n            <picture>\n                        <source\n                media=\"(max-width: 432px)\"\n                srcset=\"https:\/\/cdn3.fh-joanneum.at\/media\/sites\/70\/2019\/10\/lisa-markl-ba-mba-ma-4.jpeg, https:\/\/cdn3.fh-joanneum.at\/media\/sites\/70\/2019\/10\/lisa-markl-ba-mba-ma-4-768x1024.jpeg 2x\"\n            \/>\n                    <source\n                media=\"(max-width: 768px)\"\n                srcset=\"https:\/\/cdn3.fh-joanneum.at\/media\/sites\/70\/2019\/10\/lisa-markl-ba-mba-ma-4-768x1024.jpeg, https:\/\/cdn3.fh-joanneum.at\/media\/sites\/70\/2019\/10\/lisa-markl-ba-mba-ma-4-768x1024.jpeg 2x\"\n            \/>\n                    <source\n                media=\"(max-width: 768px)\"\n                srcset=\"https:\/\/cdn3.fh-joanneum.at\/media\/sites\/70\/2019\/10\/lisa-markl-ba-mba-ma-4-768x1024.jpeg, https:\/\/cdn3.fh-joanneum.at\/media\/sites\/70\/2019\/10\/lisa-markl-ba-mba-ma-4.jpeg 2x\"\n            \/>\n                    <source\n                media=\"(max-width: 1152px)\"\n                srcset=\"https:\/\/cdn3.fh-joanneum.at\/media\/sites\/70\/2019\/10\/lisa-markl-ba-mba-ma-4.jpeg, https:\/\/cdn3.fh-joanneum.at\/media\/sites\/70\/2019\/10\/lisa-markl-ba-mba-ma-4.jpeg 2x\"\n            \/>\n                    <source\n                media=\"(max-width: 1536px)\"\n                srcset=\"https:\/\/cdn3.fh-joanneum.at\/media\/sites\/70\/2019\/10\/lisa-markl-ba-mba-ma-4.jpeg, https:\/\/cdn3.fh-joanneum.at\/media\/sites\/70\/2019\/10\/lisa-markl-ba-mba-ma-4.jpeg 2x\"\n            \/>\n                <img decoding=\"async\"\n        class=\"img-fluid\"\n        src=\"https:\/\/cdn3.fh-joanneum.at\/media\/sites\/70\/2019\/10\/lisa-markl-ba-mba-ma-4.jpeg\"\n        alt=\"Lisa Markl, BA MBA MA 2\"\n        title=\"\"\n         loading=\"lazy\"             >\n<\/picture>\n\n        <\/div>\n        <div class=\"p-2 p-xl-3\">\n            <h6>Lisa Markl, BA MBA MA<\/h6>\n            <p class=\"mb-0 hyphens\">\n                Lisa Markl arbeitet als Assistant Spa Manger bei Six Senses in Koh Kood, Thailand. Zuk\u00fcnftig sieht sie sich als Wellness Director in einem gr\u00f6\u00dferen Spa in Europa. \n            <\/p>\n        <\/div>\n    <\/div>\n<\/a>\n          <\/div>\n                  <div class=\"col-6 col-sm-4 col-md-6 col-lg-4 col-xl-4 mb-4\">\n            <a\n    href=\"https:\/\/www.fh-joanneum.at\/lebensqualitaet-und-nachhaltigkeit-im-tourismus\/master\/nach-dem-studium\/absolventinnen-absolventen\/nico-haberl-ba-ma\/\"\n    class=\"graduate-card bg-light\"\n>\n    <div class=\"border border-light h-100\">\n        <div class=\"image-wrapper\">\n            <picture>\n                        <source\n                media=\"(max-width: 432px)\"\n                srcset=\"https:\/\/cdn3.fh-joanneum.at\/media\/sites\/70\/2022\/07\/nico-haberl-ba-ma-2-scaled.jpg, https:\/\/cdn3.fh-joanneum.at\/media\/sites\/70\/2022\/07\/nico-haberl-ba-ma-2-768x1024.jpg 2x\"\n            \/>\n                    <source\n                media=\"(max-width: 768px)\"\n                srcset=\"https:\/\/cdn3.fh-joanneum.at\/media\/sites\/70\/2022\/07\/nico-haberl-ba-ma-2-768x1024.jpg, https:\/\/cdn3.fh-joanneum.at\/media\/sites\/70\/2022\/07\/nico-haberl-ba-ma-2-768x1024.jpg 2x\"\n            \/>\n                    <source\n                media=\"(max-width: 768px)\"\n                srcset=\"https:\/\/cdn3.fh-joanneum.at\/media\/sites\/70\/2022\/07\/nico-haberl-ba-ma-2-768x1024.jpg, https:\/\/cdn3.fh-joanneum.at\/media\/sites\/70\/2022\/07\/nico-haberl-ba-ma-2-1152x1536.jpg 2x\"\n            \/>\n                    <source\n                media=\"(max-width: 1152px)\"\n                srcset=\"https:\/\/cdn3.fh-joanneum.at\/media\/sites\/70\/2022\/07\/nico-haberl-ba-ma-2-1152x1536.jpg, https:\/\/cdn3.fh-joanneum.at\/media\/sites\/70\/2022\/07\/nico-haberl-ba-ma-2-1536x2048.jpg 2x\"\n            \/>\n                    <source\n                media=\"(max-width: 1536px)\"\n                srcset=\"https:\/\/cdn3.fh-joanneum.at\/media\/sites\/70\/2022\/07\/nico-haberl-ba-ma-2-1536x2048.jpg, https:\/\/cdn3.fh-joanneum.at\/media\/sites\/70\/2022\/07\/nico-haberl-ba-ma-2-scaled.jpg 2x\"\n            \/>\n                <img decoding=\"async\"\n        class=\"img-fluid\"\n        src=\"https:\/\/cdn3.fh-joanneum.at\/media\/sites\/70\/2022\/07\/nico-haberl-ba-ma-2-scaled.jpg\"\n        alt=\"Nico Haberl, BA MA\"\n        title=\"\"\n         loading=\"lazy\"             >\n<\/picture>\n\n        <\/div>\n        <div class=\"p-2 p-xl-3\">\n            <h6>Nico Haberl, BA MA<\/h6>\n            <p class=\"mb-0 hyphens\">\n                F\u00fcr Nico Haberl ist sein Job als Crew Manager bei der Fifteen Seconds GmbH ist die perfekte Schnittstelle aus den Bereichen Human Ressource, Sales und Eventmanagement.\n            <\/p>\n        <\/div>\n    <\/div>\n<\/a>\n          <\/div>\n                  <div class=\"col-6 col-sm-4 col-md-6 col-lg-4 col-xl-4 mb-4\">\n            <a\n    href=\"https:\/\/www.fh-joanneum.at\/lebensqualitaet-und-nachhaltigkeit-im-tourismus\/master\/nach-dem-studium\/absolventinnen-absolventen\/natascha-dockal-ba-ma\/\"\n    class=\"graduate-card bg-light\"\n>\n    <div class=\"border border-light h-100\">\n        <div class=\"image-wrapper\">\n            <picture>\n                        <source\n                media=\"(max-width: 384px)\"\n                srcset=\"https:\/\/cdn3.fh-joanneum.at\/media\/sites\/70\/2023\/01\/natascha-dockal-ba-ma-3-scaled.jpg, https:\/\/cdn3.fh-joanneum.at\/media\/sites\/70\/2023\/01\/natascha-dockal-ba-ma-3-768x1152.jpg 2x\"\n            \/>\n                    <source\n                media=\"(max-width: 768px)\"\n                srcset=\"https:\/\/cdn3.fh-joanneum.at\/media\/sites\/70\/2023\/01\/natascha-dockal-ba-ma-3-768x1152.jpg, https:\/\/cdn3.fh-joanneum.at\/media\/sites\/70\/2023\/01\/natascha-dockal-ba-ma-3-683x1024.jpg 2x\"\n            \/>\n                    <source\n                media=\"(max-width: 683px)\"\n                srcset=\"https:\/\/cdn3.fh-joanneum.at\/media\/sites\/70\/2023\/01\/natascha-dockal-ba-ma-3-683x1024.jpg, https:\/\/cdn3.fh-joanneum.at\/media\/sites\/70\/2023\/01\/natascha-dockal-ba-ma-3-1024x1536.jpg 2x\"\n            \/>\n                    <source\n                media=\"(max-width: 1024px)\"\n                srcset=\"https:\/\/cdn3.fh-joanneum.at\/media\/sites\/70\/2023\/01\/natascha-dockal-ba-ma-3-1024x1536.jpg, https:\/\/cdn3.fh-joanneum.at\/media\/sites\/70\/2023\/01\/natascha-dockal-ba-ma-3-1365x2048.jpg 2x\"\n            \/>\n                    <source\n                media=\"(max-width: 1365px)\"\n                srcset=\"https:\/\/cdn3.fh-joanneum.at\/media\/sites\/70\/2023\/01\/natascha-dockal-ba-ma-3-1365x2048.jpg, https:\/\/cdn3.fh-joanneum.at\/media\/sites\/70\/2023\/01\/natascha-dockal-ba-ma-3-scaled.jpg 2x\"\n            \/>\n                <img decoding=\"async\"\n        class=\"img-fluid\"\n        src=\"https:\/\/cdn3.fh-joanneum.at\/media\/sites\/70\/2023\/01\/natascha-dockal-ba-ma-3-scaled.jpg\"\n        alt=\"Natascha Dockal, BA MA 1\"\n        title=\"\"\n         loading=\"lazy\"             >\n<\/picture>\n\n        <\/div>\n        <div class=\"p-2 p-xl-3\">\n            <h6>Natascha Dockal, BA MA<\/h6>\n            <p class=\"mb-0 hyphens\">\n                Eine harmonische Mischung aus Human Resources, Design &amp; Marketing \u2013 meine Selbstst\u00e4ndigkeit ist abwechslungsreich, herausfordernd und erm\u00f6glicht mir st\u00e4ndige Weiterentwicklung.\n            <\/p>\n        <\/div>\n    <\/div>\n<\/a>\n          <\/div>\n                  <div class=\"col-6 col-sm-4 col-md-6 col-lg-4 col-xl-4 mb-4\">\n            <a\n    href=\"https:\/\/www.fh-joanneum.at\/lebensqualitaet-und-nachhaltigkeit-im-tourismus\/master\/nach-dem-studium\/absolventinnen-absolventen\/mag-fh-melanie-koch-ma\/\"\n    class=\"graduate-card bg-light\"\n>\n    <div class=\"border border-light h-100\">\n        <div class=\"image-wrapper\">\n            <picture>\n                        <source\n                media=\"(max-width: 384px)\"\n                srcset=\"https:\/\/cdn3.fh-joanneum.at\/media\/sites\/70\/2019\/09\/mag-fh-melanie-koch-ma-2.jpg, https:\/\/cdn3.fh-joanneum.at\/media\/sites\/70\/2019\/09\/mag-fh-melanie-koch-ma-2-768x1151.jpg 2x\"\n            \/>\n                    <source\n                media=\"(max-width: 768px)\"\n                srcset=\"https:\/\/cdn3.fh-joanneum.at\/media\/sites\/70\/2019\/09\/mag-fh-melanie-koch-ma-2-768x1151.jpg, https:\/\/cdn3.fh-joanneum.at\/media\/sites\/70\/2019\/09\/mag-fh-melanie-koch-ma-2-683x1024.jpg 2x\"\n            \/>\n                    <source\n                media=\"(max-width: 683px)\"\n                srcset=\"https:\/\/cdn3.fh-joanneum.at\/media\/sites\/70\/2019\/09\/mag-fh-melanie-koch-ma-2-683x1024.jpg, https:\/\/cdn3.fh-joanneum.at\/media\/sites\/70\/2019\/09\/mag-fh-melanie-koch-ma-2.jpg 2x\"\n            \/>\n                    <source\n                media=\"(max-width: 1025px)\"\n                srcset=\"https:\/\/cdn3.fh-joanneum.at\/media\/sites\/70\/2019\/09\/mag-fh-melanie-koch-ma-2.jpg, https:\/\/cdn3.fh-joanneum.at\/media\/sites\/70\/2019\/09\/mag-fh-melanie-koch-ma-2.jpg 2x\"\n            \/>\n                    <source\n                media=\"(max-width: 1366px)\"\n                srcset=\"https:\/\/cdn3.fh-joanneum.at\/media\/sites\/70\/2019\/09\/mag-fh-melanie-koch-ma-2.jpg, https:\/\/cdn3.fh-joanneum.at\/media\/sites\/70\/2019\/09\/mag-fh-melanie-koch-ma-2.jpg 2x\"\n            \/>\n                <img decoding=\"async\"\n        class=\"img-fluid\"\n        src=\"https:\/\/cdn3.fh-joanneum.at\/media\/sites\/70\/2019\/09\/mag-fh-melanie-koch-ma-2.jpg\"\n        alt=\"Mag. (FH) Melanie Koch, MA 1\"\n        title=\"\"\n         loading=\"lazy\"             >\n<\/picture>\n\n        <\/div>\n        <div class=\"p-2 p-xl-3\">\n            <h6>Mag. (FH) Melanie Koch, MA<\/h6>\n            <p class=\"mb-0 hyphens\">\n                Melanie Koch ist Vollbluttouristikerin. Seit August 2019 leitet sie als Gesch\u00e4ftsf\u00fchrerin den Tourismusregionalverband Oststeiermark.\n            <\/p>\n        <\/div>\n    <\/div>\n<\/a>\n          <\/div>\n                  <\/div>\n  <\/div>\n<\/div>\n\n<div\n    id=\"\"\n    class=\"wp-block-blockquote margin-bottom-normal\"\n>\n    <div class=\"container-lg\">\n        <div class=\"row\">\n            <div class=\"col\">\n                <div class=\"d-block mb-2 fs-5 major-text-color\">\u201eIm Masterstudium bilden f\u00e4cher\u00ad\u00fcbergreifende Projektarbeiten sowie Case Studies die optimale Kombination, um uns auf die komplexen Anforderungen der Berufswelt bestens vorzubereiten.\u201c<br \/>\r\n<br \/>\r\n<\/div>\n                <span class=\"d-flex justify-content-end\">Theresa Humer, Absolventin und Sales Managerin, Therme Geinberg<\/span>\n            <\/div>\n        <\/div>\n    <\/div>\n<\/div>\n\n<div id=\"\" class=\"wp-block-text-content margin-bottom-normal\">\n    <div class=\"container-lg\">\n        <div class=\"row\">\n            <div class=\"col\">\n                <h4>Arbeitgeber (Auszug):<\/h4>\n<ul>\n<li>VAMED Vitality World, Sales, Controlling<\/li>\n<li>KissSalis Therme Bad Kissingen, Betriebsleitung<\/li>\n<li>Falkensteiner Hotels and Residences, Sales<\/li>\n<li>Lanserhof, Guest Relations<\/li>\n<li>Six Senses Spas and Resorts, Spa Consultant<\/li>\n<li>Palais Hansen Kempinski, Marketing<\/li>\n<li>Deutsche Lufthansa AG, Product Management<\/li>\n<li>Conos Consulting, Recruiting<\/li>\n<li>VIENNA HOUSE, Global Sales Management<\/li>\n<li>Museumsquartier Wien, Sales<\/li>\n<li>Parktherme Bad Radkersburg, Prokura<\/li>\n<li>Projekt Spielberg, Communications<\/li>\n<li>Schlosshotel Fiss, Marketing <\/li>\n<li>TAC | The Assistant Company, Software Consultant<\/li>\n<\/ul>\n\n            <\/div>\n        <\/div>\n            <\/div>\n<\/div>\n\n","protected":false},"excerpt":{"rendered":"<p>Wir haben einige unserer ehemaligen Studierenden portraitiert. So k\u00f6nnen Sie sich selbst ein Bild \u00fcber die Berufs- und Karrierem\u00f6glichkeiten machen.<\/p>\n","protected":false},"author":11,"featured_media":0,"parent":10000391,"menu_order":53,"comment_status":"closed","ping_status":"closed","template":"","meta":{"_acf_changed":false,"footnotes":""},"acf":[],"aioseo_notices":[],"_links":{"self":[{"href":"https:\/\/www.fh-joanneum.at\/lebensqualitaet-und-nachhaltigkeit-im-tourismus\/master\/wp-json\/wp\/v2\/pages\/10000067"}],"collection":[{"href":"https:\/\/www.fh-joanneum.at\/lebensqualitaet-und-nachhaltigkeit-im-tourismus\/master\/wp-json\/wp\/v2\/pages"}],"about":[{"href":"https:\/\/www.fh-joanneum.at\/lebensqualitaet-und-nachhaltigkeit-im-tourismus\/master\/wp-json\/wp\/v2\/types\/page"}],"author":[{"embeddable":true,"href":"https:\/\/www.fh-joanneum.at\/lebensqualitaet-und-nachhaltigkeit-im-tourismus\/master\/wp-json\/wp\/v2\/users\/11"}],"replies":[{"embeddable":true,"href":"https:\/\/www.fh-joanneum.at\/lebensqualitaet-und-nachhaltigkeit-im-tourismus\/master\/wp-json\/wp\/v2\/comments?post=10000067"}],"version-history":[{"count":1,"href":"https:\/\/www.fh-joanneum.at\/lebensqualitaet-und-nachhaltigkeit-im-tourismus\/master\/wp-json\/wp\/v2\/pages\/10000067\/revisions"}],"predecessor-version":[{"id":10000394,"href":"https:\/\/www.fh-joanneum.at\/lebensqualitaet-und-nachhaltigkeit-im-tourismus\/master\/wp-json\/wp\/v2\/pages\/10000067\/revisions\/10000394"}],"up":[{"embeddable":true,"href":"https:\/\/www.fh-joanneum.at\/lebensqualitaet-und-nachhaltigkeit-im-tourismus\/master\/wp-json\/wp\/v2\/pages\/10000391"}],"wp:attachment":[{"href":"https:\/\/www.fh-joanneum.at\/lebensqualitaet-und-nachhaltigkeit-im-tourismus\/master\/wp-json\/wp\/v2\/media?parent=10000067"}],"curies":[{"name":"wp","href":"https:\/\/api.w.org\/{rel}","templated":true}]}}