{"id":10000313,"date":"2022-09-05T14:21:39","date_gmt":"2022-09-05T12:21:39","guid":{"rendered":"https:\/\/www.fh-joanneum.at\/gesundheitstourismus-und-freizeitmanagement\/master\/?page_id=313"},"modified":"2023-01-20T14:29:40","modified_gmt":"2023-01-20T13:29:40","slug":"natascha-dockal-ba-ma","status":"publish","type":"page","link":"https:\/\/www.fh-joanneum.at\/lebensqualitaet-und-nachhaltigkeit-im-tourismus\/master\/nach-dem-studium\/absolventinnen-absolventen\/natascha-dockal-ba-ma\/","title":{"rendered":"Natascha Dockal, BA MA"},"content":{"rendered":"<div id=\"\" class=\"wp-block-text-content margin-bottom-normal\">\n    <div class=\"container-lg\">\n        <div class=\"row\">\n            <div class=\"col\">\n                <h4>Eckdaten:<\/h4>\n<p><strong>Jobbezeichnung:<\/strong> Selbstst&auml;ndig im Leadership Design, Social &amp; Digital Media Management &amp; Personal Branding<br>\n<strong>Unternehmen:<\/strong> creARTive &ndash; in Gr&uuml;ndung  <br>\n<strong>Ich arbeite in:<\/strong> Graz<br>\n<strong>Ich arbeite hier seit:<\/strong> November 2022<\/p>\n<p><a href=\"mailto:natascha.dockal@gmail.com\" title=\"E-Mail an Natascha Dockal senden\">Mein Kontakt<\/a>  <br>\n<a href=\"https:\/\/www.linkedin.com\/in\/natascha-dockal-198b9b141\/\" target=\"_blank\" rel=\"noopener noreferrer\">Ich im Web<\/a>  <\/p>\n<p>Foto &copy; Melanie L&ouml;ffler<\/p>\n<h4>Was ich mache:<\/h4>\n<p>Nach meiner Zeit als Leadership Consultant &amp; Social Media Managerin habe ich mich dazu entschlossen, den Schritt in die Selbstst&auml;ndigkeit zu wagen und diese zwei St&auml;rken zu verbinden &ndash; ich biete individuelles Employer Branding &amp; Leadership Design an &ndash; von den Werten, der Story und dem Logo &uuml;ber den attraktiven Auftritt auf Social Media inklusive Content Map bis hin zur Umsetzungsbegleitung und dem Personal Coaching. <\/p>\n<h4>Warum ich meinen Beruf liebe:<\/h4>\n<p>Das Besondere an meinem Beruf ist die Abwechslung. Die Mischung aus kreativem Arbeiten und der Freiheit, die designen mit sich bringt, auf der einen Seite und auf der anderen die Coaching-T&auml;tigkeit in Human-Resources-Thematiken. <\/p>\n<h4>Wichtige F&auml;higkeiten in meinem Job:<\/h4>\n<ul>\n<li>Kreativit&auml;t &ndash; nicht nur im Marketing, sondern auch bei der Problemfindung und im Brainstorming, um immer wieder einzigartige und neuartige Ideen, wie unsere Kund:innen Mitarbeiter:innen gewinnen k&ouml;nnen, zu kreieren. Hier z&auml;hlen auch Sprachgewandtheit und das Talent zum Storytelling, um den roten Faden nicht zu verlieren.<\/li>\n<li>Intelligenz und Selbstbewusstsein &ndash; ein Interesse daran, sich immer wieder weiterzubilden.<\/li>\n<li>Leidenschaft &ndash; f&uuml;r die Hotellerie, f&uuml;r Menschen und f&uuml;r das Gestalten von Konzepten und Unterlagen.<\/li>\n<\/ul>\n<h4>Mein bisher gr&ouml;&szlig;ter Erfolg in meiner Karriere<\/h4>\n<p>Erfolgserlebnisse hat man nahezu t&auml;glich &ndash; jedes positive Feedback best&auml;rkt mich in meinem Vorhaben und bekr&auml;ftigt mich in dem Glauben, auf dem richtigen Weg zu sein. Meine zwei Highlights waren ein Re-Branding-Auftrag und das Mitgestalten in einem Unternehmensaufbau. <\/p>\n<h4>So bin ich zu meinem Job gekommen<\/h4>\n<p>Durch meine Position als Leadership Consultant und Social Media Managerin in der conos habe ich zwei wunderbare Frauen kennen und sch&auml;tzen gelernt, konnte von ihnen sehr viel lernen und wurde schlie&szlig;lich von ihnen stark dazu angetrieben, mein vollstes Potenzial in der Selbstst&auml;ndigkeit zu entfalten.<\/p>\n<h4>Das habe ich im Studium f&uuml;rs Berufsleben gelernt<\/h4>\n<p>Da ich im Studium nicht nur Theoretisches gelernt habe, sondern vorrangig f&uuml;r das Leben, habe ich meinen Erfolg dieser Ausbildung zu verdanken &ndash; vor allem in der aktuell fordernden Gr&uuml;ndungsphase. <\/p>\n<h4>Die Jobchancen in meinem Bereich<\/h4>\n<p>Die M&ouml;glichkeiten sind sehr vielf&auml;ltig &ndash; vom klassischen Consulting mit Schwerpunkt Hospitality, Destinations oder in meinem Fall Human Resources, dem Erfolg als Trainer:in in einem Fachgebiet oder als Marketing-Spezialist:in &ndash; jede Menge Chancen, sich selbst zu verwirklichen.<\/p>\n<h4>Ich bin:<\/h4>\n<ul>\n<li>herzlich und empathisch<\/li>\n<li>mutig, kreativ und (meistens) genau<\/li>\n<li>humorvoll, kommunikativ und ambitioniert<\/li>\n<\/ul>\n<h4>Ich &uuml;ber meinen Job<\/h4>\n<p>IIch habe das Gl&uuml;ck nicht nur einen Job zu haben, der mich g&auml;nzlich erf&uuml;llt, sondern auch starke Partnerinnen um mich herum zu haben, die mich stetig unterst&uuml;tzen, f&ouml;rdern und fordern. So entfalte ich mich immer mehr und habe nie das Gef&uuml;hl, stehen zu bleiben &ndash; das ist f&uuml;r mich das absolut Wichtigste in meiner T&auml;tigkeit.<\/p>\n\n            <\/div>\n        <\/div>\n            <\/div>\n<\/div>\n\n","protected":false},"excerpt":{"rendered":"<p>Eine harmonische Mischung aus Human Resources, Design &amp; Marketing \u2013 meine Selbstst\u00e4ndigkeit ist abwechslungsreich, herausfordernd und erm\u00f6glicht mir st\u00e4ndige Weiterentwicklung.<\/p>\n","protected":false},"author":11,"featured_media":10000327,"parent":10000067,"menu_order":47,"comment_status":"closed","ping_status":"closed","template":"template-absolvent.blade.php","meta":{"_acf_changed":false,"footnotes":""},"acf":[],"aioseo_notices":[],"_links":{"self":[{"href":"https:\/\/www.fh-joanneum.at\/lebensqualitaet-und-nachhaltigkeit-im-tourismus\/master\/wp-json\/wp\/v2\/pages\/10000313"}],"collection":[{"href":"https:\/\/www.fh-joanneum.at\/lebensqualitaet-und-nachhaltigkeit-im-tourismus\/master\/wp-json\/wp\/v2\/pages"}],"about":[{"href":"https:\/\/www.fh-joanneum.at\/lebensqualitaet-und-nachhaltigkeit-im-tourismus\/master\/wp-json\/wp\/v2\/types\/page"}],"author":[{"embeddable":true,"href":"https:\/\/www.fh-joanneum.at\/lebensqualitaet-und-nachhaltigkeit-im-tourismus\/master\/wp-json\/wp\/v2\/users\/11"}],"replies":[{"embeddable":true,"href":"https:\/\/www.fh-joanneum.at\/lebensqualitaet-und-nachhaltigkeit-im-tourismus\/master\/wp-json\/wp\/v2\/comments?post=10000313"}],"version-history":[{"count":0,"href":"https:\/\/www.fh-joanneum.at\/lebensqualitaet-und-nachhaltigkeit-im-tourismus\/master\/wp-json\/wp\/v2\/pages\/10000313\/revisions"}],"up":[{"embeddable":true,"href":"https:\/\/www.fh-joanneum.at\/lebensqualitaet-und-nachhaltigkeit-im-tourismus\/master\/wp-json\/wp\/v2\/pages\/10000067"}],"wp:featuredmedia":[{"embeddable":true,"href":"https:\/\/www.fh-joanneum.at\/lebensqualitaet-und-nachhaltigkeit-im-tourismus\/master\/wp-json\/wp\/v2\/media\/10000327"}],"wp:attachment":[{"href":"https:\/\/www.fh-joanneum.at\/lebensqualitaet-und-nachhaltigkeit-im-tourismus\/master\/wp-json\/wp\/v2\/media?parent=10000313"}],"curies":[{"name":"wp","href":"https:\/\/api.w.org\/{rel}","templated":true}]}}