{"id":10000046,"date":"2020-12-02T13:56:57","date_gmt":"2020-12-02T12:56:57","guid":{"rendered":"https:\/\/www.fh-joanneum.at\/lehrgang-psychiatrischen-gesundheits-krankenpflege\/academic_certificate_programme\/?page_id=46"},"modified":"2023-06-20T12:47:52","modified_gmt":"2023-06-20T10:47:52","slug":"voraussetzungen","status":"publish","type":"page","link":"https:\/\/www.fh-joanneum.at\/lehrgang-psychiatrischen-gesundheits-krankenpflege\/academic_certificate_programme\/vor-dem-lehrgang\/voraussetzungen\/","title":{"rendered":"Voraussetzungen"},"content":{"rendered":"<div id=\"\" class=\"wp-block-text-content margin-bottom-none\">\n    <div class=\"container-lg\">\n        <div class=\"row\">\n            <div class=\"col\">\n                <div class=\"module-migration-headline\">\n<h3>Zielgruppe und Zugangsvoraussetzungen<\/h3>\n<\/div>\n\n            <\/div>\n        <\/div>\n            <\/div>\n<\/div>\n\n<div id=\"\" class=\"wp-block-text-content margin-bottom-normal\">\n    <div class=\"container-lg\">\n        <div class=\"row\">\n            <div class=\"col\">\n                <p>Die Zielgruppe des Hochschullehrgangs sind Absolvent:innen des Bachelorstudiums &bdquo;Gesundheits- und Krankenpflege&ldquo; sowie Absolvent:innen einer Schule f&uuml;r allgemeine Gesundheits- und Krankenpflege oder einer Schule f&uuml;r Kinder- und Jugendlichenpflege, die in einem definierten Setting &ndash; Spezialbereich &ndash; t&auml;tig sind und sich gem&auml;&szlig; <a href=\"https:\/\/www.ris.bka.gv.at\/NormDokument.wxe?Abfrage=Bundesnormen&amp;Gesetzesnummer=10011026&amp;FassungVom=2016-09-23&amp;Artikel=&amp;Paragraf=17&amp;Anlage=&amp;Uebergangsrecht=\" target=\"_blank\" rel=\"noopener noreferrer\">&sect; 17 GuKG<\/a> weiterqualifizieren m&uuml;ssen.<\/p>\n<p>Zugang zum Hochschullehrgang:<\/p>\n<ul>\n<li>\n<p>Abschluss des Bachelorstudiums &bdquo;Gesundheits- und Krankenpflege&ldquo;  <br>\noder <\/p>\n<\/li>\n<li>\n<p>Abschluss der Schule f&uuml;r Gesundheits- und Krankenpflege<\/p>\n<\/li>\n<li>Diplom f&uuml;r (allgemeine) Gesundheits- und Krankenpflege oder Diplom f&uuml;r Kinder- und Jugendlichenpflege <\/li>\n<\/ul>\n<p>Die Pr&uuml;fung der Zugangsvoraussetzungen erfolgt nach der schriftlichen Bewerbung durch die Lehrgangsleitung. <\/p>\n\n            <\/div>\n        <\/div>\n            <\/div>\n<\/div>\n\n","protected":false},"excerpt":{"rendered":"<p>Welche Voraussetzungen m\u00fcssen Sie f\u00fcr den Lehrgang erf\u00fcllen? Die Antworten auf diese Frage geben wir Ihnen hier.<\/p>\n","protected":false},"author":11,"featured_media":0,"parent":10000044,"menu_order":9,"comment_status":"closed","ping_status":"closed","template":"","meta":{"_acf_changed":false,"footnotes":""},"acf":[],"aioseo_notices":[],"_links":{"self":[{"href":"https:\/\/www.fh-joanneum.at\/lehrgang-psychiatrischen-gesundheits-krankenpflege\/academic_certificate_programme\/wp-json\/wp\/v2\/pages\/10000046"}],"collection":[{"href":"https:\/\/www.fh-joanneum.at\/lehrgang-psychiatrischen-gesundheits-krankenpflege\/academic_certificate_programme\/wp-json\/wp\/v2\/pages"}],"about":[{"href":"https:\/\/www.fh-joanneum.at\/lehrgang-psychiatrischen-gesundheits-krankenpflege\/academic_certificate_programme\/wp-json\/wp\/v2\/types\/page"}],"author":[{"embeddable":true,"href":"https:\/\/www.fh-joanneum.at\/lehrgang-psychiatrischen-gesundheits-krankenpflege\/academic_certificate_programme\/wp-json\/wp\/v2\/users\/11"}],"replies":[{"embeddable":true,"href":"https:\/\/www.fh-joanneum.at\/lehrgang-psychiatrischen-gesundheits-krankenpflege\/academic_certificate_programme\/wp-json\/wp\/v2\/comments?post=10000046"}],"version-history":[{"count":0,"href":"https:\/\/www.fh-joanneum.at\/lehrgang-psychiatrischen-gesundheits-krankenpflege\/academic_certificate_programme\/wp-json\/wp\/v2\/pages\/10000046\/revisions"}],"up":[{"embeddable":true,"href":"https:\/\/www.fh-joanneum.at\/lehrgang-psychiatrischen-gesundheits-krankenpflege\/academic_certificate_programme\/wp-json\/wp\/v2\/pages\/10000044"}],"wp:attachment":[{"href":"https:\/\/www.fh-joanneum.at\/lehrgang-psychiatrischen-gesundheits-krankenpflege\/academic_certificate_programme\/wp-json\/wp\/v2\/media?parent=10000046"}],"curies":[{"name":"wp","href":"https:\/\/api.w.org\/{rel}","templated":true}]}}