{"id":10000244,"date":"2015-08-11T10:59:00","date_gmt":"2015-08-11T08:59:00","guid":{"rendered":"https:\/\/www.fh-joanneum.at\/logopaedie\/bachelor\/?page_id=244"},"modified":"2024-12-16T11:48:10","modified_gmt":"2024-12-16T10:48:10","slug":"voraussetzungen","status":"publish","type":"page","link":"https:\/\/www.fh-joanneum.at\/logopaedie\/bachelor\/vor-dem-studium\/voraussetzungen\/","title":{"rendered":"Voraussetzungen"},"content":{"rendered":"<div id=\"\" class=\"wp-block-text-content margin-bottom-none\">\n    <div class=\"container-lg\">\n        <div class=\"row\">\n            <div class=\"col\">\n                <div class=\"module-migration-headline\">\n<h3>Erf&uuml;lle ich die Voraussetzungen f&uuml;r das Studium?<\/h3>\n<\/div>\n\n            <\/div>\n        <\/div>\n            <\/div>\n<\/div>\n\n\n<div id=\"\" class=\"wp-block-text-content margin-bottom-normal\">\n    <div class=\"container-lg\">\n        <div class=\"row\">\n            <div class=\"col\">\n                <p>Deutsch ist Unterrichtssprache und deren Kenntnis (zumindest auf dem Level C2) wird als erforderlich vorausgesetzt.<\/p>\n\n            <\/div>\n        <\/div>\n            <\/div>\n<\/div>\n\n\n<div id=\"\" class=\"wp-block-text-content margin-bottom-normal\">\n    <div class=\"container-lg\">\n        <div class=\"row\">\n            <div class=\"col\">\n                <h4>Studieren mit Matura<\/h4>\n<p>Sie k&ouml;nnen sich f&uuml;r das Studium bewerben, wenn Sie<\/p>\n<ul>\n<li>die Matura einer Allgemeinbildenden oder Berufsbildenden h&ouml;heren Schule,<\/li>\n<li>eine Berufsreifepr&uuml;fung oder<\/li>\n<li>eine Lehre mit Matura<\/li>\n<\/ul>\n<p>haben.<\/p>\n\n            <\/div>\n        <\/div>\n            <\/div>\n<\/div>\n\n\n<div id=\"\" class=\"wp-block-text-content margin-bottom-normal\">\n    <div class=\"container-lg\">\n        <div class=\"row\">\n            <div class=\"col\">\n                <h4>Studieren ohne Matura<\/h4>\n<p>Haben Sie keine Matura oder Berufsreifepr&uuml;fung, brauchen Sie<\/p>\n<ul>\n<li>eine Studienberechtigungspr&uuml;fung oder<\/li>\n<li>eine einschl&auml;gige berufliche Qualifikation mit Zusatzpr&uuml;fungen.<\/li>\n<\/ul>\n<p>Bis zum Studienbeginn weisen Sie Ihre Pr&uuml;fungen nach.<\/p>\n\n            <\/div>\n        <\/div>\n            <\/div>\n<\/div>\n\n\n<div id=\"\" class=\"wp-block-text-content margin-bottom-normal\">\n    <div class=\"container-lg\">\n        <div class=\"row\">\n            <div class=\"col\">\n                <h5>Studienberechtigungspr&uuml;fung<\/h5>\n<p>Eine Studienberechtigungspr&uuml;fung besteht immer aus f&uuml;nf Teilpr&uuml;fungen. F&uuml;r das Studium &bdquo;Logop&auml;die&ldquo; wird eine Studienberechtigungspr&uuml;fung der Studienrichtungsgruppe <strong>Medizinische und Veterin&auml;rmedizinische Studien<\/strong> zur G&auml;nze anerkannt.<\/p>\n\n            <\/div>\n        <\/div>\n            <\/div>\n<\/div>\n\n\n\n\n<div id=\"\" class=\"wp-block-text-content margin-bottom-normal\">\n    <div class=\"container-lg\">\n        <div class=\"row\">\n            <div class=\"col\">\n                <h5>Einschl&auml;gige berufliche Qualifikation mit Zusatzpr&uuml;fungen<\/h5>\n<p>Eine einschl&auml;gige berufliche Qualifikation ist<\/p>\n<ul>\n<li>ein Lehrberuf mit Lehrabschluss wie beispielsweise H&ouml;rger&auml;teakustiker:in, <\/li>\n<li>eine abgeschlossene Berufsausbildung als medizinisch-technische Fachkraft (MTF) oder im Gesundheits- und Krankenpflegefachdienst (DGKS\/P),<\/li>\n<li>eine abgeschlossene Berufsbildende Mittlere Schule wie die Fachschule f&uuml;r Sozialberufe (mit den Schwerpunkten: Altenarbeit inklusive Pflegehilfe, Familienarbeit inklusive Pflegehilfe, Behindertenarbeit inklusive Pflegehilfe, Behindertenbegleitung inklusive Modul zur Basisversorgung).<\/li>\n<\/ul>\n<p>Sie m&uuml;ssen die F&auml;cher<\/p>\n<ul>\n<li>Deutsch (Aufsatz &uuml;ber ein allgemeines Thema),<\/li>\n<li>Biologie,<\/li>\n<li>Chemie 2 und<\/li>\n<li>Physik 1<\/li>\n<\/ul>\n<p>absolvieren.<\/p>\n\n            <\/div>\n        <\/div>\n            <\/div>\n<\/div>\n\n\n\n\n<div id=\"\" class=\"wp-block-text-content margin-bottom-normal\">\n    <div class=\"container-lg\">\n        <div class=\"row\">\n            <div class=\"col\">\n                <h4>Sie sind keine &ouml;sterreichische Staatsb&uuml;rgerin oder kein &ouml;sterreichischer Staatsb&uuml;rger?<\/h4>\n<p>F&uuml;r Sie gibt es einige Besonderheiten zu beachten. Mehr Informationen dazu finden Sie in unter dem Men&uuml;punkt <a href=\"https:\/\/fh-joanneum.at\/logopaedie\/bachelor\/vor-dem-studium\/internationale-bewerberinnen\/\"><strong>Internationale Bewerber:innen.<\/strong><\/a><\/p>\n\n            <\/div>\n        <\/div>\n            <\/div>\n<\/div>\n\n\n<div id=\"\" class=\"wp-block-text-content margin-bottom-normal\">\n    <div class=\"container-lg\">\n        <div class=\"row\">\n            <div class=\"col\">\n                <h4>Spezifische Voraussetzungen f&uuml;r gesundheitswissenschaftliche Studieng&auml;nge<\/h4>\n<p>Nach erfolgter Aufnahme m&uuml;ssen Sie die Erf&uuml;llung der gesundheitlichen Voraussetzungen f&uuml;r dieses Studium anhand folgender Unterlagen nachweisen:<\/p>\n<ul>\n<li>&Auml;rztliches Attest zum Nachweis der gesundheitlichen Eignung<\/li>\n<li>Nachweis f&uuml;r vorgeschriebene Impfungen laut <a href=\"https:\/\/www.sozialministerium.at\/Themen\/Gesundheit\/Impfen\/Impfempfehlungen-Allgemein\/Empfehlung-f%C3%BCr-Gesundheitspersonal.html\" target=\"_blank\" rel=\"noopener noreferrer\">Impfempfehlung des Bundesministeriums f&uuml;r Gesundheit f&uuml;r das Gesundheitspersonal in &Ouml;sterreich<\/a>.<\/li>\n<\/ul>\n<p>Die letztendliche Beurteilung &uuml;ber die Erf&uuml;llung der gesundheitlichen Voraussetzungen und Eignung obliegt der Leitung des Studiengangs.<\/p>\n\n            <\/div>\n        <\/div>\n            <\/div>\n<\/div>\n\n\n<div\n    id=\"\"\n    class=\"wp-block-tipp-box margin-bottom-normal\"\n>\n    <div class=\"container-lg\">\n        <div class=\"row\">\n            <div class=\"col\">\n                <div class=\"tipp-box border border-warning\">\n                    <div class=\"tipp-box-inner p-2 p-md-3\">\n                        <h4 class=\"\">Tipp<\/h4>\n                        <p>Es wird empfohlen, eine Erste Hilfe Ausbildung (16 Stunden) bereits vor Studienbeginn zu absolvieren. Des Weiteren empfehlen wir ein freiwilliges berufsspezifisches Praktikum zu machen, das einen guten Einblick in den Beruf erm\u00f6glicht.<\/p>\n\n                    <\/div>\n                <\/div>\n            <\/div>\n        <\/div>\n    <\/div>\n<\/div>\n\n\n<div id=\"\" class=\"wp-block-text-content margin-bottom-normal\">\n    <div class=\"container-lg\">\n        <div class=\"row\">\n            <div class=\"col\">\n                <h5>Neues Impfblatt f&uuml;r Gesundheitsstudien<\/h5>\n<p>Alle zuk&uuml;nftigen Studierenden von &bdquo;Logop&auml;die&rdquo; m&uuml;ssen bei der Inskription eine Best&auml;tigung der von der FH JOANNEUM vorgeschriebenen Impfungen vorlegen. Dabei handelt es sich um Vorgaben von diversen Praktikumsstellen, damit ein patientennaher Kontakt gepflegt werden kann. Das Vorlegen des vollst&auml;ndigen Impfblattes stellt somit eine Zulassungsvoraussetzung f&uuml;r das Studium &bdquo;Logop&auml;die&rdquo; dar.<\/p>\n\n            <\/div>\n        <\/div>\n            <\/div>\n<\/div>\n\n\n","protected":false},"excerpt":{"rendered":"<p>Welche Voraussetzungen m\u00fcssen Sie f\u00fcr das Studium erf\u00fcllen? Welche Nachweise m\u00fcssen Sie f\u00fcr Ihre Studienberechtigung erbringen? K\u00f6nnen Sie auch ohne Matura studieren? Die Antworten auf diese Fragen geben wir Ihnen hier.<\/p>\n","protected":false},"author":12,"featured_media":0,"parent":10000240,"menu_order":19,"comment_status":"closed","ping_status":"closed","template":"","meta":{"_acf_changed":false,"footnotes":""},"acf":[],"aioseo_notices":[],"_links":{"self":[{"href":"https:\/\/www.fh-joanneum.at\/logopaedie\/bachelor\/wp-json\/wp\/v2\/pages\/10000244"}],"collection":[{"href":"https:\/\/www.fh-joanneum.at\/logopaedie\/bachelor\/wp-json\/wp\/v2\/pages"}],"about":[{"href":"https:\/\/www.fh-joanneum.at\/logopaedie\/bachelor\/wp-json\/wp\/v2\/types\/page"}],"author":[{"embeddable":true,"href":"https:\/\/www.fh-joanneum.at\/logopaedie\/bachelor\/wp-json\/wp\/v2\/users\/12"}],"replies":[{"embeddable":true,"href":"https:\/\/www.fh-joanneum.at\/logopaedie\/bachelor\/wp-json\/wp\/v2\/comments?post=10000244"}],"version-history":[{"count":3,"href":"https:\/\/www.fh-joanneum.at\/logopaedie\/bachelor\/wp-json\/wp\/v2\/pages\/10000244\/revisions"}],"predecessor-version":[{"id":10000777,"href":"https:\/\/www.fh-joanneum.at\/logopaedie\/bachelor\/wp-json\/wp\/v2\/pages\/10000244\/revisions\/10000777"}],"up":[{"embeddable":true,"href":"https:\/\/www.fh-joanneum.at\/logopaedie\/bachelor\/wp-json\/wp\/v2\/pages\/10000240"}],"wp:attachment":[{"href":"https:\/\/www.fh-joanneum.at\/logopaedie\/bachelor\/wp-json\/wp\/v2\/media?parent=10000244"}],"curies":[{"name":"wp","href":"https:\/\/api.w.org\/{rel}","templated":true}]}}