{"id":10000654,"date":"2021-04-19T14:52:15","date_gmt":"2021-04-19T12:52:15","guid":{"rendered":"https:\/\/www.fh-joanneum.at\/luftfahrt\/bachelor\/?page_id=654"},"modified":"2021-04-19T14:53:30","modified_gmt":"2021-04-19T12:53:30","slug":"vanessa-halwax-bsc","status":"publish","type":"page","link":"https:\/\/www.fh-joanneum.at\/luftfahrt\/bachelor\/im-studium\/praktikum\/vanessa-halwax-bsc\/","title":{"rendered":"Vanessa Halwax, BSc"},"content":{"rendered":"<div\n    id=\"\"\n    class=\"wp-block-blockquote margin-bottom-normal\"\n>\n    <div class=\"container-lg\">\n        <div class=\"row\">\n            <div class=\"col\">\n                <div class=\"d-block mb-2 fs-5 major-text-color\">\u201eEinen Gro\u00dfteil meines Praktikums im Bereich Propulsion System Engineering Services habe ich mit der Modellierung verschiedener Details des Sekund\u00e4rluftsystems von Triebwerken verbracht. Durch das L\u00f6sen dieser komplexen Aufgaben konnte ich mein erlerntes Wissen anwenden und erweitern. Auch die Zusammenarbeit im Team, das mich gleich integriert hat, war sehr kollegial. Hamburg ist eine Stadt mit hoher Lebensqualit\u00e4t, besonderem Flair und sehr offenen Menschen. Meine Entscheidung f\u00fcr ein Praktikum bei der Lufthansa Technik AG w\u00fcrde ich genauso wieder treffen.\u201c<\/div>\n                <span class=\"d-flex justify-content-end\">Vanessa Halwax, Studentin Masterstudium \u201eLuftfahrt \/ Aviation\u201c<\/span>\n            <\/div>\n        <\/div>\n    <\/div>\n<\/div>\n\n","protected":false},"excerpt":{"rendered":"<p>Mein Bachelorpraktikum bei Lufthansa Technik AG Hamburg<\/p>\n","protected":false},"author":11,"featured_media":10000655,"parent":10000299,"menu_order":5,"comment_status":"closed","ping_status":"closed","template":"template-absolvent.blade.php","meta":{"_acf_changed":false,"footnotes":""},"acf":[],"aioseo_notices":[],"_links":{"self":[{"href":"https:\/\/www.fh-joanneum.at\/luftfahrt\/bachelor\/wp-json\/wp\/v2\/pages\/10000654"}],"collection":[{"href":"https:\/\/www.fh-joanneum.at\/luftfahrt\/bachelor\/wp-json\/wp\/v2\/pages"}],"about":[{"href":"https:\/\/www.fh-joanneum.at\/luftfahrt\/bachelor\/wp-json\/wp\/v2\/types\/page"}],"author":[{"embeddable":true,"href":"https:\/\/www.fh-joanneum.at\/luftfahrt\/bachelor\/wp-json\/wp\/v2\/users\/11"}],"replies":[{"embeddable":true,"href":"https:\/\/www.fh-joanneum.at\/luftfahrt\/bachelor\/wp-json\/wp\/v2\/comments?post=10000654"}],"version-history":[{"count":0,"href":"https:\/\/www.fh-joanneum.at\/luftfahrt\/bachelor\/wp-json\/wp\/v2\/pages\/10000654\/revisions"}],"up":[{"embeddable":true,"href":"https:\/\/www.fh-joanneum.at\/luftfahrt\/bachelor\/wp-json\/wp\/v2\/pages\/10000299"}],"wp:featuredmedia":[{"embeddable":true,"href":"https:\/\/www.fh-joanneum.at\/luftfahrt\/bachelor\/wp-json\/wp\/v2\/media\/10000655"}],"wp:attachment":[{"href":"https:\/\/www.fh-joanneum.at\/luftfahrt\/bachelor\/wp-json\/wp\/v2\/media?parent=10000654"}],"curies":[{"name":"wp","href":"https:\/\/api.w.org\/{rel}","templated":true}]}}