{"id":10000100,"date":"2015-08-10T13:45:04","date_gmt":"2015-08-10T13:45:04","guid":{"rendered":"https:\/\/www.fh-joanneum.at\/luftfahrt\/master\/?page_id=100"},"modified":"2024-09-06T09:38:27","modified_gmt":"2024-09-06T07:38:27","slug":"aufnahmeverfahren","status":"publish","type":"page","link":"https:\/\/www.fh-joanneum.at\/luftfahrt\/master\/vor-dem-studium\/aufnahmeverfahren\/","title":{"rendered":"Aufnahmeverfahren"},"content":{"rendered":"<div id=\"\" class=\"wp-block-text-content margin-bottom-none\">\n    <div class=\"container-lg\">\n        <div class=\"row\">\n            <div class=\"col\">\n                <div class=\"module-migration-headline\">\n<h3>Aufnahmeverfahren<\/h3>\n<\/div>\n\n            <\/div>\n        <\/div>\n            <\/div>\n<\/div>\n\n\n\n\n\n\n\n\n\n\n<div id=\"\" class=\"wp-block-text-content margin-bottom-normal\">\n    <div class=\"container-lg\">\n        <div class=\"row\">\n            <div class=\"col\">\n                <p>Das Aufnahmeverfahren setzt sich zusammen aus:<\/p>\n<ul>\n<li>einer vollst&auml;ndigen Bewerbung,<\/li>\n<li>einem Online-Gespr&auml;ch mit der Aufnahmekommission sowie<\/li>\n<li>der Bewertung der vorangegangenen Ausbildung und T&auml;tigkeiten.<\/li>\n<\/ul>\n<p>Die Form der Bewerbung flie&szlig;t in die Beurteilung ein.<\/p>\n<h4>Das Online-Gespr&auml;ch<\/h4>\n<p>Sie werden zu einem Gespr&auml;ch eingeladen, wenn Sie die Voraussetzungen f&uuml;r die Zulassung erf&uuml;llen und Ihre Bewerbung vollst&auml;ndig und fristgerecht eingereicht haben. Informationen mit allen Details zum Online-Gespr&auml;ch erhalten Sie zeitgerecht vor dem Termin per E-Mail.<\/p>\n<p>Erster Teil des Aufnahmegespr&auml;chs ist eine Selbstpr&auml;sentation und eine Reflexion des Lebenslaufs. Danach folgt der fachspezifische Teil. Die fachspezifischen Themen des Gespr&auml;chs umfassen folgende Bereiche:<\/p>\n<ul>\n<li>Luftfahrttechnik beinhaltet<\/li>\n<li>Grundlagen des Fliegens<\/li>\n<li>Antrieb<\/li>\n<li>Thermodynamik und Aerodynamik<\/li>\n<li>Lightweight Structures and Composite Materials<\/li>\n<li>Flugdynamik und Regelungstheorie<\/li>\n<li>Avionics und Flugsicherungstechnik<\/li>\n<li>Aviation Management<\/li>\n<li>Englisch f&uuml;r die Luftfahrt<\/li>\n<li>Grundlagen der Naturwissenschaften beinhaltet Mathematik, Physik und Informatik<\/li>\n<li>Grundlagen des Maschinenbaus<\/li>\n<li>Grundlagen der Elektrotechnik<\/li>\n<\/ul>\n<p>Sie f&uuml;hren das Gespr&auml;ch in englischer Sprache mit der Aufnahmekommission des Studiengangs.<\/p>\n\n            <\/div>\n        <\/div>\n            <\/div>\n<\/div>\n\n\n\n\n<div\n    id=\"\"\n    class=\"wp-block-tipp-box margin-bottom-normal\"\n>\n    <div class=\"container-lg\">\n        <div class=\"row\">\n            <div class=\"col\">\n                <div class=\"tipp-box border border-warning\">\n                    <div class=\"tipp-box-inner p-2 p-md-3\">\n                        <h4 class=\"\">Tipp<\/h4>\n                        <p>Im Gespr\u00e4ch haben Sie die M\u00f6glichkeit, Ihr Fachwissen sowie Ihre Motivation, Eignung und Begabung f\u00fcr das Studium und den Beruf darzulegen. \u00dcberzeugen Sie sie durch Ihren Lebenslauf, Ihr Interesse an den Studieninhalten und Ihre Pers\u00f6nlichkeit. <\/p>\n\n                    <\/div>\n                <\/div>\n            <\/div>\n        <\/div>\n    <\/div>\n<\/div>\n\n\n<div id=\"\" class=\"wp-block-text-content margin-bottom-normal\">\n    <div class=\"container-lg\">\n        <div class=\"row\">\n            <div class=\"col\">\n                <h4>Bewertung der vorangegangenen Ausbildung und der beruflichen Erfahrung<\/h4>\n<p>Als zus&auml;tzliche Kriterien f&uuml;r die Aufnahmeentscheidung werden die berufliche Erfahrungen sowie die berufsqualifizierende Aus- und Weiterbildung ber&uuml;cksichtigt.<\/p>\n\n            <\/div>\n        <\/div>\n            <\/div>\n<\/div>\n","protected":false},"excerpt":{"rendered":"<p>Im Zuge des Aufnahmeverfahrens ermitteln wir Ihre pers\u00f6nlichen F\u00e4higkeiten und Potenziale f\u00fcr das Studium. Was Sie genau erwartet, und wie Sie sich darauf vorbereiten k\u00f6nnen.<\/p>\n","protected":false},"author":10,"featured_media":0,"parent":10000092,"menu_order":23,"comment_status":"closed","ping_status":"closed","template":"","meta":{"_acf_changed":false,"footnotes":""},"acf":[],"aioseo_notices":[],"_links":{"self":[{"href":"https:\/\/www.fh-joanneum.at\/luftfahrt\/master\/wp-json\/wp\/v2\/pages\/10000100"}],"collection":[{"href":"https:\/\/www.fh-joanneum.at\/luftfahrt\/master\/wp-json\/wp\/v2\/pages"}],"about":[{"href":"https:\/\/www.fh-joanneum.at\/luftfahrt\/master\/wp-json\/wp\/v2\/types\/page"}],"author":[{"embeddable":true,"href":"https:\/\/www.fh-joanneum.at\/luftfahrt\/master\/wp-json\/wp\/v2\/users\/10"}],"replies":[{"embeddable":true,"href":"https:\/\/www.fh-joanneum.at\/luftfahrt\/master\/wp-json\/wp\/v2\/comments?post=10000100"}],"version-history":[{"count":1,"href":"https:\/\/www.fh-joanneum.at\/luftfahrt\/master\/wp-json\/wp\/v2\/pages\/10000100\/revisions"}],"predecessor-version":[{"id":10000560,"href":"https:\/\/www.fh-joanneum.at\/luftfahrt\/master\/wp-json\/wp\/v2\/pages\/10000100\/revisions\/10000560"}],"up":[{"embeddable":true,"href":"https:\/\/www.fh-joanneum.at\/luftfahrt\/master\/wp-json\/wp\/v2\/pages\/10000092"}],"wp:attachment":[{"href":"https:\/\/www.fh-joanneum.at\/luftfahrt\/master\/wp-json\/wp\/v2\/media?parent=10000100"}],"curies":[{"name":"wp","href":"https:\/\/api.w.org\/{rel}","templated":true}]}}