{"id":10000134,"date":"2015-08-10T13:55:30","date_gmt":"2015-08-10T13:55:30","guid":{"rendered":"https:\/\/www.fh-joanneum.at\/luftfahrt\/master\/?page_id=134"},"modified":"2023-11-02T12:43:55","modified_gmt":"2023-11-02T12:43:55","slug":"absolventinnen-absolventen","status":"publish","type":"page","link":"https:\/\/www.fh-joanneum.at\/luftfahrt\/master\/nach-dem-studium\/absolventinnen-absolventen\/","title":{"rendered":"Absolvent:innen"},"content":{"rendered":"<div id=\"\" class=\"wp-block-text-content margin-bottom-none\">\n    <div class=\"container-lg\">\n        <div class=\"row\">\n            <div class=\"col\">\n                <div class=\"module-migration-headline\">\n<h3>Das machen unsere Absolvent:innen.<\/h3>\n<\/div>\n\n            <\/div>\n        <\/div>\n            <\/div>\n<\/div>\n\n<div id=\"\" class=\"wp-block-list-of-graduates margin-bottom-normal\">\n  <div class=\"container-lg\">\n    <div class=\"row\">\n                        <div class=\"col-6 col-sm-4 col-md-6 col-lg-4 col-xl-4 mb-4\">\n            <a\n    href=\"https:\/\/www.fh-joanneum.at\/luftfahrt\/master\/nach-dem-studium\/absolventinnen-absolventen\/mathias-ritzinger\/\"\n    class=\"graduate-card bg-light\"\n>\n    <div class=\"border border-light h-100\">\n        <div class=\"image-wrapper\">\n            <picture>\n                        <source\n                media=\"(max-width: 576px)\"\n                srcset=\"https:\/\/cdn3.fh-joanneum.at\/media\/sites\/18\/2020\/06\/mathias-ritzinger-bsc-msc.jpg, https:\/\/cdn3.fh-joanneum.at\/media\/sites\/18\/2020\/06\/mathias-ritzinger-bsc-msc-768x512.jpg 2x\"\n            \/>\n                    <source\n                media=\"(max-width: 768px)\"\n                srcset=\"https:\/\/cdn3.fh-joanneum.at\/media\/sites\/18\/2020\/06\/mathias-ritzinger-bsc-msc-768x512.jpg, https:\/\/cdn3.fh-joanneum.at\/media\/sites\/18\/2020\/06\/mathias-ritzinger-bsc-msc-1024x683.jpg 2x\"\n            \/>\n                    <source\n                media=\"(max-width: 1024px)\"\n                srcset=\"https:\/\/cdn3.fh-joanneum.at\/media\/sites\/18\/2020\/06\/mathias-ritzinger-bsc-msc-1024x683.jpg, https:\/\/cdn3.fh-joanneum.at\/media\/sites\/18\/2020\/06\/mathias-ritzinger-bsc-msc.jpg 2x\"\n            \/>\n                    <source\n                media=\"(max-width: 1536px)\"\n                srcset=\"https:\/\/cdn3.fh-joanneum.at\/media\/sites\/18\/2020\/06\/mathias-ritzinger-bsc-msc.jpg, https:\/\/cdn3.fh-joanneum.at\/media\/sites\/18\/2020\/06\/mathias-ritzinger-bsc-msc.jpg 2x\"\n            \/>\n                    <source\n                media=\"(max-width: 2048px)\"\n                srcset=\"https:\/\/cdn3.fh-joanneum.at\/media\/sites\/18\/2020\/06\/mathias-ritzinger-bsc-msc.jpg, https:\/\/cdn3.fh-joanneum.at\/media\/sites\/18\/2020\/06\/mathias-ritzinger-bsc-msc.jpg 2x\"\n            \/>\n                <img decoding=\"async\"\n        class=\"img-fluid\"\n        src=\"https:\/\/cdn3.fh-joanneum.at\/media\/sites\/18\/2020\/06\/mathias-ritzinger-bsc-msc.jpg\"\n        alt=\"Mathias Ritzinger, BSc MSc\"\n        title=\"\"\n         loading=\"lazy\"             >\n<\/picture>\n\n        <\/div>\n        <div class=\"p-2 p-xl-3\">\n            <h6>Mathias Ritzinger, BSc MSc<\/h6>\n            <p class=\"mb-0 hyphens\">\n                Genauigkeit, sorgf\u00e4ltige Dokumentation und vor allem Begeisterung f\u00fcr die Luftfahrt sind als Aircraft Systems Engineer wichtig. Heute stellt Mathias Ritzinger bei Austro Control GmbH sicher, dass nationale und internationale Standards bei Luftfahrzeugen eingehalten und umgesetzt werden.\r\n\n            <\/p>\n        <\/div>\n    <\/div>\n<\/a>\n          <\/div>\n                  <div class=\"col-6 col-sm-4 col-md-6 col-lg-4 col-xl-4 mb-4\">\n            <a\n    href=\"https:\/\/www.fh-joanneum.at\/luftfahrt\/master\/nach-dem-studium\/absolventinnen-absolventen\/christoph-baum\/\"\n    class=\"graduate-card bg-light\"\n>\n    <div class=\"border border-light h-100\">\n        <div class=\"image-wrapper\">\n            <picture>\n                        <source\n                media=\"(max-width: 369px)\"\n                srcset=\"https:\/\/cdn3.fh-joanneum.at\/media\/sites\/18\/2016\/03\/christoph-baum-2.jpg, https:\/\/cdn3.fh-joanneum.at\/media\/sites\/18\/2016\/03\/christoph-baum-2.jpg 2x\"\n            \/>\n                    <source\n                media=\"(max-width: 369px)\"\n                srcset=\"https:\/\/cdn3.fh-joanneum.at\/media\/sites\/18\/2016\/03\/christoph-baum-2.jpg, https:\/\/cdn3.fh-joanneum.at\/media\/sites\/18\/2016\/03\/christoph-baum-2.jpg 2x\"\n            \/>\n                    <source\n                media=\"(max-width: 369px)\"\n                srcset=\"https:\/\/cdn3.fh-joanneum.at\/media\/sites\/18\/2016\/03\/christoph-baum-2.jpg, https:\/\/cdn3.fh-joanneum.at\/media\/sites\/18\/2016\/03\/christoph-baum-2.jpg 2x\"\n            \/>\n                    <source\n                media=\"(max-width: 369px)\"\n                srcset=\"https:\/\/cdn3.fh-joanneum.at\/media\/sites\/18\/2016\/03\/christoph-baum-2.jpg, https:\/\/cdn3.fh-joanneum.at\/media\/sites\/18\/2016\/03\/christoph-baum-2.jpg 2x\"\n            \/>\n                    <source\n                media=\"(max-width: 369px)\"\n                srcset=\"https:\/\/cdn3.fh-joanneum.at\/media\/sites\/18\/2016\/03\/christoph-baum-2.jpg, https:\/\/cdn3.fh-joanneum.at\/media\/sites\/18\/2016\/03\/christoph-baum-2.jpg 2x\"\n            \/>\n                <img decoding=\"async\"\n        class=\"img-fluid\"\n        src=\"https:\/\/cdn3.fh-joanneum.at\/media\/sites\/18\/2016\/03\/christoph-baum-2.jpg\"\n        alt=\"Christoph Baum\"\n        title=\"\"\n         loading=\"lazy\"             >\n<\/picture>\n\n        <\/div>\n        <div class=\"p-2 p-xl-3\">\n            <h6>DI (FH) Christoph Baum<\/h6>\n            <p class=\"mb-0 hyphens\">\n                Von Wirtschaftspl\u00e4nen bis zum Aufbau von Netzwerken &#8211; bevor man sich als UnternehmensberaterIn selbstst\u00e4ndig macht, ist einiges zu bedenken. Christoph Baum erkl\u00e4rt seine Herangehensweise als Unternehmensberater bei Abimi Aviation Consulting. \n            <\/p>\n        <\/div>\n    <\/div>\n<\/a>\n          <\/div>\n                  <div class=\"col-6 col-sm-4 col-md-6 col-lg-4 col-xl-4 mb-4\">\n            <a\n    href=\"https:\/\/www.fh-joanneum.at\/luftfahrt\/master\/nach-dem-studium\/absolventinnen-absolventen\/theresa-rinnhofer-bsc-msc\/\"\n    class=\"graduate-card bg-light\"\n>\n    <div class=\"border border-light h-100\">\n        <div class=\"image-wrapper\">\n            <picture>\n                        <source\n                media=\"(max-width: 576px)\"\n                srcset=\"https:\/\/cdn3.fh-joanneum.at\/media\/sites\/18\/2020\/06\/theresa-rinnhofer-bsc-msc.jpg, https:\/\/cdn3.fh-joanneum.at\/media\/sites\/18\/2020\/06\/theresa-rinnhofer-bsc-msc-768x513.jpg 2x\"\n            \/>\n                    <source\n                media=\"(max-width: 768px)\"\n                srcset=\"https:\/\/cdn3.fh-joanneum.at\/media\/sites\/18\/2020\/06\/theresa-rinnhofer-bsc-msc-768x513.jpg, https:\/\/cdn3.fh-joanneum.at\/media\/sites\/18\/2020\/06\/theresa-rinnhofer-bsc-msc-1024x683.jpg 2x\"\n            \/>\n                    <source\n                media=\"(max-width: 1024px)\"\n                srcset=\"https:\/\/cdn3.fh-joanneum.at\/media\/sites\/18\/2020\/06\/theresa-rinnhofer-bsc-msc-1024x683.jpg, https:\/\/cdn3.fh-joanneum.at\/media\/sites\/18\/2020\/06\/theresa-rinnhofer-bsc-msc.jpg 2x\"\n            \/>\n                    <source\n                media=\"(max-width: 1536px)\"\n                srcset=\"https:\/\/cdn3.fh-joanneum.at\/media\/sites\/18\/2020\/06\/theresa-rinnhofer-bsc-msc.jpg, https:\/\/cdn3.fh-joanneum.at\/media\/sites\/18\/2020\/06\/theresa-rinnhofer-bsc-msc.jpg 2x\"\n            \/>\n                    <source\n                media=\"(max-width: 2048px)\"\n                srcset=\"https:\/\/cdn3.fh-joanneum.at\/media\/sites\/18\/2020\/06\/theresa-rinnhofer-bsc-msc.jpg, https:\/\/cdn3.fh-joanneum.at\/media\/sites\/18\/2020\/06\/theresa-rinnhofer-bsc-msc.jpg 2x\"\n            \/>\n                <img decoding=\"async\"\n        class=\"img-fluid\"\n        src=\"https:\/\/cdn3.fh-joanneum.at\/media\/sites\/18\/2020\/06\/theresa-rinnhofer-bsc-msc.jpg\"\n        alt=\"Theresa Rinnhofer, BSc MSc\"\n        title=\"\"\n         loading=\"lazy\"             >\n<\/picture>\n\n        <\/div>\n        <div class=\"p-2 p-xl-3\">\n            <h6>Theresa Rinnhofer, BSc MSc<\/h6>\n            <p class=\"mb-0 hyphens\">\n                Seit 2018 verst\u00e4rkt Theresa Rinnhofer als Head of Regulatory Affairs das Team des Start-ups VOLARE GmbH. Unter der Marke APELEON entwickelt das Unternehmen ein senkrecht startendes und landendes Luftfahrzeug mit elektrischem Antrieb f\u00fcr den Individualverkehr.\n            <\/p>\n        <\/div>\n    <\/div>\n<\/a>\n          <\/div>\n                  <\/div>\n  <\/div>\n<\/div>\n\n","protected":false},"excerpt":{"rendered":"<p>Wir haben einige unserer ehemaligen Studierenden portraitiert. So k\u00f6nnen Sie sich selbst ein Bild \u00fcber die Berufs- und Karrierem\u00f6glichkeiten machen.<\/p>\n","protected":false},"author":10,"featured_media":0,"parent":10000130,"menu_order":53,"comment_status":"closed","ping_status":"closed","template":"","meta":{"_acf_changed":false,"footnotes":""},"acf":[],"aioseo_notices":[],"_links":{"self":[{"href":"https:\/\/www.fh-joanneum.at\/luftfahrt\/master\/wp-json\/wp\/v2\/pages\/10000134"}],"collection":[{"href":"https:\/\/www.fh-joanneum.at\/luftfahrt\/master\/wp-json\/wp\/v2\/pages"}],"about":[{"href":"https:\/\/www.fh-joanneum.at\/luftfahrt\/master\/wp-json\/wp\/v2\/types\/page"}],"author":[{"embeddable":true,"href":"https:\/\/www.fh-joanneum.at\/luftfahrt\/master\/wp-json\/wp\/v2\/users\/10"}],"replies":[{"embeddable":true,"href":"https:\/\/www.fh-joanneum.at\/luftfahrt\/master\/wp-json\/wp\/v2\/comments?post=10000134"}],"version-history":[{"count":0,"href":"https:\/\/www.fh-joanneum.at\/luftfahrt\/master\/wp-json\/wp\/v2\/pages\/10000134\/revisions"}],"up":[{"embeddable":true,"href":"https:\/\/www.fh-joanneum.at\/luftfahrt\/master\/wp-json\/wp\/v2\/pages\/10000130"}],"wp:attachment":[{"href":"https:\/\/www.fh-joanneum.at\/luftfahrt\/master\/wp-json\/wp\/v2\/media?parent=10000134"}],"curies":[{"name":"wp","href":"https:\/\/api.w.org\/{rel}","templated":true}]}}