{"id":10000282,"date":"2016-03-09T13:00:36","date_gmt":"2016-03-09T13:00:36","guid":{"rendered":"https:\/\/www.fh-joanneum.at\/luftfahrt\/master\/?page_id=282"},"modified":"2017-09-05T10:51:21","modified_gmt":"2017-09-05T10:51:21","slug":"christoph-baum","status":"publish","type":"page","link":"https:\/\/www.fh-joanneum.at\/luftfahrt\/master\/nach-dem-studium\/absolventinnen-absolventen\/christoph-baum\/","title":{"rendered":"DI (FH) Christoph Baum"},"content":{"rendered":"<div id=\"\" class=\"wp-block-text-content margin-bottom-normal\">\n    <div class=\"container-lg\">\n        <div class=\"row\">\n            <div class=\"col\">\n                <h4>Eckdaten<\/h4>\n<p><strong>Jobbezeichnung:<\/strong> selbst&auml;ndiger Unternehmensberater <br>\n<strong>Unternehmen:<\/strong> <a href=\"http:\/\/www.abimi.at\/\" target=\"_blank\" rel=\"noopener noreferrer\">Abimi Aviation Consulting<\/a> <br>\n<strong>Ich arbeite:<\/strong> dort, wo man mich ben&ouml;tigt<br>\n<strong>Ich arbeite hier seit:<\/strong> 2009<br>\n<a href=\"mailto:c.baum@abimi.at\" title=\"E-Mail an Christoph Baum senden\">Mein Kontakt<\/a><br>\n<a href=\"http:\/\/www.abimi.at\/\" target=\"_blank\" rel=\"noopener noreferrer\">Website<\/a>  <\/p>\n<h4>Was ich mache<\/h4>\n<ul>\n<li>Projektentwicklung<\/li>\n<li>Interimsmanagement<\/li>\n<li>Unternehmensberatung<\/li>\n<\/ul>\n<h4>Was ich an meinem Beruf liebe<\/h4>\n<ul>\n<li>die gro&szlig;e Variationsbreite der Aufgabengebiete<\/li>\n<li>immer neue Herausforderungen<\/li>\n<\/ul>\n<h4>Wichtige F&auml;higkeiten in meinem Job<\/h4>\n<ul>\n<li>interdisziplin&auml;res Denken<\/li>\n<li>Flexibilit&auml;t<\/li>\n<li>Reisebereitschaft<\/li>\n<\/ul>\n<h4>Mein bisher gr&ouml;&szlig;ter Erfolg in meiner Karriere<\/h4>\n<p>Das Highlight war die Entwicklung einer touristischen Immobilie. Ich konnte etwas umsetzen, an dem sich 20 Jahre lang viele andere die Z&auml;hne ausgebissen hatten.<\/p>\n<h4>So bin ich zu meinem Job gekommen<\/h4>\n<p>Durch die K&uuml;ndigung meines alten Jobs im Bereich Vertrieb und Marketing von Hochleistungsmotorseglern der STEMME AG und der Anmeldung bei der Wirtschaftskammer. Soviel zur Theorie: Praktisch habe ich mir nat&uuml;rlich ein Konzept und einen Wirtschaftsplan erarbeitet sowie ein Netzwerk von potenziellen Kundinnen und Kunden aufgebaut, <strong>bevor<\/strong> ich meinen alten Job k&uuml;ndigte.<\/p>\n<h4>Das habe ich im Studium f&uuml;rs Berufsleben gelernt<\/h4>\n<ul>\n<li>technisches Know-how <\/li>\n<li>interdisziplin&auml;res Denken (Wirtschaft und Technik)<\/li>\n<li>fundiertes, wirtschaftliches Praxiswissen<\/li>\n<\/ul>\n<h4>Die Jobchancen in meinem Bereich<\/h4>\n<p>Jeder kann sich mit entsprechender Ausbildung und einem Praxisnachweis in &Ouml;sterreich als selbst&auml;ndige Unternehmensberaterin oder selbstst&auml;ndiger -berater anmelden. Wenn jemand arbeitswillig und flexibel ist und sich auch nicht scheut, Dinge anzupacken, sind f&uuml;r sie beziehungsweise ihn die Aussichten gut, erfolgreich zu sein.<\/p>\n<h4>Ich bin<\/h4>\n<ul>\n<li>flexibel<\/li>\n<li>wirtschaftlich kreativ<\/li>\n<li>zielorientiert<\/li>\n<\/ul>\n<h4>Ich &uuml;ber meinen Job<\/h4>\n<p>Selbst&auml;ndig zu arbeiten, war immer mein Ziel, wobei es nicht grunds&auml;tzlich ein Lebensziel ist, sondern nur etwas, das ich im Leben einmal tun wollte. Nun habe ich diesen Status erreicht und freue mich seit 2009 mein eigener &bdquo;Chef&ldquo; zu sein. Und momentan ist da kein Ende in Sicht. Es ist spannend in verschiedenen Fachbereichen zu arbeiten und immer neuen Herausforderungen zu begegnen. Ob es nun im Luftfahrtbereich ist &ndash; in dem ich letztes Jahr als Interimsmanager eine neue Firma im Bereich der Utility Air Systems mit aufbauen konnte &ndash;, in der Immobilienbranche &ndash; in der ich eine touristische Liegenschaft verwalte und entwickle &ndash; oder im Gesundheitsbereich &ndash; in dem ich eine Firma unterst&uuml;tze, die hochwertige Mikron&auml;hrstoffe zu Therapiezwecken produziert. <\/p>\n<p>Durch die Flexibilit&auml;t, die meine Arbeit bietet, ist es mir au&szlig;erdem m&ouml;glich auch ehrenamtliche Projekte umzusetzen (zum Beispiel Missionsprojekte in Brasilien).<br>\nAls Selbst&auml;ndige oder Selbstst&auml;ndiger ist es dabei wichtig, mit sich und seinen Leistungen zufrieden zu sein und trotzdem immer nach neuen Chancen Ausschau zu halten und diese auch zu ergreifen.<\/p>\n<h4>Ich absolvierte folgendes Anschlussstudium<\/h4>\n<p>Nach meinem Master-Studium &bdquo;Luftfahrt \/ Aviation&ldquo; absolvierte ich ein MBA-Studium mit Fachrichtung Unternehmensf&uuml;hrung der Steinbeis Hochschule Berlin. Die Steinbeis Hochschule Berlin ist eine Tochter der Steinbeis Stiftung f&uuml;r Wirtschaftsf&ouml;rderung des Landes Baden-W&uuml;rttemberg.<\/p>\n<h4>Ich habe weiter studiert, weil<\/h4>\n<p>Nur lebenslanges Lernen bietet die Chance, in meiner Branche erfolgreich zu sein. Der MBA hat meine wirtschaftlichen Kompetenzen deutlich erweitert. Aber damit ist &ndash; nein: darf &ndash; der Horizont nicht erreicht sein. Ich bin st&auml;ndig dabei, mich weiterzubilden.<\/p>\n<h4>So vereinbare ich Studium und Job<\/h4>\n<p>Um es auf zwei Dinge zusammenzufassen:<\/p>\n<ul>\n<li>ein optimiertes Zeitmanagement<\/li>\n<li>eine verst&auml;ndnisvolle Frau<\/li>\n<\/ul>\n\n            <\/div>\n        <\/div>\n            <\/div>\n<\/div>\n\n","protected":false},"excerpt":{"rendered":"<p>Von Wirtschaftspl\u00e4nen bis zum Aufbau von Netzwerken &#8211; bevor man sich als UnternehmensberaterIn selbstst\u00e4ndig macht, ist einiges zu bedenken. Christoph Baum erkl\u00e4rt seine Herangehensweise als Unternehmensberater bei Abimi Aviation Consulting. <\/p>\n","protected":false},"author":13,"featured_media":10000283,"parent":10000134,"menu_order":7,"comment_status":"closed","ping_status":"closed","template":"template-absolvent.blade.php","meta":{"_acf_changed":false,"footnotes":""},"acf":[],"aioseo_notices":[],"_links":{"self":[{"href":"https:\/\/www.fh-joanneum.at\/luftfahrt\/master\/wp-json\/wp\/v2\/pages\/10000282"}],"collection":[{"href":"https:\/\/www.fh-joanneum.at\/luftfahrt\/master\/wp-json\/wp\/v2\/pages"}],"about":[{"href":"https:\/\/www.fh-joanneum.at\/luftfahrt\/master\/wp-json\/wp\/v2\/types\/page"}],"author":[{"embeddable":true,"href":"https:\/\/www.fh-joanneum.at\/luftfahrt\/master\/wp-json\/wp\/v2\/users\/13"}],"replies":[{"embeddable":true,"href":"https:\/\/www.fh-joanneum.at\/luftfahrt\/master\/wp-json\/wp\/v2\/comments?post=10000282"}],"version-history":[{"count":0,"href":"https:\/\/www.fh-joanneum.at\/luftfahrt\/master\/wp-json\/wp\/v2\/pages\/10000282\/revisions"}],"up":[{"embeddable":true,"href":"https:\/\/www.fh-joanneum.at\/luftfahrt\/master\/wp-json\/wp\/v2\/pages\/10000134"}],"wp:featuredmedia":[{"embeddable":true,"href":"https:\/\/www.fh-joanneum.at\/luftfahrt\/master\/wp-json\/wp\/v2\/media\/10000283"}],"wp:attachment":[{"href":"https:\/\/www.fh-joanneum.at\/luftfahrt\/master\/wp-json\/wp\/v2\/media?parent=10000282"}],"curies":[{"name":"wp","href":"https:\/\/api.w.org\/{rel}","templated":true}]}}