{"id":10000075,"date":"2016-11-02T14:47:02","date_gmt":"2016-11-02T13:47:02","guid":{"rendered":"https:\/\/www.fh-joanneum.at\/luftverkehrsmanagement\/postgraduate\/?page_id=75"},"modified":"2018-07-10T15:11:53","modified_gmt":"2018-07-10T13:11:53","slug":"karrieremoeglichkeiten","status":"publish","type":"page","link":"https:\/\/www.fh-joanneum.at\/luftverkehrsmanagement\/postgraduate\/nach-dem-studium\/karrieremoeglichkeiten\/","title":{"rendered":"Karrierem\u00f6glichkeiten"},"content":{"rendered":"<div\n    id=\"\"\n    class=\"wp-block-blockquote margin-bottom-normal\"\n>\n    <div class=\"container-lg\">\n        <div class=\"row\">\n            <div class=\"col\">\n                <div class=\"d-block mb-2 fs-5 major-text-color\">\u201eDie Luftfahrt nimmt national wie auch global im System Verkehr einen immer gr\u00f6\u00dfer werdenden Anteil ein. Im komplexen Umfeld Luftverkehrswirtschaft besteht daher die Notwendigkeit, den \u00dcberblick nicht zu verlieren. Die postgraduale, akademische Ausbildung bietet Absolventinnen und Absolventen Aspekte und Perspektiven, mit neuen Strategien und Ideen erfolgreich zu sein.\u201c<br \/>\r\n<\/div>\n                <span class=\"d-flex justify-content-end\">Capt. Dipl.-Ing. Gerald Nittnaus, Leiter Entwicklungsteam des Lehrgangs<\/span>\n            <\/div>\n        <\/div>\n    <\/div>\n<\/div>\n\n<div id=\"\" class=\"wp-block-text-content margin-bottom-none\">\n    <div class=\"container-lg\">\n        <div class=\"row\">\n            <div class=\"col\">\n                <div class=\"module-migration-headline\">\n<h3>Neue Karrierewege<\/h3>\n<\/div>\n\n            <\/div>\n        <\/div>\n            <\/div>\n<\/div>\n\n<div id=\"\" class=\"wp-block-text-content margin-bottom-normal\">\n    <div class=\"container-lg\">\n        <div class=\"row\">\n            <div class=\"col\">\n                <p>Absolventinnen und Absolventen des Masterlehrgangs verf&uuml;gen &uuml;ber ein breit gef&auml;chertes, technisches, rechtliches und wirtschaftliches Know-how innerhalb des Themengebiets Luftverkehr. Das schafft Optionen, da sie in vielen Bereichen der Luftfahrt F&uuml;hrungsverantwortung &uuml;bernehmen k&ouml;nnen, beispielsweise in:<\/p>\n<ul>\n<li>Luftverkehrsunternehmen<\/li>\n<li>Flugh&auml;fen<\/li>\n<li>luftfahrttechnischen Betrieben<\/li>\n<li>der Flugsicherung<\/li>\n<li>Beh&ouml;rden<\/li>\n<\/ul>\n\n            <\/div>\n        <\/div>\n            <\/div>\n<\/div>\n\n","protected":false},"excerpt":{"rendered":"","protected":false},"author":11,"featured_media":0,"parent":10000074,"menu_order":31,"comment_status":"closed","ping_status":"closed","template":"","meta":{"_acf_changed":false,"footnotes":""},"acf":[],"aioseo_notices":[],"_links":{"self":[{"href":"https:\/\/www.fh-joanneum.at\/luftverkehrsmanagement\/postgraduate\/wp-json\/wp\/v2\/pages\/10000075"}],"collection":[{"href":"https:\/\/www.fh-joanneum.at\/luftverkehrsmanagement\/postgraduate\/wp-json\/wp\/v2\/pages"}],"about":[{"href":"https:\/\/www.fh-joanneum.at\/luftverkehrsmanagement\/postgraduate\/wp-json\/wp\/v2\/types\/page"}],"author":[{"embeddable":true,"href":"https:\/\/www.fh-joanneum.at\/luftverkehrsmanagement\/postgraduate\/wp-json\/wp\/v2\/users\/11"}],"replies":[{"embeddable":true,"href":"https:\/\/www.fh-joanneum.at\/luftverkehrsmanagement\/postgraduate\/wp-json\/wp\/v2\/comments?post=10000075"}],"version-history":[{"count":0,"href":"https:\/\/www.fh-joanneum.at\/luftverkehrsmanagement\/postgraduate\/wp-json\/wp\/v2\/pages\/10000075\/revisions"}],"up":[{"embeddable":true,"href":"https:\/\/www.fh-joanneum.at\/luftverkehrsmanagement\/postgraduate\/wp-json\/wp\/v2\/pages\/10000074"}],"wp:attachment":[{"href":"https:\/\/www.fh-joanneum.at\/luftverkehrsmanagement\/postgraduate\/wp-json\/wp\/v2\/media?parent=10000075"}],"curies":[{"name":"wp","href":"https:\/\/api.w.org\/{rel}","templated":true}]}}