{"id":10000134,"date":"2017-10-09T08:47:09","date_gmt":"2017-10-09T06:47:09","guid":{"rendered":"https:\/\/www.fh-joanneum.at\/luftverkehrsmanagement\/postgraduate\/?page_id=134"},"modified":"2024-06-04T15:58:56","modified_gmt":"2024-06-04T13:58:56","slug":"menschen-am-institut","status":"publish","type":"page","link":"https:\/\/www.fh-joanneum.at\/luftverkehrsmanagement\/postgraduate\/im-studium\/menschen-am-institut\/","title":{"rendered":"Menschen am Institut"},"content":{"rendered":"\n\n<div id=\"\" class=\"wp-block-text-content margin-bottom-none\">\n    <div class=\"container-lg\">\n        <div class=\"row\">\n            <div class=\"col\">\n                <div class=\"module-migration-headline\">\n<h3>Lehrgangsleitung<\/h3>\n<\/div>\n\n            <\/div>\n        <\/div>\n            <\/div>\n<\/div>\n\n\n<div\n    id=\"\"\n    class=\"wp-block-person-cards margin-bottom-normal\"\n>\n    <div class=\"container-lg\">\n      <div class=\"row\">\n                                                          <div class=\"col-6 col-sm-4 col-md-6 col-lg-4 col-xl-3 mb-4\">\n                    <a href=\"https:\/\/www.fh-joanneum.at\/hochschule\/person\/gerald-nittnaus\"\n    class=\"person-card\">\n    <div class=\"border border-light h-100\">\n\n        <div class=\"image-wrapper\">\n            <picture>\n        <img decoding=\"async\"\n        class=\"img-fluid\"\n        src=\"https:\/\/online.fh-joanneum.at\/JOANNEUMonline\/visitenkarte.showImage?pPersonenGruppe=3&amp;pPersonenId=0804722576030108\"\n        alt=\"\"\n        title=\"\"\n                 onerror=\"this.src = 'https:\/\/www.fh-joanneum.at\/app\/themes\/fh\/public\/images\/avatar_dummy.e5edf9.png'\"     >\n<\/picture>\n\n        <\/div>\n        <div class=\"p-2 p-xl-3\">\n                            <p class=\"mb-1 hyphens\">DI Dr.<\/p>\n                        <h6>Gerald Nittnaus<\/h6>\n                        <p class=\"mb-0 hyphens\">\n              Lehrgangsleiter<br>\n            <\/p>\n        <\/div>\n    <\/div>\n<\/a>                  <\/div>\n                                              <\/div>\n    <\/div>\n<\/div>\n\n\n<div id=\"\" class=\"wp-block-text-content margin-bottom-none\">\n    <div class=\"container-lg\">\n        <div class=\"row\">\n            <div class=\"col\">\n                <div class=\"module-migration-headline\">\n<h3>Administration<\/h3>\n<\/div>\n\n            <\/div>\n        <\/div>\n            <\/div>\n<\/div>\n\n\n<div\n    id=\"\"\n    class=\"wp-block-person-cards margin-bottom-normal\"\n>\n    <div class=\"container-lg\">\n      <div class=\"row\">\n                                                          <div class=\"col-6 col-sm-4 col-md-6 col-lg-4 col-xl-3 mb-4\">\n                    <a href=\"https:\/\/www.fh-joanneum.at\/hochschule\/person\/birgit-hauer\"\n    class=\"person-card\">\n    <div class=\"border border-light h-100\">\n\n        <div class=\"image-wrapper\">\n            <picture>\n        <img decoding=\"async\"\n        class=\"img-fluid\"\n        src=\"https:\/\/online.fh-joanneum.at\/JOANNEUMonline\/visitenkarte.showImage?pPersonenGruppe=3&amp;pPersonenId=8D4D244940C0D293\"\n        alt=\"\"\n        title=\"\"\n                 onerror=\"this.src = 'https:\/\/www.fh-joanneum.at\/app\/themes\/fh\/public\/images\/avatar_dummy.e5edf9.png'\"     >\n<\/picture>\n\n        <\/div>\n        <div class=\"p-2 p-xl-3\">\n                        <h6>Birgit Hauer<\/h6>\n                        <p class=\"mb-0 hyphens\">\n              Studiengangsadministratorin\n            <\/p>\n        <\/div>\n    <\/div>\n<\/a>                  <\/div>\n                                              <\/div>\n    <\/div>\n<\/div>\n\n\n<div id=\"\" class=\"wp-block-text-content margin-bottom-none\">\n    <div class=\"container-lg\">\n        <div class=\"row\">\n            <div class=\"col\">\n                <div class=\"module-migration-headline\">\n<h3>Lehr-, Forschungs- und Allgemeines Hochschulpersonal<\/h3>\n<\/div>\n\n            <\/div>\n        <\/div>\n            <\/div>\n<\/div>\n\n\n<div\n    id=\"\"\n    class=\"wp-block-person-cards margin-bottom-normal\"\n>\n    <div class=\"container-lg\">\n      <div class=\"row\">\n                                                          <div class=\"col-6 col-sm-4 col-md-6 col-lg-4 col-xl-3 mb-4\">\n                    <a href=\"https:\/\/www.fh-joanneum.at\/hochschule\/person\/holger-fluehr\"\n    class=\"person-card\">\n    <div class=\"border border-light h-100\">\n\n        <div class=\"image-wrapper\">\n            <picture>\n        <img decoding=\"async\"\n        class=\"img-fluid\"\n        src=\"https:\/\/online.fh-joanneum.at\/JOANNEUMonline\/visitenkarte.showImage?pPersonenGruppe=3&amp;pPersonenId=2C4C117D36FA2524\"\n        alt=\"\"\n        title=\"\"\n                 onerror=\"this.src = 'https:\/\/www.fh-joanneum.at\/app\/themes\/fh\/public\/images\/avatar_dummy.e5edf9.png'\"     >\n<\/picture>\n\n        <\/div>\n        <div class=\"p-2 p-xl-3\">\n                            <p class=\"mb-1 hyphens\">FH-Prof. DI Dr.<\/p>\n                        <h6>Holger Fl\u00fchr<\/h6>\n                        <p class=\"mb-0 hyphens\">\n              Assoziierter Professor (FH)\n            <\/p>\n        <\/div>\n    <\/div>\n<\/a>                  <\/div>\n                                                                <div class=\"col-6 col-sm-4 col-md-6 col-lg-4 col-xl-3 mb-4\">\n                    <a href=\"https:\/\/www.fh-joanneum.at\/hochschule\/person\/holger-friehmelt\"\n    class=\"person-card\">\n    <div class=\"border border-light h-100\">\n\n        <div class=\"image-wrapper\">\n            <picture>\n        <img decoding=\"async\"\n        class=\"img-fluid\"\n        src=\"https:\/\/online.fh-joanneum.at\/JOANNEUMonline\/visitenkarte.showImage?pPersonenGruppe=3&amp;pPersonenId=D0D72946403E4CA5\"\n        alt=\"\"\n        title=\"\"\n                 onerror=\"this.src = 'https:\/\/www.fh-joanneum.at\/app\/themes\/fh\/public\/images\/avatar_dummy.e5edf9.png'\"     >\n<\/picture>\n\n        <\/div>\n        <div class=\"p-2 p-xl-3\">\n                            <p class=\"mb-1 hyphens\">Dr.-Ing.<\/p>\n                        <h6>Holger Friehmelt<\/h6>\n                        <p class=\"mb-0 hyphens\">\n              Institutsleiter\n            <\/p>\n        <\/div>\n    <\/div>\n<\/a>                  <\/div>\n                                                                <div class=\"col-6 col-sm-4 col-md-6 col-lg-4 col-xl-3 mb-4\">\n                    <a href=\"https:\/\/www.fh-joanneum.at\/hochschule\/person\/mario-gruber-jaklitsch\"\n    class=\"person-card\">\n    <div class=\"border border-light h-100\">\n\n        <div class=\"image-wrapper\">\n            <picture>\n        <img decoding=\"async\"\n        class=\"img-fluid\"\n        src=\"https:\/\/online.fh-joanneum.at\/JOANNEUMonline\/visitenkarte.showImage?pPersonenGruppe=3&amp;pPersonenId=B2D58E413AE69522\"\n        alt=\"\"\n        title=\"\"\n                 onerror=\"this.src = 'https:\/\/www.fh-joanneum.at\/app\/themes\/fh\/public\/images\/avatar_dummy.e5edf9.png'\"     >\n<\/picture>\n\n        <\/div>\n        <div class=\"p-2 p-xl-3\">\n                            <p class=\"mb-1 hyphens\">DI (FH)<\/p>\n                        <h6>Mario Gruber-Jaklitsch<\/h6>\n                        <p class=\"mb-0 hyphens\">\n              Hochschullektor (FH)\n            <\/p>\n        <\/div>\n    <\/div>\n<\/a>                  <\/div>\n                                              <\/div>\n    <\/div>\n<\/div>\n\n\n<div id=\"\" class=\"wp-block-text-content margin-bottom-none\">\n    <div class=\"container-lg\">\n        <div class=\"row\">\n            <div class=\"col\">\n                <div class=\"module-migration-headline\">\n<h3>Nebenberuflich Lehrende<\/h3>\n<\/div>\n\n            <\/div>\n        <\/div>\n            <\/div>\n<\/div>\n\n\n<div\n    id=\"\"\n    class=\"wp-block-person-cards margin-bottom-normal\"\n>\n    <div class=\"container-lg\">\n      <div class=\"row\">\n                                                          <div class=\"col-6 col-sm-4 col-md-6 col-lg-4 col-xl-3 mb-4\">\n                    <a href=\"https:\/\/www.fh-joanneum.at\/hochschule\/person\/gabriele-burgsteiner\"\n    class=\"person-card\">\n    <div class=\"border border-light h-100\">\n\n        <div class=\"image-wrapper\">\n            <picture>\n        <img decoding=\"async\"\n        class=\"img-fluid\"\n        src=\"https:\/\/online.fh-joanneum.at\/JOANNEUMonline\/visitenkarte.showImage?pPersonenGruppe=3&amp;pPersonenId=CD729C4E5CD8915B\"\n        alt=\"\"\n        title=\"\"\n                 onerror=\"this.src = 'https:\/\/www.fh-joanneum.at\/app\/themes\/fh\/public\/images\/avatar_dummy.e5edf9.png'\"     >\n<\/picture>\n\n        <\/div>\n        <div class=\"p-2 p-xl-3\">\n                            <p class=\"mb-1 hyphens\">Mag.a<\/p>\n                        <h6>Gabriele Burgsteiner<\/h6>\n                        <p class=\"mb-0 hyphens\">\n              Fachhochschullektorin\n            <\/p>\n        <\/div>\n    <\/div>\n<\/a>                  <\/div>\n                                                                <div class=\"col-6 col-sm-4 col-md-6 col-lg-4 col-xl-3 mb-4\">\n                    <a href=\"https:\/\/www.fh-joanneum.at\/hochschule\/person\/gerhard-lippitsch\"\n    class=\"person-card\">\n    <div class=\"border border-light h-100\">\n\n        <div class=\"image-wrapper\">\n            <picture>\n        <img decoding=\"async\"\n        class=\"img-fluid\"\n        src=\"https:\/\/online.fh-joanneum.at\/JOANNEUMonline\/visitenkarte.showImage?pPersonenGruppe=3&amp;pPersonenId=05F5D4D06A533365\"\n        alt=\"\"\n        title=\"\"\n                 onerror=\"this.src = 'https:\/\/www.fh-joanneum.at\/app\/themes\/fh\/public\/images\/avatar_dummy.e5edf9.png'\"     >\n<\/picture>\n\n        <\/div>\n        <div class=\"p-2 p-xl-3\">\n                            <p class=\"mb-1 hyphens\">DI Dr.<\/p>\n                        <h6>Gerhard Lippitsch<\/h6>\n                        <p class=\"mb-0 hyphens\">\n              Fachhochschullektor\n            <\/p>\n        <\/div>\n    <\/div>\n<\/a>                  <\/div>\n                                                                <div class=\"col-6 col-sm-4 col-md-6 col-lg-4 col-xl-3 mb-4\">\n                    <a href=\"https:\/\/www.fh-joanneum.at\/hochschule\/person\/robert-schneebauer\"\n    class=\"person-card\">\n    <div class=\"border border-light h-100\">\n\n        <div class=\"image-wrapper\">\n            <picture>\n        <img decoding=\"async\"\n        class=\"img-fluid\"\n        src=\"https:\/\/online.fh-joanneum.at\/JOANNEUMonline\/visitenkarte.showImage?pPersonenGruppe=3&amp;pPersonenId=B940C0935F222834\"\n        alt=\"\"\n        title=\"\"\n                 onerror=\"this.src = 'https:\/\/www.fh-joanneum.at\/app\/themes\/fh\/public\/images\/avatar_dummy.e5edf9.png'\"     >\n<\/picture>\n\n        <\/div>\n        <div class=\"p-2 p-xl-3\">\n                            <p class=\"mb-1 hyphens\">MLE DI<\/p>\n                        <h6>Robert Schneebauer<\/h6>\n                            <p class=\"mb-1 hyphens\"> LL.M. MBA MBA<\/p>\n                        <p class=\"mb-0 hyphens\">\n              Fachhochschullektor\n            <\/p>\n        <\/div>\n    <\/div>\n<\/a>                  <\/div>\n                                                                <div class=\"col-6 col-sm-4 col-md-6 col-lg-4 col-xl-3 mb-4\">\n                    <a href=\"https:\/\/www.fh-joanneum.at\/hochschule\/person\/peter-woditschka\"\n    class=\"person-card\">\n    <div class=\"border border-light h-100\">\n\n        <div class=\"image-wrapper\">\n            <picture>\n        <img decoding=\"async\"\n        class=\"img-fluid\"\n        src=\"https:\/\/online.fh-joanneum.at\/JOANNEUMonline\/visitenkarte.showImage?pPersonenGruppe=3&amp;pPersonenId=2EBF8D7DBE36BCF4\"\n        alt=\"\"\n        title=\"\"\n                 onerror=\"this.src = 'https:\/\/www.fh-joanneum.at\/app\/themes\/fh\/public\/images\/avatar_dummy.e5edf9.png'\"     >\n<\/picture>\n\n        <\/div>\n        <div class=\"p-2 p-xl-3\">\n                            <p class=\"mb-1 hyphens\">DI DDr.<\/p>\n                        <h6>Peter Woditschka<\/h6>\n                        <p class=\"mb-0 hyphens\">\n              Freier Dienstvertrag\n            <\/p>\n        <\/div>\n    <\/div>\n<\/a>                  <\/div>\n                                              <\/div>\n    <\/div>\n<\/div>\n","protected":false},"excerpt":{"rendered":"<p>Was w\u00e4re ein Studium ohne die richtigen Menschen? Ein kompetentes Team unterst\u00fctzt Sie in Ihren organisatorischen Belangen und erm\u00f6glicht Ihnen eine fachlich fundierte Ausbildung im Spannungsfeld zwischen Theorie und Praxis.<\/p>\n","protected":false},"author":12,"featured_media":0,"parent":10000069,"menu_order":22,"comment_status":"closed","ping_status":"closed","template":"","meta":{"_acf_changed":false,"footnotes":""},"acf":[],"aioseo_notices":[],"_links":{"self":[{"href":"https:\/\/www.fh-joanneum.at\/luftverkehrsmanagement\/postgraduate\/wp-json\/wp\/v2\/pages\/10000134"}],"collection":[{"href":"https:\/\/www.fh-joanneum.at\/luftverkehrsmanagement\/postgraduate\/wp-json\/wp\/v2\/pages"}],"about":[{"href":"https:\/\/www.fh-joanneum.at\/luftverkehrsmanagement\/postgraduate\/wp-json\/wp\/v2\/types\/page"}],"author":[{"embeddable":true,"href":"https:\/\/www.fh-joanneum.at\/luftverkehrsmanagement\/postgraduate\/wp-json\/wp\/v2\/users\/12"}],"replies":[{"embeddable":true,"href":"https:\/\/www.fh-joanneum.at\/luftverkehrsmanagement\/postgraduate\/wp-json\/wp\/v2\/comments?post=10000134"}],"version-history":[{"count":1,"href":"https:\/\/www.fh-joanneum.at\/luftverkehrsmanagement\/postgraduate\/wp-json\/wp\/v2\/pages\/10000134\/revisions"}],"predecessor-version":[{"id":10000222,"href":"https:\/\/www.fh-joanneum.at\/luftverkehrsmanagement\/postgraduate\/wp-json\/wp\/v2\/pages\/10000134\/revisions\/10000222"}],"up":[{"embeddable":true,"href":"https:\/\/www.fh-joanneum.at\/luftverkehrsmanagement\/postgraduate\/wp-json\/wp\/v2\/pages\/10000069"}],"wp:attachment":[{"href":"https:\/\/www.fh-joanneum.at\/luftverkehrsmanagement\/postgraduate\/wp-json\/wp\/v2\/media?parent=10000134"}],"curies":[{"name":"wp","href":"https:\/\/api.w.org\/{rel}","templated":true}]}}