{"id":33,"date":"2024-10-17T11:49:28","date_gmt":"2024-10-17T09:49:28","guid":{"rendered":"https:\/\/www.fh-joanneum.at\/machine-learning-and-generative-ai\/master\/?page_id=33"},"modified":"2026-02-12T08:42:08","modified_gmt":"2026-02-12T07:42:08","slug":"voraussetzungen","status":"publish","type":"page","link":"https:\/\/www.fh-joanneum.at\/machine-learning-and-generative-ai\/master\/vor-dem-studium\/voraussetzungen\/","title":{"rendered":"Voraussetzungen"},"content":{"rendered":"<div id=\"\" class=\"wp-block-text-content margin-bottom-normal\">\n    <div class=\"container-lg\">\n        <div class=\"row\">\n            <div class=\"col\">\n                <h3>Voraussetzungen f&uuml;r das Studium<\/h3>\n<p>Wenn Sie einen qualifizierten Studienabschluss<\/p>\n<ul>\n<li>eines facheinschl&auml;gigen Bachelor- oder Diplomstudiums oder<\/li>\n<li>einer gleichwertigen postsekund&auml;ren Ausbildung<\/li>\n<\/ul>\n<p>nachweisen k&ouml;nnen, erf&uuml;llen Sie die&nbsp;formalen Voraussetzungen&nbsp;f&uuml;r das Masterstudium.<\/p>\n<p>F&uuml;r den Nachweis der&nbsp;<strong>fachlichen Zugangsvoraussetzungen<\/strong>&nbsp;gibt es aktuell drei M&ouml;glichkeiten:<\/p>\n<p>1.) Die fachlichen Zugangsvoraussetzungen gelten durch den Nachweis eines&nbsp;abgeschlossenen Bachelorstudiums&nbsp;im Ausma&szlig; von mindestens&nbsp;<strong>180 ECTS-Punkten<\/strong>&nbsp;(oder eines mindestens gleichwertigen Abschlusses) an einem der&nbsp;<strong>Studieng&auml;nge des Departments Angewandte Informatik&nbsp;<\/strong>der FH JOANNEUM als erf&uuml;llt, wie zum Beispiel:<\/p>\n<ul>\n<li>Gesundheitsinformatik \/ eHealth<\/li>\n<li>Wirtschaftsinformatik<\/li>\n<li>Mobile Software Development<\/li>\n<li>Software Design &amp; Cloud Computing (VZ und BB)<\/li>\n<\/ul>\n<p>2.) Die fachlichen Zugangsvoraussetzungen gelten durch den Nachweis eines&nbsp;<strong>abgeschlossenen Bachelorstudiums<\/strong>&nbsp;im Ausma&szlig; von mindestens&nbsp;<strong>180 ECTS-Punkten&nbsp;<\/strong>(oder eines mindestens gleichwertigen Abschlusses) in einem der folgenden&nbsp;<strong>Fachbereiche<\/strong>&nbsp;als erf&uuml;llt:<\/p>\n<ul>\n<li>Mathematik, Statistik oder inhaltsverwandte Fachbereiche<\/li>\n<li>Informatik, Telematik, Informationsmanagement, Wirtschaftsinformatik oder inhaltsverwandte Fachbereiche<\/li>\n<li>Physik, Elektrotechnik, Elektronik oder inhaltsverwandte Fachbereiche<\/li>\n<li>Volkswirtschaftslehre, &Ouml;konometrie oder inhaltsverwandte Fachbereiche<\/li>\n<li>Fahrzeugtechnik, Luftfahrt oder inhaltsverwandte Fachbereiche<\/li>\n<\/ul>\n<p>Ausschlaggebend ist hier nicht die Bezeichnung des Studiums, sondern ob&nbsp;<strong>ein oder mehrere der oben genannten Fachbereiche&nbsp;<\/strong>im Kern der Ausbildung des jeweiligen Bachelorstudiums (oder des mindestens gleichwertigen Abschlusses) vorkommt beziehungsweise vorkommen. Insbesondere ist im Zweifelsfall auch der Grad der formalwissenschaftlichen Ausbildung in F&auml;chern wie Mathematik, Angewandte Mathematik, Statistik, Informatik und Angewandte Informatik im jeweiligen Studium entscheidend. Beispielsweise erf&uuml;llen folgende Studieng&auml;nge der FH JOANNEUM die Zugangsvoraussetzungen:<\/p>\n<ul>\n<li>Elektronik und Computer Engineering<\/li>\n<li>Luftfahrt \/ Aviation<\/li>\n<li>Fahrzeugtechnik \/ Automotive Engineering<\/li>\n<li>Produktionstechnik und Organisation<\/li>\n<li>Industrielle Mechatronik<\/li>\n<\/ul>\n<p>Zudem erf&uuml;llen zum Beispiel auch folgende Bachelorstudieng&auml;nge die Zugangsvoraussetzungen:<\/p>\n<ul>\n<li>USW \/ NAWI-TECH (Umweltsystemwissenschaften \/ Naturwissenschaften-Technologie)<\/li>\n<li>USW \/ VWL (Umweltsystemwissenschaften \/ Volkswirtschaftslehre)<\/li>\n<\/ul>\n<p>3.) Die fachlichen Zugangsvoraussetzungen gelten durch den Nachweis eines&nbsp;<strong>abgeschlossenen Bachelorstudiums<\/strong>&nbsp;im Ausma&szlig; von mindestens&nbsp;<strong>180 ECTS-Punkten<\/strong>&nbsp;(oder eines mindestens gleichwertigen Abschlusses) sowie durch den Nachweis von mindestens&nbsp;<strong>50 ECTS-Punkten<\/strong>&nbsp;aus den Bereichen&nbsp;<strong>Mathematik und Angewandte Mathematik,&nbsp;Statistik und\/oder Informatik und Angewandte Informatik<\/strong>&nbsp;als erf&uuml;llt.<\/p>\n\n            <\/div>\n        <\/div>\n            <\/div>\n<\/div>\n\n\n<div\n    id=\"\"\n    class=\"wp-block-tipp-box margin-bottom-normal\"\n>\n    <div class=\"container-lg\">\n        <div class=\"row\">\n            <div class=\"col\">\n                <div class=\"tipp-box border border-warning\">\n                    <div class=\"tipp-box-inner p-2 p-md-3\">\n                        <h4 class=\"\">Tipp<\/h4>\n                        <p>Der Zugang zur Studienrichtung \u201eMachine Learning and Generative AI&#8221; des Masterstudiums \u201eData Science and Artificial Intelligence\u201c kann also aus einem <strong>breiten Spektrum von Bachelorstudieng\u00e4ngen oder gleichwertigen postsekund\u00e4ren Ausbildungen<\/strong> an unterschiedlichen Universit\u00e4ten und Hochschulen erfolgen.<\/p>\n\n                    <\/div>\n                <\/div>\n            <\/div>\n        <\/div>\n    <\/div>\n<\/div>\n\n\n<div id=\"\" class=\"wp-block-text-content margin-bottom-normal\">\n    <div class=\"container-lg\">\n        <div class=\"row\">\n            <div class=\"col\">\n                <p>Im Einzelfall obliegt es der Studiengangsleitung zu entscheiden, ob die Zugangsvoraussetzungen erf&uuml;llt sind. Eine verbindliche Auskunft dar&uuml;ber erhalten Sie nach Einlangen Ihrer vollst&auml;ndigen Bewerbungsunterlagen. F&uuml;r den Fall, dass eine Gleichwertigkeit Ihres Studienabschlusses gegeben ist und nur einzelne Erg&auml;nzungen fehlen, wird eine Teilnahme am Studiengang mit der Auflage von Pr&uuml;fungen verbunden, die Sie im Zuge des gegenst&auml;ndlichen Masterstudiums ablegen k&ouml;nnen.<\/p>\n<h4><strong>Sprachkenntnisse<\/strong><\/h4>\n<p>Englisch ist die Unterrichtssprache am Studiengang. Mit Sprachkenntnissen auf Level B2 k&ouml;nnen Sie den Studieninhalten ohne Probleme folgen. Best&auml;tigen Sie uns Ihre Sprachkenntnisse bitte mit einem Zertifikat sofern Sie nicht in Maturazeugnissen oder &auml;hnlichen Diplomen genannt sind.<\/p>\n\n            <\/div>\n        <\/div>\n            <\/div>\n<\/div>\n\n\n<div\n    id=\"\"\n    class=\"wp-block-tipp-box margin-bottom-normal\"\n>\n    <div class=\"container-lg\">\n        <div class=\"row\">\n            <div class=\"col\">\n                <div class=\"tipp-box border border-info\">\n                    <div class=\"tipp-box-inner p-2 p-md-3\">\n                        <h4 class=\"\">Hinweis<\/h4>\n                        <p>Es gelten die Bestimmungen der Studien- und Pr\u00fcfungsordnung der FH JOANNEUM in ihrer jeweils aktuellsten Fassung sowie die entsprechenden Bestimmungen des Fachhochschul-Studiengesetzes (FHStG).<\/p>\n\n                    <\/div>\n                <\/div>\n            <\/div>\n        <\/div>\n    <\/div>\n<\/div>\n\n\n<div id=\"\" class=\"wp-block-text-content margin-bottom-normal\">\n    <div class=\"container-lg\">\n        <div class=\"row\">\n            <div class=\"col\">\n                <h4><strong>Sie sind keine &ouml;sterreichische Staatsb&uuml;rgerin oder kein &ouml;sterreichischer Staatsb&uuml;rger?<\/strong><\/h4>\n<p>F&uuml;r Sie gibt es einige Besonderheiten zu beachten. Mehr Informationen dazu finden Sie in unter dem Men&uuml;punkt&nbsp;<a href=\"https:\/\/www.fh-joanneum.at\/data-information-science\/master\/vor-dem-studium\/internationale-bewerberinnen-bewerber\/\">Internationale Bewerber:innen.<\/a><\/p>\n\n            <\/div>\n        <\/div>\n            <\/div>\n<\/div>\n","protected":false},"excerpt":{"rendered":"<p>Diese Voraussetzungen m\u00fcssen Sie f\u00fcr das Studium erf\u00fcllen.<\/p>\n","protected":false},"author":143,"featured_media":0,"parent":6,"menu_order":20,"comment_status":"closed","ping_status":"closed","template":"","meta":{"_acf_changed":false,"footnotes":""},"acf":[],"aioseo_notices":[],"_links":{"self":[{"href":"https:\/\/www.fh-joanneum.at\/machine-learning-and-generative-ai\/master\/wp-json\/wp\/v2\/pages\/33"}],"collection":[{"href":"https:\/\/www.fh-joanneum.at\/machine-learning-and-generative-ai\/master\/wp-json\/wp\/v2\/pages"}],"about":[{"href":"https:\/\/www.fh-joanneum.at\/machine-learning-and-generative-ai\/master\/wp-json\/wp\/v2\/types\/page"}],"author":[{"embeddable":true,"href":"https:\/\/www.fh-joanneum.at\/machine-learning-and-generative-ai\/master\/wp-json\/wp\/v2\/users\/143"}],"replies":[{"embeddable":true,"href":"https:\/\/www.fh-joanneum.at\/machine-learning-and-generative-ai\/master\/wp-json\/wp\/v2\/comments?post=33"}],"version-history":[{"count":5,"href":"https:\/\/www.fh-joanneum.at\/machine-learning-and-generative-ai\/master\/wp-json\/wp\/v2\/pages\/33\/revisions"}],"predecessor-version":[{"id":194,"href":"https:\/\/www.fh-joanneum.at\/machine-learning-and-generative-ai\/master\/wp-json\/wp\/v2\/pages\/33\/revisions\/194"}],"up":[{"embeddable":true,"href":"https:\/\/www.fh-joanneum.at\/machine-learning-and-generative-ai\/master\/wp-json\/wp\/v2\/pages\/6"}],"wp:attachment":[{"href":"https:\/\/www.fh-joanneum.at\/machine-learning-and-generative-ai\/master\/wp-json\/wp\/v2\/media?parent=33"}],"curies":[{"name":"wp","href":"https:\/\/api.w.org\/{rel}","templated":true}]}}