{"id":37,"date":"2024-10-17T11:57:10","date_gmt":"2024-10-17T09:57:10","guid":{"rendered":"https:\/\/www.fh-joanneum.at\/machine-learning-and-generative-ai\/master\/?page_id=37"},"modified":"2024-10-17T11:57:12","modified_gmt":"2024-10-17T09:57:12","slug":"aufnahmeverfahren","status":"publish","type":"page","link":"https:\/\/www.fh-joanneum.at\/machine-learning-and-generative-ai\/master\/vor-dem-studium\/aufnahmeverfahren\/","title":{"rendered":"Aufnahmeverfahren"},"content":{"rendered":"<div id=\"\" class=\"wp-block-text-content margin-bottom-normal\">\n    <div class=\"container-lg\">\n        <div class=\"row\">\n            <div class=\"col\">\n                <h3>Aufnahmeverfahren<\/h3>\n<p>Das Aufnahmeverfahren setzt sich zusammen aus:<\/p>\n<ul>\n<li>einer vollst&auml;ndigen Bewerbung,<\/li>\n<li>einem Online-Fachgespr&auml;ch (Eignungstest),<\/li>\n<li>einem Online-Gespr&auml;ch mit der Aufnahmekommission und<\/li>\n<li>der Bewertung der vorangegangenen Ausbildung und T&auml;tigkeiten.<\/li>\n<\/ul>\n<p>Die Form der Bewerbung flie&szlig;t in die Beurteilung ein. Informationen mit allen Details zum Online-Aufnahmeverfahren erhalten Sie zeitgerecht vor dem Termin per E-Mail.<\/p>\n<h4>Das Online-Fachgespr&auml;ch<\/h4>\n<p>Sie werden zum Online-Fachgespr&auml;ch eingeladen, wenn Sie die Voraussetzungen f&uuml;r die Zulassung erf&uuml;llen und Ihre Bewerbung vollst&auml;ndig und fristgerecht eingereicht haben. Dieses Fachgespr&auml;ch dauert in etwa 20 bis 25 Minuten und zeigt, ob Sie sich f&uuml;r das Studium eignen.<\/p>\n<p>In diesem Fachgespr&auml;ch werden unter anderem folgende Bereiche besprochen:<\/p>\n<ul>\n<li>Grundlagen der linearen Algebra (bezieht sich auf die wichtigsten Basiskonzepte der Linearen Algebra, wie beispielsweise Determinanten, Matrixinvertierung, Eigenwerte und Eigenvektoren, lineare Gleichungssysteme, &hellip;)<\/li>\n<li>Grundlagen von Datenbanken und Datenbanksystemen (bezieht sich auf die wichtigsten Basiskonzepte von relationalen und anderen Datenbanken, wie beispielsweise Schl&uuml;ssel, Beziehungstypen, Normalformen, ERM, &hellip;)<\/li>\n<li>Allgemeine Grundlagen der Programmierung (bezieht sich auf keine spezielle Programmiersprache, sondern auf allgemeine Konzepte, wie beispielsweise Paradigmen, Schleifen, Verzweigungen, Flussdiagramme, &hellip;)<\/li>\n<\/ul>\n<h4>Das Online-Gespr&auml;ch<\/h4>\n<p>Im Anschluss an das Fachgespr&auml;ch findet ein pers&ouml;nliches Bewerbungsgespr&auml;ch statt. Sie f&uuml;hren das Online-Gespr&auml;ch mit der Aufnahmekommission des Studiengangs. Es dauert in etwa 20 bis 25 Minuten.<\/p>\n<p>&nbsp;<\/p>\n<h4>Bewertung der vorangegangenen Ausbildung und der beruflichen Erfahrung<\/h4>\n<p>Als zus&auml;tzliche Kriterien f&uuml;r die Aufnahmeentscheidung werden die berufliche Erfahrungen sowie die berufsqualifizierende Aus- und Weiterbildung ber&uuml;cksichtigt.<\/p>\n\n            <\/div>\n        <\/div>\n            <\/div>\n<\/div>\n","protected":false},"excerpt":{"rendered":"<p>Im Zuge des Aufnahmeverfahrens ermitteln wir Ihre pers\u00f6nlichen F\u00e4higkeiten und Potenziale f\u00fcr das Studium. Was Sie genau erwartet, und wie Sie sich darauf vorbereiten k\u00f6nnen.<\/p>\n","protected":false},"author":143,"featured_media":0,"parent":6,"menu_order":40,"comment_status":"closed","ping_status":"closed","template":"","meta":{"_acf_changed":false,"footnotes":""},"acf":[],"aioseo_notices":[],"_links":{"self":[{"href":"https:\/\/www.fh-joanneum.at\/machine-learning-and-generative-ai\/master\/wp-json\/wp\/v2\/pages\/37"}],"collection":[{"href":"https:\/\/www.fh-joanneum.at\/machine-learning-and-generative-ai\/master\/wp-json\/wp\/v2\/pages"}],"about":[{"href":"https:\/\/www.fh-joanneum.at\/machine-learning-and-generative-ai\/master\/wp-json\/wp\/v2\/types\/page"}],"author":[{"embeddable":true,"href":"https:\/\/www.fh-joanneum.at\/machine-learning-and-generative-ai\/master\/wp-json\/wp\/v2\/users\/143"}],"replies":[{"embeddable":true,"href":"https:\/\/www.fh-joanneum.at\/machine-learning-and-generative-ai\/master\/wp-json\/wp\/v2\/comments?post=37"}],"version-history":[{"count":1,"href":"https:\/\/www.fh-joanneum.at\/machine-learning-and-generative-ai\/master\/wp-json\/wp\/v2\/pages\/37\/revisions"}],"predecessor-version":[{"id":38,"href":"https:\/\/www.fh-joanneum.at\/machine-learning-and-generative-ai\/master\/wp-json\/wp\/v2\/pages\/37\/revisions\/38"}],"up":[{"embeddable":true,"href":"https:\/\/www.fh-joanneum.at\/machine-learning-and-generative-ai\/master\/wp-json\/wp\/v2\/pages\/6"}],"wp:attachment":[{"href":"https:\/\/www.fh-joanneum.at\/machine-learning-and-generative-ai\/master\/wp-json\/wp\/v2\/media?parent=37"}],"curies":[{"name":"wp","href":"https:\/\/api.w.org\/{rel}","templated":true}]}}