{"id":26,"date":"2024-06-11T07:09:27","date_gmt":"2024-06-11T05:09:27","guid":{"rendered":"https:\/\/www.fh-joanneum.at\/management-fuer-gesundheitsberufe\/postgraduate\/?page_id=26"},"modified":"2024-07-01T09:02:18","modified_gmt":"2024-07-01T07:02:18","slug":"bewerbung","status":"publish","type":"page","link":"https:\/\/www.fh-joanneum.at\/management-fuer-gesundheitsberufe\/postgraduate\/vor-dem-studium\/bewerbung\/","title":{"rendered":"Bewerbung"},"content":{"rendered":"<div id=\"\" class=\"wp-block-text-content margin-bottom-normal\">\n    <div class=\"container-lg\">\n        <div class=\"row\">\n            <div class=\"col\">\n                <h3>Bewerbung<\/h3>\n<p>Wenn Sie die Voraussetzungen erf&uuml;llen, k&ouml;nnen Sie sich f&uuml;r den Lehrgang &bdquo;Management f&uuml;r Gesundheitsberufe&ldquo; bewerben. Die Aufnahme in den Lehrgang erfolgt nach schriftlicher Bewerbung und einem Aufnahmegespr&auml;ch. Voraussetzung f&uuml;r die Teilnahme am Aufnahmeverfahren ist die Erf&uuml;llung der unter &bdquo;Voraussetzungen&ldquo; beschriebenen Anforderungen.<\/p>\n<h4>Step 1: Sammeln Sie die n&ouml;tigen Unterlagen.<\/h4>\n<ul>\n<li>Bewerbungsschreiben, unterschrieben<\/li>\n<li>Lebenslauf, unterschrieben<\/li>\n<li>Nachweis der Allgemeinen Universit&auml;tsreife oder Studienberechtigung<\/li>\n<li>Nachweis &uuml;ber den Abschluss eines facheinschl&auml;gigen Bachelorstudiums oder einer gleichwertigen Ausbildung<\/li>\n<li>Nachweis &uuml;ber eine mind. 2-j&auml;hrige einschl&auml;gige Berufserfahrung<\/li>\n<li>Kopie des Staatsb&uuml;rgerschaftsnachweises oder eine Kopie des Reisepasses<\/li>\n<\/ul>\n<p>&nbsp;<\/p>\n\n            <\/div>\n        <\/div>\n            <\/div>\n<\/div>\n\n\n<div\n    id=\"\"\n    class=\"wp-block-tipp-box margin-bottom-normal\"\n>\n    <div class=\"container-lg\">\n        <div class=\"row\">\n            <div class=\"col\">\n                <div class=\"tipp-box border border-info\">\n                    <div class=\"tipp-box-inner p-2 p-md-3\">\n                        <h4 class=\"\">Hinweis<\/h4>\n                        <p><strong>Welche Regeln gelten f\u00fcr internationalen Dokumente?<\/strong><\/p>\n<p>F\u00fcr nicht-\u00f6sterreichische Dokumente gibt es Sonderregeln. Diese m\u00fcssen Sie einhalten, damit Ihre Bewerbung akzeptiert werden kann. Welche Richtlinien einzuhalten sind, h\u00e4ngt davon ab, in welchem Land die Dokumente ausgestellt wurden: <a href=\"https:\/\/www.fh-joanneum.at\/beglaubigungs-und-uebersetzungsrichtlinien\/\">Beglaubigungs- und \u00dcbersetzungsrichtlinien nach L\u00e4ndern<\/a>.<\/p>\n\n                    <\/div>\n                <\/div>\n            <\/div>\n        <\/div>\n    <\/div>\n<\/div>\n\n\n<div\n    id=\"\"\n    class=\"wp-block-tipp-box margin-bottom-normal\"\n>\n    <div class=\"container-lg\">\n        <div class=\"row\">\n            <div class=\"col\">\n                <div class=\"tipp-box border border-warning\">\n                    <div class=\"tipp-box-inner p-2 p-md-3\">\n                        <h4 class=\"\">Tipp<\/h4>\n                        <p>Falls Sie die Dokumente (Bachelor- oder Diplomurkunde) zum Zeitpunkt der Bewerbung noch nicht haben, k\u00f6nnen Sie diese bis zum Studienbeginn nachreichen.<\/p>\n\n                    <\/div>\n                <\/div>\n            <\/div>\n        <\/div>\n    <\/div>\n<\/div>\n\n\n<div id=\"\" class=\"wp-block-text-content margin-bottom-normal\">\n    <div class=\"container-lg\">\n        <div class=\"row\">\n            <div class=\"col\">\n                <h4>Step 2: Onlinebewerbung<\/h4>\n<p><strong><a href=\"https:\/\/www.fh-joanneum.at\/studium\/online-bewerbung\/\">Hier geht es zur Onlinebewerbung.<\/a><\/strong><\/p>\n\n            <\/div>\n        <\/div>\n            <\/div>\n<\/div>\n\n\n<div\n    id=\"\"\n    class=\"wp-block-tipp-box margin-bottom-normal\"\n>\n    <div class=\"container-lg\">\n        <div class=\"row\">\n            <div class=\"col\">\n                <div class=\"tipp-box border border-warning\">\n                    <div class=\"tipp-box-inner p-2 p-md-3\">\n                        <h4 class=\"\">Tipp<\/h4>\n                        <p>Halten Sie die Bewerbungsfrist ein und achten Sie darauf, dass Ihre Unterlagen vollst\u00e4ndig, richtig und unterschrieben sind, bevor Sie diese absenden. Nur so kann Ihre Bewerbung akzeptiert werden.<\/p>\n\n                    <\/div>\n                <\/div>\n            <\/div>\n        <\/div>\n    <\/div>\n<\/div>\n\n\n<div id=\"\" class=\"wp-block-text-content margin-bottom-normal\">\n    <div class=\"container-lg\">\n        <div class=\"row\">\n            <div class=\"col\">\n                <h4>Step 3: Warten Sie auf die Einladung zum pers&ouml;nlichen Gespr&auml;ch.<\/h4>\n<p>Ihre Bewerbung wird von der Lehrgangsleitung &uuml;berpr&uuml;ft. Alle Bewerberinnen und Bewerber, die die formalen Voraussetzungen erf&uuml;llen, werden zu einem pers&ouml;nlichen Gespr&auml;ch eingeladen.<\/p>\n\n            <\/div>\n        <\/div>\n            <\/div>\n<\/div>\n","protected":false},"excerpt":{"rendered":"<p>Hier erfahren Sie, wie Sie sich f\u00fcr den Lehrgang bewerben.<\/p>\n","protected":false},"author":143,"featured_media":117,"parent":9,"menu_order":30,"comment_status":"closed","ping_status":"closed","template":"","meta":{"_acf_changed":false,"footnotes":""},"acf":[],"aioseo_notices":[],"_links":{"self":[{"href":"https:\/\/www.fh-joanneum.at\/management-fuer-gesundheitsberufe\/postgraduate\/wp-json\/wp\/v2\/pages\/26"}],"collection":[{"href":"https:\/\/www.fh-joanneum.at\/management-fuer-gesundheitsberufe\/postgraduate\/wp-json\/wp\/v2\/pages"}],"about":[{"href":"https:\/\/www.fh-joanneum.at\/management-fuer-gesundheitsberufe\/postgraduate\/wp-json\/wp\/v2\/types\/page"}],"author":[{"embeddable":true,"href":"https:\/\/www.fh-joanneum.at\/management-fuer-gesundheitsberufe\/postgraduate\/wp-json\/wp\/v2\/users\/143"}],"replies":[{"embeddable":true,"href":"https:\/\/www.fh-joanneum.at\/management-fuer-gesundheitsberufe\/postgraduate\/wp-json\/wp\/v2\/comments?post=26"}],"version-history":[{"count":1,"href":"https:\/\/www.fh-joanneum.at\/management-fuer-gesundheitsberufe\/postgraduate\/wp-json\/wp\/v2\/pages\/26\/revisions"}],"predecessor-version":[{"id":27,"href":"https:\/\/www.fh-joanneum.at\/management-fuer-gesundheitsberufe\/postgraduate\/wp-json\/wp\/v2\/pages\/26\/revisions\/27"}],"up":[{"embeddable":true,"href":"https:\/\/www.fh-joanneum.at\/management-fuer-gesundheitsberufe\/postgraduate\/wp-json\/wp\/v2\/pages\/9"}],"wp:featuredmedia":[{"embeddable":true,"href":"https:\/\/www.fh-joanneum.at\/management-fuer-gesundheitsberufe\/postgraduate\/wp-json\/wp\/v2\/media\/117"}],"wp:attachment":[{"href":"https:\/\/www.fh-joanneum.at\/management-fuer-gesundheitsberufe\/postgraduate\/wp-json\/wp\/v2\/media?parent=26"}],"curies":[{"name":"wp","href":"https:\/\/api.w.org\/{rel}","templated":true}]}}