{"id":39,"date":"2024-06-11T07:44:25","date_gmt":"2024-06-11T05:44:25","guid":{"rendered":"https:\/\/www.fh-joanneum.at\/management-fuer-gesundheitsberufe\/postgraduate\/?page_id=39"},"modified":"2024-11-20T14:24:35","modified_gmt":"2024-11-20T13:24:35","slug":"das-studium","status":"publish","type":"page","link":"https:\/\/www.fh-joanneum.at\/management-fuer-gesundheitsberufe\/postgraduate\/im-studium\/das-studium\/","title":{"rendered":"Das Studium"},"content":{"rendered":"<div id=\"\" class=\"wp-block-text-content margin-bottom-normal\">\n    <div class=\"container-lg\">\n        <div class=\"row\">\n            <div class=\"col\">\n                <h3>Schwerpunkte<\/h3>\n<p>Die inhaltlichen Schwerpunkte des Masterlehrganges &bdquo;Management f&uuml;r Gesundheitsberufe&ldquo; erstrecken sich &uuml;ber nachfolgenden Themenfelder und sollen den Kompetenzerwerb bzw. eine Kompetenzsteigerung in f&uuml;r das Berufsfeld Gesundheitsmanagement relevanten Bereichen erzielen:<\/p>\n<ul>\n<li>Personalmanagement -und F&uuml;hrung im Gesundheitswesen<\/li>\n<li>F&uuml;hrung und Einsatz des Personals in den jeweiligen Gesundheitseinrichtungen<\/li>\n<li>Krisen- und Konfliktmanagement<\/li>\n<li>Erhebung und Verbesserung von betriebswirtschaftlichen Prozessen im Gesundheitswesen<\/li>\n<li>&Uuml;berwachung, Sicherung und Verbesserung der Qualit&auml;t und der Organisation in Gesundheitseinrichtungen<\/li>\n<li>Anwendung von Qualit&auml;tssicherheitsma&szlig;nahmen anhand von Modellen und Konzepten im Gesundheitswesen<\/li>\n<li>Zusammenarbeit mit anderen Gesundheitseinrichtungen, Organisationseinheiten und Berufsgruppe<\/li>\n<li>Erwerb eines sozial-medizinischen Verst&auml;ndnisses<\/li>\n<li>Vertiefung der wissenschaftlichen Kompetenz in den Gesundheitswissenschaften<\/li>\n<\/ul>\n<h4>Zur F&uuml;hrungskraft im Gesundheitswesen<\/h4>\n<p>Die Ausbildungsziele des Lehrgangs sind es, eine Vertiefung &uuml;ber Kenntnisse der F&uuml;hrungsaufgaben im Gesundheitswesen zu erreichen, wie auch zuk&uuml;nftige Absolvent:innen f&uuml;r die Verantwortungs&uuml;bernahme &uuml;ber die Qualit&auml;t der Versorgung und der gesetzten Ma&szlig;nahmen in der jeweiligen Einrichtung zu qualifizieren. Dazu z&auml;hlen die &Uuml;berwachung, Sicherung und Verbesserung der Versorgungsqualit&auml;t und der Organisation, die F&uuml;hrung und der Einsatz des Personals, die Organisation der Sachmittel und &Uuml;berwachung des Sachmitteleinsatzes sowie die Zusammenarbeit mit anderen Einrichtungen, Organisationseinheiten und Berufsgruppen.<\/p>\n\n            <\/div>\n        <\/div>\n            <\/div>\n<\/div>\n\n\n<div\n    id=\"\"\n    class=\"wp-block-tipp-box margin-bottom-normal\"\n>\n    <div class=\"container-lg\">\n        <div class=\"row\">\n            <div class=\"col\">\n                <div class=\"tipp-box border border-info\">\n                    <div class=\"tipp-box-inner p-2 p-md-3\">\n                        <h4 class=\"\">Hinweis<\/h4>\n                        <p>Der Hochschullehrgang \u201eManagement f\u00fcr Gesundheitsberufe\u201c der FH JOANNEUM ist gem\u00e4\u00df \u00a7 65a Gesundheits- und Krankenpflegegesetz (GuKG) in Verbindung mit Anlage 7 II. Z.8 der Gesundheits- und Krankenpflege-Lehr- und F\u00fchrungsaufgaben-Verordnung (GuK-LFV) als Ausbildung f\u00fcr F\u00fchrungsaufgaben gem\u00e4\u00df \u00a7 17 GuKG anerkannt.<\/p>\n\n                    <\/div>\n                <\/div>\n            <\/div>\n        <\/div>\n    <\/div>\n<\/div>\n","protected":false},"excerpt":{"rendered":"<p>Hier erfahren Sie alles \u00fcber Ihr Studium: von Studieninhalten, Praxisprojekten bis hin zum Praktikum.<\/p>\n","protected":false},"author":143,"featured_media":154,"parent":11,"menu_order":10,"comment_status":"closed","ping_status":"closed","template":"","meta":{"_acf_changed":false,"footnotes":""},"acf":[],"aioseo_notices":[],"_links":{"self":[{"href":"https:\/\/www.fh-joanneum.at\/management-fuer-gesundheitsberufe\/postgraduate\/wp-json\/wp\/v2\/pages\/39"}],"collection":[{"href":"https:\/\/www.fh-joanneum.at\/management-fuer-gesundheitsberufe\/postgraduate\/wp-json\/wp\/v2\/pages"}],"about":[{"href":"https:\/\/www.fh-joanneum.at\/management-fuer-gesundheitsberufe\/postgraduate\/wp-json\/wp\/v2\/types\/page"}],"author":[{"embeddable":true,"href":"https:\/\/www.fh-joanneum.at\/management-fuer-gesundheitsberufe\/postgraduate\/wp-json\/wp\/v2\/users\/143"}],"replies":[{"embeddable":true,"href":"https:\/\/www.fh-joanneum.at\/management-fuer-gesundheitsberufe\/postgraduate\/wp-json\/wp\/v2\/comments?post=39"}],"version-history":[{"count":4,"href":"https:\/\/www.fh-joanneum.at\/management-fuer-gesundheitsberufe\/postgraduate\/wp-json\/wp\/v2\/pages\/39\/revisions"}],"predecessor-version":[{"id":167,"href":"https:\/\/www.fh-joanneum.at\/management-fuer-gesundheitsberufe\/postgraduate\/wp-json\/wp\/v2\/pages\/39\/revisions\/167"}],"up":[{"embeddable":true,"href":"https:\/\/www.fh-joanneum.at\/management-fuer-gesundheitsberufe\/postgraduate\/wp-json\/wp\/v2\/pages\/11"}],"wp:featuredmedia":[{"embeddable":true,"href":"https:\/\/www.fh-joanneum.at\/management-fuer-gesundheitsberufe\/postgraduate\/wp-json\/wp\/v2\/media\/154"}],"wp:attachment":[{"href":"https:\/\/www.fh-joanneum.at\/management-fuer-gesundheitsberufe\/postgraduate\/wp-json\/wp\/v2\/media?parent=39"}],"curies":[{"name":"wp","href":"https:\/\/api.w.org\/{rel}","templated":true}]}}