{"id":10000278,"date":"2015-08-11T10:30:38","date_gmt":"2015-08-11T08:30:38","guid":{"rendered":"https:\/\/www.fh-joanneum.at\/management-internationaler-geschaeftsprozesse\/bachelor\/?page_id=278"},"modified":"2023-02-08T14:25:26","modified_gmt":"2023-02-08T12:25:26","slug":"studienabschluss","status":"publish","type":"page","link":"https:\/\/www.fh-joanneum.at\/management-internationaler-geschaeftsprozesse\/bachelor\/im-studium\/studienabschluss\/","title":{"rendered":"Studienabschluss"},"content":{"rendered":"<div id=\"\" class=\"wp-block-text-content margin-bottom-none\">\n    <div class=\"container-lg\">\n        <div class=\"row\">\n            <div class=\"col\">\n                <div class=\"module-migration-headline\">\n<h3>Voraussetzungen f&uuml;r den Studienabschluss<\/h3>\n<\/div>\n\n            <\/div>\n        <\/div>\n            <\/div>\n<\/div>\n\n<div id=\"\" class=\"wp-block-text-content margin-bottom-normal\">\n    <div class=\"container-lg\">\n        <div class=\"row\">\n            <div class=\"col\">\n                <p>Um das Studium &bdquo;Internationales Management&ldquo; positiv abzuschlie&szlig;en, m&uuml;ssen Sie:<\/p>\n<ul>\n<li>alle Lehrveranstaltungen positiv absolvieren<\/li>\n<li>das Berufspraktikums positiv absolvieren<\/li>\n<li>zwei Bachelorarbeiten verfassen, die beide positiv bewertet werden m&uuml;ssen<\/li>\n<li>die Bachelorpr&uuml;fung positiv ablegen<\/li>\n<\/ul>\n<p>Ihr Titel nach dem Studienabschluss lautet &bdquo;Bachelor of Arts in Business (BA)&ldquo;.<\/p>\n\n            <\/div>\n        <\/div>\n            <\/div>\n<\/div>\n\n<div id=\"\" class=\"wp-block-text-content margin-bottom-none\">\n    <div class=\"container-lg\">\n        <div class=\"row\">\n            <div class=\"col\">\n                <div class=\"module-migration-headline\">\n<h4>Bachelorarbeiten<\/h4>\n<\/div>\n\n            <\/div>\n        <\/div>\n            <\/div>\n<\/div>\n\n<div id=\"\" class=\"wp-block-text-content margin-bottom-normal\">\n    <div class=\"container-lg\">\n        <div class=\"row\">\n            <div class=\"col\">\n                <p>In zwei Bachelorarbeiten m&uuml;ssen unsere Studierenden formulierte Forschungsfragen wissenschaftlich beantworten. In der ersten Bachelorarbeit wird die Frage durch den Vergleich facheinschl&auml;giger Literatur beantwortet. In der zweiten Bachelorarbeit sollen unsere Studierenden Ihre F&auml;higkeit beweisen, Theorie in der Praxis anzuwenden. Die Studierenden m&uuml;ssen dabei das Analysewerkzeug sinnvoll ausw&auml;hlen und auch in der Lage sein, die Auswahl zu rechtfertigen. Im Idealfall behandelt die zweite Bachelorarbeit eine Forschungsfrage f&uuml;r ein Unternehmen.<\/p>\n<p>Grunds&auml;tzlich besteht die M&ouml;glichkeit, die Arbeit zu zweit umzusetzen, allerdings muss ersichtlich sein, wie Kapitel und Arbeitspakete aufgeteilt wurden. Dadurch ist es der Betreuerin beziehungsweise dem Betreuer m&ouml;glich, die Leistung beider Studierenden individuell zu bewerten. <\/p>\n<p>W&auml;hrend der Bachelorarbeit werden unsere Studierenden von ihren Betreuer:innen in allen Phasen des Schreibprozesses unterst&uuml;tzt. Die:der Betreuer:in wird nach M&ouml;glichkeit frei gew&auml;hlt. Sollten die individuellen Kapazit&auml;ten den Betreuungswunsch nicht erm&ouml;glichen, werden die Studierenden seitens der Studiengangsleitung zugeteilt. Die Betreuungsperson unterst&uuml;tzt die Studierenden dabei, ein Thema und eine Forschungsfrage zu formulieren, die passende Methode f&uuml;r die Fragestellung zu w&auml;hlen und weist dabei auf einschl&auml;gige Literatur hin. Wir unterst&uuml;tzen die Bachelorarbeiten auch in eigens daf&uuml;r konzipierten Lehrveranstaltungen online.<\/p>\n\n            <\/div>\n        <\/div>\n            <\/div>\n<\/div>\n\n<div id=\"\" class=\"wp-block-text-content margin-bottom-none\">\n    <div class=\"container-lg\">\n        <div class=\"row\">\n            <div class=\"col\">\n                <div class=\"module-migration-headline\">\n<h4>Bachelorpr&uuml;fung<\/h4>\n<\/div>\n\n            <\/div>\n        <\/div>\n            <\/div>\n<\/div>\n\n<div id=\"\" class=\"wp-block-text-content margin-bottom-normal\">\n    <div class=\"container-lg\">\n        <div class=\"row\">\n            <div class=\"col\">\n                <p>Das Studium &bdquo;Internationales Management&ldquo; schlie&szlig;t mit einer Bachelorpr&uuml;fung am Ende des sechsten Semesters ab. Diese Pr&uuml;fung wird m&uuml;ndlich vor einer Kommission durchgef&uuml;hrt und ist &ouml;ffentlich zug&auml;nglich. Voraussetzung f&uuml;r den Pr&uuml;fungsantritt ist die positive Absolvierung aller Lehrveranstaltungen, des Praxissemesters und der beiden Bachelorarbeiten. Der Termin wird den Studierenden zwei Wochen vor der Pr&uuml;fung per E-Mail &uuml;bermittelt.<\/p>\n<p>Die Pr&uuml;fungskommission besteht aus drei Personen, wobei eine Person den Vorsitz &uuml;bernimmt. Die Bachelorpr&uuml;fung dauert 45 Minuten und besteht aus den folgenden Teilen:<\/p>\n<ul>\n<li>Pr&auml;sentation der Bachelorarbeiten<\/li>\n<li>Fragen zu den beiden Bachelorarbeiten (Verteidigung)<\/li>\n<li>Fragen aus den Kernf&auml;chern des Bachelorstudiums <\/li>\n<\/ul>\n\n            <\/div>\n        <\/div>\n            <\/div>\n<\/div>\n\n<div id=\"\" class=\"wp-block-text-content margin-bottom-none\">\n    <div class=\"container-lg\">\n        <div class=\"row\">\n            <div class=\"col\">\n                <div class=\"module-migration-headline\">\n<h3>Nach dem Bachelorabschluss<\/h3>\n<\/div>\n\n            <\/div>\n        <\/div>\n            <\/div>\n<\/div>\n\n<div id=\"\" class=\"wp-block-text-content margin-bottom-normal\">\n    <div class=\"container-lg\">\n        <div class=\"row\">\n            <div class=\"col\">\n                <p>Als Absolvent:in des Studiengangs &bdquo;Internationales Management&ldquo; bieten sich viele M&ouml;glichkeiten die eigenen Kompetenzen durch weitere Ausbildungsm&ouml;glichkeiten im In- und Ausland zu erweitern. Zum Beispiel die Masterstudieng&auml;nge <a href=\"https:\/\/www.fh-joanneum.at\/studium\/masterstudium-global-strategic-management\/\">&bdquo;Global Strategic Management&ldquo;<\/a> oder <a href=\"https:\/\/www.fh-joanneum.at\/digital-entrepreneurship\/master\/\">&bdquo;Digital Enrepreneurship&ldquo;<\/a> an der FH JOANNEUM erg&auml;nzen Ihr Wissen perfekt. <\/p>\n<p>Gerne setzen unsere Absolvent:innen ihr Studium auch an anderen &ouml;sterreichischen Hochschulen fort. Die Weiterbildungsm&ouml;glichkeiten sind dabei sehr breit gestreut, wobei International Relations, Marketing und Sales, Human Resource Management oder auch Finanzierung beliebte Spezialisierungen auf Masterebene sind. Andererseits besteht auch die M&ouml;glichkeit, sich durch ein Masterstudium im Ausland weiter zu spezialisieren. Kontakte, die im Rahmen des Auslandssemesters gekn&uuml;pft wurden, k&ouml;nnen hier hilfreich sein. <\/p>\n\n            <\/div>\n        <\/div>\n            <\/div>\n<\/div>\n\n\n","protected":false},"excerpt":{"rendered":"<p>Mit Ihrem Abschluss legen Sie den Grundstein f\u00fcr Ihre berufliche Zukunft. Welche Voraussetzungen Sie f\u00fcr den erfolgreichen Abschluss Ihres Studiums ben\u00f6tigen und alles, was Sie sonst noch wissen sollten, verraten wir Ihnen hier.<\/p>\n","protected":false},"author":12,"featured_media":0,"parent":10000264,"menu_order":145,"comment_status":"closed","ping_status":"closed","template":"","meta":{"_acf_changed":false,"footnotes":""},"acf":[],"aioseo_notices":[],"_links":{"self":[{"href":"https:\/\/www.fh-joanneum.at\/management-internationaler-geschaeftsprozesse\/bachelor\/wp-json\/wp\/v2\/pages\/10000278"}],"collection":[{"href":"https:\/\/www.fh-joanneum.at\/management-internationaler-geschaeftsprozesse\/bachelor\/wp-json\/wp\/v2\/pages"}],"about":[{"href":"https:\/\/www.fh-joanneum.at\/management-internationaler-geschaeftsprozesse\/bachelor\/wp-json\/wp\/v2\/types\/page"}],"author":[{"embeddable":true,"href":"https:\/\/www.fh-joanneum.at\/management-internationaler-geschaeftsprozesse\/bachelor\/wp-json\/wp\/v2\/users\/12"}],"replies":[{"embeddable":true,"href":"https:\/\/www.fh-joanneum.at\/management-internationaler-geschaeftsprozesse\/bachelor\/wp-json\/wp\/v2\/comments?post=10000278"}],"version-history":[{"count":0,"href":"https:\/\/www.fh-joanneum.at\/management-internationaler-geschaeftsprozesse\/bachelor\/wp-json\/wp\/v2\/pages\/10000278\/revisions"}],"up":[{"embeddable":true,"href":"https:\/\/www.fh-joanneum.at\/management-internationaler-geschaeftsprozesse\/bachelor\/wp-json\/wp\/v2\/pages\/10000264"}],"wp:attachment":[{"href":"https:\/\/www.fh-joanneum.at\/management-internationaler-geschaeftsprozesse\/bachelor\/wp-json\/wp\/v2\/media?parent=10000278"}],"curies":[{"name":"wp","href":"https:\/\/api.w.org\/{rel}","templated":true}]}}