{"id":10000651,"date":"2018-02-20T13:20:57","date_gmt":"2018-02-20T11:20:57","guid":{"rendered":"https:\/\/www.fh-joanneum.at\/management-internationaler-geschaeftsprozesse\/bachelor\/?page_id=651"},"modified":"2019-01-31T12:36:52","modified_gmt":"2019-01-31T10:36:52","slug":"das-grosse-vergnuegen-echter-projekte-evoski-evocall-exchimp","status":"publish","type":"page","link":"https:\/\/www.fh-joanneum.at\/management-internationaler-geschaeftsprozesse\/bachelor\/im-studium\/praxisprojekte\/das-grosse-vergnuegen-echter-projekte-evoski-evocall-exchimp\/","title":{"rendered":"Das gro\u00dfe Vergn\u00fcgen echter Projekte &#8211; EVOSKI, EVOCALL, EXCHIMP"},"content":{"rendered":"<div id=\"\" class=\"wp-block-text-content margin-bottom-normal\">\n    <div class=\"container-lg\">\n        <div class=\"row\">\n            <div class=\"col\">\n                <p>In ihrer Rolle als Beraterinnen und Berater entwickelten die Studierenden Strategien f&uuml;r den &ouml;sterreichischen, slowenischen, schweizerischen, franz&ouml;sischen und italienischen Markt f&uuml;r EVOSKI, EVOCALL und EXCHIMP, eine Marke der SunnyBAG GmbH, in ihrer Projektlehrveranstaltung &ldquo;International Market Entry&rdquo; mit Ligia Franco Pasqualin.  <\/p>\n<p>Nach drei pers&ouml;nlichen Interaktionen stellten die studentischen Projektteams den Unternehmen ihre Forschungsergebnisse, strategischen Analysen und Empfehlungen in Executive Papers f&uuml;r die Projekte von Evolaris EVOSKI (Verbesserte Orientierung in den Skigebieten) und EVOCALL (Live-Unterst&uuml;tzung f&uuml;r mehr Effizienz) sowie f&uuml;r die Dienstleistungen von EXCHIMP (Immersive 360&deg;-Videos und Virtual-Reality-Erlebnisse) zur Verf&uuml;gung.<\/p>\n<p>Die gro&szlig;e Freude am Arbeiten hat sich gelohnt:<\/p>\n\n            <\/div>\n        <\/div>\n            <\/div>\n<\/div>\n\n<div\n    id=\"\"\n    class=\"wp-block-blockquote margin-bottom-normal\"\n>\n    <div class=\"container-lg\">\n        <div class=\"row\">\n            <div class=\"col\">\n                <div class=\"d-block mb-2 fs-5 major-text-color\">&#8220;Die Zusammenarbeit mit Evolaris war eine ausgezeichnete Gelegenheit, erste Erfahrungen bei der Durchf\u00fchrung eines echten Projekts zu sammeln. Da das Unternehmen uns klare Informationen zur Verf\u00fcgung stellte, hatte das gesamte Projektteam gro\u00dfe Freude daran, die \u00c4rmel hochzukrempeln und zu erleben, wie echte Projekte aussehen. Ich pers\u00f6nlich habe ein besseres Gef\u00fchl f\u00fcr Projektmanagement und Selbstvertrauen bekommen.&#8221;<\/div>\n                <span class=\"d-flex justify-content-end\">Mihailo Bobar, Student im 3. Semester, Management Internationaler Gesch\u00e4ftsprozesse<\/span>\n            <\/div>\n        <\/div>\n    <\/div>\n<\/div>\n\n<div id=\"\" class=\"wp-block-links-block margin-bottom-normal\">\n    <div class=\"container-lg\">\n        <div class=\"row\">\n            <div class=\"col-12\">\n                <div>\n                    <h4><\/h4>\n                    <p>Weitere Informationen zu den Unternehmen und ihren Produkten und Dienstleistungen finden Sie unter den folgenden Links:<\/p>\n\n                <\/div>\n            <\/div>\n                            <div class=\"col-12\">\n                    <div class=\" border-top py-3\">\n                                                    <a href=\"https:\/\/evoski.evolaris.net\/en\/\" target=\"_blank\" class=\"link arrow-link large-arrow major-text-color-hover text-decoration-none\" data-analytics=\"\" rel=\"noopener noreferrer\">\n                                <div class=\"link-content w-100\">\n                                    <div class=\"d-flex align-items-center\">\n                                        <h5 class=\"w-100  mb-0 me-2 \">\n                                            EVOSKI &#8211; Verbesserte Orientierung in Skigebieten<\/h5>\n                                        <svg width=\"9\" height=\"15\" viewbox=\"0 0 9 15\" fill=\"none\" xmlns=\"http:\/\/www.w3.org\/2000\/svg\">\n    <path id=\"chevron_right\" d=\"M1.5 1.5L7.5 7.5L1.5 13.5\" stroke=\"\" stroke-width=\"1.5\" stroke-linecap=\"round\"><\/path>\n<\/svg>                                    <\/div>\n                                    \n                                <\/div>\n                            <\/a>\n                                            <\/div>\n                <\/div>\n                            <div class=\"col-12\">\n                    <div class=\" border-top py-3\">\n                                                    <a href=\"https:\/\/evocall.evolaris.net\/en\/\" target=\"_blank\" class=\"link arrow-link large-arrow major-text-color-hover text-decoration-none\" data-analytics=\"\" rel=\"noopener noreferrer\">\n                                <div class=\"link-content w-100\">\n                                    <div class=\"d-flex align-items-center\">\n                                        <h5 class=\"w-100  mb-0 me-2 \">\n                                            EVOCALL &#8211; Live-Unterst&uuml;tzung f&uuml;r mehr Effizienz<\/h5>\n                                        <svg width=\"9\" height=\"15\" viewbox=\"0 0 9 15\" fill=\"none\" xmlns=\"http:\/\/www.w3.org\/2000\/svg\">\n    <path id=\"chevron_right\" d=\"M1.5 1.5L7.5 7.5L1.5 13.5\" stroke=\"\" stroke-width=\"1.5\" stroke-linecap=\"round\"><\/path>\n<\/svg>                                    <\/div>\n                                    \n                                <\/div>\n                            <\/a>\n                                            <\/div>\n                <\/div>\n                            <div class=\"col-12\">\n                    <div class=\" border-bottom  border-top py-3\">\n                                                    <a href=\"https:\/\/www.exchimp.com\/\" target=\"_blank\" class=\"link arrow-link large-arrow major-text-color-hover text-decoration-none\" data-analytics=\"\" rel=\"noopener noreferrer\">\n                                <div class=\"link-content w-100\">\n                                    <div class=\"d-flex align-items-center\">\n                                        <h5 class=\"w-100  mb-0 me-2 \">\n                                            EXCHIMP &#8211; Ihr Partner f&uuml;r immersive 360&deg;-Videos und Virtual-Reality-Erlebnisse<\/h5>\n                                        <svg width=\"9\" height=\"15\" viewbox=\"0 0 9 15\" fill=\"none\" xmlns=\"http:\/\/www.w3.org\/2000\/svg\">\n    <path id=\"chevron_right\" d=\"M1.5 1.5L7.5 7.5L1.5 13.5\" stroke=\"\" stroke-width=\"1.5\" stroke-linecap=\"round\"><\/path>\n<\/svg>                                    <\/div>\n                                    \n                                <\/div>\n                            <\/a>\n                                            <\/div>\n                <\/div>\n                    <\/div>\n    <\/div>\n<\/div>\n\n<div id=\"\" class=\"wp-block-text-content margin-bottom-normal\">\n    <div class=\"container-lg\">\n        <div class=\"row\">\n            <div class=\"col\">\n                <h5>Informationen zum Projekt: Internationaler Markteintritt<\/h5>\n<p><strong>Dauer:<\/strong> September 2017 &ndash; November 2017<br>\n<strong>Semester:<\/strong> 3. Semester (WS 2017\/18)<br>\n<strong>Projektleitung \/ Kontakt:<\/strong> L&iacute;gia Franco Pasqualin, MA, MBA<\/p>\n\n            <\/div>\n        <\/div>\n            <\/div>\n<\/div>\n\n<div\n    id=\"\"\n    class=\"wp-block-person-cards margin-bottom-normal\"\n>\n    <div class=\"container-lg\">\n      <div class=\"row\">\n                                                          <div class=\"col-6 col-sm-4 col-md-6 col-lg-4 col-xl-3 mb-4\">\n                    <a href=\"https:\/\/www.fh-joanneum.at\/hochschule\/person\/ligia-franco-pasqualin\"\n    class=\"person-card\">\n    <div class=\"border border-light h-100\">\n\n        <div class=\"image-wrapper\">\n            <picture>\n        <img decoding=\"async\"\n        class=\"img-fluid\"\n        src=\"https:\/\/online.fh-joanneum.at\/JOANNEUMonline\/visitenkarte.showImage?pPersonenGruppe=3&amp;pPersonenId=C6280CA6426786D9\"\n        alt=\"\"\n        title=\"\"\n                 onerror=\"this.src = 'https:\/\/www.fh-joanneum.at\/app\/themes\/fh\/public\/images\/avatar_dummy.e5edf9.png'\"     >\n<\/picture>\n\n        <\/div>\n        <div class=\"p-2 p-xl-3\">\n                        <h6>Ligia Franco  Pasqualin<\/h6>\n                            <p class=\"mb-1 hyphens\"> MA<\/p>\n                        <p class=\"mb-0 hyphens\">\n              Hochschullektorin (FH)\n            <\/p>\n        <\/div>\n    <\/div>\n<\/a>                  <\/div>\n                                              <\/div>\n    <\/div>\n<\/div>\n\n","protected":false},"excerpt":{"rendered":"<p>Im dritten Semester ihres Bachelorstudiums haben MIG16-Studierende mit Evolaris Next Level GmbH und EXCHIMP zusammengearbeitet, um die besten Markteintrittsstrategien f\u00fcr sehr innovative Projekte und Dienstleistungen zu finden.<\/p>\n","protected":false},"author":38,"featured_media":10000654,"parent":10000272,"menu_order":122,"comment_status":"closed","ping_status":"closed","template":"template-absolvent.blade.php","meta":{"_acf_changed":false,"footnotes":""},"acf":[],"aioseo_notices":[],"_links":{"self":[{"href":"https:\/\/www.fh-joanneum.at\/management-internationaler-geschaeftsprozesse\/bachelor\/wp-json\/wp\/v2\/pages\/10000651"}],"collection":[{"href":"https:\/\/www.fh-joanneum.at\/management-internationaler-geschaeftsprozesse\/bachelor\/wp-json\/wp\/v2\/pages"}],"about":[{"href":"https:\/\/www.fh-joanneum.at\/management-internationaler-geschaeftsprozesse\/bachelor\/wp-json\/wp\/v2\/types\/page"}],"author":[{"embeddable":true,"href":"https:\/\/www.fh-joanneum.at\/management-internationaler-geschaeftsprozesse\/bachelor\/wp-json\/wp\/v2\/users\/38"}],"replies":[{"embeddable":true,"href":"https:\/\/www.fh-joanneum.at\/management-internationaler-geschaeftsprozesse\/bachelor\/wp-json\/wp\/v2\/comments?post=10000651"}],"version-history":[{"count":0,"href":"https:\/\/www.fh-joanneum.at\/management-internationaler-geschaeftsprozesse\/bachelor\/wp-json\/wp\/v2\/pages\/10000651\/revisions"}],"up":[{"embeddable":true,"href":"https:\/\/www.fh-joanneum.at\/management-internationaler-geschaeftsprozesse\/bachelor\/wp-json\/wp\/v2\/pages\/10000272"}],"wp:featuredmedia":[{"embeddable":true,"href":"https:\/\/www.fh-joanneum.at\/management-internationaler-geschaeftsprozesse\/bachelor\/wp-json\/wp\/v2\/media\/10000654"}],"wp:attachment":[{"href":"https:\/\/www.fh-joanneum.at\/management-internationaler-geschaeftsprozesse\/bachelor\/wp-json\/wp\/v2\/media?parent=10000651"}],"curies":[{"name":"wp","href":"https:\/\/api.w.org\/{rel}","templated":true}]}}