{"id":10001003,"date":"2019-03-03T10:38:24","date_gmt":"2019-03-03T08:38:24","guid":{"rendered":"https:\/\/www.fh-joanneum.at\/management-internationaler-geschaeftsprozesse\/bachelor\/?page_id=1003"},"modified":"2019-03-13T11:18:54","modified_gmt":"2019-03-13T09:18:54","slug":"martin-proprentner","status":"publish","type":"page","link":"https:\/\/www.fh-joanneum.at\/management-internationaler-geschaeftsprozesse\/bachelor\/nach-dem-studium\/absolventinnen-absolventen\/martin-proprentner\/","title":{"rendered":"Martin Proprentner"},"content":{"rendered":"<div id=\"\" class=\"wp-block-text-content margin-bottom-normal\">\n    <div class=\"container-lg\">\n        <div class=\"row\">\n            <div class=\"col\">\n                <h4>Eckdaten<\/h4>\n<p><strong>Jobbezeichnung:<\/strong> Senior Consultant &amp; Produktivit&auml;tssteigerer<br>\n (Davor: Global Head of Business Process Management)<br>\n<strong>Unternehmen:<\/strong>  Czipin Produktivit&auml;tssteigerungs-GmbH <br>\n(Davor: VAN THIEL &amp; CO.) <br>\n<strong>Ich arbeite in:<\/strong> Wien<br>\n<strong>Ich arbeite hier seit:<\/strong> 2019<br>\n<a href=\"mailto:martin@proprentner.com\" title=\"E-Mail an Martin Proprentner senden\">Mein Kontakt<\/a>  <\/p>\n<h4>Was ich mache<\/h4>\n<p>Ich k&auml;mpfe leidenschaftlich f&uuml;r das, woran ich glaube, bleibe aber offen f&uuml;r Lernen und Wachstum. Ich setze mich daf&uuml;r ein, Menschen zu verbinden, die nach Kreativit&auml;t und Innovation streben, mit Empathie zu f&uuml;hren und mich und andere zu inspirieren, pers&ouml;nlich und beruflich etwas zu bewegen. Ich setze Priorit&auml;ten und es gibt immer Zeit f&uuml;r Familie und Menschen, die einem wichtig sind, gesunde Aktivit&auml;ten und guten altmodischen Spa&szlig;.  <\/p>\n<h4>Warum ich meinen Beruf liebe<\/h4>\n<p>Sich t&auml;glich neuen Herausforderungen stellen und interessante Menschen treffen. Arbeiten in einem Team mit leidenschaftlichen Menschen, in dem sich jeder f&uuml;r Exzellenz einsetzt.  <\/p>\n<h4>Wichtige F&auml;higkeiten in meinem Job<\/h4>\n<ul>\n<li>Einsatz<\/li>\n<li>Kommunikation  <\/li>\n<li>Teamarbeit  <\/li>\n<li>Ein guter Zuh&ouml;rer sein  <\/li>\n<li>F&uuml;hrung  <\/li>\n<li>Ver&auml;nderungsmanagement  <\/li>\n<li>MS Excel  <\/li>\n<li>Digitale Transformation  <\/li>\n<li>Agile Projektleitung  <\/li>\n<\/ul>\n<h4>Mein bisher gr&ouml;&szlig;ter Erfolg in meiner Karriere<\/h4>\n<p>Die Zusammenarbeit mit gro&szlig;en Namen aus vielen Branchen und die Erfahrung, dass es immer einen Weg gibt, sich weiter zu verbessern, egal wie gut es l&auml;uft.  <\/p>\n<h4>So bin ich zu meinem Job gekommen<\/h4>\n<p>Ich fand meinen aktuellen Job &uuml;ber einen standardisierten Rekrutierungsprozess, aber f&uuml;r meinen vorherigen Job als &ldquo;Global Head of Business Process Management&rdquo; war das Studium entscheidend, da das Unternehmen speziell innerhalb dieser kleinen Gruppe von Alumni rekrutiert hatte.<\/p>\n<h4>Das habe ich im Studium an der FH JOANNEUM f&uuml;r&rsquo;s Berufsleben gelernt<\/h4>\n<ul>\n<li>Teamarbeit  <\/li>\n<li>Interkulturelle Erfahrungen #StudyAbroad  <\/li>\n<li>Nach Hause gehen, wenn die Arbeit erledigt ist und nicht, wenn die Glocke l&auml;utet &ndash; egal wie sp&auml;t es ist.  <\/li>\n<li>Rechtliche, betriebswirtschaftliche und finanzielle Grundlagen  <\/li>\n<li>Werkzeuge zur Gesch&auml;ftsprozessanalyse  <\/li>\n<li>Zwischenmenschliches Management  <\/li>\n<\/ul>\n<h4>Die Jobchancen in meinem Bereich<\/h4>\n<p>Ich sehe keine Einschr&auml;nkung.   <\/p>\n<h1>TheSkyistheLimit<\/h1>\n<h4>Ich bin<\/h4>\n<p>Ich versuche, mich &uuml;ber 8 Kernwerte zu definieren:  <\/p>\n<ul>\n<li>Integrit&auml;t &amp; Vertrauen  <\/li>\n<li>Familie &amp; Freundschaft  <\/li>\n<li>Teilen  <\/li>\n<li>Tradition  <\/li>\n<li>&Auml;ndern  <\/li>\n<li>Emotionale Intelligenz  <\/li>\n<li>Lernen  <\/li>\n<li>Einsatz<br>\n(Details @<a href=\"http:\/\/www.martin-proprentner.com\" target=\"_blank\" rel=\"noopener noreferrer\">www.martin-proprentner.com<\/a>  <\/li>\n<\/ul>\n<h4>Ich &uuml;ber meinen Job<\/h4>\n<p>In meinem Beruf konzentriere ich mich auf die Entwicklung und Optimierung unternehmensweiter Abl&auml;ufe durch strategische und nachhaltige Ver&auml;nderungen in allen Abteilungen des Unternehmens. Dies geht Hand in Hand mit Personalf&uuml;hrung, interner und externer Gesch&auml;ftskommunikation, Prozessdigitalisierung sowie der Steuerung der Entwicklung und Implementierung von Informationssystemen.  <\/p>\n\n            <\/div>\n        <\/div>\n            <\/div>\n<\/div>\n\n","protected":false},"excerpt":{"rendered":"<p>Ich habe viele Jahre in Peking und Hongkong gelebt und dabei weltweit an der Optimierung von Unternehmensprozessen gearbeitet. Unz\u00e4hlige Erfahrungen sp\u00e4ter entschied ich mich, ins sch\u00f6ne \u00d6sterreich zur\u00fcckzukehren und als Produktivit\u00e4tssteigerer zu arbeiten.<\/p>\n","protected":false},"author":11,"featured_media":10001020,"parent":10000286,"menu_order":79,"comment_status":"closed","ping_status":"closed","template":"template-absolvent.blade.php","meta":{"_acf_changed":false,"footnotes":""},"acf":[],"aioseo_notices":[],"_links":{"self":[{"href":"https:\/\/www.fh-joanneum.at\/management-internationaler-geschaeftsprozesse\/bachelor\/wp-json\/wp\/v2\/pages\/10001003"}],"collection":[{"href":"https:\/\/www.fh-joanneum.at\/management-internationaler-geschaeftsprozesse\/bachelor\/wp-json\/wp\/v2\/pages"}],"about":[{"href":"https:\/\/www.fh-joanneum.at\/management-internationaler-geschaeftsprozesse\/bachelor\/wp-json\/wp\/v2\/types\/page"}],"author":[{"embeddable":true,"href":"https:\/\/www.fh-joanneum.at\/management-internationaler-geschaeftsprozesse\/bachelor\/wp-json\/wp\/v2\/users\/11"}],"replies":[{"embeddable":true,"href":"https:\/\/www.fh-joanneum.at\/management-internationaler-geschaeftsprozesse\/bachelor\/wp-json\/wp\/v2\/comments?post=10001003"}],"version-history":[{"count":0,"href":"https:\/\/www.fh-joanneum.at\/management-internationaler-geschaeftsprozesse\/bachelor\/wp-json\/wp\/v2\/pages\/10001003\/revisions"}],"up":[{"embeddable":true,"href":"https:\/\/www.fh-joanneum.at\/management-internationaler-geschaeftsprozesse\/bachelor\/wp-json\/wp\/v2\/pages\/10000286"}],"wp:featuredmedia":[{"embeddable":true,"href":"https:\/\/www.fh-joanneum.at\/management-internationaler-geschaeftsprozesse\/bachelor\/wp-json\/wp\/v2\/media\/10001020"}],"wp:attachment":[{"href":"https:\/\/www.fh-joanneum.at\/management-internationaler-geschaeftsprozesse\/bachelor\/wp-json\/wp\/v2\/media?parent=10001003"}],"curies":[{"name":"wp","href":"https:\/\/api.w.org\/{rel}","templated":true}]}}