{"id":10001043,"date":"2019-03-09T11:49:51","date_gmt":"2019-03-09T09:49:51","guid":{"rendered":"https:\/\/www.fh-joanneum.at\/management-internationaler-geschaeftsprozesse\/bachelor\/?page_id=1043"},"modified":"2020-06-09T15:54:58","modified_gmt":"2020-06-09T13:54:58","slug":"bianca-kainer","status":"publish","type":"page","link":"https:\/\/www.fh-joanneum.at\/management-internationaler-geschaeftsprozesse\/bachelor\/nach-dem-studium\/absolventinnen-absolventen\/bianca-kainer\/","title":{"rendered":"Bianca Kainer"},"content":{"rendered":"<div id=\"\" class=\"wp-block-text-content margin-bottom-normal\">\n    <div class=\"container-lg\">\n        <div class=\"row\">\n            <div class=\"col\">\n                <h4>Eckdaten<\/h4>\n<p><strong>Jobbezeichnung:<\/strong> Sr. Specialist Global Mobility Programs &amp; Processes<br>\n<strong>Unternehmen:<\/strong> Magna Powertrain GmbH<br>\n<strong>Ich arbeite in:<\/strong> Lannach, Steiermark<br>\n<strong>Ich arbeite hier seit:<\/strong> 01.07.2014<br>\n<a href=\"mailto:Bianca.kainer@me.com\" title=\"E-Mail an Bianca Kainer senden\">Mein Kontakt<\/a>  <\/p>\n<h4>Was ich mache<\/h4>\n<p>Im Center of Excellence bin ich Ansprechperson f&uuml;r Global Mobility und Dienstreisen auf globaler Ebene. Meine Aufgabe ist es daher den Rahmen und die Standards f&uuml;r jegliche Art von grenz&uuml;berschreitenden T&auml;tigkeiten unserer mehr als 30.000 MitarbeiterInnen weltweit zu setzen, Prozesse zu definieren und Best Practices mit allen Human Resources Verantwortlichen weltweit zu teilen. Neben der Koordination externer Dienstleistern, wie beispielsweise Steuerberatern und Versicherungen, geh&ouml;rt auch die Gestaltung und Weiterentwicklung unserer Dienstreise- und Entsende-Richtlinien zum meinen T&auml;tigkeiten.  <\/p>\n<h4>Warum ich meinen Beruf liebe<\/h4>\n<ul>\n<li>Der Kontakt mit unterschiedlichen Kulturen und Menschen  <\/li>\n<li>Komplexe Aufgaben in einer globalen Rolle mit t&auml;glichen neuen Herausforderungen  <\/li>\n<li>Flexibilit&auml;t und selbst&auml;ndige Einteilung des Tagesablaufs  <\/li>\n<li>Gro&szlig;er Spielraum bei Projekten  <\/li>\n<\/ul>\n<h4>Wichtige F&auml;higkeiten in meinem Job<\/h4>\n<ul>\n<li>Projektmanagement  <\/li>\n<li>Flexibilit&auml;t  <\/li>\n<li>Kommunikationsf&auml;higkeit  <\/li>\n<li>Moderationstechniken und   <\/li>\n<li>Interkulturelle Kompetenz  <\/li>\n<\/ul>\n<h4>Mein bisher gr&ouml;&szlig;ter Erfolg in meiner Karriere<\/h4>\n<p>Mein bisher gr&ouml;&szlig;ter Erfolg war die Organisation und Umsetzung einer Schulungsinitiative &uuml;ber die Schengen-Zone und europ&auml;ische Einreise-, Arbeits- und Aufenthaltsbestimmung f&uuml;r Dienstreisende und deren Vorgesetzte in Mexiko.  <\/p>\n<h4>So bin ich zu meinem Job gekommen<\/h4>\n<p>Der gro&szlig;e Vorteil eines Konzerns ist, dass man neue Herausforderungen und Weiterentwicklungsm&ouml;glichkeiten auch innerhalb des Unternehmens suchen und vor allem finden kann. Nach zwei Jahren als Personalentwicklerin f&uuml;r den Angestelltenbereich, wechselte ich in den Bereich Global Mobility.  <\/p>\n<h4>Das habe ich im Studium an der FH JOANNEUM f&uuml;r&rsquo;s Berufsleben gelernt<\/h4>\n<ul>\n<li>Vernetztes Denken  <\/li>\n<li>Schnelle L&ouml;sungsfindung  <\/li>\n<li>Interkulturelle Zusammenarbeit  <\/li>\n<\/ul>\n<h4>Die Jobchancen in meinem Bereich<\/h4>\n<p>Positionen im Bereich International HR bzw. Global Mobility sind sehr selten und meistens nur in Gro&szlig;konzernen vorhanden.  <\/p>\n<h4>Ich bin<\/h4>\n<ul>\n<li>Kreativ  <\/li>\n<li>Kommunikationsfreudig  <\/li>\n<li>Neugierig  <\/li>\n<li>Flexibel  <\/li>\n<\/ul>\n<h4>Ich &uuml;ber meinen Job<\/h4>\n<p>Was ich an meinem Job am meisten sch&auml;tze, ist der Umgang mit unterschiedlichen Nationalit&auml;ten und die gemeinsame Umsetzung von globalen Projekten.  <\/p>\n\n            <\/div>\n        <\/div>\n            <\/div>\n<\/div>\n\n","protected":false},"excerpt":{"rendered":"<p>Human Ressource Management ist f\u00fcr mich eines der spannendsten und vielf\u00e4ltigsten Aufgabengebiete, da es die Bed\u00fcrfnisse und F\u00e4higkeiten der Mitarbeiterinnen und Mitarbeiter mit den Zielen des Unternehmens verbindet und versucht in Einklang zu bringen. <\/p>\n","protected":false},"author":11,"featured_media":10001060,"parent":10000286,"menu_order":74,"comment_status":"closed","ping_status":"closed","template":"template-absolvent.blade.php","meta":{"_acf_changed":false,"footnotes":""},"acf":[],"aioseo_notices":[],"_links":{"self":[{"href":"https:\/\/www.fh-joanneum.at\/management-internationaler-geschaeftsprozesse\/bachelor\/wp-json\/wp\/v2\/pages\/10001043"}],"collection":[{"href":"https:\/\/www.fh-joanneum.at\/management-internationaler-geschaeftsprozesse\/bachelor\/wp-json\/wp\/v2\/pages"}],"about":[{"href":"https:\/\/www.fh-joanneum.at\/management-internationaler-geschaeftsprozesse\/bachelor\/wp-json\/wp\/v2\/types\/page"}],"author":[{"embeddable":true,"href":"https:\/\/www.fh-joanneum.at\/management-internationaler-geschaeftsprozesse\/bachelor\/wp-json\/wp\/v2\/users\/11"}],"replies":[{"embeddable":true,"href":"https:\/\/www.fh-joanneum.at\/management-internationaler-geschaeftsprozesse\/bachelor\/wp-json\/wp\/v2\/comments?post=10001043"}],"version-history":[{"count":0,"href":"https:\/\/www.fh-joanneum.at\/management-internationaler-geschaeftsprozesse\/bachelor\/wp-json\/wp\/v2\/pages\/10001043\/revisions"}],"up":[{"embeddable":true,"href":"https:\/\/www.fh-joanneum.at\/management-internationaler-geschaeftsprozesse\/bachelor\/wp-json\/wp\/v2\/pages\/10000286"}],"wp:featuredmedia":[{"embeddable":true,"href":"https:\/\/www.fh-joanneum.at\/management-internationaler-geschaeftsprozesse\/bachelor\/wp-json\/wp\/v2\/media\/10001060"}],"wp:attachment":[{"href":"https:\/\/www.fh-joanneum.at\/management-internationaler-geschaeftsprozesse\/bachelor\/wp-json\/wp\/v2\/media?parent=10001043"}],"curies":[{"name":"wp","href":"https:\/\/api.w.org\/{rel}","templated":true}]}}