{"id":10001267,"date":"2020-10-13T14:33:31","date_gmt":"2020-10-13T12:33:31","guid":{"rendered":"https:\/\/www.fh-joanneum.at\/management-internationaler-geschaeftsprozesse\/bachelor\/?page_id=1267"},"modified":"2020-10-13T14:56:35","modified_gmt":"2020-10-13T12:56:35","slug":"von-der-analyse-zum-innovationsansatz","status":"publish","type":"page","link":"https:\/\/www.fh-joanneum.at\/management-internationaler-geschaeftsprozesse\/bachelor\/im-studium\/praxisprojekte\/von-der-analyse-zum-innovationsansatz\/","title":{"rendered":"Von der Analyse zum Innovationsansatz"},"content":{"rendered":"<div id=\"\" class=\"wp-block-text-content margin-bottom-normal\">\n    <div class=\"container-lg\">\n        <div class=\"row\">\n            <div class=\"col\">\n                <p>Im letzten Semetser konnten die Studierenden in Kooperation mit der <a href=\"https:\/\/www.grintec.com\/\" target=\"_blank\" rel=\"noopener noreferrer\">GRINTEC GmbH<\/a> die spannenden Herausforderungen des Projektmanagements in der Praxis erfahren. Begleitet wurden sie w&auml;hrend der 12-w&ouml;chigen Projektlaufzeit von der Lehrenden <a href=\"https:\/\/www.fh-joanneum.at\/hochschule\/person\/clarissa-maierhofer\/\">Clarissa Maierhofer<\/a>, die ihnen als Coachin zur Seite stand.<\/p>\n<p>Die Aufgabenstellung war durchaus vielf&auml;ltig, denn nach der Analyse des Unternehmens, seines Gesch&auml;ftsmodells und des Markts wurden von den Studierendengruppen konkrete Innovationsans&auml;tze entwickelt und pr&auml;sentiert. Dabei fokussierte sich jedes Team auf einen anderen Bereich des Gesch&auml;ftsmodells beziehungsweise auf ein Produkt. <\/p>\n<p>Mit dem Produkt LineRegister erm&ouml;glicht es GRINTEC den Netzbetreibern ihre Pl&auml;ne und Informationen &uuml;ber Leitungstrassen und Einbauten rund um die Uhr online zur Verf&uuml;gung zu stellen. Wohingegen das Produkt PlanTogether der koordinierten Baustellenplanung dient.<\/p>\n\n            <\/div>\n        <\/div>\n            <\/div>\n<\/div>\n\n<div\n    id=\"\"\n    class=\"wp-block-blockquote margin-bottom-normal\"\n>\n    <div class=\"container-lg\">\n        <div class=\"row\">\n            <div class=\"col\">\n                <div class=\"d-block mb-2 fs-5 major-text-color\">Im Laufe unseres Abschlussprojektes mit dem Grazer IT-Unternehmen GRINTEC konnten wir unsere Projektmanagement-Skills, welche wir \u00fcber die letzten drei Jahre erlernt haben, beweisen und anwenden. Au\u00dferdem war es eine Freude und Bereicherung f\u00fcr uns als Studierende mit einem innovativen Unternehmen, mit konstruktivem Feedback und klaren Anweisungen zu arbeiten.<br \/>\r\n<br \/>\r\n<\/div>\n                <span class=\"d-flex justify-content-end\">Anna Tutner, Studentin Management internationaler Gesch\u00e4ftsprozesse<\/span>\n            <\/div>\n        <\/div>\n    <\/div>\n<\/div>\n\n<div id=\"\" class=\"wp-block-text-content margin-bottom-normal\">\n    <div class=\"container-lg\">\n        <div class=\"row\">\n            <div class=\"col\">\n                <p>Sowohl GRINTEC als auch die Studierenden selbst sind stolz auf die erzielten Erfolge und stellten diese im Anschluss an das Projekt in einer gemeinschaftlichen Pr&auml;sentation auf dem AGIT Symposium im Juli 2020 dem breiten Publikum vor.<\/p>\n\n            <\/div>\n        <\/div>\n            <\/div>\n<\/div>\n\n","protected":false},"excerpt":{"rendered":"<p>Ein bestehendes Gesch\u00e4ftsmodell analysieren und m\u00f6gliche Innovationen aufzeigen \u2013 dies waren die Projektauftr\u00e4ge an die Studierenden von \u201eManagement internationaler Gesch\u00e4ftsprozesse\u201c.<\/p>\n","protected":false},"author":38,"featured_media":10001269,"parent":10000272,"menu_order":48,"comment_status":"closed","ping_status":"closed","template":"template-absolvent.blade.php","meta":{"_acf_changed":false,"footnotes":""},"acf":[],"aioseo_notices":[],"_links":{"self":[{"href":"https:\/\/www.fh-joanneum.at\/management-internationaler-geschaeftsprozesse\/bachelor\/wp-json\/wp\/v2\/pages\/10001267"}],"collection":[{"href":"https:\/\/www.fh-joanneum.at\/management-internationaler-geschaeftsprozesse\/bachelor\/wp-json\/wp\/v2\/pages"}],"about":[{"href":"https:\/\/www.fh-joanneum.at\/management-internationaler-geschaeftsprozesse\/bachelor\/wp-json\/wp\/v2\/types\/page"}],"author":[{"embeddable":true,"href":"https:\/\/www.fh-joanneum.at\/management-internationaler-geschaeftsprozesse\/bachelor\/wp-json\/wp\/v2\/users\/38"}],"replies":[{"embeddable":true,"href":"https:\/\/www.fh-joanneum.at\/management-internationaler-geschaeftsprozesse\/bachelor\/wp-json\/wp\/v2\/comments?post=10001267"}],"version-history":[{"count":0,"href":"https:\/\/www.fh-joanneum.at\/management-internationaler-geschaeftsprozesse\/bachelor\/wp-json\/wp\/v2\/pages\/10001267\/revisions"}],"up":[{"embeddable":true,"href":"https:\/\/www.fh-joanneum.at\/management-internationaler-geschaeftsprozesse\/bachelor\/wp-json\/wp\/v2\/pages\/10000272"}],"wp:featuredmedia":[{"embeddable":true,"href":"https:\/\/www.fh-joanneum.at\/management-internationaler-geschaeftsprozesse\/bachelor\/wp-json\/wp\/v2\/media\/10001269"}],"wp:attachment":[{"href":"https:\/\/www.fh-joanneum.at\/management-internationaler-geschaeftsprozesse\/bachelor\/wp-json\/wp\/v2\/media?parent=10001267"}],"curies":[{"name":"wp","href":"https:\/\/api.w.org\/{rel}","templated":true}]}}