{"id":10001361,"date":"2023-07-20T16:30:22","date_gmt":"2023-07-20T14:30:22","guid":{"rendered":"https:\/\/www.fh-joanneum.at\/management-internationaler-geschaeftsprozesse\/bachelor\/?page_id=1361"},"modified":"2023-07-20T16:32:17","modified_gmt":"2023-07-20T14:32:17","slug":"studierende-der-fh-joanneum-kooperieren-mit-lotta-curls","status":"publish","type":"page","link":"https:\/\/www.fh-joanneum.at\/management-internationaler-geschaeftsprozesse\/bachelor\/im-studium\/praxisprojekte\/studierende-der-fh-joanneum-kooperieren-mit-lotta-curls\/","title":{"rendered":"Studierende der FH JOANNEUM kooperieren mit Lotta Curls"},"content":{"rendered":"<div id=\"\" class=\"wp-block-text-content margin-bottom-normal\">\n    <div class=\"container-lg\">\n        <div class=\"row\">\n            <div class=\"col\">\n                <p>Die Studierenden des Studiengangs &bdquo;International Management&ldquo; der FH JOANNEUM haben sich mit den beiden Gr&uuml;nderinnen des Start-ups Lotta Curls zusammengetan. &Uuml;ber ein ganzes Semester hinweg stand das Projekt im Mittelpunkt der Lehrveranstaltung &bdquo;Projekt: International Business Modelling &amp; Community Work&ldquo;, das von der Lehrenden Clarissa Maierhofer begleitet wurde. Im Fokus lag eine Markt- und Wettbewerbsanalyse, um daraus in Folge Gesch&auml;fts- und Social-Media-Marketingstrategien abzuleiten und Handlungsempfehlungen auszusprechen. Mit diesem Projekt unterstreicht die FH JOANNEUM einmal mehr ihr Engagement f&uuml;r Zusammenarbeit und Innovation.<\/p>\n\n            <\/div>\n        <\/div>\n            <\/div>\n<\/div>\n\n<div\n    id=\"\"\n    class=\"wp-block-blockquote margin-bottom-normal\"\n>\n    <div class=\"container-lg\">\n        <div class=\"row\">\n            <div class=\"col\">\n                <div class=\"d-block mb-2 fs-5 major-text-color\">Die Kooperation mit Lotta Curls war eine bereichernde Erfahrung, bei der wir nicht nur Wissen aus verschiedenen Lehrveranstaltungen unseres Studiums anwenden, sondern auch unsere Teamwork-Skills unter Beweis stellen konnten. Die Wertsch\u00e4tzung unserer Ausarbeitungen durch das Start-up war zudem sehr motivierend.<br \/>\r\n<\/div>\n                <span class=\"d-flex justify-content-end\">Vanessa Scherr, Studierende von Internationales Management<\/span>\n            <\/div>\n        <\/div>\n    <\/div>\n<\/div>\n\n<div id=\"\" class=\"wp-block-text-content margin-bottom-normal\">\n    <div class=\"container-lg\">\n        <div class=\"row\">\n            <div class=\"col\">\n                <p>Nach dem erfolgreichen Launch ihres Lockenbands, mithilfe dessen &uuml;ber Nacht Locken ohne Hitze geformt werden, konnte Lotta Curls die Produktpalette stetig erweitern und sich am Markt etablieren. <\/p>\n\n            <\/div>\n        <\/div>\n            <\/div>\n<\/div>\n\n<div\n    id=\"\"\n    class=\"wp-block-blockquote margin-bottom-normal\"\n>\n    <div class=\"container-lg\">\n        <div class=\"row\">\n            <div class=\"col\">\n                <div class=\"d-block mb-2 fs-5 major-text-color\">Die Kooperation mit den Studierenden des Studiengangs \u201eInternationales Management\u201c war f\u00fcr uns eine gro\u00dfe Bereicherung. Die Studierenden haben hervorragende Recherchen durchgef\u00fchrt und haben unsere Erwartungen \u00fcbertroffen. Der pers\u00f6nliche Austausch kam nicht zu kurz und alle Beteiligten waren hoch motiviert am Projekt. Die Ergebnisse bei der Abschlusspr\u00e4sentation waren ausgezeichnet und bieten eine profunde Grundlage f\u00fcr unsere n\u00e4chsten Schritte im Social-Media-Bereich. Als Absolventin des Studiengangs macht es mich sehr gl\u00fccklich, dass so viele talentierte Personen ihre F\u00e4higkeiten in den verschiedensten Bereich einbringen konnten.<br \/>\r\nChristina Niederl, Co-Founder Lotta Curls<br \/>\r\n<\/div>\n                <span class=\"d-flex justify-content-end\">Christina Niederl, Co-Founder Lotta Curls<\/span>\n            <\/div>\n        <\/div>\n    <\/div>\n<\/div>\n\n<div id=\"\" class=\"wp-block-text-content margin-bottom-normal\">\n    <div class=\"container-lg\">\n        <div class=\"row\">\n            <div class=\"col\">\n                <p>Die Zusammenarbeit mit den Studierenden der FH JOANNEUM hat Lotta Curls neue Perspektiven f&uuml;r Wachstum und Entwicklung er&ouml;ffnet. Mit der Aufgabe, den Markt zu analysieren, haben die Studierenden umfassende Forschung betrieben, um Einblicke in die Bed&uuml;rfnisse, Vorlieben und aufkommenden Trends der Verbraucher:innen zu gewinnen. Durch die Verbindung der Fachkenntnisse der Gr&uuml;nderinnen von Lotta Curls mit der Kreativit&auml;t und dem Wissen der Studierenden entstand ein synergistischer Ansatz, um die Markenpr&auml;senz von Lotta Curls zu st&auml;rken und eine breitere Zielgruppe anzusprechen.<\/p>\n<p><a href=\"https:\/\/lottacurls.com\" target=\"_blank\" rel=\"noopener noreferrer\">https:\/\/lottacurls.com<\/a><\/p>\n\n            <\/div>\n        <\/div>\n            <\/div>\n<\/div>\n\n","protected":false},"excerpt":{"rendered":"<p>Bei der Projektkooperation mit dem Start-up dreht sich alles um Locken ohne Hitze.<\/p>\n","protected":false},"author":11,"featured_media":10001362,"parent":10000272,"menu_order":55,"comment_status":"closed","ping_status":"closed","template":"template-absolvent.blade.php","meta":{"_acf_changed":false,"footnotes":""},"acf":[],"aioseo_notices":[],"_links":{"self":[{"href":"https:\/\/www.fh-joanneum.at\/management-internationaler-geschaeftsprozesse\/bachelor\/wp-json\/wp\/v2\/pages\/10001361"}],"collection":[{"href":"https:\/\/www.fh-joanneum.at\/management-internationaler-geschaeftsprozesse\/bachelor\/wp-json\/wp\/v2\/pages"}],"about":[{"href":"https:\/\/www.fh-joanneum.at\/management-internationaler-geschaeftsprozesse\/bachelor\/wp-json\/wp\/v2\/types\/page"}],"author":[{"embeddable":true,"href":"https:\/\/www.fh-joanneum.at\/management-internationaler-geschaeftsprozesse\/bachelor\/wp-json\/wp\/v2\/users\/11"}],"replies":[{"embeddable":true,"href":"https:\/\/www.fh-joanneum.at\/management-internationaler-geschaeftsprozesse\/bachelor\/wp-json\/wp\/v2\/comments?post=10001361"}],"version-history":[{"count":0,"href":"https:\/\/www.fh-joanneum.at\/management-internationaler-geschaeftsprozesse\/bachelor\/wp-json\/wp\/v2\/pages\/10001361\/revisions"}],"up":[{"embeddable":true,"href":"https:\/\/www.fh-joanneum.at\/management-internationaler-geschaeftsprozesse\/bachelor\/wp-json\/wp\/v2\/pages\/10000272"}],"wp:featuredmedia":[{"embeddable":true,"href":"https:\/\/www.fh-joanneum.at\/management-internationaler-geschaeftsprozesse\/bachelor\/wp-json\/wp\/v2\/media\/10001362"}],"wp:attachment":[{"href":"https:\/\/www.fh-joanneum.at\/management-internationaler-geschaeftsprozesse\/bachelor\/wp-json\/wp\/v2\/media?parent=10001361"}],"curies":[{"name":"wp","href":"https:\/\/api.w.org\/{rel}","templated":true}]}}