{"id":10001380,"date":"2023-12-20T14:45:42","date_gmt":"2023-12-20T12:45:42","guid":{"rendered":"https:\/\/www.fh-joanneum.at\/management-internationaler-geschaeftsprozesse\/bachelor\/?page_id=1380"},"modified":"2023-12-20T14:46:10","modified_gmt":"2023-12-20T12:46:10","slug":"allessandro-schauperl-2","status":"publish","type":"page","link":"https:\/\/www.fh-joanneum.at\/management-internationaler-geschaeftsprozesse\/bachelor\/nach-dem-studium\/absolventinnen-absolventen\/allessandro-schauperl-2\/","title":{"rendered":"Allessandro Schauperl"},"content":{"rendered":"<div id=\"\" class=\"wp-block-text-content margin-bottom-normal\">\n    <div class=\"container-lg\">\n        <div class=\"row\">\n            <div class=\"col\">\n                <h4>Eckdaten<\/h4>\n<p><strong>Jobbezeichnung:<\/strong> Procurement Freight and Logistics Services<br>\n<strong>Unternehmen:<\/strong> Magna International Europe<br>\n<strong>Ich arbeite in:<\/strong> Graz, Austria<br>\n<strong>Ich arbeite hier seit:<\/strong> 2022<br>\n<strong>Mein Kontakt:<\/strong> a.schauperl@gmx.at<br>\n<strong>Meine Social URL:<\/strong> https:\/\/www.linkedin.com\/in\/alessandro-schauperl\/  <\/p>\n<h4>Was ich mache<\/h4>\n<ul>\n<li>Verantwortung f&uuml;r den globalen Seefrachtseinkauf  <\/li>\n<li>Abwicklung diverser Ausschreibungen f&uuml;r Seefracht und Landfracht  <\/li>\n<li>Vertragsverhandlungen mit Logistikdienstleistern  <\/li>\n<\/ul>\n<h4>Warum ich meinen Beruf liebe<\/h4>\n<ul>\n<li>Jeder Tag gestaltet sich anders und ein hohes Ma&szlig; an Situationselastizit&auml;t ist notwendig  <\/li>\n<li>T&auml;gliches agieren im internationalen Umfeld  <\/li>\n<li>Intensive Verhandlungen mit positivem Outcome   <\/li>\n<\/ul>\n<h4>Wichtige F&auml;higkeiten in meinem Job<\/h4>\n<ul>\n<li>Schlagfertigkeit  <\/li>\n<li>Selbstbewusstsein  <\/li>\n<li>Hausverstand (!!)  <\/li>\n<\/ul>\n<h4>Mein bisher gr&ouml;&szlig;ter Erfolg in meiner Karriere<\/h4>\n<p>Als ich an einem Freitag Nachmittag den Anruf des Supply Chain Managers aus einem unserer US-Werke erhielt, und der mir sagte, er h&auml;tte mich gern als Verhandlungsf&uuml;hrer f&uuml;r seine Transportverhandlungen, da er mich in einigen Verhandlungen davor mit erlebt hatte. Am Montag drauf sa&szlig; ich im Flieger an die Ostk&uuml;ste und konnte am Donnerstag (nach nicht einmal 72 Stunden) schon wieder mit einem Riesenerfolg in der Verhandlung nach Hause fliegen.<br>\nDiese Verhandlung hat mir dann auch den Weg geebnet auf globalem Level f&uuml;r den kompletten Seefrachts-einkauf verantwortlich zu sein.  <\/p>\n<h4>So bin ich zu meinem Job gekommen<\/h4>\n<p>W&auml;hrend des letzten Studiensemesters habe ich begonnen diverse Jobportale zu durchforsten, die meinen F&auml;higkeiten entsprechen und bin dort auf die Anzeige eines Personalberaters gesto&szlig;en, &uuml;ber den die Bewerbung dann stattgefunden hat. Eigentlich war es ein ganz gew&ouml;hnlicher Bewerbungsprozess.  <\/p>\n<h4>Das habe ich im Studium an der FH JOANNEUM f&uuml;r&rsquo;s Berufsleben gelernt<\/h4>\n<p>Die Tatsache, dass man im Studium dauerhaft damit konfrontiert ist, vor anderen Personen (auf mehreren Sprachen) zu sprechen und zu pr&auml;sentieren sowie die gewisse rechtliche Grundausbildung, die man hier mitnimmt, helfen in meinen Job ungemein. Allein Vertragsverhandlungen w&auml;ren ohne die juristische Basis nicht m&ouml;glich und auch das Argumentieren und Durchsetzungsverm&ouml;gen, kann man aus unserem Studium auf einer sehr soliden Basis mitnehmen.  <\/p>\n<h4>Die Jobchancen in meinem Bereich<\/h4>\n<p>Wenn man bereits w&auml;hrend des Studiums beginnt, sich in einem gewissen Bereich weiterzubilden (bei mir eben Logistics\/Supply Chain Management), dann stehen die Chancen sehr gut, dass man auch direkt aus dem Studium nicht in einem Assistenzjob einsteigt. Generell w&uuml;rde ich hier aber behaupten, dass unabh&auml;ngig von der Branche immer der eigene Ehrgeiz entscheidet und nicht die Ausbildung allein. Wenn man bereit dazu ist, die extra-mile zu gehen, dann findet man immer eine Berufung die einen erf&uuml;llt.  <\/p>\n<h4>Drei Eigenschaften, die mich auszeichnen<\/h4>\n<ul>\n<li>Extrovertiert  <\/li>\n<li>Ehrlich &amp; Direkt  <\/li>\n<li>Fordernd  <\/li>\n<\/ul>\n\n            <\/div>\n        <\/div>\n            <\/div>\n<\/div>\n\n<div\n    id=\"\"\n    class=\"wp-block-blockquote margin-bottom-normal\"\n>\n    <div class=\"container-lg\">\n        <div class=\"row\">\n            <div class=\"col\">\n                <div class=\"d-block mb-2 fs-5 major-text-color\">Das Leben ist ein Spiel der genauesten Fehler, wer die kleinsten Fehler macht, gewinnt. <\/div>\n                <span class=\"d-flex justify-content-end\">Alessandro Schauperl<\/span>\n            <\/div>\n        <\/div>\n    <\/div>\n<\/div>\n\n","protected":false},"excerpt":{"rendered":"<p>Als Procurement Specialist f\u00fcr Magna International Europe in Graz steuere ich seit 2022 den globalen Seefrachtseinkauf, f\u00fchre Ausschreibungen und Vertragsverhandlungen durch. T\u00e4glich wechselnde Herausforderungen, internationales Arbeiten und erfolgreiche Verhandlungen machen meinen Job einzigartig.<\/p>\n","protected":false},"author":38,"featured_media":10001386,"parent":10000286,"menu_order":68,"comment_status":"closed","ping_status":"closed","template":"template-absolvent.blade.php","meta":{"_acf_changed":false,"footnotes":""},"acf":[],"aioseo_notices":[],"_links":{"self":[{"href":"https:\/\/www.fh-joanneum.at\/management-internationaler-geschaeftsprozesse\/bachelor\/wp-json\/wp\/v2\/pages\/10001380"}],"collection":[{"href":"https:\/\/www.fh-joanneum.at\/management-internationaler-geschaeftsprozesse\/bachelor\/wp-json\/wp\/v2\/pages"}],"about":[{"href":"https:\/\/www.fh-joanneum.at\/management-internationaler-geschaeftsprozesse\/bachelor\/wp-json\/wp\/v2\/types\/page"}],"author":[{"embeddable":true,"href":"https:\/\/www.fh-joanneum.at\/management-internationaler-geschaeftsprozesse\/bachelor\/wp-json\/wp\/v2\/users\/38"}],"replies":[{"embeddable":true,"href":"https:\/\/www.fh-joanneum.at\/management-internationaler-geschaeftsprozesse\/bachelor\/wp-json\/wp\/v2\/comments?post=10001380"}],"version-history":[{"count":0,"href":"https:\/\/www.fh-joanneum.at\/management-internationaler-geschaeftsprozesse\/bachelor\/wp-json\/wp\/v2\/pages\/10001380\/revisions"}],"up":[{"embeddable":true,"href":"https:\/\/www.fh-joanneum.at\/management-internationaler-geschaeftsprozesse\/bachelor\/wp-json\/wp\/v2\/pages\/10000286"}],"wp:featuredmedia":[{"embeddable":true,"href":"https:\/\/www.fh-joanneum.at\/management-internationaler-geschaeftsprozesse\/bachelor\/wp-json\/wp\/v2\/media\/10001386"}],"wp:attachment":[{"href":"https:\/\/www.fh-joanneum.at\/management-internationaler-geschaeftsprozesse\/bachelor\/wp-json\/wp\/v2\/media?parent=10001380"}],"curies":[{"name":"wp","href":"https:\/\/api.w.org\/{rel}","templated":true}]}}