{"id":10001389,"date":"2024-01-26T11:32:15","date_gmt":"2024-01-26T09:32:15","guid":{"rendered":"https:\/\/www.fh-joanneum.at\/management-internationaler-geschaeftsprozesse\/bachelor\/?page_id=1389"},"modified":"2024-02-06T11:01:39","modified_gmt":"2024-02-06T09:01:39","slug":"verena-judmayer-ba-2","status":"publish","type":"page","link":"https:\/\/www.fh-joanneum.at\/management-internationaler-geschaeftsprozesse\/bachelor\/nach-dem-studium\/absolventinnen-absolventen\/verena-judmayer-ba-2\/","title":{"rendered":"Verena Judmayer, BA"},"content":{"rendered":"<div id=\"\" class=\"wp-block-text-content margin-bottom-normal\">\n    <div class=\"container-lg\">\n        <div class=\"row\">\n            <div class=\"col\">\n                <h4>Eckdaten<\/h4>\n<p><strong>Jobbezeichnung:<\/strong> CEO &amp; Co-Founder von MATR<br>\n<strong>Unternehmen:<\/strong> MATR by Circularful GmbH <br>\n<strong>Ich arbeite in:<\/strong> Wien, &Ouml;sterreich <br>\n<strong>Ich arbeite hier seit:<\/strong> Ende 2020 <br>\n<strong>Mein Kontakt:<\/strong> verena@matr.eco<br>\n<strong>Meine Social URL:<\/strong> <a href=\"https:\/\/www.linkedin.com\/in\/verenajudmayer\/\" target=\"_blank\" rel=\"noopener noreferrer\">LinkedIn<\/a>, <a href=\"https:\/\/matr.eco\/\" target=\"_blank\" rel=\"noopener noreferrer\">MATR<\/a>  <\/p>\n<h4>Was ich mache<\/h4>\n<ul>\n<li>Ich bin Gr&uuml;nderin und Chief Dream Officer von MATR &ndash; die erste Matratzenl&ouml;sung der Kreislaufwirtschaft f&uuml;r Hotels. Ich arbeite eng mit unserem MATR Team, Hotelmanager:innen und Partnerunternehmen zusammen und sorge daf&uuml;r, dass wir gemeinsam unsere Vision verfolgen: Matratzenabfall St&uuml;ck f&uuml;r St&uuml;ck ein Ende zu setzen.  <\/li>\n<li>Ich vertrete MATR in der &Ouml;ffentlichkeit z.B. bei Events und Messen, f&uuml;hre viele Gespr&auml;che mit Kund:innen und Partner:innen, und bin in Verkaufsaktivit&auml;ten eng eingebunden.  <\/li>\n<li>Ich k&uuml;mmere mich um die Strategie und Finanzen des Unternehmens, und um die Entwicklung unserer Matratzenl&ouml;sung, und stelle sicher, dass unsere Produkte komfortabel, langlebig und recycelbar sind.  <\/li>\n<\/ul>\n<h4>Warum ich meinen Beruf liebe<\/h4>\n<ul>\n<li>Kreativit&auml;t f&uuml;r Innovation &amp; Impact: Die M&ouml;glichkeit, meine Kreativit&auml;t zu nutzen, um den Status Quo herauszufordern, Probleme zu l&ouml;sen und einen positiven Einfluss auf die Welt zu haben, begeistert mich an meinem Job  <\/li>\n<li>Selbstbestimmtheit: Die Freiheit, selbst am Steuer zu sitzen, Entscheidungen zu treffen und Verantwortung zu tragen, um meine Ziele und meinen Purpose zu erf&uuml;llen, sch&auml;tze ich besonders.  <\/li>\n<li>Begeisterung &amp; Menschen: Die Tatsache, dass ich st&auml;ndig mit Menschen zu tun habe und meine Begeisterung f&uuml;r unser Produkt und die Kreislaufwirtschaft teilen kann, macht meinen Job besonders erf&uuml;llend.  <\/li>\n<\/ul>\n<h4>Wichtige F&auml;higkeiten in meinem Job<\/h4>\n<ul>\n<li>Mut &amp; Growth Mindset  <\/li>\n<li>Durchhalteverm&ouml;gen &amp; Resilienz  <\/li>\n<li>Probleml&ouml;sungskompetenz  <\/li>\n<\/ul>\n<h4>Mein bisher gr&ouml;&szlig;ter Erfolg in meiner Karriere<\/h4>\n<p>Ich bin endlos dankbar daf&uuml;r, meine gro&szlig;artige Co-Gr&uuml;nderin Michaela gefunden zu haben, und stolz darauf, was wir gemeinsam seit dem Moment der ersten Idee Ende 2020 erreicht haben. Wir haben ein Problem erkannt und den Mut aufgebracht, ein Unternehmen zu gr&uuml;nden und es geschafft, in einer fr&uuml;hen Phase einen Investor an Bord zu holen &ndash; damit geh&ouml;ren wir zu den 1% weiblicher Gr&uuml;nderteams mit Investment in &Ouml;sterreich.<br>\nIch bin beeindruckt, wie wir es mit unserem MATR Team immer wieder schaffen Herausforderungen zu meistern und Erfolge zu erzielen. Alleine dieses Jahr haben wir mit MATR 180 Matratzen in den Umlauf gebracht, &uuml;ber 700 begeisterte Unterst&uuml;tzer:innen erreicht und ein f&uuml;nfk&ouml;pfiges Team aufgebaut, das die Leidenschaft f&uuml;r eine zukunftsf&auml;hige Kreislaufwirtschaft teilt.  <\/p>\n<h4>So bin ich zu meinem Job gekommen<\/h4>\n<p>Alles begann, als Michaela und ich auf die schockierende Statistik stie&szlig;en, dass in Europa jedes Jahr 30 Millionen Matratzen im Abfall landen (Quelle: Europ&auml;ische Kommission). Unsere Neugierde wurde geweckt: Es musste doch einen Weg geben, dieses riesige Abfallproblem zu l&ouml;sen? So entstand die Idee f&uuml;r MATR.<br>\nZu dieser Zeit war ich als Senior Innovation Consultant in Wien t&auml;tig und hatte einige Jahre Erfahrung in der Startup- und Innovationwelt gesammelt. Wir haben uns Design Thinking &amp; Lean Startup Methodologien zu Nutze gemacht, und iterativ unter Einbindung von Kundenfeedback die L&ouml;sung von MATR entwickelt. Was als Nebenprojekt zum Vollzeitjob als Beraterin begann, hat sich nach einem Jahr intensiver Weiterentwicklung und Finanzierungszusage zu einem Vollzeitjob entwickelt. Ein paar Monate sp&auml;ter haben Michaela und ich die Circularful GmbH gegr&uuml;ndet und erste Testprojekte mit Hotels umgesetzt.  <\/p>\n<h4>Das habe ich im Studium an der FH JOANNEUM f&uuml;r&rsquo;s Berufsleben gelernt<\/h4>\n<p>Es gibt vieles, das ich im Studium gelernt habe und in meinem Job umsetzen kann. Zum Beispiel habe ich durch zahlreiche Gruppenarbeiten gelernt, effektiv in Teams zu arbeiten. Dar&uuml;ber hinaus habe ich w&auml;hrend meines Studiums durch den hohen Zeitdruck und die anspruchsvollen Lehrveranstaltungen Resilienz und Willensst&auml;rke entwickelt, was als junge Unternehmerin in dieser Branche von entscheidender Bedeutung ist, um Ziele fokussiert zu verfolgen und nicht aufzugeben. Zu guter Letzt habe ich meine F&auml;higkeit im innovativen und strategischen Denken gest&auml;rkt &ndash; essenziell f&uuml;r die Entwicklung von innovativen, nachhaltigen L&ouml;sungen und f&uuml;r die erfolgreiche Positionierung auf dem Markt.<\/p>\n<h4>Die Jobchancen in meinem Bereich<\/h4>\n<p>Probleme erkennen, als Chancen sehen und L&ouml;sungen entwickeln kann jede:r &ndash; ganz egal ob in etablierten Unternehmen oder eigenen Startups. Ich denke, die Chancen, sich in einem Job wie meinen zu verwirklichen, sind sehr gut. Gerade jetzt gibt es viele Herausforderungen, die nach innovativen L&ouml;sungen verlangen. Wenn man ein klares Ziel hat, auf seine F&auml;higkeiten vertraut und motiviert ist, dieses Ziel zu erreichen, hat man gute Aussichten.  <\/p>\n<h4>Ich bin<\/h4>\n<ul>\n<li>ein Optimist &amp; &bdquo;Stehaufm&auml;nnchen&rdquo;  <\/li>\n<li>ein Teamplayer  <\/li>\n<li>Impact-driven<\/li>\n<\/ul>\n<h4>Pers&ouml;nliche Mission<\/h4>\n<p>Meine Mitgr&uuml;nderin und ich haben uns zum Ziel gesetzt, mit MATR eine innovative, kreislaufwirtschaftliche Matratzenl&ouml;sung zu schaffen und dadurch das Problem des Matratzenm&uuml;lls zu l&ouml;sen. Mir pers&ouml;nlich ist es wichtig, meine Zeit und Energie zu nutzen, um einen positiven Impact zu erzeugen und in Richtung einer nachhaltigeren Zukunft zu arbeiten. Als weibliches Gr&uuml;nderteam stehen wir au&szlig;erdem f&uuml;r Chancengleichheit und Gleichberechtigung ein, und zeigen, dass es auch in traditionell von M&auml;nnern gepr&auml;gten Industrien wie der Matratzenbranche anders geht. Zudem setzen wir stark auf Partnerschaften und bringen uns vor allem in der Kreislaufwirtschaftscommunity des ClimateLabs in Wien ein. Mit MATR wollen wir beweisen, dass soziale und &ouml;kologische Nachhaltigkeit mit unternehmerischen Erfolg Hand in Hand geht  <\/p>\n<h4>Mein Rat an Studierende und Interessierte ist Folgender:<\/h4>\n\n            <\/div>\n        <\/div>\n            <\/div>\n<\/div>\n\n<div\n    id=\"\"\n    class=\"wp-block-blockquote margin-bottom-normal\"\n>\n    <div class=\"container-lg\">\n        <div class=\"row\">\n            <div class=\"col\">\n                <div class=\"d-block mb-2 fs-5 major-text-color\">Denk\u2018 nicht zu viel nach, sondern vertrau\u2018 auf dich selbst, geh\u2018 raus und mach\u2018 einfach mal. Was hast du zu verlieren?<br \/>\r\nDurch Herausforderungen w\u00e4chst du, und Umwege bringen dich in die richtige Richtung. Das einzig Falsche ist es, keine Entscheidung zu treffen.<\/div>\n                <span class=\"d-flex justify-content-end\">Verena Judmayer<\/span>\n            <\/div>\n        <\/div>\n    <\/div>\n<\/div>\n\n","protected":false},"excerpt":{"rendered":"<p>Seit Ende 2020 leite ich als CEO &amp; Co-Founder von MATR das Team und entwickle unsere kreislaufwirtschaftliche Matratzenl\u00f6sung. Mein Job erm\u00f6glicht es mir, kreativ Probleme zu l\u00f6sen, selbstbestimmt zu arbeiten und meine Begeisterung f\u00fcr Nachhaltigkeit zu teilen. Studierenden rate ich, Vertrauen in sich selbst zu haben und einfach loszulegen \u2013 denn Herausforderungen bringen Wachstum.<\/p>\n","protected":false},"author":38,"featured_media":10001395,"parent":10000286,"menu_order":71,"comment_status":"closed","ping_status":"closed","template":"template-absolvent.blade.php","meta":{"_acf_changed":false,"footnotes":""},"acf":[],"aioseo_notices":[],"_links":{"self":[{"href":"https:\/\/www.fh-joanneum.at\/management-internationaler-geschaeftsprozesse\/bachelor\/wp-json\/wp\/v2\/pages\/10001389"}],"collection":[{"href":"https:\/\/www.fh-joanneum.at\/management-internationaler-geschaeftsprozesse\/bachelor\/wp-json\/wp\/v2\/pages"}],"about":[{"href":"https:\/\/www.fh-joanneum.at\/management-internationaler-geschaeftsprozesse\/bachelor\/wp-json\/wp\/v2\/types\/page"}],"author":[{"embeddable":true,"href":"https:\/\/www.fh-joanneum.at\/management-internationaler-geschaeftsprozesse\/bachelor\/wp-json\/wp\/v2\/users\/38"}],"replies":[{"embeddable":true,"href":"https:\/\/www.fh-joanneum.at\/management-internationaler-geschaeftsprozesse\/bachelor\/wp-json\/wp\/v2\/comments?post=10001389"}],"version-history":[{"count":0,"href":"https:\/\/www.fh-joanneum.at\/management-internationaler-geschaeftsprozesse\/bachelor\/wp-json\/wp\/v2\/pages\/10001389\/revisions"}],"up":[{"embeddable":true,"href":"https:\/\/www.fh-joanneum.at\/management-internationaler-geschaeftsprozesse\/bachelor\/wp-json\/wp\/v2\/pages\/10000286"}],"wp:featuredmedia":[{"embeddable":true,"href":"https:\/\/www.fh-joanneum.at\/management-internationaler-geschaeftsprozesse\/bachelor\/wp-json\/wp\/v2\/media\/10001395"}],"wp:attachment":[{"href":"https:\/\/www.fh-joanneum.at\/management-internationaler-geschaeftsprozesse\/bachelor\/wp-json\/wp\/v2\/media?parent=10001389"}],"curies":[{"name":"wp","href":"https:\/\/api.w.org\/{rel}","templated":true}]}}