{"id":10001394,"date":"2024-01-26T11:43:59","date_gmt":"2024-01-26T09:43:59","guid":{"rendered":"https:\/\/www.fh-joanneum.at\/management-internationaler-geschaeftsprozesse\/bachelor\/?page_id=1394"},"modified":"2024-02-06T10:30:14","modified_gmt":"2024-02-06T08:30:14","slug":"claudia-angermayr-ba-2","status":"publish","type":"page","link":"https:\/\/www.fh-joanneum.at\/management-internationaler-geschaeftsprozesse\/bachelor\/nach-dem-studium\/absolventinnen-absolventen\/claudia-angermayr-ba-2\/","title":{"rendered":"Claudia Angermayr, BA"},"content":{"rendered":"<div id=\"\" class=\"wp-block-text-content margin-bottom-normal\">\n    <div class=\"container-lg\">\n        <div class=\"row\">\n            <div class=\"col\">\n                <h4>Eckdaten<\/h4>\n<p><strong>Jobbezeichnung:<\/strong> Wirtschaftsdelegierte Stv. in Laibach<br>\n<strong>Unternehmen:<\/strong> AUSSENWIRTSCHAFT AUSTRIA<br>\n<strong>Ich arbeite in:<\/strong> Ljubljana, Slowenien<br>\n<strong>Ich arbeite hier seit:<\/strong> September 2021<br>\n<strong>Mein Kontakt:<\/strong> angermayr.claudia@gmail.com <br>\n<strong>Meine Social URL:<\/strong> <a href=\"www.linkedin.com\/in\/claudia-angermayr-7ab84a158\">LinkedIn<\/a>  <\/p>\n<h4>Was ich mache<\/h4>\n<p>Als stellvertretende Wirtschaftsdelegierte am Au&szlig;enwirtschaftsCenter Laibach unterst&uuml;tze ich &ouml;sterreichische Unternehmen und deren Niederlassungen in Slowenien und Kosovo. Meine Aufgaben umfassen klassische Information und Beratung bis hin zu individueller Betreuung von (Gro&szlig;-)Projekten und der Organisation von Veranstaltungen zu bestimmten Themen und Branchen. Dar&uuml;ber hinaus ist ein weiterer wichtiger Bestandteil, geeignete Gesch&auml;ftskontakte im Gastland zu identifizieren und sich selbst auf dem neuesten Informationsstand zu halten.   <\/p>\n<h4>Warum ich meinen Beruf liebe<\/h4>\n<ul>\n<li>Ich kann in meinem Beruf &Ouml;sterreichs Wirtschaft im Ausland vertreten, das ist nicht nur unheimlich spannend, sondern auch wahnsinnig lehrreich.  <\/li>\n<li>Mein Job bietet ein spannendes und abwechslungsreiches Arbeitsumfeld &ndash; oft wei&szlig; ich morgens noch nicht, wie mein Tag aussehen wird.  <\/li>\n<li>Ich habe in meinem Beruf die M&ouml;glichkeit, unterschiedliche L&auml;nder, Kulturen und Arbeitsweisen kennenzulernen und bin dabei immer eng mit &Ouml;sterreich verbunden.  <\/li>\n<\/ul>\n<h4>Wichtige F&auml;higkeiten in meinem Job<\/h4>\n<ul>\n<li>Hands-on Mentalit&auml;t  <\/li>\n<li>Strukturierte, organisierte und eigenverantwortliche Arbeitsweise: oft laufen mehrere wichtige Projekte gleichzeitig und man arbeitet mit vielen verschiedenen Stakeholdern zusammen &ndash; hier ist es wichtig, den &Uuml;berblick zu bewahren.  <\/li>\n<li>Sehr gute Kommunikationsf&auml;higkeiten und Offenheit f&uuml;r das Gegen&uuml;ber: in meinem Job findet man sich h&auml;ufig in neuen und unbekannten Situationen wieder, dabei ist es besonders wichtig, neugierig und offen aufzutreten und sich auch auf unvorhergesehene Situationen einzulassen.  <\/li>\n<\/ul>\n<h4>Mein bisher gr&ouml;&szlig;ter Erfolg in meiner Karriere<\/h4>\n<p>Das spannende an meinem Job ist, dass man recht schnell viel Verantwortung &uuml;bernehmen kann und in viele unterschiedliche Bereiche eintauchen kann. Somit hat man auch die M&ouml;glichkeit, viele verschiedene Highlights in kurzer Zeit zu erleben. Besonders spannend war aber sicherlich die erfolgreiche Organisation einer Wirtschaftsmission nach Prishtina, Kosovo, inklusive eines Termins beim Premierminister.   <\/p>\n<h4>So bin ich zu meinem Job gekommen<\/h4>\n<p>Ich wusste schon immer, dass ich im internationalen Umfeld aber mit einem engen Bezug zur &ouml;sterreichischen Wirtschaft arbeiten m&ouml;chte und somit war\/ ist die AUSSENWIRTSCHAFT AUSTRIA der perfekte Arbeitgeber f&uuml;r mich. Ich habe mich dann direkt nach dem Masterstudium beworben, nachdem ich die Anzeige ganz klassisch in der Zeitung gesehen habe. &#128521;  <\/p>\n<h4>Das habe ich im Studium an der FH JOANNEUM f&uuml;r&rsquo;s Berufsleben gelernt<\/h4>\n<p>Das Studium an der FH Joanneum hat mich sehr gut auf meinen jetzigen Beruf vorbereitet, da man fundiertes und breites Wissen in vielen unterschiedlichen Bereichen erlangt und somit ein wirklicher &bdquo;Allrounder&ldquo; ist. Man lernt, wirtschaftliche Zusammenh&auml;nge zu verstehen und dabei immer das gro&szlig;e Ganze im Blick zu behalten. Dar&uuml;ber hinaus merke ich, dass mir speziell die Soft-Skills, die ich mir w&auml;hrend des Studiums aneignen konnte, in meiner tagt&auml;glichen Arbeit helfen.  <\/p>\n<h4>Die Jobchancen in meinem Bereich<\/h4>\n<p>Nach der Bewerbung muss man sein K&ouml;nnen im Rahmen eines mehrstufigen Auswahlverfahrens (fachliche und pers&ouml;nliche Eignungstests, Hearing) unter Beweis stellen. Danach startet man als &bdquo;Trainee&ldquo; der AUSSENWIRTSCHAFT AUSTRIA und erlernt innerhalb eines Jahres die Grundlagen des Berufs. Nach einem knappen Jahr Ausbildung ging es f&uuml;r mich dann an meinen ersten Posten nach Ljubljana.  <\/p>\n<h4>Drei Eigenschaften, die mich auszeichnen<\/h4>\n<ul>\n<li>Neugierig und begeisterungsf&auml;hig  <\/li>\n<li>Kommunikativ und  Neugierde  <\/li>\n<li>Strukturiert und organisiert  <\/li>\n<\/ul>\n\n            <\/div>\n        <\/div>\n            <\/div>\n<\/div>\n\n<div\n    id=\"\"\n    class=\"wp-block-blockquote margin-bottom-normal\"\n>\n    <div class=\"container-lg\">\n        <div class=\"row\">\n            <div class=\"col\">\n                <div class=\"d-block mb-2 fs-5 major-text-color\">Es ist unglaublich spannend, die \u00f6sterreichische Wirtschaft im Ausland zu vertreten. Bei Fragen freue ich mich \u00fcber eine Kontaktaufnahme!<\/div>\n                <span class=\"d-flex justify-content-end\">Claudia Angermayr<\/span>\n            <\/div>\n        <\/div>\n    <\/div>\n<\/div>\n\n","protected":false},"excerpt":{"rendered":"<p>Mein Job erm\u00f6glicht mir, die Vielfalt der \u00f6sterreichischen Wirtschaft im Ausland zu repr\u00e4sentieren, bietet ein dynamisches Arbeitsumfeld und erlaubt es mir, verschiedene L\u00e4nder und Kulturen kennenzulernen. Studierenden rate ich, Neugier zu bewahren und vielf\u00e4ltige Erfahrungen zu sammeln. <\/p>\n","protected":false},"author":38,"featured_media":10001396,"parent":10000286,"menu_order":66,"comment_status":"closed","ping_status":"closed","template":"template-absolvent.blade.php","meta":{"_acf_changed":false,"footnotes":""},"acf":[],"aioseo_notices":[],"_links":{"self":[{"href":"https:\/\/www.fh-joanneum.at\/management-internationaler-geschaeftsprozesse\/bachelor\/wp-json\/wp\/v2\/pages\/10001394"}],"collection":[{"href":"https:\/\/www.fh-joanneum.at\/management-internationaler-geschaeftsprozesse\/bachelor\/wp-json\/wp\/v2\/pages"}],"about":[{"href":"https:\/\/www.fh-joanneum.at\/management-internationaler-geschaeftsprozesse\/bachelor\/wp-json\/wp\/v2\/types\/page"}],"author":[{"embeddable":true,"href":"https:\/\/www.fh-joanneum.at\/management-internationaler-geschaeftsprozesse\/bachelor\/wp-json\/wp\/v2\/users\/38"}],"replies":[{"embeddable":true,"href":"https:\/\/www.fh-joanneum.at\/management-internationaler-geschaeftsprozesse\/bachelor\/wp-json\/wp\/v2\/comments?post=10001394"}],"version-history":[{"count":0,"href":"https:\/\/www.fh-joanneum.at\/management-internationaler-geschaeftsprozesse\/bachelor\/wp-json\/wp\/v2\/pages\/10001394\/revisions"}],"up":[{"embeddable":true,"href":"https:\/\/www.fh-joanneum.at\/management-internationaler-geschaeftsprozesse\/bachelor\/wp-json\/wp\/v2\/pages\/10000286"}],"wp:featuredmedia":[{"embeddable":true,"href":"https:\/\/www.fh-joanneum.at\/management-internationaler-geschaeftsprozesse\/bachelor\/wp-json\/wp\/v2\/media\/10001396"}],"wp:attachment":[{"href":"https:\/\/www.fh-joanneum.at\/management-internationaler-geschaeftsprozesse\/bachelor\/wp-json\/wp\/v2\/media?parent=10001394"}],"curies":[{"name":"wp","href":"https:\/\/api.w.org\/{rel}","templated":true}]}}