{"id":10001505,"date":"2025-01-22T16:25:36","date_gmt":"2025-01-22T15:25:36","guid":{"rendered":"https:\/\/www.fh-joanneum.at\/management-internationaler-geschaeftsprozesse\/bachelor\/?page_id=10001505"},"modified":"2025-11-04T08:56:57","modified_gmt":"2025-11-04T07:56:57","slug":"landingpage","status":"publish","type":"page","link":"https:\/\/www.fh-joanneum.at\/management-internationaler-geschaeftsprozesse\/bachelor\/landingpage\/","title":{"rendered":"Internationales Management studieren"},"content":{"rendered":"<div\n    id=\"\"\n    class=\"wp-block-campaign-hero-claim margin-bottom-normal\"\n>\n    <div\n        class=\"container-fluid\"\n        style=\"--bs-gutter-x: 0\"\n    >\n        <div\n            class=\"row\"\n            style=\"--bs-gutter-x: 0\"\n        >\n            <div class=\"col-12\">\n                <div class=\"header-wrapper\">\n                    <picture>\n                        <source\n                media=\"(max-width: 1024px)\"\n                srcset=\"https:\/\/cdn3.fh-joanneum.at\/media\/sites\/47\/2025\/01\/20241017_Erasmus_Day-c-Fabian-Hasler-6-1-1024x683.jpg, https:\/\/cdn3.fh-joanneum.at\/media\/sites\/47\/2025\/01\/20241017_Erasmus_Day-c-Fabian-Hasler-6-1-1536x1024.jpg 2x\"\n            \/>\n                    <source\n                media=\"(max-width: 1536px)\"\n                srcset=\"https:\/\/cdn3.fh-joanneum.at\/media\/sites\/47\/2025\/01\/20241017_Erasmus_Day-c-Fabian-Hasler-6-1-1536x1024.jpg, https:\/\/cdn3.fh-joanneum.at\/media\/sites\/47\/2025\/01\/20241017_Erasmus_Day-c-Fabian-Hasler-6-1-2048x1365.jpg 2x\"\n            \/>\n                    <source\n                media=\"(max-width: 2048px)\"\n                srcset=\"https:\/\/cdn3.fh-joanneum.at\/media\/sites\/47\/2025\/01\/20241017_Erasmus_Day-c-Fabian-Hasler-6-1-2048x1365.jpg, https:\/\/cdn3.fh-joanneum.at\/media\/sites\/47\/2025\/01\/20241017_Erasmus_Day-c-Fabian-Hasler-6-1-scaled.jpg 2x\"\n            \/>\n                <img decoding=\"async\"\n        class=\"img-fluid position-center\"\n        src=\"https:\/\/cdn3.fh-joanneum.at\/media\/sites\/47\/2025\/01\/20241017_Erasmus_Day-c-Fabian-Hasler-6-1-scaled.jpg\"\n        alt=\"\"\n        title=\"\"\n         loading=\"lazy\"             >\n<\/picture>\n\n                    <div class=\"content-wrapper\">\n                        <div class=\"container-lg\">\n                            <div class=\"row\">\n                                <div class=\"col-12\">\n                                    <div class=\"content claim\">\n                                      <div class=\"claim-wrapper bg-white\">\n                                        <h1 class=\"major-text-color display-1 text-uppercase mb-0\">\n                                            Internationales <br \/>\r\nManagement\n                                        <\/h1>\n                                                                                    <a\n                                                href=\"https:\/\/www.fh-joanneum.at\/studium\/online-bewerbung\/\"\n                                                target=\"\"\n                                                class=\"text-white major-bg-color major-bg-color h3 mb-0\"\n                                                data-analytics= \"Internationales Management studieren - Hero with Link and Claim -  Jetzt bewerben\"\n                                            >\n                                                \n                                                <span class=\"text-white major-bg-color text-uppercase h3 mb-0 fw-normal\">\n                                                   Jetzt bewerben\n                                                <\/span>\n                                                <div class=\"right circle major-bg-color d-block\">\n                                                <\/div>\n                                            <\/a>\n                                                                              <\/div>\n                                    <\/div>\n                                <\/div>\n                            <\/div>\n                        <\/div>\n                    <\/div>\n                <\/div>\n            <\/div>\n        <\/div>\n    <\/div>\n<\/div>\n\n\n\n<div id=\"\" class=\"wp-block-campaign-headline-text margin-bottom-normal\">\n  <div class=\"container-lg\">\n    <div class=\"content text-center header\">\n      <h2 class=\"mb-5 display-1\">Ready for global action? Dein Studium, deine Zukunft, deine Welt!<\/h2>\n      <p class=\" h2 fw-normal\">Die Wirtschaft von morgen ist international, dynamisch und voller Chancen \u2013 und genau darauf bereiten wir dich vor. Mit dem Bachelorstudium Internationales Management \u00f6ffnest du die T\u00fcr zu einer Karriere, die keine Grenzen kennt. Ob in gro\u00dfen Unternehmen, innovativen Start-ups oder internationalen Organisationen: Hier erlernst du alles, was du brauchst, um global erfolgreich zu sein.<br \/>\r\n<\/p>\n    <\/div>\n  <\/div>\n<\/div>\n\n\n<div id=\"\" class=\"wp-block-red-c-t-a margin-bottom-normal\">\n  <div class=\"container-fluid major-bg-color\">\n      <div class=\"container-lg\">\n        <a class=\"red-cta-link text-white apply-link\" href=\"https:\/\/www.fh-joanneum.at\/studium\/online-bewerbung\/\">\n          <div class=\"row justify-content-between w-100 py-4\">\n            <h3 class=\"col-12 col-md-6 text-md-start\">Jetzt bewerben<\/h3>\n            <div class=\"fs-3 link-text mt-3 mt-md-0 col-12 col-md-6 justify-content-md-end justify-content-center\">\n                <span>Zur Onlinebewerbung<\/span>\n                <svg width=\"9\" height=\"15\" viewBox=\"0 0 9 15\" fill=\"none\" xmlns=\"http:\/\/www.w3.org\/2000\/svg\">\n    <path id=\"chevron_right\" d=\"M1.5 1.5L7.5 7.5L1.5 13.5\" stroke=\"\" stroke-width=\"1.5\" stroke-linecap=\"round\"\/>\n<\/svg>            <\/div>\n          <\/div>\n        <\/a>\n      <\/div>\n  <\/div>\n<\/div>\n\n\n<div id=\"\" class=\"wp-block-campaign-fact-boxes margin-bottom-normal\">\n  <div class=\"container-lg\">\n    <div class=\"header text-center mb-5\">\n                <\/div>\n    <div class=\"fact-boxes d-grid\">\n              <div class=\"box\">\n          <div class=\"fact-wrapper major-bg-color text-white text-center p-3\">\n            <span class=\"fact h2 fw-normal mb-0\">\n              6\n            <\/span>\n            <hr>\n            <span class=\"description h6 fw-normal mb-0\">\n              Semester\n            <\/span>\n          <\/div>\n        <\/div>\n              <div class=\"box\">\n          <div class=\"fact-wrapper major-bg-color text-white text-center p-3\">\n            <span class=\"fact h2 fw-normal mb-0\">\n              BA\n            <\/span>\n            <hr>\n            <span class=\"description h6 fw-normal mb-0\">\n              Abschluss\n            <\/span>\n          <\/div>\n        <\/div>\n              <div class=\"box\">\n          <div class=\"fact-wrapper major-bg-color text-white text-center p-3\">\n            <span class=\"fact h2 fw-normal mb-0\">\n              Graz\n            <\/span>\n            <hr>\n            <span class=\"description h6 fw-normal mb-0\">\n              Standort\n            <\/span>\n          <\/div>\n        <\/div>\n              <div class=\"box\">\n          <div class=\"fact-wrapper major-bg-color text-white text-center p-3\">\n            <span class=\"fact h2 fw-normal mb-0\">\n              DE\n            <\/span>\n            <hr>\n            <span class=\"description h6 fw-normal mb-0\">\n              EN\n            <\/span>\n          <\/div>\n        <\/div>\n              <div class=\"box\">\n          <div class=\"fact-wrapper major-bg-color text-white text-center p-3\">\n            <span class=\"fact h2 fw-normal mb-0\">\n              Vollzeit\n            <\/span>\n            <hr>\n            <span class=\"description h6 fw-normal mb-0\">\n              Studienform\n            <\/span>\n          <\/div>\n        <\/div>\n              <div class=\"box\">\n          <div class=\"fact-wrapper major-bg-color text-white text-center p-3\">\n            <span class=\"fact h2 fw-normal mb-0\">\n              1\n            <\/span>\n            <hr>\n            <span class=\"description h6 fw-normal mb-0\">\n              Auslandssemester\n            <\/span>\n          <\/div>\n        <\/div>\n          <\/div>\n  <\/div>\n<\/div>\n\n\n<div\n    id=\"\"\n    class=\"wp-block-campaign-reasons margin-bottom-normal\"\n>\n    <div class=\"container-lg\">\n\n        <div class=\"row\">\n\n            <div class=\"col-12 col-lg-7 reasons\">\n                <div class=\"header mb-3\">\n                                            <div class=\"h2 mb-0 fw-normal preline\">Lena Maria studiert Internationales Management<\/div>\n                                                                <h2 class=\"display-1\"> Ihre 3 Topgr\u00fcnde:<\/h2>\n                                    <\/div>\n                                    <div class=\"reason mb-3\">\n                        <div class=\"fact-wrapper d-flex align-items-center\">\n                            <span class=\"number h2 major-text-color mb-0\">\n                                1\n                            <\/span>\n                            <span class=\"text h2 fw-normal mb-0 ms-3\">\n                                Umfassendes Wissen: Sie lernt und vertieft ihr Wissen \u00fcber das Arbeiten und F\u00fchren internationaler Unternehmen. Ein echter Karriere-Booster!\n                            <\/span>\n                        <\/div>\n                    <\/div>\n                                    <div class=\"reason mb-3\">\n                        <div class=\"fact-wrapper d-flex align-items-center\">\n                            <span class=\"number h2 major-text-color mb-0\">\n                                2\n                            <\/span>\n                            <span class=\"text h2 fw-normal mb-0 ms-3\">\n                                 Auslandssemester: Sie freut sich auf ein unvergessliches Semester im Ausland, das neue Perspektiven und unz\u00e4hlige Lernm\u00f6glichkeiten bietet.\n                            <\/span>\n                        <\/div>\n                    <\/div>\n                                    <div class=\"reason mb-3\">\n                        <div class=\"fact-wrapper d-flex align-items-center\">\n                            <span class=\"number h2 major-text-color mb-0\">\n                                3\n                            <\/span>\n                            <span class=\"text h2 fw-normal mb-0 ms-3\">\n                                Praktische Erfahrung: Schon w\u00e4hrend des Studiums engagiert sie sich in spannenden Projekten und sammelt wertvolle Erfahrungen durch Praktika.\n                            <\/span>\n                        <\/div>\n                    <\/div>\n                            <\/div>\n            <div class=\"media col-12 col-lg-4 offset-lg-1 ps-lg-3 mt-3 mt-lg-0\">\n                                                            <picture>\n                        <source\n                media=\"(max-width: 1024px)\"\n                srcset=\"https:\/\/cdn3.fh-joanneum.at\/media\/sites\/47\/2025\/01\/1-3-1024x1024.png, https:\/\/cdn3.fh-joanneum.at\/media\/sites\/47\/2025\/01\/1-3.png 2x\"\n            \/>\n                    <source\n                media=\"(max-width: 1080px)\"\n                srcset=\"https:\/\/cdn3.fh-joanneum.at\/media\/sites\/47\/2025\/01\/1-3.png, https:\/\/cdn3.fh-joanneum.at\/media\/sites\/47\/2025\/01\/1-3.png 2x\"\n            \/>\n                    <source\n                media=\"(max-width: 1080px)\"\n                srcset=\"https:\/\/cdn3.fh-joanneum.at\/media\/sites\/47\/2025\/01\/1-3.png, https:\/\/cdn3.fh-joanneum.at\/media\/sites\/47\/2025\/01\/1-3.png 2x\"\n            \/>\n                <img decoding=\"async\"\n        class=\"img-fluid\" width=\"100%\"\n        src=\"https:\/\/cdn3.fh-joanneum.at\/media\/sites\/47\/2025\/01\/1-3.png\"\n        alt=\"Mit dem Studium International Management um die Welt\"\n        title=\"\"\n         loading=\"lazy\"             >\n<\/picture>\n\n                                                <\/div>\n        <\/div>\n    <\/div>\n<\/div>\n\n\n<div\n    id=\"\"\n    class=\"wp-block-campaign-fact-infos margin-bottom-normal\"\n>\n    <div class=\"container-lg\">\n        <div class=\"fact-infos\">\n            <div class=\"header text-center mb-5\">\n                                            <\/div>\n            <div\n                class=\"info-boxes d-flex flex-wrap justify-content-between  link  \">\n                                    <div class=\"info col-12 col-lg-6 mb-2\">\n                                                    <a\n                                href=\"https:\/\/www.fh-joanneum.at\/management-internationaler-geschaeftsprozesse\/bachelor\"\n                                target=\"_blank\"\n                                class=\"link fs-3 mb-3 \"\n                                data-analytics= \"Internationales Management studieren - Fact Infos - Du brauchst noch mehr Infos zum Studium?\"\n                            >\n                                <div\n                                    class=\"entry major-bg-color text-white d-flex align-items-center justify-content-between\">\n                                    <span class=\"text-wrapper\">\n                                        <span class=\"visible-text h2 fw-normal mb-0\">\n                                            Du brauchst noch mehr Infos zum Studium?\n                                                                                    <\/span>\n                                        <span class=\"hover-text text-white h2 fw-normal mb-0\">\n                                            \n                                        <\/span>\n                                    <\/span>\n                                    <svg width=\"9\" height=\"15\" viewBox=\"0 0 9 15\" fill=\"none\" xmlns=\"http:\/\/www.w3.org\/2000\/svg\">\n    <path id=\"chevron_right\" d=\"M1.5 1.5L7.5 7.5L1.5 13.5\" stroke=\"\" stroke-width=\"1.5\" stroke-linecap=\"round\"\/>\n<\/svg>                                <\/div>\n                                                                                <\/a>\n                                            <\/div>\n                                    <div class=\"info col-12 col-lg-6 mb-2\">\n                                                    <a\n                                href=\"https:\/\/www.fh-joanneum.at\/hochschule\/services\/studienberatung\/\"\n                                target=\"\"\n                                class=\"link fs-3 mb-3 \"\n                                data-analytics= \"Internationales Management studieren - Fact Infos - Du brauchst noch Infos zur Bewerbung?\"\n                            >\n                                <div\n                                    class=\"entry major-bg-color text-white d-flex align-items-center justify-content-between\">\n                                    <span class=\"text-wrapper\">\n                                        <span class=\"visible-text h2 fw-normal mb-0\">\n                                            Du brauchst noch Infos zur Bewerbung?\n                                                                                    <\/span>\n                                        <span class=\"hover-text text-white h2 fw-normal mb-0\">\n                                            \n                                        <\/span>\n                                    <\/span>\n                                    <svg width=\"9\" height=\"15\" viewBox=\"0 0 9 15\" fill=\"none\" xmlns=\"http:\/\/www.w3.org\/2000\/svg\">\n    <path id=\"chevron_right\" d=\"M1.5 1.5L7.5 7.5L1.5 13.5\" stroke=\"\" stroke-width=\"1.5\" stroke-linecap=\"round\"\/>\n<\/svg>                                <\/div>\n                                                                                <\/a>\n                                            <\/div>\n                            <\/div>\n        <\/div>\n    <\/div>\n<\/div>\n\n\n<div id=\"\" class=\"wp-block-campaign-c-t-a-variation margin-bottom-normal \">\n  <div class=\"container-lg\">\n    <div class=\"cta-wrapper\">\n      <div class=\"header text-center mb-5\">\n                      <\/div>\n      <div class=\"link d-grid justify-content-center\">\n              <\/div>\n    <\/div>\n  <\/div>\n<\/div>\n\n\n<div id=\"\" class=\"wp-block-campaign-c-t-a-variation margin-bottom-normal \">\n  <div class=\"container-lg\">\n    <div class=\"cta-wrapper\">\n      <div class=\"header text-center mb-5\">\n                  <h2 class=\"display-1\">Studienberatungstermin ausmachen<\/h2>\n                          <p class=\"h2 fw-normal\">Buche jetzt deinen pers\u00f6nlichen Beratungstermin und erfahre mehr \u00fcber die FH JOANNEUM und unsere Studienangebote. <\/p>\n              <\/div>\n      <div class=\"link d-grid justify-content-center\">\n                  <a href=\"https:\/\/outlook.office365.com\/book\/StudienberatungStudyGuidance@fhjoanneum.onmicrosoft.com\/\" target=\"\" class=\"link arrow-link major-text-color fs-2 mb-3 text-center\" data-analytics= \"Internationales Management studieren - CTA - Check dir deinen Beratungstermin\">\n            Check dir deinen Beratungstermin\n            <svg width=\"9\" height=\"15\" viewBox=\"0 0 9 15\" fill=\"none\" xmlns=\"http:\/\/www.w3.org\/2000\/svg\">\n    <path id=\"chevron_right\" d=\"M1.5 1.5L7.5 7.5L1.5 13.5\" stroke=\"\" stroke-width=\"1.5\" stroke-linecap=\"round\"\/>\n<\/svg>          <\/a>\n              <\/div>\n    <\/div>\n  <\/div>\n<\/div>\n","protected":false},"excerpt":{"rendered":"","protected":false},"author":1,"featured_media":0,"parent":0,"menu_order":29,"comment_status":"closed","ping_status":"closed","template":"template-campaign-builder.blade.php","meta":{"_acf_changed":false,"footnotes":""},"acf":[],"aioseo_notices":[],"_links":{"self":[{"href":"https:\/\/www.fh-joanneum.at\/management-internationaler-geschaeftsprozesse\/bachelor\/wp-json\/wp\/v2\/pages\/10001505"}],"collection":[{"href":"https:\/\/www.fh-joanneum.at\/management-internationaler-geschaeftsprozesse\/bachelor\/wp-json\/wp\/v2\/pages"}],"about":[{"href":"https:\/\/www.fh-joanneum.at\/management-internationaler-geschaeftsprozesse\/bachelor\/wp-json\/wp\/v2\/types\/page"}],"author":[{"embeddable":true,"href":"https:\/\/www.fh-joanneum.at\/management-internationaler-geschaeftsprozesse\/bachelor\/wp-json\/wp\/v2\/users\/1"}],"replies":[{"embeddable":true,"href":"https:\/\/www.fh-joanneum.at\/management-internationaler-geschaeftsprozesse\/bachelor\/wp-json\/wp\/v2\/comments?post=10001505"}],"version-history":[{"count":15,"href":"https:\/\/www.fh-joanneum.at\/management-internationaler-geschaeftsprozesse\/bachelor\/wp-json\/wp\/v2\/pages\/10001505\/revisions"}],"predecessor-version":[{"id":10001898,"href":"https:\/\/www.fh-joanneum.at\/management-internationaler-geschaeftsprozesse\/bachelor\/wp-json\/wp\/v2\/pages\/10001505\/revisions\/10001898"}],"wp:attachment":[{"href":"https:\/\/www.fh-joanneum.at\/management-internationaler-geschaeftsprozesse\/bachelor\/wp-json\/wp\/v2\/media?parent=10001505"}],"curies":[{"name":"wp","href":"https:\/\/api.w.org\/{rel}","templated":true}]}}