{"id":10000316,"date":"2015-08-10T11:03:01","date_gmt":"2015-08-10T09:03:01","guid":{"rendered":"https:\/\/www.fh-joanneum.at\/massenspektrometrie-und-molekulare-analytik\/master\/?page_id=316"},"modified":"2025-07-10T14:31:46","modified_gmt":"2025-07-10T12:31:46","slug":"voraussetzungen","status":"publish","type":"page","link":"https:\/\/www.fh-joanneum.at\/massenspektrometrie-und-molekulare-analytik\/master\/vor-dem-studium\/voraussetzungen\/","title":{"rendered":"Voraussetzungen"},"content":{"rendered":"<div id=\"\" class=\"wp-block-text-content margin-bottom-none\">\n    <div class=\"container-lg\">\n        <div class=\"row\">\n            <div class=\"col\">\n                <div class=\"module-migration-headline\">\n<h3>Voraussetzungen f&uuml;r das Studium<\/h3>\n<\/div>\n\n            <\/div>\n        <\/div>\n            <\/div>\n<\/div>\n\n\n<div id=\"\" class=\"wp-block-text-content margin-bottom-normal\">\n    <div class=\"container-lg\">\n        <div class=\"row\">\n            <div class=\"col\">\n                <p>Wenn Sie einen Studienabschluss<\/p>\n<ul>\n<li>eines facheinschl&auml;gigen Bachelorstudiums oder<\/li>\n<li>einer gleichwertigen Ausbildung<\/li>\n<\/ul>\n<p>nachweisen k&ouml;nnen, erf&uuml;llen Sie die Voraussetzungen f&uuml;r das Masterstudium. Als facheinschl&auml;giger Bachelor- oder Diplomabschluss mit <strong>profunder chemischer und molekularbiologischer Ausbildung<\/strong> gelten beispielsweise Biomedizinische Analytik, Chemie oder Molekularbiologie. Auch mit einem Akademieabschluss f&uuml;r den medizinisch-technischen Laboratoriumsdienst oder nach Absolvierung eines gleichwertigen postsekund&auml;ren Studiums k&ouml;nnen Sie dieses Masterstudium besuchen.<\/p>\n\n            <\/div>\n        <\/div>\n            <\/div>\n<\/div>\n\n\n<div id=\"\" class=\"wp-block-text-content margin-bottom-normal\">\n    <div class=\"container-lg\">\n        <div class=\"row\">\n            <div class=\"col\">\n                <p>Der Zugang zum Masterstudium &bdquo;Massenspektrometrie und molekulare Analytik&ldquo; kann aus einem breiten Spektrum von Bachelorstudieng&auml;ngen an unterschiedlichen Universit&auml;ten und Hochschulen erfolgen. Wie zum Beispiel:<\/p>\n<ul>\n<li>Bio- und Lebensmitteltechnologie<\/li>\n<li>Bioengineering<\/li>\n<li>Biologie<\/li>\n<li>Biomedizinische Analytik<\/li>\n<li>Biotechnische Verfahren<\/li>\n<li>Chemie<\/li>\n<li>Lebensmittel- und Biotechnologie<\/li>\n<li>Lebensmitteltechnologie und Ern&auml;hrung<\/li>\n<li>Medizinische und Pharmazeutische Biotechnologie<\/li>\n<li>Molekularbiologie<\/li>\n<li>Molekulare Biotechnologie<\/li>\n<li>Pharmazie<\/li>\n<li>Technische Chemie<\/li>\n<li>sowie &auml;hnliche Studienrichtungen<\/li>\n<\/ul>\n<p>Auch bei Abschluss eines inhaltlich &auml;quivalenten Studiums von anderen Hochschulen oder aus anderen L&auml;ndern freuen wir uns &uuml;ber Ihre Bewerbung.<\/p>\n<p>F&uuml;r den Fall, dass eine Gleichwertigkeit Ihres Studienabschlusses gegeben ist und nur einzelne Erg&auml;nzungen fehlen, wird eine Teilnahme am Studiengang mit der Auflage von Pr&uuml;fungen verbunden, die Sie im Zuge des ersten Studienjahres ablegen k&ouml;nnen.<\/p>\n<p>In fraglichen F&auml;llen obliegt es der Studiengangsleitung zu entscheiden, ob die Zugangsvoraussetzungen erf&uuml;llt sind. Eine verbindliche Auskunft dar&uuml;ber erhalten Sie nach Einlangen Ihrer vollst&auml;ndigen Bewerbungsunterlagen.<\/p>\n<h4>Sprachkenntnisse<\/h4>\n<p>Deutsch ist die Unterrichtssprache am Studiengang, einige Lehrveranstaltungen werden auf Englisch abgehalten. Mit Sprachkenntnissen auf Level B2 k&ouml;nnen Sie den Studieninhalten ohne Probleme folgen. Best&auml;tigen Sie uns Ihre Sprachkenntnisse bitte mit einem Zertifikat sofern Sie nicht in Maturazeugnissen oder &auml;hnlichen Diplomen genannt sind.<\/p>\n\n            <\/div>\n        <\/div>\n            <\/div>\n<\/div>\n\n\n<div id=\"\" class=\"wp-block-text-content margin-bottom-normal\">\n    <div class=\"container-lg\">\n        <div class=\"row\">\n            <div class=\"col\">\n                <h4>Sie sind keine &ouml;sterreichische Staatsb&uuml;rgerin oder kein &ouml;sterreichischer Staatsb&uuml;rger?<\/h4>\n<p>F&uuml;r Sie gibt es einige Besonderheiten zu beachten. Mehr Informationen dazu finden Sie in unter dem Men&uuml;punkt <a href=\"https:\/\/fh-joanneum.at\/massenspektrometrie-und-molekulare-analytik\/master\/vor-dem-studium\/internationale-bewerberinnen\/\"><strong>Internationale BewerberInnen<\/strong>.<\/a><\/p>\n\n            <\/div>\n        <\/div>\n            <\/div>\n<\/div>\n\n\n\n\n","protected":false},"excerpt":{"rendered":"<p>Diese Voraussetzungen m\u00fcssen Sie f\u00fcr das Studium erf\u00fcllen.<\/p>\n","protected":false},"author":12,"featured_media":0,"parent":10000296,"menu_order":11,"comment_status":"closed","ping_status":"closed","template":"","meta":{"_acf_changed":false,"footnotes":""},"acf":[],"aioseo_notices":[],"_links":{"self":[{"href":"https:\/\/www.fh-joanneum.at\/massenspektrometrie-und-molekulare-analytik\/master\/wp-json\/wp\/v2\/pages\/10000316"}],"collection":[{"href":"https:\/\/www.fh-joanneum.at\/massenspektrometrie-und-molekulare-analytik\/master\/wp-json\/wp\/v2\/pages"}],"about":[{"href":"https:\/\/www.fh-joanneum.at\/massenspektrometrie-und-molekulare-analytik\/master\/wp-json\/wp\/v2\/types\/page"}],"author":[{"embeddable":true,"href":"https:\/\/www.fh-joanneum.at\/massenspektrometrie-und-molekulare-analytik\/master\/wp-json\/wp\/v2\/users\/12"}],"replies":[{"embeddable":true,"href":"https:\/\/www.fh-joanneum.at\/massenspektrometrie-und-molekulare-analytik\/master\/wp-json\/wp\/v2\/comments?post=10000316"}],"version-history":[{"count":4,"href":"https:\/\/www.fh-joanneum.at\/massenspektrometrie-und-molekulare-analytik\/master\/wp-json\/wp\/v2\/pages\/10000316\/revisions"}],"predecessor-version":[{"id":10000732,"href":"https:\/\/www.fh-joanneum.at\/massenspektrometrie-und-molekulare-analytik\/master\/wp-json\/wp\/v2\/pages\/10000316\/revisions\/10000732"}],"up":[{"embeddable":true,"href":"https:\/\/www.fh-joanneum.at\/massenspektrometrie-und-molekulare-analytik\/master\/wp-json\/wp\/v2\/pages\/10000296"}],"wp:attachment":[{"href":"https:\/\/www.fh-joanneum.at\/massenspektrometrie-und-molekulare-analytik\/master\/wp-json\/wp\/v2\/media?parent=10000316"}],"curies":[{"name":"wp","href":"https:\/\/api.w.org\/{rel}","templated":true}]}}