{"id":10000320,"date":"2015-08-10T10:41:50","date_gmt":"2015-08-10T08:41:50","guid":{"rendered":"https:\/\/www.fh-joanneum.at\/massenspektrometrie-und-molekulare-analytik\/master\/?page_id=320"},"modified":"2023-02-27T10:28:21","modified_gmt":"2023-02-27T08:28:21","slug":"aufnahmeverfahren","status":"publish","type":"page","link":"https:\/\/www.fh-joanneum.at\/massenspektrometrie-und-molekulare-analytik\/master\/vor-dem-studium\/aufnahmeverfahren\/","title":{"rendered":"Aufnahmeverfahren"},"content":{"rendered":"<div id=\"\" class=\"wp-block-text-content margin-bottom-none\">\n    <div class=\"container-lg\">\n        <div class=\"row\">\n            <div class=\"col\">\n                <div class=\"module-migration-headline\">\n<h3>Aufnahmeverfahren<\/h3>\n<\/div>\n\n            <\/div>\n        <\/div>\n            <\/div>\n<\/div>\n\n\n<div id=\"\" class=\"wp-block-text-content margin-bottom-normal\">\n    <div class=\"container-lg\">\n        <div class=\"row\">\n            <div class=\"col\">\n                <p>Das Aufnahmeverfahren setzt sich zusammen aus:<\/p>\n<ul>\n<li>einer vollst&auml;ndigen Bewerbung, <\/li>\n<li>einem Gespr&auml;ch mit der Aufnahmekommission,<\/li>\n<li>der Bewertung der vorangegangenen Ausbildung sowie<\/li>\n<li>der Gesamtbeurteilung der facheinschl&auml;gigen Berufserfahrung.<\/li>\n<\/ul>\n\n            <\/div>\n        <\/div>\n            <\/div>\n<\/div>\n\n\n\n<div id=\"\" class=\"wp-block-text-content margin-bottom-normal\">\n    <div class=\"container-lg\">\n        <div class=\"row\">\n            <div class=\"col\">\n                <h4>Das pers&ouml;nliche Gespr&auml;ch<\/h4>\n<p>Alle Teilnehmer:innen am Aufnahmeverfahren werden zum pers&ouml;nlichen Gespr&auml;ch eingeladen und k&ouml;nnen sich Termine ausw&auml;hlen. Sie f&uuml;hren das Gespr&auml;ch mit der Studiengangsleitung und einer oder einem Lehrenden des Studiengangs. Es dauert in etwa 20 Minuten. <\/p>\n<p>Wir m&ouml;chten vor allem erfassen, welche allgemeinen St&auml;rken und Schw&auml;chen Sie reflektiert haben und was Sie motiviert, dieses berufsbegleitende Masterstudium zu absolvieren. Wir werden Sie daher bitten, in maximal f&uuml;nf Minuten sich und Ihre Motivation vorzustellen &ndash; Sie ben&ouml;tigen dazu keine medialen Hilfsmittel. <\/p>\n<p>Weiters werden wird Sie bitten, in weiteren maximal f&uuml;nf Minuten ein Projekt aus dem Studium oder Ihrem beruflichen Umfeld zu beschreiben oder zu pr&auml;sentieren. Gerne k&ouml;nnen Sie auch hier reflektieren, wie es Ihnen dabei ergangen ist, was Sie begeistert hat, was vielleicht schwierig war, was Sie gelernt haben. Bitte bereiten Sie auch Ihre Fragen zum Studium vor, die wir in der zweiten H&auml;lfte des Gespr&auml;chs gerne beantworten.<\/p>\n\n            <\/div>\n        <\/div>\n            <\/div>\n<\/div>\n\n\n<div\n    id=\"\"\n    class=\"wp-block-tipp-box margin-bottom-normal\"\n>\n    <div class=\"container-lg\">\n        <div class=\"row\">\n            <div class=\"col\">\n                <div class=\"tipp-box border border-warning\">\n                    <div class=\"tipp-box-inner p-2 p-md-3\">\n                        <h4 class=\"\">Tipp<\/h4>\n                        <p>Im Gespr\u00e4ch haben Sie die M\u00f6glichkeit, Ihr Fachwissen sowie Ihre Motivation, Eignung und Begabung f\u00fcr das Studium und den Beruf darzulegen. \u00dcberzeugen Sie durch Ihren Lebenslauf, Ihr Interesse an den Studieninhalten und Ihre Pers\u00f6nlichkeit. <\/p>\n\n                    <\/div>\n                <\/div>\n            <\/div>\n        <\/div>\n    <\/div>\n<\/div>\n\n<div id=\"\" class=\"wp-block-text-content margin-bottom-normal\">\n    <div class=\"container-lg\">\n        <div class=\"row\">\n            <div class=\"col\">\n                <h4>Bewertung der vorangegangenen Ausbildung und beruflichen Erfahrung<\/h4>\n<p>Als zus&auml;tzliche Kriterien f&uuml;r die Aufnahmeentscheidung werden die berufliche Erfahrungen und die berufsqualifizierende Aus- und Weiterbildung ber&uuml;cksichtigt.<\/p>\n\n            <\/div>\n        <\/div>\n            <\/div>\n<\/div>\n\n","protected":false},"excerpt":{"rendered":"<p>Im Zuge des Aufnahmeverfahrens ermitteln wir Ihre pers\u00f6nlichen F\u00e4higkeiten und Potenziale f\u00fcr das Studium. Was Sie genau erwartet, und wie Sie sich darauf vorbereiten k\u00f6nnen.<\/p>\n","protected":false},"author":12,"featured_media":0,"parent":10000296,"menu_order":15,"comment_status":"closed","ping_status":"closed","template":"","meta":{"_acf_changed":false,"footnotes":""},"acf":[],"aioseo_notices":[],"_links":{"self":[{"href":"https:\/\/www.fh-joanneum.at\/massenspektrometrie-und-molekulare-analytik\/master\/wp-json\/wp\/v2\/pages\/10000320"}],"collection":[{"href":"https:\/\/www.fh-joanneum.at\/massenspektrometrie-und-molekulare-analytik\/master\/wp-json\/wp\/v2\/pages"}],"about":[{"href":"https:\/\/www.fh-joanneum.at\/massenspektrometrie-und-molekulare-analytik\/master\/wp-json\/wp\/v2\/types\/page"}],"author":[{"embeddable":true,"href":"https:\/\/www.fh-joanneum.at\/massenspektrometrie-und-molekulare-analytik\/master\/wp-json\/wp\/v2\/users\/12"}],"replies":[{"embeddable":true,"href":"https:\/\/www.fh-joanneum.at\/massenspektrometrie-und-molekulare-analytik\/master\/wp-json\/wp\/v2\/comments?post=10000320"}],"version-history":[{"count":0,"href":"https:\/\/www.fh-joanneum.at\/massenspektrometrie-und-molekulare-analytik\/master\/wp-json\/wp\/v2\/pages\/10000320\/revisions"}],"up":[{"embeddable":true,"href":"https:\/\/www.fh-joanneum.at\/massenspektrometrie-und-molekulare-analytik\/master\/wp-json\/wp\/v2\/pages\/10000296"}],"wp:attachment":[{"href":"https:\/\/www.fh-joanneum.at\/massenspektrometrie-und-molekulare-analytik\/master\/wp-json\/wp\/v2\/media?parent=10000320"}],"curies":[{"name":"wp","href":"https:\/\/api.w.org\/{rel}","templated":true}]}}