{"id":10000340,"date":"2015-08-10T10:58:35","date_gmt":"2015-08-10T08:58:35","guid":{"rendered":"https:\/\/www.fh-joanneum.at\/massenspektrometrie-und-molekulare-analytik\/master\/?page_id=340"},"modified":"2025-12-22T14:48:44","modified_gmt":"2025-12-22T13:48:44","slug":"praxisprojekte","status":"publish","type":"page","link":"https:\/\/www.fh-joanneum.at\/massenspektrometrie-und-molekulare-analytik\/master\/im-studium\/praxisprojekte\/","title":{"rendered":"Praktische \u00dcbungen"},"content":{"rendered":"<div id=\"\" class=\"wp-block-text-content margin-bottom-none\">\n    <div class=\"container-lg\">\n        <div class=\"row\">\n            <div class=\"col\">\n                <div class=\"module-migration-headline\">\n<h3>Labor&uuml;bungen und Methodenkompetenz<\/h3>\n<\/div>\n\n            <\/div>\n        <\/div>\n            <\/div>\n<\/div>\n\n\n<div id=\"\" class=\"wp-block-text-content margin-bottom-normal\">\n    <div class=\"container-lg\">\n        <div class=\"row\">\n            <div class=\"col\">\n                <p>Im Studium haben Sie die M&ouml;glichkeit, Ihr theoretisches Wissen im Labor gleich umzusetzen. Hier werden Sie bereit f&uuml;r die vielf&auml;ltigen analystischen Herausforderungen der Praxis. Wir bieten eine hochwertige instrumentelle Ausstattung mit modernsten Ger&auml;ten im Bereich molekularbiologischer sowie massenspektrometrischer Technologien. Begleitet werden sie dabei von internen sowie externen Expert:innen und gewinnen somit Einblicke in unsere Forschungsprojekte oder forschen selbst in Projekten, die wir unter anderem mit der Industrie durchf&uuml;hren.<\/p>\n\n            <\/div>\n        <\/div>\n            <\/div>\n<\/div>\n\n\n<div id=\"\" class=\"wp-block-text-content margin-bottom-none\">\n    <div class=\"container-lg\">\n        <div class=\"row\">\n            <div class=\"col\">\n                <div class=\"module-migration-headline\">\n<h3>Methoden, die Sie im Studium anwenden<\/h3>\n<ul>\n<li>Genexpressionsanalyse zum Nachweis von circadianem Rhythmus und Untersuchung von externen Einfl&uuml;ssen (z.B. von Alkohol)<\/li>\n<li>Speziesbestimmung von Mikroorganismen und Eukaryoten auf Basis von Sanger-Sequenzierung und\/oder MALDI-TOF<\/li>\n<li>Orale Mikrobiombestimmung (mit 3rd Generation Sequencing) und Untersuchung des Einflusses von &Ouml;len\/Tees (in Kombination mit Ethikantrag zur Studie)<\/li>\n<li>NGS-Sequenzierung von Proben zur Identifizierung von Tumormarkern<\/li>\n<li>CRISPR\/CAS Workflow (Design bis Analyse) zum Genome Editing<\/li>\n<li>Digitale PCR zur Quantifizierung von miRNAs aus dem Plasma<\/li>\n<li>Forensische Untersuchung von Zigarettenstummeln und Bestimmung der STR Profile der RaucherInnen<\/li>\n<li>Expression von getaggten Proteinen und Aufreinigung<\/li>\n<li>3D Zellkultur und Organoidz&uuml;chtung<\/li>\n<li>Gewinnung und Charakterisierung von Stammzellen<\/li>\n<li>Terpenbestimmung aus diversen Ausgangsmaterialien mittels GC<\/li>\n<li>Pestizidquantifizierung in Lebensmitteln<\/li>\n<li>Suchtgiftanalytik anhand von gerichtsmedizinischen Fallbeispielen<\/li>\n<\/ul>\n<\/div>\n\n            <\/div>\n        <\/div>\n            <\/div>\n<\/div>\n\n\n<div\n    id=\"\"\n    class=\"wp-block-project-cards margin-bottom-normal\"\n>\n    <div class=\"container-lg\">\n        <div class=\"row\">\n                            <div class=\"col-12\">\n                    <h2 class=\"\">Schwerpunktprojekte<\/h2>\n                <\/div>\n                                                            <div class=\"col-12 col-sm-6 col-md-6 col-lg-6 col-xl-4 mb-4\">\n                        <a href=\"https:\/\/www.fh-joanneum.at\/projekt\/gut-on-a-chip\/\"\n      class=\"project-card\">\n      <div class=\"border border-light h-100\">\n\n          <div class=\"image-wrapper\">\n              <picture>\n                        <source\n                media=\"(max-width: 576px)\"\n                srcset=\"https:\/\/cdn3.fh-joanneum.at\/media\/2023\/04\/gut-on-a-chip-3-scaled.jpeg, https:\/\/cdn3.fh-joanneum.at\/media\/2023\/04\/gut-on-a-chip-3-768x512.jpeg 2x\"\n            \/>\n                    <source\n                media=\"(max-width: 768px)\"\n                srcset=\"https:\/\/cdn3.fh-joanneum.at\/media\/2023\/04\/gut-on-a-chip-3-768x512.jpeg, https:\/\/cdn3.fh-joanneum.at\/media\/2023\/04\/gut-on-a-chip-3-1024x683.jpeg 2x\"\n            \/>\n                    <source\n                media=\"(max-width: 1024px)\"\n                srcset=\"https:\/\/cdn3.fh-joanneum.at\/media\/2023\/04\/gut-on-a-chip-3-1024x683.jpeg, https:\/\/cdn3.fh-joanneum.at\/media\/2023\/04\/gut-on-a-chip-3-1536x1024.jpeg 2x\"\n            \/>\n                    <source\n                media=\"(max-width: 1536px)\"\n                srcset=\"https:\/\/cdn3.fh-joanneum.at\/media\/2023\/04\/gut-on-a-chip-3-1536x1024.jpeg, https:\/\/cdn3.fh-joanneum.at\/media\/2023\/04\/gut-on-a-chip-3-2048x1365.jpeg 2x\"\n            \/>\n                    <source\n                media=\"(max-width: 2048px)\"\n                srcset=\"https:\/\/cdn3.fh-joanneum.at\/media\/2023\/04\/gut-on-a-chip-3-2048x1365.jpeg, https:\/\/cdn3.fh-joanneum.at\/media\/2023\/04\/gut-on-a-chip-3-scaled.jpeg 2x\"\n            \/>\n                <img decoding=\"async\"\n        class=\"img-fluid\"\n        src=\"https:\/\/cdn3.fh-joanneum.at\/media\/2023\/04\/gut-on-a-chip-3-scaled.jpeg\"\n        alt=\"Gut-on-a-chip 1\"\n        title=\"\"\n         loading=\"lazy\"             >\n<\/picture>\n\n          <\/div>\n          <div class=\"p-2 p-xl-3\">\n                                    <p class=\"mb-1\">Projekt<\/p>\n                                <h6 class=\"\">Gut-on-a-chip<\/h6>\n                                    <p class=\"mb-0\">Um die Auswirkung von protektiven Substanzen auf die Darmbarriere zu untersuchen, wurde ein 3-dimensionales Darmmodell auf einem mikrofluidischen Chip In-House etabliert, welches den wachsenden Anforderungen der Physiologie an In-vitro-Modelle gerecht wird. <\/p>\n                          <\/div>\n      <\/div>\n  <\/a>\n                    <\/div>\n                                    <div class=\"col-12 col-sm-6 col-md-6 col-lg-6 col-xl-4 mb-4\">\n                        <a href=\"https:\/\/www.fh-joanneum.at\/projekt\/point-of-care-testing\/\"\n      class=\"project-card\">\n      <div class=\"border border-light h-100\">\n\n          <div class=\"image-wrapper\">\n              <picture>\n                        <source\n                media=\"(max-width: 576px)\"\n                srcset=\"https:\/\/cdn3.fh-joanneum.at\/media\/2019\/09\/point-of-care-und-labor-e1766411360723-576x420.jpg, https:\/\/cdn3.fh-joanneum.at\/media\/2019\/09\/point-of-care-und-labor-e1766411360723-768x560.jpg 2x\"\n            \/>\n                    <source\n                media=\"(max-width: 768px)\"\n                srcset=\"https:\/\/cdn3.fh-joanneum.at\/media\/2019\/09\/point-of-care-und-labor-e1766411360723-768x560.jpg, https:\/\/cdn3.fh-joanneum.at\/media\/2019\/09\/point-of-care-und-labor-e1766411360723-1024x746.jpg 2x\"\n            \/>\n                    <source\n                media=\"(max-width: 1024px)\"\n                srcset=\"https:\/\/cdn3.fh-joanneum.at\/media\/2019\/09\/point-of-care-und-labor-e1766411360723-1024x746.jpg, https:\/\/cdn3.fh-joanneum.at\/media\/2019\/09\/point-of-care-und-labor-e1766411360723-1536x1119.jpg 2x\"\n            \/>\n                    <source\n                media=\"(max-width: 1536px)\"\n                srcset=\"https:\/\/cdn3.fh-joanneum.at\/media\/2019\/09\/point-of-care-und-labor-e1766411360723-1536x1119.jpg, https:\/\/cdn3.fh-joanneum.at\/media\/2019\/09\/point-of-care-und-labor-e1766411360723-2048x1493.jpg 2x\"\n            \/>\n                    <source\n                media=\"(max-width: 2048px)\"\n                srcset=\"https:\/\/cdn3.fh-joanneum.at\/media\/2019\/09\/point-of-care-und-labor-e1766411360723-2048x1493.jpg, https:\/\/cdn3.fh-joanneum.at\/media\/2019\/09\/point-of-care-und-labor-e1766411360723.jpg 2x\"\n            \/>\n                <img decoding=\"async\"\n        class=\"img-fluid\"\n        src=\"https:\/\/cdn3.fh-joanneum.at\/media\/2019\/09\/point-of-care-und-labor-e1766411360723.jpg\"\n        alt=\"Point of Care und Labor\"\n        title=\"\"\n         loading=\"lazy\"             >\n<\/picture>\n\n          <\/div>\n          <div class=\"p-2 p-xl-3\">\n                                    <p class=\"mb-1\">Projekt<\/p>\n                                <h6 class=\"\">Point of Care Testing<\/h6>\n                                    <p class=\"mb-0\">Win-Win-Situation: Projekt der FH JOANNEUM mit EXIAS erm\u00f6glicht praxisnahe Ausbildung und wertvolles Feedback zur Produktentwicklung.<\/p>\n                          <\/div>\n      <\/div>\n  <\/a>\n                    <\/div>\n                                    <div class=\"col-12 col-sm-6 col-md-6 col-lg-6 col-xl-4 mb-4\">\n                        <a href=\"https:\/\/www.fh-joanneum.at\/projekt\/endotheliale-dysfunktion-bei-chronischen-muedigkeitssyndromen\/\"\n      class=\"project-card\">\n      <div class=\"border border-light h-100\">\n\n          <div class=\"image-wrapper\">\n              <picture>\n                        <source\n                media=\"(max-width: 576px)\"\n                srcset=\"https:\/\/cdn3.fh-joanneum.at\/media\/2024\/07\/Post-infection-fatigue-syndromes-1-576x368.jpg, https:\/\/cdn3.fh-joanneum.at\/media\/2024\/07\/Post-infection-fatigue-syndromes-1-768x490.jpg 2x\"\n            \/>\n                    <source\n                media=\"(max-width: 768px)\"\n                srcset=\"https:\/\/cdn3.fh-joanneum.at\/media\/2024\/07\/Post-infection-fatigue-syndromes-1-768x490.jpg, https:\/\/cdn3.fh-joanneum.at\/media\/2024\/07\/Post-infection-fatigue-syndromes-1-1024x654.jpg 2x\"\n            \/>\n                    <source\n                media=\"(max-width: 1024px)\"\n                srcset=\"https:\/\/cdn3.fh-joanneum.at\/media\/2024\/07\/Post-infection-fatigue-syndromes-1-1024x654.jpg, https:\/\/cdn3.fh-joanneum.at\/media\/2024\/07\/Post-infection-fatigue-syndromes-1.jpg 2x\"\n            \/>\n                    <source\n                media=\"(max-width: 1344px)\"\n                srcset=\"https:\/\/cdn3.fh-joanneum.at\/media\/2024\/07\/Post-infection-fatigue-syndromes-1.jpg, https:\/\/cdn3.fh-joanneum.at\/media\/2024\/07\/Post-infection-fatigue-syndromes-1.jpg 2x\"\n            \/>\n                    <source\n                media=\"(max-width: 1344px)\"\n                srcset=\"https:\/\/cdn3.fh-joanneum.at\/media\/2024\/07\/Post-infection-fatigue-syndromes-1.jpg, https:\/\/cdn3.fh-joanneum.at\/media\/2024\/07\/Post-infection-fatigue-syndromes-1.jpg 2x\"\n            \/>\n                <img decoding=\"async\"\n        class=\"img-fluid\"\n        src=\"https:\/\/cdn3.fh-joanneum.at\/media\/2024\/07\/Post-infection-fatigue-syndromes-1.jpg\"\n        alt=\"\"\n        title=\"\"\n         loading=\"lazy\"             >\n<\/picture>\n\n          <\/div>\n          <div class=\"p-2 p-xl-3\">\n                                    <p class=\"mb-1\">Projekt<\/p>\n                                <h6 class=\"\">Endotheliale Dysfunktion bei chronischen M\u00fcdigkeitssyndromen<\/h6>\n                                    <p class=\"mb-0\">Das Projekt zielt darauf ab, neue Erkenntnisse zum besseren Verst\u00e4ndnis der endothelialen Dysfunktion bei chronischen M\u00fcdigkeitssyndromen nach einer Infektion zu liefern. <\/p>\n                          <\/div>\n      <\/div>\n  <\/a>\n                    <\/div>\n                                    <div class=\"col-12 col-sm-6 col-md-6 col-lg-6 col-xl-4 mb-4\">\n                        <a href=\"https:\/\/www.fh-joanneum.at\/projekt\/shift2health\/\"\n      class=\"project-card\">\n      <div class=\"border border-light h-100\">\n\n          <div class=\"image-wrapper\">\n              <picture>\n                        <source\n                media=\"(max-width: 576px)\"\n                srcset=\"https:\/\/cdn3.fh-joanneum.at\/media\/2023\/07\/shift2health-2.jpg, https:\/\/cdn3.fh-joanneum.at\/media\/2023\/07\/shift2health-2.jpg 2x\"\n            \/>\n                    <source\n                media=\"(max-width: 735px)\"\n                srcset=\"https:\/\/cdn3.fh-joanneum.at\/media\/2023\/07\/shift2health-2.jpg, https:\/\/cdn3.fh-joanneum.at\/media\/2023\/07\/shift2health-2.jpg 2x\"\n            \/>\n                    <source\n                media=\"(max-width: 735px)\"\n                srcset=\"https:\/\/cdn3.fh-joanneum.at\/media\/2023\/07\/shift2health-2.jpg, https:\/\/cdn3.fh-joanneum.at\/media\/2023\/07\/shift2health-2.jpg 2x\"\n            \/>\n                    <source\n                media=\"(max-width: 735px)\"\n                srcset=\"https:\/\/cdn3.fh-joanneum.at\/media\/2023\/07\/shift2health-2.jpg, https:\/\/cdn3.fh-joanneum.at\/media\/2023\/07\/shift2health-2.jpg 2x\"\n            \/>\n                    <source\n                media=\"(max-width: 735px)\"\n                srcset=\"https:\/\/cdn3.fh-joanneum.at\/media\/2023\/07\/shift2health-2.jpg, https:\/\/cdn3.fh-joanneum.at\/media\/2023\/07\/shift2health-2.jpg 2x\"\n            \/>\n                <img decoding=\"async\"\n        class=\"img-fluid\"\n        src=\"https:\/\/cdn3.fh-joanneum.at\/media\/2023\/07\/shift2health-2.jpg\"\n        alt=\"SHIFT2HEALTH 1\"\n        title=\"\"\n         loading=\"lazy\"             >\n<\/picture>\n\n          <\/div>\n          <div class=\"p-2 p-xl-3\">\n                                    <p class=\"mb-1\">Projekt<\/p>\n                                <h6 class=\"\">SHIFT2HEALTH<\/h6>\n                                    <p class=\"mb-0\">Das EU-Projekt zielt darauf ab, in den kommenden f\u00fcnf Jahren den Zusammenhang zwischen Adipositas, Gesundheit und Schichtarbeit europaweit zu erforschen. Die FH JOANNEUM ist mit den Instituten Di\u00e4tologie, Angewandte Produktionswissenschaften, Biomedizinische Analytik sowie Design &amp; Kommunikation im Forschungsvorhaben vertreten.<br \/>\r\n<br \/>\r\n<\/p>\n                          <\/div>\n      <\/div>\n  <\/a>\n                    <\/div>\n                                    <div class=\"col-12 col-sm-6 col-md-6 col-lg-6 col-xl-4 mb-4\">\n                        <a href=\"https:\/\/www.fh-joanneum.at\/projekt\/biomarkerforschung-zu-circadianen-einfluessen-auf-die-gesundheit\/\"\n      class=\"project-card\">\n      <div class=\"border border-light h-100\">\n\n          <div class=\"image-wrapper\">\n              <picture>\n                        <source\n                media=\"(max-width: 576px)\"\n                srcset=\"https:\/\/cdn3.fh-joanneum.at\/media\/2025\/11\/20251008_Blut_BIO-c-FH-JOANNEUM-Fabian-Hasler-neu-576x384.jpg, https:\/\/cdn3.fh-joanneum.at\/media\/2025\/11\/20251008_Blut_BIO-c-FH-JOANNEUM-Fabian-Hasler-neu-768x512.jpg 2x\"\n            \/>\n                    <source\n                media=\"(max-width: 768px)\"\n                srcset=\"https:\/\/cdn3.fh-joanneum.at\/media\/2025\/11\/20251008_Blut_BIO-c-FH-JOANNEUM-Fabian-Hasler-neu-768x512.jpg, https:\/\/cdn3.fh-joanneum.at\/media\/2025\/11\/20251008_Blut_BIO-c-FH-JOANNEUM-Fabian-Hasler-neu-1024x683.jpg 2x\"\n            \/>\n                    <source\n                media=\"(max-width: 1024px)\"\n                srcset=\"https:\/\/cdn3.fh-joanneum.at\/media\/2025\/11\/20251008_Blut_BIO-c-FH-JOANNEUM-Fabian-Hasler-neu-1024x683.jpg, https:\/\/cdn3.fh-joanneum.at\/media\/2025\/11\/20251008_Blut_BIO-c-FH-JOANNEUM-Fabian-Hasler-neu-1536x1024.jpg 2x\"\n            \/>\n                    <source\n                media=\"(max-width: 1536px)\"\n                srcset=\"https:\/\/cdn3.fh-joanneum.at\/media\/2025\/11\/20251008_Blut_BIO-c-FH-JOANNEUM-Fabian-Hasler-neu-1536x1024.jpg, https:\/\/cdn3.fh-joanneum.at\/media\/2025\/11\/20251008_Blut_BIO-c-FH-JOANNEUM-Fabian-Hasler-neu-2048x1365.jpg 2x\"\n            \/>\n                    <source\n                media=\"(max-width: 2048px)\"\n                srcset=\"https:\/\/cdn3.fh-joanneum.at\/media\/2025\/11\/20251008_Blut_BIO-c-FH-JOANNEUM-Fabian-Hasler-neu-2048x1365.jpg, https:\/\/cdn3.fh-joanneum.at\/media\/2025\/11\/20251008_Blut_BIO-c-FH-JOANNEUM-Fabian-Hasler-neu-scaled.jpg 2x\"\n            \/>\n                <img decoding=\"async\"\n        class=\"img-fluid\"\n        src=\"https:\/\/cdn3.fh-joanneum.at\/media\/2025\/11\/20251008_Blut_BIO-c-FH-JOANNEUM-Fabian-Hasler-neu-scaled.jpg\"\n        alt=\"\"\n        title=\"\"\n         loading=\"lazy\"             >\n<\/picture>\n\n          <\/div>\n          <div class=\"p-2 p-xl-3\">\n                                    <p class=\"mb-1\">Projekt<\/p>\n                                <h6 class=\"\">SHIFT2HEALTH Biomarkerforschung<\/h6>\n                                    <p class=\"mb-0\">Im EU-Projekt SHIFT2HEALTH identifizieren wir Biomarker f\u00fcr circadiane Dysbalancen und entwickeln ern\u00e4hrungsbasierte Strategien zur Unterst\u00fctzung der Stoffwechselgesundheit bei Schichtarbeitenden.<\/p>\n                          <\/div>\n      <\/div>\n  <\/a>\n                    <\/div>\n                                    <div class=\"col-12 col-sm-6 col-md-6 col-lg-6 col-xl-4 mb-4\">\n                        <a href=\"https:\/\/www.fh-joanneum.at\/projekt\/shift-2-health-in-vitro\/\"\n      class=\"project-card\">\n      <div class=\"border border-light h-100\">\n\n          <div class=\"image-wrapper\">\n              <picture>\n                        <source\n                media=\"(max-width: 576px)\"\n                srcset=\"https:\/\/cdn3.fh-joanneum.at\/media\/2025\/11\/header-576x384.png, https:\/\/cdn3.fh-joanneum.at\/media\/2025\/11\/header.png 2x\"\n            \/>\n                    <source\n                media=\"(max-width: 756px)\"\n                srcset=\"https:\/\/cdn3.fh-joanneum.at\/media\/2025\/11\/header.png, https:\/\/cdn3.fh-joanneum.at\/media\/2025\/11\/header.png 2x\"\n            \/>\n                    <source\n                media=\"(max-width: 756px)\"\n                srcset=\"https:\/\/cdn3.fh-joanneum.at\/media\/2025\/11\/header.png, https:\/\/cdn3.fh-joanneum.at\/media\/2025\/11\/header.png 2x\"\n            \/>\n                    <source\n                media=\"(max-width: 756px)\"\n                srcset=\"https:\/\/cdn3.fh-joanneum.at\/media\/2025\/11\/header.png, https:\/\/cdn3.fh-joanneum.at\/media\/2025\/11\/header.png 2x\"\n            \/>\n                    <source\n                media=\"(max-width: 756px)\"\n                srcset=\"https:\/\/cdn3.fh-joanneum.at\/media\/2025\/11\/header.png, https:\/\/cdn3.fh-joanneum.at\/media\/2025\/11\/header.png 2x\"\n            \/>\n                <img decoding=\"async\"\n        class=\"img-fluid\"\n        src=\"https:\/\/cdn3.fh-joanneum.at\/media\/2025\/11\/header.png\"\n        alt=\"organoide am chip\"\n        title=\"\"\n         loading=\"lazy\"             >\n<\/picture>\n\n          <\/div>\n          <div class=\"p-2 p-xl-3\">\n                                    <p class=\"mb-1\">Projekt<\/p>\n                                <h6 class=\"\">Shift 2 Health &#8211; in vitro<\/h6>\n                                    <p class=\"mb-0\">Das EU-Projekt SHIFT2HEALTH untersucht mit innovativen 3D-Darm-on-a-Chip-Modellen, wie Ern\u00e4hrung und Mikrobiom den circadianen Rhythmus und die Darmbarriere st\u00e4rken \u2013 zur Pr\u00e4vention von Schichtarbeitsrisiken.<\/p>\n                          <\/div>\n      <\/div>\n  <\/a>\n                    <\/div>\n                                    <\/div>\n    <\/div>\n<\/div>\n","protected":false},"excerpt":{"rendered":"<p>Die vielseitige Ausbildung erm\u00f6glicht Ihnen, im Studium an verschiedenen Projekten zu arbeiten. Hier erfahren Sie mehr dar\u00fcber.<\/p>\n","protected":false},"author":12,"featured_media":0,"parent":10000330,"menu_order":35,"comment_status":"closed","ping_status":"closed","template":"","meta":{"_acf_changed":false,"footnotes":""},"acf":[],"aioseo_notices":[],"_links":{"self":[{"href":"https:\/\/www.fh-joanneum.at\/massenspektrometrie-und-molekulare-analytik\/master\/wp-json\/wp\/v2\/pages\/10000340"}],"collection":[{"href":"https:\/\/www.fh-joanneum.at\/massenspektrometrie-und-molekulare-analytik\/master\/wp-json\/wp\/v2\/pages"}],"about":[{"href":"https:\/\/www.fh-joanneum.at\/massenspektrometrie-und-molekulare-analytik\/master\/wp-json\/wp\/v2\/types\/page"}],"author":[{"embeddable":true,"href":"https:\/\/www.fh-joanneum.at\/massenspektrometrie-und-molekulare-analytik\/master\/wp-json\/wp\/v2\/users\/12"}],"replies":[{"embeddable":true,"href":"https:\/\/www.fh-joanneum.at\/massenspektrometrie-und-molekulare-analytik\/master\/wp-json\/wp\/v2\/comments?post=10000340"}],"version-history":[{"count":6,"href":"https:\/\/www.fh-joanneum.at\/massenspektrometrie-und-molekulare-analytik\/master\/wp-json\/wp\/v2\/pages\/10000340\/revisions"}],"predecessor-version":[{"id":10000765,"href":"https:\/\/www.fh-joanneum.at\/massenspektrometrie-und-molekulare-analytik\/master\/wp-json\/wp\/v2\/pages\/10000340\/revisions\/10000765"}],"up":[{"embeddable":true,"href":"https:\/\/www.fh-joanneum.at\/massenspektrometrie-und-molekulare-analytik\/master\/wp-json\/wp\/v2\/pages\/10000330"}],"wp:attachment":[{"href":"https:\/\/www.fh-joanneum.at\/massenspektrometrie-und-molekulare-analytik\/master\/wp-json\/wp\/v2\/media?parent=10000340"}],"curies":[{"name":"wp","href":"https:\/\/api.w.org\/{rel}","templated":true}]}}