{"id":10000034,"date":"2015-08-13T12:50:55","date_gmt":"2015-08-13T10:50:55","guid":{"rendered":"https:\/\/www.fh-joanneum.at\/media-design\/master\/?page_id=34"},"modified":"2021-11-17T16:54:18","modified_gmt":"2021-11-17T15:54:18","slug":"aufnahmeverfahren","status":"publish","type":"page","link":"https:\/\/www.fh-joanneum.at\/media-design\/master\/vor-dem-studium\/aufnahmeverfahren\/","title":{"rendered":"Aufnahmeverfahren"},"content":{"rendered":"<div id=\"\" class=\"wp-block-text-content margin-bottom-none\">\n    <div class=\"container-lg\">\n        <div class=\"row\">\n            <div class=\"col\">\n                <div class=\"module-migration-headline\">\n<h3>Aufnahmeverfahren<\/h3>\n<\/div>\n\n            <\/div>\n        <\/div>\n            <\/div>\n<\/div>\n\n<div id=\"\" class=\"wp-block-text-content margin-bottom-normal\">\n    <div class=\"container-lg\">\n        <div class=\"row\">\n            <div class=\"col\">\n                <p>Das Aufnahmeverfahren setzt sich zusammen aus:<\/p>\n<ul>\n<li>einer vollst&auml;ndigen Bewerbung,<\/li>\n<li>der Bewertung des Online-Portfolios durch die Aufnahmekommission,<\/li>\n<li>einem Online-Gespr&auml;ch mit der Aufnahmekommission sowie<\/li>\n<li>der Beurteilung der vorangegangenen berufsqualifizierenden <br>\nAusbildung und berufspraktischen T&auml;tigkeiten.<\/li>\n<\/ul>\n<p>Die Form der Bewerbung flie&szlig;t in die Beurteilung ein.<\/p>\n<p>Sie werden zum weiteren Aufnahmeverfahren eingeladen, wenn Sie die Voraussetzungen f&uuml;r die Zulassung erf&uuml;llen und Ihr Online-Portfolio sowie Ihre Bewerbung vollst&auml;ndig und fristgerecht eingereicht haben. <\/p>\n\n            <\/div>\n        <\/div>\n            <\/div>\n<\/div>\n\n\n\n<div id=\"\" class=\"wp-block-text-content margin-bottom-normal\">\n    <div class=\"container-lg\">\n        <div class=\"row\">\n            <div class=\"col\">\n                <h4>Das Online-Gespr&auml;ch<\/h4>\n<p>Alle Teilnehmerinnen und Teilnehmer werden zu einem Gespr&auml;ch eingeladen. Informationen mit allen Details zum Online-Gespr&auml;ch erhalten Sie zeitgerecht vor dem Termin per E-Mail. <\/p>\n<p>Das Gespr&auml;ch erfolgt online via Videotelefonie. Beim Online-Gespr&auml;ch ist von der Bewerberin beziehungsweise dem Bewerber zu best&auml;tigen, dass keine unerlaubten Hilfsmittel verwendet werden und keine weiteren Personen zur Unterst&uuml;tzung anwesend sind. Zur Feststellung der Identit&auml;t ist zu Beginn des Gespr&auml;chs ein amtlicher Lichtbildausweis vorzuweisen.<\/p>\n<p>Im Gespr&auml;ch haben Sie die M&ouml;glichkeit, Ihre Kenntnisse auf dem Studiengebiet des Media Design darzustellen. Au&szlig;erdem bietet sich die Gelegenheit, Ihre Motivation, Eignung und Begabung f&uuml;r das gew&auml;hlte Studium und den angestrebten Beruf darzulegen. <\/p>\n<p>Sie f&uuml;hren das Gespr&auml;ch mit Verantwortlichen des Instituts Design &amp; Kommunikation. Es dauert etwa 20 Minuten.<\/p>\n\n            <\/div>\n        <\/div>\n            <\/div>\n<\/div>\n\n\n<div\n    id=\"\"\n    class=\"wp-block-tipp-box margin-bottom-normal\"\n>\n    <div class=\"container-lg\">\n        <div class=\"row\">\n            <div class=\"col\">\n                <div class=\"tipp-box border border-warning\">\n                    <div class=\"tipp-box-inner p-2 p-md-3\">\n                        <h4 class=\"\">Tipp<\/h4>\n                        <p>\u00dcberzeugen Sie sie durch Ihren Lebenslauf, Ihr Interesse an den Studieninhalten und Ihre Pers\u00f6nlichkeit. <\/p>\n\n                    <\/div>\n                <\/div>\n            <\/div>\n        <\/div>\n    <\/div>\n<\/div>\n\n<div id=\"\" class=\"wp-block-text-content margin-bottom-normal\">\n    <div class=\"container-lg\">\n        <div class=\"row\">\n            <div class=\"col\">\n                <h4>Bewertung der vorangegangenen Ausbildung und der beruflichen Erfahrung<\/h4>\n<p>Als zus&auml;tzliche Kriterien f&uuml;r die Aufnahmeentscheidung werden &uuml;berdies berufliche Erfahrungen und die berufsqualifizierende Aus- und Weiterbildung ber&uuml;cksichtigt.<\/p>\n\n            <\/div>\n        <\/div>\n            <\/div>\n<\/div>\n\n","protected":false},"excerpt":{"rendered":"<p>Im Zuge des Aufnahmeverfahrens ermitteln wir Ihre pers\u00f6nlichen F\u00e4higkeiten und Potenziale f\u00fcr das Studium. Was Sie genau erwartet, und wie Sie sich darauf vorbereiten k\u00f6nnen.<\/p>\n","protected":false},"author":12,"featured_media":0,"parent":10000026,"menu_order":20,"comment_status":"closed","ping_status":"closed","template":"","meta":{"_acf_changed":false,"footnotes":""},"acf":[],"aioseo_notices":[],"_links":{"self":[{"href":"https:\/\/www.fh-joanneum.at\/media-design\/master\/wp-json\/wp\/v2\/pages\/10000034"}],"collection":[{"href":"https:\/\/www.fh-joanneum.at\/media-design\/master\/wp-json\/wp\/v2\/pages"}],"about":[{"href":"https:\/\/www.fh-joanneum.at\/media-design\/master\/wp-json\/wp\/v2\/types\/page"}],"author":[{"embeddable":true,"href":"https:\/\/www.fh-joanneum.at\/media-design\/master\/wp-json\/wp\/v2\/users\/12"}],"replies":[{"embeddable":true,"href":"https:\/\/www.fh-joanneum.at\/media-design\/master\/wp-json\/wp\/v2\/comments?post=10000034"}],"version-history":[{"count":0,"href":"https:\/\/www.fh-joanneum.at\/media-design\/master\/wp-json\/wp\/v2\/pages\/10000034\/revisions"}],"up":[{"embeddable":true,"href":"https:\/\/www.fh-joanneum.at\/media-design\/master\/wp-json\/wp\/v2\/pages\/10000026"}],"wp:attachment":[{"href":"https:\/\/www.fh-joanneum.at\/media-design\/master\/wp-json\/wp\/v2\/media?parent=10000034"}],"curies":[{"name":"wp","href":"https:\/\/api.w.org\/{rel}","templated":true}]}}