{"id":10000067,"date":"2015-08-13T12:55:31","date_gmt":"2015-08-13T10:55:31","guid":{"rendered":"https:\/\/www.fh-joanneum.at\/media-design\/master\/?page_id=67"},"modified":"2023-11-02T15:15:28","modified_gmt":"2023-11-02T14:15:28","slug":"absolventinnen-absolventen","status":"publish","type":"page","link":"https:\/\/www.fh-joanneum.at\/media-design\/master\/nach-dem-studium\/absolventinnen-absolventen\/","title":{"rendered":"Absolvent:innen"},"content":{"rendered":"<div id=\"\" class=\"wp-block-text-content margin-bottom-none\">\n    <div class=\"container-lg\">\n        <div class=\"row\">\n            <div class=\"col\">\n                <div class=\"module-migration-headline\">\n<h3>Das machen unsere Absolventinnen und Absolventen.<\/h3>\n<\/div>\n\n            <\/div>\n        <\/div>\n            <\/div>\n<\/div>\n\n<div id=\"\" class=\"wp-block-list-of-graduates margin-bottom-normal\">\n  <div class=\"container-lg\">\n    <div class=\"row\">\n                        <div class=\"col-6 col-sm-4 col-md-6 col-lg-4 col-xl-4 mb-4\">\n            <a\n    href=\"https:\/\/www.fh-joanneum.at\/media-design\/master\/nach-dem-studium\/absolventinnen-absolventen\/unter-freiem-himmel\/\"\n    class=\"graduate-card bg-light\"\n>\n    <div class=\"border border-light h-100\">\n        <div class=\"image-wrapper\">\n            <picture>\n                        <source\n                media=\"(max-width: 525px)\"\n                srcset=\"https:\/\/cdn3.fh-joanneum.at\/media\/sites\/60\/2020\/05\/unter-freiem-himmel-34.jpg, https:\/\/cdn3.fh-joanneum.at\/media\/sites\/60\/2020\/05\/unter-freiem-himmel-34-768x843.jpg 2x\"\n            \/>\n                    <source\n                media=\"(max-width: 768px)\"\n                srcset=\"https:\/\/cdn3.fh-joanneum.at\/media\/sites\/60\/2020\/05\/unter-freiem-himmel-34-768x843.jpg, https:\/\/cdn3.fh-joanneum.at\/media\/sites\/60\/2020\/05\/unter-freiem-himmel-34-933x1024.jpg 2x\"\n            \/>\n                    <source\n                media=\"(max-width: 933px)\"\n                srcset=\"https:\/\/cdn3.fh-joanneum.at\/media\/sites\/60\/2020\/05\/unter-freiem-himmel-34-933x1024.jpg, https:\/\/cdn3.fh-joanneum.at\/media\/sites\/60\/2020\/05\/unter-freiem-himmel-34.jpg 2x\"\n            \/>\n                    <source\n                media=\"(max-width: 1400px)\"\n                srcset=\"https:\/\/cdn3.fh-joanneum.at\/media\/sites\/60\/2020\/05\/unter-freiem-himmel-34.jpg, https:\/\/cdn3.fh-joanneum.at\/media\/sites\/60\/2020\/05\/unter-freiem-himmel-34.jpg 2x\"\n            \/>\n                    <source\n                media=\"(max-width: 1866px)\"\n                srcset=\"https:\/\/cdn3.fh-joanneum.at\/media\/sites\/60\/2020\/05\/unter-freiem-himmel-34.jpg, https:\/\/cdn3.fh-joanneum.at\/media\/sites\/60\/2020\/05\/unter-freiem-himmel-34.jpg 2x\"\n            \/>\n                <img decoding=\"async\"\n        class=\"img-fluid\"\n        src=\"https:\/\/cdn3.fh-joanneum.at\/media\/sites\/60\/2020\/05\/unter-freiem-himmel-34.jpg\"\n        alt=\"Unter freiem Himmel 33\"\n        title=\"\"\n         loading=\"lazy\"             >\n<\/picture>\n\n        <\/div>\n        <div class=\"p-2 p-xl-3\">\n            <h6>Unter freiem Himmel<\/h6>\n            <p class=\"mb-0 hyphens\">\n                Gernot Stefl, Benjamin Hable und Michael Frager stehen hinter dem Unternehmen \u201eUnter freiem Himmel\u201c und berichten \u00fcber ihre T\u00e4tigkeiten.\n            <\/p>\n        <\/div>\n    <\/div>\n<\/a>\n          <\/div>\n                  <div class=\"col-6 col-sm-4 col-md-6 col-lg-4 col-xl-4 mb-4\">\n            <a\n    href=\"https:\/\/www.fh-joanneum.at\/media-design\/master\/nach-dem-studium\/absolventinnen-absolventen\/werner-huber-ba-ma-roland-mariacher-ba\/\"\n    class=\"graduate-card bg-light\"\n>\n    <div class=\"border border-light h-100\">\n        <div class=\"image-wrapper\">\n            <picture>\n                        <source\n                media=\"(max-width: 576px)\"\n                srcset=\"https:\/\/cdn3.fh-joanneum.at\/media\/sites\/60\/2020\/07\/werner-huber-ba-ma-roland-mariacher-ba-2.jpg, https:\/\/cdn3.fh-joanneum.at\/media\/sites\/60\/2020\/07\/werner-huber-ba-ma-roland-mariacher-ba-2-768x768.jpg 2x\"\n            \/>\n                    <source\n                media=\"(max-width: 768px)\"\n                srcset=\"https:\/\/cdn3.fh-joanneum.at\/media\/sites\/60\/2020\/07\/werner-huber-ba-ma-roland-mariacher-ba-2-768x768.jpg, https:\/\/cdn3.fh-joanneum.at\/media\/sites\/60\/2020\/07\/werner-huber-ba-ma-roland-mariacher-ba-2-1024x1024.jpg 2x\"\n            \/>\n                    <source\n                media=\"(max-width: 1024px)\"\n                srcset=\"https:\/\/cdn3.fh-joanneum.at\/media\/sites\/60\/2020\/07\/werner-huber-ba-ma-roland-mariacher-ba-2-1024x1024.jpg, https:\/\/cdn3.fh-joanneum.at\/media\/sites\/60\/2020\/07\/werner-huber-ba-ma-roland-mariacher-ba-2.jpg 2x\"\n            \/>\n                    <source\n                media=\"(max-width: 1500px)\"\n                srcset=\"https:\/\/cdn3.fh-joanneum.at\/media\/sites\/60\/2020\/07\/werner-huber-ba-ma-roland-mariacher-ba-2.jpg, https:\/\/cdn3.fh-joanneum.at\/media\/sites\/60\/2020\/07\/werner-huber-ba-ma-roland-mariacher-ba-2.jpg 2x\"\n            \/>\n                    <source\n                media=\"(max-width: 1500px)\"\n                srcset=\"https:\/\/cdn3.fh-joanneum.at\/media\/sites\/60\/2020\/07\/werner-huber-ba-ma-roland-mariacher-ba-2.jpg, https:\/\/cdn3.fh-joanneum.at\/media\/sites\/60\/2020\/07\/werner-huber-ba-ma-roland-mariacher-ba-2.jpg 2x\"\n            \/>\n                <img decoding=\"async\"\n        class=\"img-fluid\"\n        src=\"https:\/\/cdn3.fh-joanneum.at\/media\/sites\/60\/2020\/07\/werner-huber-ba-ma-roland-mariacher-ba-2.jpg\"\n        alt=\"Werner Huber, BA MA &amp;amp; Roland Mariacher, BA\"\n        title=\"\"\n         loading=\"lazy\"             >\n<\/picture>\n\n        <\/div>\n        <div class=\"p-2 p-xl-3\">\n            <h6>Werner Huber, BA MA &amp; Roland Mariacher, BA<\/h6>\n            <p class=\"mb-0 hyphens\">\n                Nach dem Informationsdesign-Studium gr\u00fcndeten Werner Huber und Roland Mariacher 2016 die MOYA MEDIA OG. Ihre Expertise: Produktvisualisierung, multimediale Inszenierungen und r\u00e4umliche Gestaltung. \r\n\r\n\n            <\/p>\n        <\/div>\n    <\/div>\n<\/a>\n          <\/div>\n                  <div class=\"col-6 col-sm-4 col-md-6 col-lg-4 col-xl-4 mb-4\">\n            <a\n    href=\"https:\/\/www.fh-joanneum.at\/media-design\/master\/nach-dem-studium\/absolventinnen-absolventen\/lisa-faustmann-ba-ma\/\"\n    class=\"graduate-card bg-light\"\n>\n    <div class=\"border border-light h-100\">\n        <div class=\"image-wrapper\">\n            <picture>\n                        <source\n                media=\"(max-width: 461px)\"\n                srcset=\"https:\/\/cdn3.fh-joanneum.at\/media\/sites\/60\/2020\/05\/lisa-faustmann-ba-ma.jpg, https:\/\/cdn3.fh-joanneum.at\/media\/sites\/60\/2020\/05\/lisa-faustmann-ba-ma-768x960.jpg 2x\"\n            \/>\n                    <source\n                media=\"(max-width: 768px)\"\n                srcset=\"https:\/\/cdn3.fh-joanneum.at\/media\/sites\/60\/2020\/05\/lisa-faustmann-ba-ma-768x960.jpg, https:\/\/cdn3.fh-joanneum.at\/media\/sites\/60\/2020\/05\/lisa-faustmann-ba-ma-819x1024.jpg 2x\"\n            \/>\n                    <source\n                media=\"(max-width: 819px)\"\n                srcset=\"https:\/\/cdn3.fh-joanneum.at\/media\/sites\/60\/2020\/05\/lisa-faustmann-ba-ma-819x1024.jpg, https:\/\/cdn3.fh-joanneum.at\/media\/sites\/60\/2020\/05\/lisa-faustmann-ba-ma.jpg 2x\"\n            \/>\n                    <source\n                media=\"(max-width: 1229px)\"\n                srcset=\"https:\/\/cdn3.fh-joanneum.at\/media\/sites\/60\/2020\/05\/lisa-faustmann-ba-ma.jpg, https:\/\/cdn3.fh-joanneum.at\/media\/sites\/60\/2020\/05\/lisa-faustmann-ba-ma.jpg 2x\"\n            \/>\n                    <source\n                media=\"(max-width: 1638px)\"\n                srcset=\"https:\/\/cdn3.fh-joanneum.at\/media\/sites\/60\/2020\/05\/lisa-faustmann-ba-ma.jpg, https:\/\/cdn3.fh-joanneum.at\/media\/sites\/60\/2020\/05\/lisa-faustmann-ba-ma.jpg 2x\"\n            \/>\n                <img decoding=\"async\"\n        class=\"img-fluid\"\n        src=\"https:\/\/cdn3.fh-joanneum.at\/media\/sites\/60\/2020\/05\/lisa-faustmann-ba-ma.jpg\"\n        alt=\"Lisa Faustmann, BA MA\"\n        title=\"\"\n         loading=\"lazy\"             >\n<\/picture>\n\n        <\/div>\n        <div class=\"p-2 p-xl-3\">\n            <h6>Lisa Faustmann, BA MA<\/h6>\n            <p class=\"mb-0 hyphens\">\n                Lisa Faustmann arbeit als selbstst\u00e4ndige 2D- und 3D-Artistin in Berlin. Ob eine 3D-Videoanimation oder eine Frame-by-Frame-Animation, die bei jedem neuen Projekt entstehende Herausforderung macht ihren Job spannend.\n            <\/p>\n        <\/div>\n    <\/div>\n<\/a>\n          <\/div>\n                  <div class=\"col-6 col-sm-4 col-md-6 col-lg-4 col-xl-4 mb-4\">\n            <a\n    href=\"https:\/\/www.fh-joanneum.at\/media-design\/master\/nach-dem-studium\/absolventinnen-absolventen\/karin-cepin-ba-ma\/\"\n    class=\"graduate-card bg-light\"\n>\n    <div class=\"border border-light h-100\">\n        <div class=\"image-wrapper\">\n            <picture>\n                        <source\n                media=\"(max-width: 469px)\"\n                srcset=\"https:\/\/cdn3.fh-joanneum.at\/media\/sites\/60\/2020\/05\/karin-cepin-ba-ma.jpg, https:\/\/cdn3.fh-joanneum.at\/media\/sites\/60\/2020\/05\/karin-cepin-ba-ma-768x943.jpg 2x\"\n            \/>\n                    <source\n                media=\"(max-width: 768px)\"\n                srcset=\"https:\/\/cdn3.fh-joanneum.at\/media\/sites\/60\/2020\/05\/karin-cepin-ba-ma-768x943.jpg, https:\/\/cdn3.fh-joanneum.at\/media\/sites\/60\/2020\/05\/karin-cepin-ba-ma-834x1024.jpg 2x\"\n            \/>\n                    <source\n                media=\"(max-width: 834px)\"\n                srcset=\"https:\/\/cdn3.fh-joanneum.at\/media\/sites\/60\/2020\/05\/karin-cepin-ba-ma-834x1024.jpg, https:\/\/cdn3.fh-joanneum.at\/media\/sites\/60\/2020\/05\/karin-cepin-ba-ma.jpg 2x\"\n            \/>\n                    <source\n                media=\"(max-width: 1251px)\"\n                srcset=\"https:\/\/cdn3.fh-joanneum.at\/media\/sites\/60\/2020\/05\/karin-cepin-ba-ma.jpg, https:\/\/cdn3.fh-joanneum.at\/media\/sites\/60\/2020\/05\/karin-cepin-ba-ma.jpg 2x\"\n            \/>\n                    <source\n                media=\"(max-width: 1668px)\"\n                srcset=\"https:\/\/cdn3.fh-joanneum.at\/media\/sites\/60\/2020\/05\/karin-cepin-ba-ma.jpg, https:\/\/cdn3.fh-joanneum.at\/media\/sites\/60\/2020\/05\/karin-cepin-ba-ma.jpg 2x\"\n            \/>\n                <img decoding=\"async\"\n        class=\"img-fluid\"\n        src=\"https:\/\/cdn3.fh-joanneum.at\/media\/sites\/60\/2020\/05\/karin-cepin-ba-ma.jpg\"\n        alt=\"Karin Cepin, BA MA\"\n        title=\"\"\n         loading=\"lazy\"             >\n<\/picture>\n\n        <\/div>\n        <div class=\"p-2 p-xl-3\">\n            <h6>Karin Cepin, BA MA<\/h6>\n            <p class=\"mb-0 hyphens\">\n                Im Studium hat Karin Cepin gelernt, Design als Methode die Welt zu entdecken und zu formen. Die Designerin liebt an ihrem Beruf die Erotik des Entwerfens und den exponentiellen Exzess durch Menschen, Gedanken und L\u00f6sungen.\n            <\/p>\n        <\/div>\n    <\/div>\n<\/a>\n          <\/div>\n                  <\/div>\n  <\/div>\n<\/div>\n\n","protected":false},"excerpt":{"rendered":"<p>Wir haben einige unserer ehemaligen Studierenden portraitiert. So k\u00f6nnen Sie sich selbst ein Bild \u00fcber die Berufs- und Karrierem\u00f6glichkeiten machen.<\/p>\n","protected":false},"author":12,"featured_media":0,"parent":10000063,"menu_order":49,"comment_status":"closed","ping_status":"closed","template":"","meta":{"_acf_changed":false,"footnotes":""},"acf":[],"aioseo_notices":[],"_links":{"self":[{"href":"https:\/\/www.fh-joanneum.at\/media-design\/master\/wp-json\/wp\/v2\/pages\/10000067"}],"collection":[{"href":"https:\/\/www.fh-joanneum.at\/media-design\/master\/wp-json\/wp\/v2\/pages"}],"about":[{"href":"https:\/\/www.fh-joanneum.at\/media-design\/master\/wp-json\/wp\/v2\/types\/page"}],"author":[{"embeddable":true,"href":"https:\/\/www.fh-joanneum.at\/media-design\/master\/wp-json\/wp\/v2\/users\/12"}],"replies":[{"embeddable":true,"href":"https:\/\/www.fh-joanneum.at\/media-design\/master\/wp-json\/wp\/v2\/comments?post=10000067"}],"version-history":[{"count":0,"href":"https:\/\/www.fh-joanneum.at\/media-design\/master\/wp-json\/wp\/v2\/pages\/10000067\/revisions"}],"up":[{"embeddable":true,"href":"https:\/\/www.fh-joanneum.at\/media-design\/master\/wp-json\/wp\/v2\/pages\/10000063"}],"wp:attachment":[{"href":"https:\/\/www.fh-joanneum.at\/media-design\/master\/wp-json\/wp\/v2\/media?parent=10000067"}],"curies":[{"name":"wp","href":"https:\/\/api.w.org\/{rel}","templated":true}]}}