{"id":10000445,"date":"2020-07-06T13:07:54","date_gmt":"2020-07-06T11:07:54","guid":{"rendered":"https:\/\/www.fh-joanneum.at\/media-design\/master\/?page_id=445"},"modified":"2020-07-06T13:11:18","modified_gmt":"2020-07-06T11:11:18","slug":"werner-huber-ba-ma-roland-mariacher-ba","status":"publish","type":"page","link":"https:\/\/www.fh-joanneum.at\/media-design\/master\/nach-dem-studium\/absolventinnen-absolventen\/werner-huber-ba-ma-roland-mariacher-ba\/","title":{"rendered":"Werner Huber, BA MA &amp; Roland Mariacher, BA"},"content":{"rendered":"<div id=\"\" class=\"wp-block-text-content margin-bottom-normal\">\n    <div class=\"container-lg\">\n        <div class=\"row\">\n            <div class=\"col\">\n                <p><strong>Jobbezeichnung:<\/strong> Konzeption und Produktion von 3D-Animationen und Medieninstallationen  <br>\n<strong>Unternehmen:<\/strong> <a href=\"http:\/\/www.moya-media.at\/\" target=\"_blank\" rel=\"noopener noreferrer\">MOYA MEDIA OG<\/a>  <br>\n<strong>Wir arbeiten in:<\/strong> Salzburg &amp; Graz, &Ouml;sterreich<br>\n<strong>Wir arbeiten hier seit:<\/strong> 2016 <br>\n<strong>Unser Kontakt:<\/strong> <a href=\"mailto:hello@moya-media.at\">hello@moya-media.at<\/a>  <br>\n<strong>Unsere Social URLs:<\/strong><\/p>\n<ul>\n<li><a href=\"http:\/\/www.moya-media.at\/\" target=\"_blank\" rel=\"noopener noreferrer\">www.moya-media.at<\/a><\/li>\n<li><a href=\"http:\/\/www.moya-visuals.com\/\" target=\"_blank\" rel=\"noopener noreferrer\">www.moya-visuals.com<\/a><\/li>\n<li><a href=\"http:\/\/projection-mapping.at\/\" target=\"_blank\" rel=\"noopener noreferrer\">projection-mapping.at<\/a><\/li>\n<li><a href=\"https:\/\/www.facebook.com\/moya.visuals\" target=\"_blank\" rel=\"noopener noreferrer\">Facebook<\/a><\/li>\n<li><a href=\"https:\/\/vimeo.com\/moyamedia\" target=\"_blank\" rel=\"noopener noreferrer\">Vimeo<\/a><\/li>\n<li><a href=\"https:\/\/www.instagram.com\/moya.media\/\" target=\"_blank\" rel=\"noopener noreferrer\">Instagramm<\/a><\/li>\n<\/ul>\n<p>Fotos: &copy; MOYA<\/p>\n<h4>Was wir machen:<\/h4>\n<ul>\n<li>Kreative Konzeption und Projektmanagement<\/li>\n<li>3D-Animation &amp; Video \/ Sound Editing<\/li>\n<li>Development &amp; Coding<\/li>\n<\/ul>\n<p>F&uuml;r unsere Kundinnen und Kunden erstellen wir ma&szlig;geschneiderte Konzepte in den Bereichen Produktvisualisierung, multimediale Inszenierungen und r&auml;umliche Gestaltung. <\/p>\n\n            <\/div>\n        <\/div>\n            <\/div>\n<\/div>\n\n<div\n    id=\"\"\n    class=\"wp-block-image-slider margin-bottom-normal\"\n>\n    <div class=\"container-lg\">\n        <div class=\"row\">\n            <div class=\"col-12\">\n                <div class=\"swiper-outer-wrapper\">\n                    <div class=\"image-header\">\n                        <div class=\"swiper-navigation\">\n                            <div class=\"swiper-button-prev-custom\">\n                                <svg xmlns=\"http:\/\/www.w3.org\/2000\/svg\" width=\"9\" height=\"14\" viewBox=\"0 0 9 14\" fill=\"none\">\n  <path d=\"M8 13L2 7L8 1\" stroke=\"\" stroke-width=\"1.5\" stroke-linecap=\"round\"\/>\n<\/svg>                            <\/div>\n                            <div class=\"swiper-button-next-custom\">\n                                <svg xmlns=\"http:\/\/www.w3.org\/2000\/svg\" width=\"9\" height=\"14\" viewBox=\"0 0 9 14\" fill=\"none\">\n  <path d=\"M1 1L7 7L1 13\" stroke=\"\" stroke-width=\"1.5\" stroke-linecap=\"round\"\/>\n<\/svg>                            <\/div>\n                        <\/div>\n                    <\/div>\n                    <div class=\"swiper image-slider-swiper\">\n                        <div class=\"swiper-wrapper\">\n                                                                                                <div class=\"swiper-slide item\">\n                                        <picture>\n                        <source\n                media=\"(max-width: 576px)\"\n                srcset=\"https:\/\/cdn3.fh-joanneum.at\/media\/sites\/60\/2020\/07\/werner-huber-ba-ma-roland-mariacher-ba-6.jpg, https:\/\/cdn3.fh-joanneum.at\/media\/sites\/60\/2020\/07\/werner-huber-ba-ma-roland-mariacher-ba-6-768x512.jpg 2x\"\n            \/>\n                    <source\n                media=\"(max-width: 768px)\"\n                srcset=\"https:\/\/cdn3.fh-joanneum.at\/media\/sites\/60\/2020\/07\/werner-huber-ba-ma-roland-mariacher-ba-6-768x512.jpg, https:\/\/cdn3.fh-joanneum.at\/media\/sites\/60\/2020\/07\/werner-huber-ba-ma-roland-mariacher-ba-6-1024x683.jpg 2x\"\n            \/>\n                    <source\n                media=\"(max-width: 1024px)\"\n                srcset=\"https:\/\/cdn3.fh-joanneum.at\/media\/sites\/60\/2020\/07\/werner-huber-ba-ma-roland-mariacher-ba-6-1024x683.jpg, https:\/\/cdn3.fh-joanneum.at\/media\/sites\/60\/2020\/07\/werner-huber-ba-ma-roland-mariacher-ba-6.jpg 2x\"\n            \/>\n                    <source\n                media=\"(max-width: 1536px)\"\n                srcset=\"https:\/\/cdn3.fh-joanneum.at\/media\/sites\/60\/2020\/07\/werner-huber-ba-ma-roland-mariacher-ba-6.jpg, https:\/\/cdn3.fh-joanneum.at\/media\/sites\/60\/2020\/07\/werner-huber-ba-ma-roland-mariacher-ba-6.jpg 2x\"\n            \/>\n                    <source\n                media=\"(max-width: 2048px)\"\n                srcset=\"https:\/\/cdn3.fh-joanneum.at\/media\/sites\/60\/2020\/07\/werner-huber-ba-ma-roland-mariacher-ba-6.jpg, https:\/\/cdn3.fh-joanneum.at\/media\/sites\/60\/2020\/07\/werner-huber-ba-ma-roland-mariacher-ba-6.jpg 2x\"\n            \/>\n                <img decoding=\"async\"\n        class=\"img-fluid\"\n        src=\"https:\/\/cdn3.fh-joanneum.at\/media\/sites\/60\/2020\/07\/werner-huber-ba-ma-roland-mariacher-ba-6.jpg\"\n        alt=\"Werner Huber, BA MA &amp;amp; Roland Mariacher, BA 4\"\n        title=\"\"\n         loading=\"lazy\"             >\n<\/picture>\n\n                                                                                    <p class=\"text-muted mt-2\">MOYA_MEDIA_CoSA_Genesis: Interactive Installation<\/p>\n                                                                            <\/div>\n                                                                    <div class=\"swiper-slide item\">\n                                        <picture>\n                        <source\n                media=\"(max-width: 576px)\"\n                srcset=\"https:\/\/cdn3.fh-joanneum.at\/media\/sites\/60\/2020\/07\/werner-huber-ba-ma-roland-mariacher-ba-5.jpg, https:\/\/cdn3.fh-joanneum.at\/media\/sites\/60\/2020\/07\/werner-huber-ba-ma-roland-mariacher-ba-5-768x432.jpg 2x\"\n            \/>\n                    <source\n                media=\"(max-width: 768px)\"\n                srcset=\"https:\/\/cdn3.fh-joanneum.at\/media\/sites\/60\/2020\/07\/werner-huber-ba-ma-roland-mariacher-ba-5-768x432.jpg, https:\/\/cdn3.fh-joanneum.at\/media\/sites\/60\/2020\/07\/werner-huber-ba-ma-roland-mariacher-ba-5-1024x576.jpg 2x\"\n            \/>\n                    <source\n                media=\"(max-width: 1024px)\"\n                srcset=\"https:\/\/cdn3.fh-joanneum.at\/media\/sites\/60\/2020\/07\/werner-huber-ba-ma-roland-mariacher-ba-5-1024x576.jpg, https:\/\/cdn3.fh-joanneum.at\/media\/sites\/60\/2020\/07\/werner-huber-ba-ma-roland-mariacher-ba-5.jpg 2x\"\n            \/>\n                    <source\n                media=\"(max-width: 1536px)\"\n                srcset=\"https:\/\/cdn3.fh-joanneum.at\/media\/sites\/60\/2020\/07\/werner-huber-ba-ma-roland-mariacher-ba-5.jpg, https:\/\/cdn3.fh-joanneum.at\/media\/sites\/60\/2020\/07\/werner-huber-ba-ma-roland-mariacher-ba-5.jpg 2x\"\n            \/>\n                    <source\n                media=\"(max-width: 2048px)\"\n                srcset=\"https:\/\/cdn3.fh-joanneum.at\/media\/sites\/60\/2020\/07\/werner-huber-ba-ma-roland-mariacher-ba-5.jpg, https:\/\/cdn3.fh-joanneum.at\/media\/sites\/60\/2020\/07\/werner-huber-ba-ma-roland-mariacher-ba-5.jpg 2x\"\n            \/>\n                <img decoding=\"async\"\n        class=\"img-fluid\"\n        src=\"https:\/\/cdn3.fh-joanneum.at\/media\/sites\/60\/2020\/07\/werner-huber-ba-ma-roland-mariacher-ba-5.jpg\"\n        alt=\"Werner Huber, BA MA &amp;amp; Roland Mariacher, BA 3\"\n        title=\"\"\n         loading=\"lazy\"             >\n<\/picture>\n\n                                                                                    <p class=\"text-muted mt-2\">MOYA_MEDIA_CeMAT: Interactive Installation, 3D Animation<\/p>\n                                                                            <\/div>\n                                                                    <div class=\"swiper-slide item\">\n                                        <picture>\n                        <source\n                media=\"(max-width: 576px)\"\n                srcset=\"https:\/\/cdn3.fh-joanneum.at\/media\/sites\/60\/2020\/07\/werner-huber-ba-ma-roland-mariacher-ba-4.jpg, https:\/\/cdn3.fh-joanneum.at\/media\/sites\/60\/2020\/07\/werner-huber-ba-ma-roland-mariacher-ba-4-768x432.jpg 2x\"\n            \/>\n                    <source\n                media=\"(max-width: 768px)\"\n                srcset=\"https:\/\/cdn3.fh-joanneum.at\/media\/sites\/60\/2020\/07\/werner-huber-ba-ma-roland-mariacher-ba-4-768x432.jpg, https:\/\/cdn3.fh-joanneum.at\/media\/sites\/60\/2020\/07\/werner-huber-ba-ma-roland-mariacher-ba-4-1024x576.jpg 2x\"\n            \/>\n                    <source\n                media=\"(max-width: 1024px)\"\n                srcset=\"https:\/\/cdn3.fh-joanneum.at\/media\/sites\/60\/2020\/07\/werner-huber-ba-ma-roland-mariacher-ba-4-1024x576.jpg, https:\/\/cdn3.fh-joanneum.at\/media\/sites\/60\/2020\/07\/werner-huber-ba-ma-roland-mariacher-ba-4.jpg 2x\"\n            \/>\n                    <source\n                media=\"(max-width: 1536px)\"\n                srcset=\"https:\/\/cdn3.fh-joanneum.at\/media\/sites\/60\/2020\/07\/werner-huber-ba-ma-roland-mariacher-ba-4.jpg, https:\/\/cdn3.fh-joanneum.at\/media\/sites\/60\/2020\/07\/werner-huber-ba-ma-roland-mariacher-ba-4.jpg 2x\"\n            \/>\n                    <source\n                media=\"(max-width: 2048px)\"\n                srcset=\"https:\/\/cdn3.fh-joanneum.at\/media\/sites\/60\/2020\/07\/werner-huber-ba-ma-roland-mariacher-ba-4.jpg, https:\/\/cdn3.fh-joanneum.at\/media\/sites\/60\/2020\/07\/werner-huber-ba-ma-roland-mariacher-ba-4.jpg 2x\"\n            \/>\n                <img decoding=\"async\"\n        class=\"img-fluid\"\n        src=\"https:\/\/cdn3.fh-joanneum.at\/media\/sites\/60\/2020\/07\/werner-huber-ba-ma-roland-mariacher-ba-4.jpg\"\n        alt=\"Werner Huber, BA MA &amp;amp; Roland Mariacher, BA 2\"\n        title=\"\"\n         loading=\"lazy\"             >\n<\/picture>\n\n                                                                                    <p class=\"text-muted mt-2\">MOYA_MEDIA_MAPLAB: Stage Design, Installation Design<\/p>\n                                                                            <\/div>\n                                                                    <div class=\"swiper-slide item\">\n                                        <picture>\n                        <source\n                media=\"(max-width: 576px)\"\n                srcset=\"https:\/\/cdn3.fh-joanneum.at\/media\/sites\/60\/2020\/07\/werner-huber-ba-ma-roland-mariacher-ba-3.jpg, https:\/\/cdn3.fh-joanneum.at\/media\/sites\/60\/2020\/07\/werner-huber-ba-ma-roland-mariacher-ba-3-768x432.jpg 2x\"\n            \/>\n                    <source\n                media=\"(max-width: 768px)\"\n                srcset=\"https:\/\/cdn3.fh-joanneum.at\/media\/sites\/60\/2020\/07\/werner-huber-ba-ma-roland-mariacher-ba-3-768x432.jpg, https:\/\/cdn3.fh-joanneum.at\/media\/sites\/60\/2020\/07\/werner-huber-ba-ma-roland-mariacher-ba-3-1024x576.jpg 2x\"\n            \/>\n                    <source\n                media=\"(max-width: 1024px)\"\n                srcset=\"https:\/\/cdn3.fh-joanneum.at\/media\/sites\/60\/2020\/07\/werner-huber-ba-ma-roland-mariacher-ba-3-1024x576.jpg, https:\/\/cdn3.fh-joanneum.at\/media\/sites\/60\/2020\/07\/werner-huber-ba-ma-roland-mariacher-ba-3.jpg 2x\"\n            \/>\n                    <source\n                media=\"(max-width: 1536px)\"\n                srcset=\"https:\/\/cdn3.fh-joanneum.at\/media\/sites\/60\/2020\/07\/werner-huber-ba-ma-roland-mariacher-ba-3.jpg, https:\/\/cdn3.fh-joanneum.at\/media\/sites\/60\/2020\/07\/werner-huber-ba-ma-roland-mariacher-ba-3.jpg 2x\"\n            \/>\n                    <source\n                media=\"(max-width: 1920px)\"\n                srcset=\"https:\/\/cdn3.fh-joanneum.at\/media\/sites\/60\/2020\/07\/werner-huber-ba-ma-roland-mariacher-ba-3.jpg, https:\/\/cdn3.fh-joanneum.at\/media\/sites\/60\/2020\/07\/werner-huber-ba-ma-roland-mariacher-ba-3.jpg 2x\"\n            \/>\n                <img decoding=\"async\"\n        class=\"img-fluid\"\n        src=\"https:\/\/cdn3.fh-joanneum.at\/media\/sites\/60\/2020\/07\/werner-huber-ba-ma-roland-mariacher-ba-3.jpg\"\n        alt=\"Werner Huber, BA MA &amp;amp; Roland Mariacher, BA 1\"\n        title=\"\"\n         loading=\"lazy\"             >\n<\/picture>\n\n                                                                                    <p class=\"text-muted mt-2\">MOYA_MEDIA_KF-Mapping: Projection Mapping<\/p>\n                                                                            <\/div>\n                                                                    <div class=\"swiper-slide item\">\n                                        <picture>\n                        <source\n                media=\"(max-width: 576px)\"\n                srcset=\"https:\/\/cdn3.fh-joanneum.at\/media\/sites\/60\/2020\/07\/werner-huber-ba-ma-roland-mariacher-ba-7.jpg, https:\/\/cdn3.fh-joanneum.at\/media\/sites\/60\/2020\/07\/werner-huber-ba-ma-roland-mariacher-ba-7-768x432.jpg 2x\"\n            \/>\n                    <source\n                media=\"(max-width: 768px)\"\n                srcset=\"https:\/\/cdn3.fh-joanneum.at\/media\/sites\/60\/2020\/07\/werner-huber-ba-ma-roland-mariacher-ba-7-768x432.jpg, https:\/\/cdn3.fh-joanneum.at\/media\/sites\/60\/2020\/07\/werner-huber-ba-ma-roland-mariacher-ba-7-1024x576.jpg 2x\"\n            \/>\n                    <source\n                media=\"(max-width: 1024px)\"\n                srcset=\"https:\/\/cdn3.fh-joanneum.at\/media\/sites\/60\/2020\/07\/werner-huber-ba-ma-roland-mariacher-ba-7-1024x576.jpg, https:\/\/cdn3.fh-joanneum.at\/media\/sites\/60\/2020\/07\/werner-huber-ba-ma-roland-mariacher-ba-7.jpg 2x\"\n            \/>\n                    <source\n                media=\"(max-width: 1536px)\"\n                srcset=\"https:\/\/cdn3.fh-joanneum.at\/media\/sites\/60\/2020\/07\/werner-huber-ba-ma-roland-mariacher-ba-7.jpg, https:\/\/cdn3.fh-joanneum.at\/media\/sites\/60\/2020\/07\/werner-huber-ba-ma-roland-mariacher-ba-7.jpg 2x\"\n            \/>\n                    <source\n                media=\"(max-width: 2048px)\"\n                srcset=\"https:\/\/cdn3.fh-joanneum.at\/media\/sites\/60\/2020\/07\/werner-huber-ba-ma-roland-mariacher-ba-7.jpg, https:\/\/cdn3.fh-joanneum.at\/media\/sites\/60\/2020\/07\/werner-huber-ba-ma-roland-mariacher-ba-7.jpg 2x\"\n            \/>\n                <img decoding=\"async\"\n        class=\"img-fluid\"\n        src=\"https:\/\/cdn3.fh-joanneum.at\/media\/sites\/60\/2020\/07\/werner-huber-ba-ma-roland-mariacher-ba-7.jpg\"\n        alt=\"Werner Huber, BA MA &amp;amp; Roland Mariacher, BA 5\"\n        title=\"\"\n         loading=\"lazy\"             >\n<\/picture>\n\n                                                                                    <p class=\"text-muted mt-2\">MOYA_MEDIA_ILO: Visualization Design<\/p>\n                                                                            <\/div>\n                                                                                    <\/div>\n                    <\/div>\n\n                    <div class=\"swiper-navigation-pagination\">\n                        <div class=\"swiper-button-prev-custom\">\n                            <svg xmlns=\"http:\/\/www.w3.org\/2000\/svg\" width=\"9\" height=\"14\" viewBox=\"0 0 9 14\" fill=\"none\">\n  <path d=\"M8 13L2 7L8 1\" stroke=\"\" stroke-width=\"1.5\" stroke-linecap=\"round\"\/>\n<\/svg>                        <\/div>\n                        <div class=\"swiper-pagination\"><\/div>\n                        <div class=\"swiper-button-next-custom\">\n                            <svg xmlns=\"http:\/\/www.w3.org\/2000\/svg\" width=\"9\" height=\"14\" viewBox=\"0 0 9 14\" fill=\"none\">\n  <path d=\"M1 1L7 7L1 13\" stroke=\"\" stroke-width=\"1.5\" stroke-linecap=\"round\"\/>\n<\/svg>                        <\/div>\n                    <\/div>\n                <\/div>\n            <\/div>\n        <\/div>\n    <\/div>\n<\/div>\n\n<div id=\"\" class=\"wp-block-text-content margin-bottom-normal\">\n    <div class=\"container-lg\">\n        <div class=\"row\">\n            <div class=\"col\">\n                <h4>Warum wir unseren Job lieben:<\/h4>\n<ul>\n<li>kreatives Schaffen, die eigenen Ideen verwirklichen<\/li>\n<li>Zusammenarbeit mit anderen Kreativen<\/li>\n<li>technische Herausforderungen<\/li>\n<\/ul>\n<h4>Was wir an unserem Job nicht so m&ouml;gen:<\/h4>\n<ul>\n<li>immer erreichbar zu sein.<\/li>\n<li>Buchhaltung<\/li>\n<\/ul>\n<h4>Wichtige F&auml;higkeiten in unserem Job:<\/h4>\n<ul>\n<li>Organisationsverm&ouml;gen<\/li>\n<li>Kreativit&auml;t<\/li>\n<li>Belastungsf&auml;higkeit<\/li>\n<\/ul>\n<h4>Unser bisher gr&ouml;&szlig;ter Erfolg<\/h4>\n<p>Wir sind sehr stolz auf die Gestaltung eines Raumes f&uuml;r das Center of Science Activities im Joanneumsviertel Graz. Die Kombination von r&auml;umlicher Gestaltung, Erstellung digitaler Inhalte und technischer Umsetzung der Medieninstallation war eine gro&szlig;e Herausforderung. Das Thema &bdquo;Eine Reise durch Weltall und Tiefsee&ldquo; lies viel k&uuml;nstlerischen Freiraum und die Zusammenarbeit mit dem Team des Grazer Kindermuseums war hervorragend.<\/p>\n<h4>Wie wir zu diesem Job gekommen sind<\/h4>\n<p>Wir haben uns im Studium kennengelernt und gemeinsam angefangen Club Visuals zu machen. Durch immer gr&ouml;&szlig;er werdende Projekte war klar, dass wir unser eigenes Ding durchziehen wollen. So gr&uuml;ndeten wir dann 2016 die MOYA MEDIA OG.<\/p>\n<h4>Was wir im Studium f&uuml;r den Job gelernt haben<\/h4>\n<p>Das Studium hat uns f&uuml;r die unterschiedlichsten Themen wie Typografie, Fotografie oder Coding sensibilisiert und Freiraum f&uuml;r das Experimentieren mit neuen Techniken geboten. Neben den theoretischen Grundlagen des Studiums war die FH ein wichtiger Faktor, um ein eigenes Netzwerk aus Kreativen und Kundinnen und Kunden zu entwickeln.<\/p>\n<h4>Die Jobchancen in unserem Bereich<\/h4>\n<p>Das Studium bietet ein breites Spektrum an M&ouml;glichkeiten f&uuml;r den weiteren Berufsweg. Egal ob Selbstst&auml;ndigkeit, wie in unserem Fall, oder Jobs in der Kreativwirtschaft: Man findet umfangreiche Unterst&uuml;tzung zur Umsetzung seiner Vorstellungen.<\/p>\n<h4>Wir sind:<\/h4>\n<ul>\n<li>flexibel<\/li>\n<li>kreativ<\/li>\n<li>twas verr&uuml;ckt<\/li>\n<\/ul>\n\n            <\/div>\n        <\/div>\n            <\/div>\n<\/div>\n\n<div\n    id=\"\"\n    class=\"wp-block-blockquote margin-bottom-normal\"\n>\n    <div class=\"container-lg\">\n        <div class=\"row\">\n            <div class=\"col\">\n                <div class=\"d-block mb-2 fs-5 major-text-color\">Ohne das Studium an der FH JOANNEUM w\u00e4re MOYA nicht entstanden. Auch wenn nicht immer jeder Kurs die pers\u00f6nlichen Interessen trifft, so ist die generalistische Ausrichtung der Studieng\u00e4nge f\u00fcr das weitere berufliche Leben ideal geeignet. <br> Das kreative Umfeld und das wirtschaftliche Potenzial der Region bieten eine ideale Grundlage, um nach dem Studium selbstst\u00e4ndig eine Agentur zu gr\u00fcnden. Dazu kommt, dass Graz einfach die coolste Stadt \u00d6sterreichs ist.<\/div>\n                <span class=\"d-flex justify-content-end\">Werner Huber, BA MA &amp; Roland Mariacher, BA<\/span>\n            <\/div>\n        <\/div>\n    <\/div>\n<\/div>\n\n","protected":false},"excerpt":{"rendered":"<p>Nach dem Informationsdesign-Studium gr\u00fcndeten Werner Huber und Roland Mariacher 2016 die MOYA MEDIA OG. Ihre Expertise: Produktvisualisierung, multimediale Inszenierungen und r\u00e4umliche Gestaltung. <\/p>\n","protected":false},"author":11,"featured_media":10000446,"parent":10000067,"menu_order":2,"comment_status":"closed","ping_status":"closed","template":"template-absolvent.blade.php","meta":{"_acf_changed":false,"footnotes":""},"acf":[],"aioseo_notices":[],"_links":{"self":[{"href":"https:\/\/www.fh-joanneum.at\/media-design\/master\/wp-json\/wp\/v2\/pages\/10000445"}],"collection":[{"href":"https:\/\/www.fh-joanneum.at\/media-design\/master\/wp-json\/wp\/v2\/pages"}],"about":[{"href":"https:\/\/www.fh-joanneum.at\/media-design\/master\/wp-json\/wp\/v2\/types\/page"}],"author":[{"embeddable":true,"href":"https:\/\/www.fh-joanneum.at\/media-design\/master\/wp-json\/wp\/v2\/users\/11"}],"replies":[{"embeddable":true,"href":"https:\/\/www.fh-joanneum.at\/media-design\/master\/wp-json\/wp\/v2\/comments?post=10000445"}],"version-history":[{"count":0,"href":"https:\/\/www.fh-joanneum.at\/media-design\/master\/wp-json\/wp\/v2\/pages\/10000445\/revisions"}],"up":[{"embeddable":true,"href":"https:\/\/www.fh-joanneum.at\/media-design\/master\/wp-json\/wp\/v2\/pages\/10000067"}],"wp:featuredmedia":[{"embeddable":true,"href":"https:\/\/www.fh-joanneum.at\/media-design\/master\/wp-json\/wp\/v2\/media\/10000446"}],"wp:attachment":[{"href":"https:\/\/www.fh-joanneum.at\/media-design\/master\/wp-json\/wp\/v2\/media?parent=10000445"}],"curies":[{"name":"wp","href":"https:\/\/api.w.org\/{rel}","templated":true}]}}