{"id":10000050,"date":"2021-11-22T14:59:28","date_gmt":"2021-11-22T13:59:28","guid":{"rendered":"https:\/\/www.fh-joanneum.at\/mobility-technologies\/master\/?page_id=50"},"modified":"2024-12-20T12:12:32","modified_gmt":"2024-12-20T11:12:32","slug":"voraussetzungen","status":"publish","type":"page","link":"https:\/\/www.fh-joanneum.at\/mobility-technologies\/master\/vor-dem-studium\/voraussetzungen\/","title":{"rendered":"Voraussetzungen"},"content":{"rendered":"<div id=\"\" class=\"wp-block-text-content margin-bottom-none\">\n    <div class=\"container-lg\">\n        <div class=\"row\">\n            <div class=\"col\">\n                <div class=\"module-migration-headline\">\n<h3>Voraussetzungen f&uuml;r das Studium<\/h3>\n<\/div>\n\n            <\/div>\n        <\/div>\n            <\/div>\n<\/div>\n\n\n<div id=\"\" class=\"wp-block-text-content margin-bottom-normal\">\n    <div class=\"container-lg\">\n        <div class=\"row\">\n            <div class=\"col\">\n                <p>Wenn Sie einen Studienabschluss<\/p>\n<ul>\n<li>eines facheinschl&auml;gigen Bachelorstudiums oder<\/li>\n<li>einer gleichwertigen Ausbildung<\/li>\n<\/ul>\n<p>nachweisen k&ouml;nnen, erf&uuml;llen Sie die Voraussetzungen f&uuml;r das Masterstudium. Als facheinschl&auml;giger Bachelor- oder Diplomabschluss <strong>in den Fachbereichen &bdquo;Energiemanagement&ldquo;, &bdquo;Umweltmanagement&ldquo; oder &bdquo;Mobilit&auml;tsmanagement&ldquo;<\/strong> gelten beispielsweise Energie-, Mobilit&auml;ts- und Umweltmanagement, alle Bachelorstudieng&auml;nge des Departments Technik der FH JOANNEUM oder Umweltsystemwissenschaften.<\/p>\n<p>Der Zugang zum Masterstudium kann aus einem breiten Spektrum von Bachelorstudieng&auml;ngen an unterschiedlichen Universit&auml;ten und Hochschulen erfolgen. Wie zum Beispiel:<\/p>\n<p>Bachelorstudieng&auml;nge der FH JOANNEUM:<\/p>\n<ul>\n<li>Energie-, Mobilit&auml;ts- und Umweltmanagement<\/li>\n<li>Umweltmanagement<\/li>\n<li>Elektronik und Computer Engineering<\/li>\n<li>Fahrzeugtechnik<\/li>\n<li>Produktionstechnik und Organisation<\/li>\n<li>Luftfahrt<\/li>\n<li>Nachhaltiges Lebensmittelmanagement<\/li>\n<li>Bauplanung und Bauwirtschaft<\/li>\n<li>Industriewirtschaft \/ Industrial Management<\/li>\n<li>Informationsmanagement<\/li>\n<li>Internettechnik<\/li>\n<li>Softwaredesign<\/li>\n<\/ul>\n<p>Studieng&auml;nge anderer Universit&auml;ten und Hochschulen:<\/p>\n<ul>\n<li>Nachhaltige Energiesysteme<\/li>\n<li>Energie- und Umweltmanagement<\/li>\n<li>Industrielle Energietechnik<\/li>\n<li>Umwelt-, Verfahrens- und Energietechnik<\/li>\n<li>Urbane erneuerbare Energietechnologien<\/li>\n<li>Verkehr und Umwelt<\/li>\n<li>Umweltsystemwissenschaften<\/li>\n<li>Industrielogistik<\/li>\n<li>Innovationsmanagement<\/li>\n<li>Industrieller Umweltschutz<\/li>\n<li>Bahntechnologie und Mobilit&auml;t<\/li>\n<li>Umwelt- und Bioressourcenmanagement<\/li>\n<\/ul>\n<p>Die Auflistung stellt lediglich eine Auswahl der infrage kommenden Hochschulstudien dar. Weitere &auml;hnlich Studienrichtungen sind ebenfalls zul&auml;ssig.<\/p>\n<p>Auch bei Abschluss eines inhaltlich &auml;quivalenten oder gleichwertigen Studiums von anderen Hochschulen oder aus anderen L&auml;ndern freuen wir uns &uuml;ber Ihre Bewerbung.<\/p>\n<p>F&uuml;r den Fall, dass eine Gleichwertigkeit Ihres Studienabschlusses gegeben ist und nur einzelne Erg&auml;nzungen in technischen oder naturwissenschaftlichen F&auml;chern fehlen, k&ouml;nnen Sie sich fehlende Kenntnisse im Laufe des ersten Studienjahres aneignen.<\/p>\n<p>In fraglichen F&auml;llen obliegt es der Studiengangsleitung zu entscheiden, ob die Zugangsvoraussetzungen erf&uuml;llt sind. Eine verbindliche Auskunft dar&uuml;ber erhalten Sie nach Einlangen Ihrer vollst&auml;ndigen Bewerbungsunterlagen.<\/p>\n\n            <\/div>\n        <\/div>\n            <\/div>\n<\/div>\n\n\n<div id=\"\" class=\"wp-block-text-content margin-bottom-none\">\n    <div class=\"container-lg\">\n        <div class=\"row\">\n            <div class=\"col\">\n                <div class=\"module-migration-headline\">\n<h4>Sprachkenntnisse <\/h4>\n<\/div>\n\n            <\/div>\n        <\/div>\n            <\/div>\n<\/div>\n\n\n<div id=\"\" class=\"wp-block-text-content margin-bottom-normal\">\n    <div class=\"container-lg\">\n        <div class=\"row\">\n            <div class=\"col\">\n                <p>Englisch ist die Unterrichtssprache am Studiengang. Mit ad&auml;quaten Sprachkenntnissen auf Level B2 k&ouml;nnen Sie den Studieninhalten ohne Probleme folgen. Best&auml;tigen Sie uns Ihre Sprachkenntnisse bitte mit einem Zertifikat sofern Sie nicht in Maturazeugnissen oder &auml;hnlichen Diplomen genannt sind.<\/p>\n\n            <\/div>\n        <\/div>\n            <\/div>\n<\/div>\n\n\n<div\n    id=\"\"\n    class=\"wp-block-tipp-box margin-bottom-normal\"\n>\n    <div class=\"container-lg\">\n        <div class=\"row\">\n            <div class=\"col\">\n                <div class=\"tipp-box border border-warning\">\n                    <div class=\"tipp-box-inner p-2 p-md-3\">\n                        <h4 class=\"\">Tipp<\/h4>\n                        <p>Der Masterstudiengang \u201eEnergy and Transport Management\u201c freut sich auch \u00fcber Bewerberinnen und Bewerber mit Berufserfahrung und rechnet gewisse Vorkenntnisse an.<\/p>\n\n                    <\/div>\n                <\/div>\n            <\/div>\n        <\/div>\n    <\/div>\n<\/div>\n\n\n<div id=\"\" class=\"wp-block-text-content margin-bottom-normal\">\n    <div class=\"container-lg\">\n        <div class=\"row\">\n            <div class=\"col\">\n                <h4>Sie sind keine &ouml;sterreichische Staatsb&uuml;rgerin oder kein &ouml;sterreichischer Staatsb&uuml;rger?<\/h4>\n<p>F&uuml;r Sie gibt es einige Besonderheiten zu beachten. Mehr Informationen dazu finden Sie in unter dem Men&uuml;punkt <a href=\"https:\/\/www.fh-joanneum.at\/mobility-technologies\/master\/vor-dem-studium\/internationale-bewerberinnen-bewerber\/\"><strong>Internationale Bewerber:innen<\/strong>.<\/a><\/p>\n\n            <\/div>\n        <\/div>\n            <\/div>\n<\/div>\n","protected":false},"excerpt":{"rendered":"<p>Diese Voraussetzungen m\u00fcssen Sie f\u00fcr das Studium erf\u00fcllen.<\/p>\n","protected":false},"author":11,"featured_media":0,"parent":10000006,"menu_order":12,"comment_status":"closed","ping_status":"closed","template":"","meta":{"_acf_changed":false,"footnotes":""},"acf":[],"aioseo_notices":[],"_links":{"self":[{"href":"https:\/\/www.fh-joanneum.at\/mobility-technologies\/master\/wp-json\/wp\/v2\/pages\/10000050"}],"collection":[{"href":"https:\/\/www.fh-joanneum.at\/mobility-technologies\/master\/wp-json\/wp\/v2\/pages"}],"about":[{"href":"https:\/\/www.fh-joanneum.at\/mobility-technologies\/master\/wp-json\/wp\/v2\/types\/page"}],"author":[{"embeddable":true,"href":"https:\/\/www.fh-joanneum.at\/mobility-technologies\/master\/wp-json\/wp\/v2\/users\/11"}],"replies":[{"embeddable":true,"href":"https:\/\/www.fh-joanneum.at\/mobility-technologies\/master\/wp-json\/wp\/v2\/comments?post=10000050"}],"version-history":[{"count":3,"href":"https:\/\/www.fh-joanneum.at\/mobility-technologies\/master\/wp-json\/wp\/v2\/pages\/10000050\/revisions"}],"predecessor-version":[{"id":10000211,"href":"https:\/\/www.fh-joanneum.at\/mobility-technologies\/master\/wp-json\/wp\/v2\/pages\/10000050\/revisions\/10000211"}],"up":[{"embeddable":true,"href":"https:\/\/www.fh-joanneum.at\/mobility-technologies\/master\/wp-json\/wp\/v2\/pages\/10000006"}],"wp:attachment":[{"href":"https:\/\/www.fh-joanneum.at\/mobility-technologies\/master\/wp-json\/wp\/v2\/media?parent=10000050"}],"curies":[{"name":"wp","href":"https:\/\/api.w.org\/{rel}","templated":true}]}}