{"id":10000068,"date":"2022-05-18T14:27:07","date_gmt":"2022-05-18T12:27:07","guid":{"rendered":"https:\/\/www.fh-joanneum.at\/multiprofessionelles-management-chronischer-schmerzen\/certificate_programme\/?page_id=68"},"modified":"2024-09-03T11:09:27","modified_gmt":"2024-09-03T09:09:27","slug":"beruf-lehrgang-verbinden","status":"publish","type":"page","link":"https:\/\/www.fh-joanneum.at\/multiprofessionelles-management-chronischer-schmerzen\/certificate_programme\/im-lehrgang\/beruf-lehrgang-verbinden\/","title":{"rendered":"Beruf und Lehrgang verbinden"},"content":{"rendered":"<div id=\"\" class=\"wp-block-text-content margin-bottom-none\">\n    <div class=\"container-lg\">\n        <div class=\"row\">\n            <div class=\"col\">\n                <div class=\"module-migration-headline\">\n<h3>Beruf und Ausbildung verbinden<\/h3>\n<\/div>\n\n            <\/div>\n        <\/div>\n            <\/div>\n<\/div>\n\n\n<div id=\"\" class=\"wp-block-text-content margin-bottom-normal\">\n    <div class=\"container-lg\">\n        <div class=\"row\">\n            <div class=\"col\">\n                <p>Der berufsbegleitende Lehrgang erm&ouml;glicht die enge Verkn&uuml;pfung der Inhalte des Studiums mit den Herausforderungen des t&auml;glichen Berufslebens. In jedem Semester wird der Prozess &bdquo;Know-Plan-Do-Check-Reflect and Act&ldquo; f&uuml;r neue Inhalte und Skills durchgef&uuml;hrt sowie einzeln oder in der Gruppe reflektiert. So flie&szlig;t das neugewonnene Know-how in den beruflichen Alltag ein und die Teilnehmenden lernen vom gegenseitigen Erfahrungsaustausch. <\/p>\n\n            <\/div>\n        <\/div>\n            <\/div>\n<\/div>\n\n\n<div id=\"\" class=\"wp-block-text-content margin-bottom-normal\">\n    <div class=\"container-lg\">\n        <div class=\"row\">\n            <div class=\"col\">\n                <h4>Studienzeiten<\/h4>\n<p>Der Lehrgang ist berufsbegleitend organisiert und erm&ouml;glicht so die Kombination von Beruf und Studium. Der Pr&auml;senzunterricht findet in Form von Bl&ouml;cken an Wochenenden jeweils von Freitagmittag bis Sonntagnachmittag statt. Pro Semester finden in etwa drei bis f&uuml;nf Blockwochenenden in Pr&auml;senz statt. Zus&auml;tzlich gibt es E-Learning- und Blended-Learning-Einheiten, teilweise auch unter der Woche an den Abenden, wobei sich der E-Learning-Anteil nach den zu vermittelnden Inhalten richtet.<\/p>\n<p>Der Umfang des Lehrgangs betr&auml;gt 30 ECTS-Punkte, welche durch Blockveranstaltungen sowie unter Einsatz von E-Learning und Blended Learning zu erreichen sind.<\/p>\n\n            <\/div>\n        <\/div>\n            <\/div>\n<\/div>\n","protected":false},"excerpt":{"rendered":"<p>Der berufsbegleitende Lehrgang erm\u00f6glicht die enge Verkn\u00fcpfung der Inhalte des Studiums mit den Herausforderungen des t\u00e4glichen Berufslebens.<\/p>\n","protected":false},"author":11,"featured_media":10000016,"parent":10000059,"menu_order":14,"comment_status":"closed","ping_status":"closed","template":"","meta":{"_acf_changed":false,"footnotes":""},"acf":[],"aioseo_notices":[],"_links":{"self":[{"href":"https:\/\/www.fh-joanneum.at\/multiprofessionelles-management-chronischer-schmerzen\/certificate_programme\/wp-json\/wp\/v2\/pages\/10000068"}],"collection":[{"href":"https:\/\/www.fh-joanneum.at\/multiprofessionelles-management-chronischer-schmerzen\/certificate_programme\/wp-json\/wp\/v2\/pages"}],"about":[{"href":"https:\/\/www.fh-joanneum.at\/multiprofessionelles-management-chronischer-schmerzen\/certificate_programme\/wp-json\/wp\/v2\/types\/page"}],"author":[{"embeddable":true,"href":"https:\/\/www.fh-joanneum.at\/multiprofessionelles-management-chronischer-schmerzen\/certificate_programme\/wp-json\/wp\/v2\/users\/11"}],"replies":[{"embeddable":true,"href":"https:\/\/www.fh-joanneum.at\/multiprofessionelles-management-chronischer-schmerzen\/certificate_programme\/wp-json\/wp\/v2\/comments?post=10000068"}],"version-history":[{"count":1,"href":"https:\/\/www.fh-joanneum.at\/multiprofessionelles-management-chronischer-schmerzen\/certificate_programme\/wp-json\/wp\/v2\/pages\/10000068\/revisions"}],"predecessor-version":[{"id":10000090,"href":"https:\/\/www.fh-joanneum.at\/multiprofessionelles-management-chronischer-schmerzen\/certificate_programme\/wp-json\/wp\/v2\/pages\/10000068\/revisions\/10000090"}],"up":[{"embeddable":true,"href":"https:\/\/www.fh-joanneum.at\/multiprofessionelles-management-chronischer-schmerzen\/certificate_programme\/wp-json\/wp\/v2\/pages\/10000059"}],"wp:featuredmedia":[{"embeddable":true,"href":"https:\/\/www.fh-joanneum.at\/multiprofessionelles-management-chronischer-schmerzen\/certificate_programme\/wp-json\/wp\/v2\/media\/10000016"}],"wp:attachment":[{"href":"https:\/\/www.fh-joanneum.at\/multiprofessionelles-management-chronischer-schmerzen\/certificate_programme\/wp-json\/wp\/v2\/media?parent=10000068"}],"curies":[{"name":"wp","href":"https:\/\/api.w.org\/{rel}","templated":true}]}}