{"id":10000281,"date":"2015-08-10T15:26:32","date_gmt":"2015-08-10T13:26:32","guid":{"rendered":"https:\/\/www.fh-joanneum.at\/nachhaltiges-lebensmittelmanagement\/bachelor\/?page_id=281"},"modified":"2024-03-27T12:08:44","modified_gmt":"2024-03-27T10:08:44","slug":"studienabschluss","status":"publish","type":"page","link":"https:\/\/www.fh-joanneum.at\/nachhaltiges-lebensmittelmanagement\/bachelor\/im-studium\/studienabschluss\/","title":{"rendered":"Studienabschluss"},"content":{"rendered":"<div id=\"\" class=\"wp-block-text-content margin-bottom-none\">\n    <div class=\"container-lg\">\n        <div class=\"row\">\n            <div class=\"col\">\n                <div class=\"module-migration-headline\">\n<h3>Voraussetzungen f&uuml;r den Studienabschluss<\/h3>\n<\/div>\n\n            <\/div>\n        <\/div>\n            <\/div>\n<\/div>\n\n<div id=\"\" class=\"wp-block-text-content margin-bottom-normal\">\n    <div class=\"container-lg\">\n        <div class=\"row\">\n            <div class=\"col\">\n                <p>Um das Studium &bdquo;Nachhaltiges Lebensmittelmanagement&ldquo; positiv abzuschlie&szlig;en, m&uuml;ssen Sie:<\/p>\n<ul>\n<li>alle Lehrveranstaltungen und Pflichtpraktika positiv absolvieren<\/li>\n<li>eine Bachelorarbeiten verfassen und die Bachelorpr&uuml;fung positiv ablegen<\/li>\n<\/ul>\n<p>Ihr Titel nach dem Studienabschluss lautet &bdquo;Bachelor of Science in Engineering (BSc)&ldquo;.<\/p>\n\n            <\/div>\n        <\/div>\n            <\/div>\n<\/div>\n\n<div id=\"\" class=\"wp-block-text-content margin-bottom-none\">\n    <div class=\"container-lg\">\n        <div class=\"row\">\n            <div class=\"col\">\n                <div class=\"module-migration-headline\">\n<h4>Bachelorarbeiten<\/h4>\n<\/div>\n\n            <\/div>\n        <\/div>\n            <\/div>\n<\/div>\n\n<div id=\"\" class=\"wp-block-text-content margin-bottom-normal\">\n    <div class=\"container-lg\">\n        <div class=\"row\">\n            <div class=\"col\">\n                <p>Am Studiengang &bdquo;Nachhaltiges Lebensmittelmanagement&ldquo; ist das Verfassen einer Bachelorarbeit im sechsten Semester notwendig.<\/p>\n<p>Mit der Bachelorarbeit erm&ouml;glichen wir es unseren Studierenden ein Thema zu behandeln, das ihnen am Herzen liegt und f&uuml;r das sie bereit sind, viel Zeit zu investieren. Sie ist eine wissenschaftliche Arbeit, in der Hypothesen durch einen empirischen Teil untermauert oder widerlegt werden. Eine Kooperation zwischen mehreren Studierenden ist m&ouml;glich, Bachelorarbeiten f&uuml;r Partner aus der Wirtschaft sind gerne gesehen.<\/p>\n\n            <\/div>\n        <\/div>\n            <\/div>\n<\/div>\n\n<div id=\"\" class=\"wp-block-text-content margin-bottom-none\">\n    <div class=\"container-lg\">\n        <div class=\"row\">\n            <div class=\"col\">\n                <div class=\"module-migration-headline\">\n<h4>Bachelorpr&uuml;fung<\/h4>\n<\/div>\n\n            <\/div>\n        <\/div>\n            <\/div>\n<\/div>\n\n<div id=\"\" class=\"wp-block-text-content margin-bottom-normal\">\n    <div class=\"container-lg\">\n        <div class=\"row\">\n            <div class=\"col\">\n                <p>Die Bachelorpr&uuml;fung wird nach der positiven Absolvierung aller Lehrveranstaltungen und Berufspraktika sowie nach der positiven Beurteilung der Bachelorarbeit am Ende des sechsten Semesters abgehalten. Es handelt sich hierbei um eine &ouml;ffentliche Pr&uuml;fung, bei der Zuh&ouml;rer:innen grunds&auml;tzlich willkommen sind. In Ausnahmef&auml;llen sind jedoch Bachelorarbeiten in Kooperation mit Wirtschaftspartnern gesperrt; dann ist kein Publikum erlaubt.<\/p>\n\n            <\/div>\n        <\/div>\n            <\/div>\n<\/div>\n\n<div id=\"\" class=\"wp-block-text-content margin-bottom-none\">\n    <div class=\"container-lg\">\n        <div class=\"row\">\n            <div class=\"col\">\n                <div class=\"module-migration-headline\">\n<h3>Nach dem Bachelorabschluss<\/h3>\n<\/div>\n\n            <\/div>\n        <\/div>\n            <\/div>\n<\/div>\n\n<div id=\"\" class=\"wp-block-text-content margin-bottom-normal\">\n    <div class=\"container-lg\">\n        <div class=\"row\">\n            <div class=\"col\">\n                <p>Nach dem Bachelorabschluss k&ouml;nnen unsere Absolvent:innen unterschiedlichste Wege beschreiten. Von der &Uuml;bernahme des elterlichen landwirtschaftlichen Betriebes, einer Anstellung in der Lebensmittelindustrie oder im Handel bis hin zum weiterf&uuml;hrenden Master <a href=\"https:\/\/www.fh-joanneum.at\/lebensmittel-produkt-und-prozessentwicklung\/master\/\">&bdquo;Lebensmittel: Produkt- und Prozessentwicklung&ldquo;<\/a> stehen den Absolvent:innen viele T&uuml;ren offen. <\/p>\n\n            <\/div>\n        <\/div>\n            <\/div>\n<\/div>\n\n\n","protected":false},"excerpt":{"rendered":"<p>Mit Ihrem Abschluss legen Sie den Grundstein f\u00fcr Ihre berufliche Zukunft. Welche Voraussetzungen Sie f\u00fcr den erfolgreichen Abschluss Ihres Studiums ben\u00f6tigen und alles, was Sie sonst noch wissen sollten, verraten wir Ihnen hier.<\/p>\n","protected":false},"author":12,"featured_media":0,"parent":10000266,"menu_order":51,"comment_status":"closed","ping_status":"closed","template":"","meta":{"_acf_changed":false,"footnotes":""},"acf":[],"aioseo_notices":[],"_links":{"self":[{"href":"https:\/\/www.fh-joanneum.at\/nachhaltiges-lebensmittelmanagement\/bachelor\/wp-json\/wp\/v2\/pages\/10000281"}],"collection":[{"href":"https:\/\/www.fh-joanneum.at\/nachhaltiges-lebensmittelmanagement\/bachelor\/wp-json\/wp\/v2\/pages"}],"about":[{"href":"https:\/\/www.fh-joanneum.at\/nachhaltiges-lebensmittelmanagement\/bachelor\/wp-json\/wp\/v2\/types\/page"}],"author":[{"embeddable":true,"href":"https:\/\/www.fh-joanneum.at\/nachhaltiges-lebensmittelmanagement\/bachelor\/wp-json\/wp\/v2\/users\/12"}],"replies":[{"embeddable":true,"href":"https:\/\/www.fh-joanneum.at\/nachhaltiges-lebensmittelmanagement\/bachelor\/wp-json\/wp\/v2\/comments?post=10000281"}],"version-history":[{"count":0,"href":"https:\/\/www.fh-joanneum.at\/nachhaltiges-lebensmittelmanagement\/bachelor\/wp-json\/wp\/v2\/pages\/10000281\/revisions"}],"up":[{"embeddable":true,"href":"https:\/\/www.fh-joanneum.at\/nachhaltiges-lebensmittelmanagement\/bachelor\/wp-json\/wp\/v2\/pages\/10000266"}],"wp:attachment":[{"href":"https:\/\/www.fh-joanneum.at\/nachhaltiges-lebensmittelmanagement\/bachelor\/wp-json\/wp\/v2\/media?parent=10000281"}],"curies":[{"name":"wp","href":"https:\/\/api.w.org\/{rel}","templated":true}]}}