{"id":10000289,"date":"2015-08-10T15:27:11","date_gmt":"2015-08-10T13:27:11","guid":{"rendered":"https:\/\/www.fh-joanneum.at\/nachhaltiges-lebensmittelmanagement\/bachelor\/?page_id=289"},"modified":"2023-11-02T13:51:49","modified_gmt":"2023-11-02T11:51:49","slug":"absolventinnen-absolventen","status":"publish","type":"page","link":"https:\/\/www.fh-joanneum.at\/nachhaltiges-lebensmittelmanagement\/bachelor\/nach-dem-studium\/absolventinnen-absolventen\/","title":{"rendered":"Absolvent:innen"},"content":{"rendered":"<div id=\"\" class=\"wp-block-text-content margin-bottom-none\">\n    <div class=\"container-lg\">\n        <div class=\"row\">\n            <div class=\"col\">\n                <div class=\"module-migration-headline\">\n<h3>Was machen unsere Absolvent:innen?<\/h3>\n<\/div>\n\n            <\/div>\n        <\/div>\n            <\/div>\n<\/div>\n\n<div id=\"\" class=\"wp-block-list-of-graduates margin-bottom-normal\">\n  <div class=\"container-lg\">\n    <div class=\"row\">\n                        <div class=\"col-6 col-sm-4 col-md-6 col-lg-4 col-xl-4 mb-4\">\n            <a\n    href=\"https:\/\/www.fh-joanneum.at\/nachhaltiges-lebensmittelmanagement\/bachelor\/nach-dem-studium\/absolventinnen-absolventen\/magdalena-sommer-bsc\/\"\n    class=\"graduate-card bg-light\"\n>\n    <div class=\"border border-light h-100\">\n        <div class=\"image-wrapper\">\n            <picture>\n                        <source\n                media=\"(max-width: 441px)\"\n                srcset=\"https:\/\/cdn3.fh-joanneum.at\/media\/sites\/15\/2024\/09\/Foto-Magdalena-441x576.jpg, https:\/\/cdn3.fh-joanneum.at\/media\/sites\/15\/2024\/09\/Foto-Magdalena.jpg 2x\"\n            \/>\n                    <source\n                media=\"(max-width: 641px)\"\n                srcset=\"https:\/\/cdn3.fh-joanneum.at\/media\/sites\/15\/2024\/09\/Foto-Magdalena.jpg, https:\/\/cdn3.fh-joanneum.at\/media\/sites\/15\/2024\/09\/Foto-Magdalena.jpg 2x\"\n            \/>\n                    <source\n                media=\"(max-width: 641px)\"\n                srcset=\"https:\/\/cdn3.fh-joanneum.at\/media\/sites\/15\/2024\/09\/Foto-Magdalena.jpg, https:\/\/cdn3.fh-joanneum.at\/media\/sites\/15\/2024\/09\/Foto-Magdalena.jpg 2x\"\n            \/>\n                    <source\n                media=\"(max-width: 641px)\"\n                srcset=\"https:\/\/cdn3.fh-joanneum.at\/media\/sites\/15\/2024\/09\/Foto-Magdalena.jpg, https:\/\/cdn3.fh-joanneum.at\/media\/sites\/15\/2024\/09\/Foto-Magdalena.jpg 2x\"\n            \/>\n                    <source\n                media=\"(max-width: 641px)\"\n                srcset=\"https:\/\/cdn3.fh-joanneum.at\/media\/sites\/15\/2024\/09\/Foto-Magdalena.jpg, https:\/\/cdn3.fh-joanneum.at\/media\/sites\/15\/2024\/09\/Foto-Magdalena.jpg 2x\"\n            \/>\n                <img decoding=\"async\"\n        class=\"img-fluid\"\n        src=\"https:\/\/cdn3.fh-joanneum.at\/media\/sites\/15\/2024\/09\/Foto-Magdalena.jpg\"\n        alt=\"Das Bild zeigt Magdalena Sommer, BSc\"\n        title=\"\"\n         loading=\"lazy\"             >\n<\/picture>\n\n        <\/div>\n        <div class=\"p-2 p-xl-3\">\n            <h6>Magdalena Sommer, BSc<\/h6>\n            <p class=\"mb-0 hyphens\">\n                Magdalena Sommer ist Qualit\u00e4tsmanagerin beim Fleischhof Raabtal.\n            <\/p>\n        <\/div>\n    <\/div>\n<\/a>\n          <\/div>\n                  <div class=\"col-6 col-sm-4 col-md-6 col-lg-4 col-xl-4 mb-4\">\n            <a\n    href=\"https:\/\/www.fh-joanneum.at\/nachhaltiges-lebensmittelmanagement\/bachelor\/nach-dem-studium\/absolventinnen-absolventen\/elias-kux-bsc\/\"\n    class=\"graduate-card bg-light\"\n>\n    <div class=\"border border-light h-100\">\n        <div class=\"image-wrapper\">\n            <picture>\n                        <source\n                media=\"(max-width: 576px)\"\n                srcset=\"https:\/\/cdn3.fh-joanneum.at\/media\/sites\/15\/2024\/08\/Elias-Kux_2-576x555.jpg, https:\/\/cdn3.fh-joanneum.at\/media\/sites\/15\/2024\/08\/Elias-Kux_2-768x740.jpg 2x\"\n            \/>\n                    <source\n                media=\"(max-width: 768px)\"\n                srcset=\"https:\/\/cdn3.fh-joanneum.at\/media\/sites\/15\/2024\/08\/Elias-Kux_2-768x740.jpg, https:\/\/cdn3.fh-joanneum.at\/media\/sites\/15\/2024\/08\/Elias-Kux_2-1024x986.jpg 2x\"\n            \/>\n                    <source\n                media=\"(max-width: 1024px)\"\n                srcset=\"https:\/\/cdn3.fh-joanneum.at\/media\/sites\/15\/2024\/08\/Elias-Kux_2-1024x986.jpg, https:\/\/cdn3.fh-joanneum.at\/media\/sites\/15\/2024\/08\/Elias-Kux_2.jpg 2x\"\n            \/>\n                    <source\n                media=\"(max-width: 1064px)\"\n                srcset=\"https:\/\/cdn3.fh-joanneum.at\/media\/sites\/15\/2024\/08\/Elias-Kux_2.jpg, https:\/\/cdn3.fh-joanneum.at\/media\/sites\/15\/2024\/08\/Elias-Kux_2.jpg 2x\"\n            \/>\n                    <source\n                media=\"(max-width: 1064px)\"\n                srcset=\"https:\/\/cdn3.fh-joanneum.at\/media\/sites\/15\/2024\/08\/Elias-Kux_2.jpg, https:\/\/cdn3.fh-joanneum.at\/media\/sites\/15\/2024\/08\/Elias-Kux_2.jpg 2x\"\n            \/>\n                <img decoding=\"async\"\n        class=\"img-fluid\"\n        src=\"https:\/\/cdn3.fh-joanneum.at\/media\/sites\/15\/2024\/08\/Elias-Kux_2.jpg\"\n        alt=\"Elias Kux hat &quot;Nachhaltiges Lebensmittelmanagement&quot; studiert. Seit seinem Abschluss arbeitet er als Key Account Manager bei der Kaffeer\u00f6sterei Suchan GmbH\"\n        title=\"\"\n         loading=\"lazy\"             >\n<\/picture>\n\n        <\/div>\n        <div class=\"p-2 p-xl-3\">\n            <h6>Elias Kux, Bsc<\/h6>\n            <p class=\"mb-0 hyphens\">\n                Elias Kux ist bei der Kaffeer\u00f6sterei Suchan GmbH als Key Account Manager t\u00e4tig.\n            <\/p>\n        <\/div>\n    <\/div>\n<\/a>\n          <\/div>\n                  <div class=\"col-6 col-sm-4 col-md-6 col-lg-4 col-xl-4 mb-4\">\n            <a\n    href=\"https:\/\/www.fh-joanneum.at\/nachhaltiges-lebensmittelmanagement\/bachelor\/nach-dem-studium\/absolventinnen-absolventen\/julia-indrist-bsc\/\"\n    class=\"graduate-card bg-light\"\n>\n    <div class=\"border border-light h-100\">\n        <div class=\"image-wrapper\">\n            <picture>\n                        <source\n                media=\"(max-width: 576px)\"\n                srcset=\"https:\/\/cdn3.fh-joanneum.at\/media\/sites\/15\/2024\/06\/julia-indrist_jpg-576x384.jpg, https:\/\/cdn3.fh-joanneum.at\/media\/sites\/15\/2024\/06\/julia-indrist_jpg-768x512.jpg 2x\"\n            \/>\n                    <source\n                media=\"(max-width: 768px)\"\n                srcset=\"https:\/\/cdn3.fh-joanneum.at\/media\/sites\/15\/2024\/06\/julia-indrist_jpg-768x512.jpg, https:\/\/cdn3.fh-joanneum.at\/media\/sites\/15\/2024\/06\/julia-indrist_jpg-1024x683.jpg 2x\"\n            \/>\n                    <source\n                media=\"(max-width: 1024px)\"\n                srcset=\"https:\/\/cdn3.fh-joanneum.at\/media\/sites\/15\/2024\/06\/julia-indrist_jpg-1024x683.jpg, https:\/\/cdn3.fh-joanneum.at\/media\/sites\/15\/2024\/06\/julia-indrist_jpg.jpg 2x\"\n            \/>\n                    <source\n                media=\"(max-width: 1500px)\"\n                srcset=\"https:\/\/cdn3.fh-joanneum.at\/media\/sites\/15\/2024\/06\/julia-indrist_jpg.jpg, https:\/\/cdn3.fh-joanneum.at\/media\/sites\/15\/2024\/06\/julia-indrist_jpg.jpg 2x\"\n            \/>\n                    <source\n                media=\"(max-width: 1500px)\"\n                srcset=\"https:\/\/cdn3.fh-joanneum.at\/media\/sites\/15\/2024\/06\/julia-indrist_jpg.jpg, https:\/\/cdn3.fh-joanneum.at\/media\/sites\/15\/2024\/06\/julia-indrist_jpg.jpg 2x\"\n            \/>\n                <img decoding=\"async\"\n        class=\"img-fluid\"\n        src=\"https:\/\/cdn3.fh-joanneum.at\/media\/sites\/15\/2024\/06\/julia-indrist_jpg.jpg\"\n        alt=\"Julia Indrist ist : Produktentwicklerin f\u00fcr Nahrungserg\u00e4nzungsmittel und hat &quot;Nachhaltiges Lebensmittelmanagement&quot; studiert\"\n        title=\"\"\n         loading=\"lazy\"             >\n<\/picture>\n\n        <\/div>\n        <div class=\"p-2 p-xl-3\">\n            <h6>Julia Indrist, BSc<\/h6>\n            <p class=\"mb-0 hyphens\">\n                Julia Indrist ist bei der RINGANA GmbH als Produktentwicklerin f\u00fcr Nahrungserg\u00e4nzungsmittel t\u00e4tig. \n            <\/p>\n        <\/div>\n    <\/div>\n<\/a>\n          <\/div>\n                  <\/div>\n  <\/div>\n<\/div>\n\n","protected":false},"excerpt":{"rendered":"<p>Wollen Sie mehr \u00fcber die Berufs- und Karrierewege unserer Absolventinnen und Absolventen erfahren? Wir haben einige unserer ehemaligen Studierenden portraitiert, damit Sie sich selbst ein Bild machen k\u00f6nnen.<\/p>\n","protected":false},"author":12,"featured_media":0,"parent":10000285,"menu_order":57,"comment_status":"closed","ping_status":"closed","template":"","meta":{"_acf_changed":false,"footnotes":""},"acf":[],"aioseo_notices":[],"_links":{"self":[{"href":"https:\/\/www.fh-joanneum.at\/nachhaltiges-lebensmittelmanagement\/bachelor\/wp-json\/wp\/v2\/pages\/10000289"}],"collection":[{"href":"https:\/\/www.fh-joanneum.at\/nachhaltiges-lebensmittelmanagement\/bachelor\/wp-json\/wp\/v2\/pages"}],"about":[{"href":"https:\/\/www.fh-joanneum.at\/nachhaltiges-lebensmittelmanagement\/bachelor\/wp-json\/wp\/v2\/types\/page"}],"author":[{"embeddable":true,"href":"https:\/\/www.fh-joanneum.at\/nachhaltiges-lebensmittelmanagement\/bachelor\/wp-json\/wp\/v2\/users\/12"}],"replies":[{"embeddable":true,"href":"https:\/\/www.fh-joanneum.at\/nachhaltiges-lebensmittelmanagement\/bachelor\/wp-json\/wp\/v2\/comments?post=10000289"}],"version-history":[{"count":0,"href":"https:\/\/www.fh-joanneum.at\/nachhaltiges-lebensmittelmanagement\/bachelor\/wp-json\/wp\/v2\/pages\/10000289\/revisions"}],"up":[{"embeddable":true,"href":"https:\/\/www.fh-joanneum.at\/nachhaltiges-lebensmittelmanagement\/bachelor\/wp-json\/wp\/v2\/pages\/10000285"}],"wp:attachment":[{"href":"https:\/\/www.fh-joanneum.at\/nachhaltiges-lebensmittelmanagement\/bachelor\/wp-json\/wp\/v2\/media?parent=10000289"}],"curies":[{"name":"wp","href":"https:\/\/api.w.org\/{rel}","templated":true}]}}