{"id":10000649,"date":"2021-03-05T14:39:10","date_gmt":"2021-03-05T12:39:10","guid":{"rendered":"https:\/\/www.fh-joanneum.at\/nachhaltiges-lebensmittelmanagement\/bachelor\/?page_id=649"},"modified":"2021-03-05T14:39:10","modified_gmt":"2021-03-05T12:39:10","slug":"elisa-rauch","status":"publish","type":"page","link":"https:\/\/www.fh-joanneum.at\/nachhaltiges-lebensmittelmanagement\/bachelor\/im-studium\/praktikum\/elisa-rauch\/","title":{"rendered":"Elisa Rauch"},"content":{"rendered":"<div\n    id=\"\"\n    class=\"wp-block-blockquote margin-bottom-normal\"\n>\n    <div class=\"container-lg\">\n        <div class=\"row\">\n            <div class=\"col\">\n                <div class=\"d-block mb-2 fs-5 major-text-color\">\u201eIch absolvierte mein Praktikum im Fleischhof Raabtal unter der Betreuung von Katrin Uller, Studentin des dualen Masterstudiums, \u201aLebensmittel: Produkt- und Prozessentwicklung\u2018. Da Katrin Uller selbst Absolventin von \u201aNachhaltiges Lebensmittelmanagement\u2018 ist, konnte sie sich sehr gut in mich hineinversetzen und mich mit viel Engagement in das Thema Qualit\u00e4tssicherung und Qualit\u00e4tsmanagement einf\u00fchren. Somit habe ich viel dazu gelernt und einen guten \u00dcberblick \u00fcber die Fleischproduktion und deren Qualit\u00e4t bekommen. Mein Praktikum hat mir gezeigt, dass ich mich zuk\u00fcnftig in diesem Bereich sehe.\u201c <\/div>\n                <span class=\"d-flex justify-content-end\">Elisa Rauch<\/span>\n            <\/div>\n        <\/div>\n    <\/div>\n<\/div>\n\n","protected":false},"excerpt":{"rendered":"<p>Mein Praktikum im Fleischhof Raabtal<\/p>\n","protected":false},"author":11,"featured_media":10000650,"parent":10000279,"menu_order":8,"comment_status":"closed","ping_status":"closed","template":"template-absolvent.blade.php","meta":{"_acf_changed":false,"footnotes":""},"acf":[],"aioseo_notices":[],"_links":{"self":[{"href":"https:\/\/www.fh-joanneum.at\/nachhaltiges-lebensmittelmanagement\/bachelor\/wp-json\/wp\/v2\/pages\/10000649"}],"collection":[{"href":"https:\/\/www.fh-joanneum.at\/nachhaltiges-lebensmittelmanagement\/bachelor\/wp-json\/wp\/v2\/pages"}],"about":[{"href":"https:\/\/www.fh-joanneum.at\/nachhaltiges-lebensmittelmanagement\/bachelor\/wp-json\/wp\/v2\/types\/page"}],"author":[{"embeddable":true,"href":"https:\/\/www.fh-joanneum.at\/nachhaltiges-lebensmittelmanagement\/bachelor\/wp-json\/wp\/v2\/users\/11"}],"replies":[{"embeddable":true,"href":"https:\/\/www.fh-joanneum.at\/nachhaltiges-lebensmittelmanagement\/bachelor\/wp-json\/wp\/v2\/comments?post=10000649"}],"version-history":[{"count":0,"href":"https:\/\/www.fh-joanneum.at\/nachhaltiges-lebensmittelmanagement\/bachelor\/wp-json\/wp\/v2\/pages\/10000649\/revisions"}],"up":[{"embeddable":true,"href":"https:\/\/www.fh-joanneum.at\/nachhaltiges-lebensmittelmanagement\/bachelor\/wp-json\/wp\/v2\/pages\/10000279"}],"wp:featuredmedia":[{"embeddable":true,"href":"https:\/\/www.fh-joanneum.at\/nachhaltiges-lebensmittelmanagement\/bachelor\/wp-json\/wp\/v2\/media\/10000650"}],"wp:attachment":[{"href":"https:\/\/www.fh-joanneum.at\/nachhaltiges-lebensmittelmanagement\/bachelor\/wp-json\/wp\/v2\/media?parent=10000649"}],"curies":[{"name":"wp","href":"https:\/\/api.w.org\/{rel}","templated":true}]}}