{"id":10000687,"date":"2024-06-28T13:41:35","date_gmt":"2024-06-28T11:41:35","guid":{"rendered":"https:\/\/www.fh-joanneum.at\/nachhaltiges-lebensmittelmanagement\/bachelor\/?page_id=10000687"},"modified":"2024-06-28T13:41:36","modified_gmt":"2024-06-28T11:41:36","slug":"julia-indrist-bsc","status":"publish","type":"page","link":"https:\/\/www.fh-joanneum.at\/nachhaltiges-lebensmittelmanagement\/bachelor\/nach-dem-studium\/absolventinnen-absolventen\/julia-indrist-bsc\/","title":{"rendered":"Julia Indrist, BSc"},"content":{"rendered":"<div id=\"\" class=\"wp-block-text-content margin-bottom-normal\">\n    <div class=\"container-lg\">\n        <div class=\"row\">\n            <div class=\"col\">\n                <h3>Eckdaten<\/h3>\n<p><strong>Jobbezeichnung:<\/strong> Produktentwicklerin f&uuml;r Nahrungserg&auml;nzungsmittel<br>\n<strong>Unternehmen:<\/strong> RINGANA GmbH<br>\n<strong>Arbeitsort:<\/strong> RINGANA Campus in St. Johann in der Haide (Hartberg)<br>\n<strong>Anstellungsbeginn:<\/strong> Vollzeit seit November 2023<\/p>\n<h3>Was ich mache<\/h3>\n<ul>\n<li>Selbstst&auml;ndige, markt- und kundengerechte Entwicklung von Nahrungserg&auml;nzungsmitteln und funktionellen Lebensmitteln bis hin zur Anwendungsreife<\/li>\n<li>Optimierung und Weiterentwicklung bestehender Produkte und Produktionsverfahren im Bereich Forschung &amp; Entwicklung Nahrungserg&auml;nzungsmittel<\/li>\n<\/ul>\n<h3>So bin ich zu meinem Job gekommen<\/h3>\n<p>Gestartet habe ich bei RINGANA mit einem Praktikum in der F&amp;E Abteilung w&auml;hrend der Studienzeit. Dieses hat mir so gut gefallen, dass ich letztes Jahr auch meine Bachelorarbeit in Kooperation mit dem Unternehmen geschrieben habe. So kam eines zum anderen und ich konnte nach meiner Bachelorpr&uuml;fung als feste Mitarbeiterin im Entwicklungsteam f&uuml;r Nahrungserg&auml;nzungsmittel starten.<\/p>\n<h3>\nDas habe ich im Studium f&uuml;rs Berufsleben gelernt<\/h3>\n<p>Das Studium Nachhaltiges Lebensmittelmanagement lieferte die perfekte Grundausbildung f&uuml;r meine jetzige Arbeit als Produktentwicklerin. Die naturwissenschaftlichen Hintergr&uuml;nde, das technische Wissen, sowie die regulatorischen Kenntnisse helfen mir bei meinen t&auml;glichen Arbeiten. Zudem habe ich w&auml;hrend des Studiums wichtige F&auml;higkeiten im Bereich Projektmanagement und Pr&auml;sentationstechniken entwickelt, die f&uuml;r die erfolgreiche Umsetzung von Entwicklungsprojekten unerl&auml;sslich sind.<\/p>\n<h3>Die Jobchancen in meinem Bereich<\/h3>\n<p>Da die Wertsch&ouml;pfungskette von Lebensmitteln sehr umfassend und vielseitig ist, sch&auml;tze ich die Berufschancen in diesem Bereich als sehr gut ein. Ich finde, dass hier jeder &bdquo;f&uuml;ndig&ldquo; werden kann, sei es in landwirtschaftlichen Berufen bis hin zu T&auml;tigkeiten in Handel oder Industrie. Hier ist es meiner Meinung nach auch wichtig, sich nicht nur auf typische Berufsbezeichnungen zu fokussieren, sondern auch ungew&ouml;hnlichere Optionen in Betracht zu ziehen.<\/p>\n<h3>Ich &uuml;ber meinen Job<\/h3>\n<p>F&uuml;r mich ist es erf&uuml;llend, an der Entwicklung von Produkten zu arbeiten, die das Wohlbefinden von Menschen unterst&uuml;tzen k&ouml;nnen. Die Kombination aus wissenschaftlicher Forschung und kreativer Produktentwicklung ist spannend und herausfordernd zugleich. Ich sch&auml;tze die M&ouml;glichkeit, in einem innovativen Umfeld zu arbeiten und jeden Tag etwas Neues zu lernen.<\/p>\n<h3>Wichtige F&auml;higkeiten in meinem Job<\/h3>\n<ul>\n<li>Flexibilit&auml;t und Anpassungsf&auml;higkeit<\/li>\n<li>Innovationsf&auml;higkeit und Kreativit&auml;t<\/li>\n<li>Analytisches Denken und Detailgenauigkeit<\/li>\n<\/ul>\n<h3>Warum ich meinen Beruf liebe<\/h3>\n<p>Mich fasziniert die st&auml;ndige Abwechslung und Ver&auml;nderung in diesem Berufsfeld. Kein Tag ist wie der andere und es kommen immer wieder neue Herausforderungen, die eine l&ouml;sungsorientierte Denkweise erfordern. Zus&auml;tzlich sind wir ein sehr junges und dynamisches Team, in dem ich mir sehr wohl f&uuml;hle.<\/p>\n<h3>Mein bisher gr&ouml;&szlig;ter Erfolg in meiner Karriere<\/h3>\n<p>Der bisher gr&ouml;&szlig;te Erfolg in meiner Karriere war der Abschluss meines ersten Projekts, bei dem ich ein bestehendes Kapselprodukt weiterentwickeln konnte. Au&szlig;erdem hatte ich in diesem Jahr die Gelegenheit, die Vitafoods in Genf zu besuchen, eine der weltweit f&uuml;hrenden Messen und Konferenzen f&uuml;r die Nahrungserg&auml;nzungsindustrie.<\/p>\n\n            <\/div>\n        <\/div>\n            <\/div>\n<\/div>\n","protected":false},"excerpt":{"rendered":"<p>Julia Indrist ist bei der RINGANA GmbH als Produktentwicklerin f\u00fcr Nahrungserg\u00e4nzungsmittel t\u00e4tig. <\/p>\n","protected":false},"author":143,"featured_media":10000688,"parent":10000289,"menu_order":5,"comment_status":"closed","ping_status":"closed","template":"template-absolvent.blade.php","meta":{"_acf_changed":false,"footnotes":""},"acf":[],"aioseo_notices":[],"_links":{"self":[{"href":"https:\/\/www.fh-joanneum.at\/nachhaltiges-lebensmittelmanagement\/bachelor\/wp-json\/wp\/v2\/pages\/10000687"}],"collection":[{"href":"https:\/\/www.fh-joanneum.at\/nachhaltiges-lebensmittelmanagement\/bachelor\/wp-json\/wp\/v2\/pages"}],"about":[{"href":"https:\/\/www.fh-joanneum.at\/nachhaltiges-lebensmittelmanagement\/bachelor\/wp-json\/wp\/v2\/types\/page"}],"author":[{"embeddable":true,"href":"https:\/\/www.fh-joanneum.at\/nachhaltiges-lebensmittelmanagement\/bachelor\/wp-json\/wp\/v2\/users\/143"}],"replies":[{"embeddable":true,"href":"https:\/\/www.fh-joanneum.at\/nachhaltiges-lebensmittelmanagement\/bachelor\/wp-json\/wp\/v2\/comments?post=10000687"}],"version-history":[{"count":1,"href":"https:\/\/www.fh-joanneum.at\/nachhaltiges-lebensmittelmanagement\/bachelor\/wp-json\/wp\/v2\/pages\/10000687\/revisions"}],"predecessor-version":[{"id":10000690,"href":"https:\/\/www.fh-joanneum.at\/nachhaltiges-lebensmittelmanagement\/bachelor\/wp-json\/wp\/v2\/pages\/10000687\/revisions\/10000690"}],"up":[{"embeddable":true,"href":"https:\/\/www.fh-joanneum.at\/nachhaltiges-lebensmittelmanagement\/bachelor\/wp-json\/wp\/v2\/pages\/10000289"}],"wp:featuredmedia":[{"embeddable":true,"href":"https:\/\/www.fh-joanneum.at\/nachhaltiges-lebensmittelmanagement\/bachelor\/wp-json\/wp\/v2\/media\/10000688"}],"wp:attachment":[{"href":"https:\/\/www.fh-joanneum.at\/nachhaltiges-lebensmittelmanagement\/bachelor\/wp-json\/wp\/v2\/media?parent=10000687"}],"curies":[{"name":"wp","href":"https:\/\/api.w.org\/{rel}","templated":true}]}}