{"id":10000015,"date":"2023-02-07T15:44:53","date_gmt":"2023-02-07T14:44:53","guid":{"rendered":"https:\/\/www.fh-joanneum.at\/nachhaltigkeitskommunikation-und-klimajournalismus\/academic_certificate_programme\/?page_id=15"},"modified":"2026-03-16T11:23:24","modified_gmt":"2026-03-16T10:23:24","slug":"der-lehrgang","status":"publish","type":"page","link":"https:\/\/www.fh-joanneum.at\/nachhaltigkeitskommunikation-und-klimajournalismus\/academic_certificate_programme\/im-lehrgang\/der-lehrgang\/","title":{"rendered":"Der Lehrgang"},"content":{"rendered":"<div\n    id=\"\"\n    class=\"wp-block-content-image margin-bottom-normal\"\n>\n    <div class=\"container-lg\">\n        <div class=\"row\">\n            <div class=\"col-12\">\n                <div >\n\n                    <div class=\"image-wrapper\">\n                        <picture>\n                        <source\n                media=\"(max-width: 576px)\"\n                srcset=\"https:\/\/cdn3.fh-joanneum.at\/media\/sites\/101\/2023\/02\/nachhaltigkeitskommunikation-und-klimajournalismus-3.jpg, https:\/\/cdn3.fh-joanneum.at\/media\/sites\/101\/2023\/02\/nachhaltigkeitskommunikation-und-klimajournalismus-3-768x432.jpg 2x\"\n            \/>\n                    <source\n                media=\"(max-width: 768px)\"\n                srcset=\"https:\/\/cdn3.fh-joanneum.at\/media\/sites\/101\/2023\/02\/nachhaltigkeitskommunikation-und-klimajournalismus-3-768x432.jpg, https:\/\/cdn3.fh-joanneum.at\/media\/sites\/101\/2023\/02\/nachhaltigkeitskommunikation-und-klimajournalismus-3-1024x576.jpg 2x\"\n            \/>\n                    <source\n                media=\"(max-width: 1024px)\"\n                srcset=\"https:\/\/cdn3.fh-joanneum.at\/media\/sites\/101\/2023\/02\/nachhaltigkeitskommunikation-und-klimajournalismus-3-1024x576.jpg, https:\/\/cdn3.fh-joanneum.at\/media\/sites\/101\/2023\/02\/nachhaltigkeitskommunikation-und-klimajournalismus-3-1536x864.jpg 2x\"\n            \/>\n                    <source\n                media=\"(max-width: 1536px)\"\n                srcset=\"https:\/\/cdn3.fh-joanneum.at\/media\/sites\/101\/2023\/02\/nachhaltigkeitskommunikation-und-klimajournalismus-3-1536x864.jpg, https:\/\/cdn3.fh-joanneum.at\/media\/sites\/101\/2023\/02\/nachhaltigkeitskommunikation-und-klimajournalismus-3.jpg 2x\"\n            \/>\n                    <source\n                media=\"(max-width: 1612px)\"\n                srcset=\"https:\/\/cdn3.fh-joanneum.at\/media\/sites\/101\/2023\/02\/nachhaltigkeitskommunikation-und-klimajournalismus-3.jpg, https:\/\/cdn3.fh-joanneum.at\/media\/sites\/101\/2023\/02\/nachhaltigkeitskommunikation-und-klimajournalismus-3.jpg 2x\"\n            \/>\n                <img decoding=\"async\"\n        class=\"img-fluid @if ($image_credit || $media_subtitle) mb-2 @endif @if ($lightbox) modal-trigger @endif\" @click=\"modal = !modal\" aria-expanded=\"false\"\n        src=\"https:\/\/cdn3.fh-joanneum.at\/media\/sites\/101\/2023\/02\/nachhaltigkeitskommunikation-und-klimajournalismus-3.jpg\"\n        alt=\"ILA &amp;amp; J. J. Kucek: Ohne Titel. 2022\"\n        title=\"\"\n         loading=\"lazy\"             >\n<\/picture>\n\n                                                                            <p class=\"text-muted\">ILA und J. J. Kucek: Ohne Titel. 2022<\/p>\n                                            <\/div>\n\n                                    <\/div>\n\n            <\/div>\n        <\/div>\n    <\/div>\n<\/div>\n\n\n<div id=\"\" class=\"wp-block-text-content margin-bottom-small\">\n    <div class=\"container-lg\">\n        <div class=\"row\">\n            <div class=\"col\">\n                <div class=\"module-migration-headline\">\n<h3>Schwerpunkte<\/h3>\n<p>Kompetent, evidenzbasiert und vertrauensw&uuml;rdig &uuml;ber Klima-, Biodiversit&auml;ts- und Nachhaltigkeitskrise sowie &uuml;ber erfolgversprechende L&ouml;sungsans&auml;tze f&uuml;r diese wohl gr&ouml;&szlig;ten Herausforderungen unserer Zeit zu informieren, geh&ouml;rt zu den zentralen Aufgaben professioneller Kommunikation. Journalist:innen wie Kommunikator:innen m&uuml;ssen daf&uuml;r &uuml;ber ein vertieftes Verst&auml;ndnis der naturwissenschaftlichen Grundlagen dieser Krisen verf&uuml;gen und sich mit deren vielf&auml;ltigen gesellschaftlichen, &ouml;konomischen und politischen Wechselwirkungen vertraut machen.<\/p>\n<p>In diesem Hochschullehrgang lernen Journalist:innen wie Kommunikator:innen alternative Pfade in eine nachhaltige Zukunft kennen und erweitern ihre Kommunikationsskills um strategische wie praktische Kompetenzen. Das Ziel: au&szlig;ergew&ouml;hnliche, treffsichere und effektive Kommunikationsl&ouml;sungen zu entwickeln und umzusetzen, die einen Beitrag zur sozial-&ouml;kologischen Transformation leisten k&ouml;nnen.<\/p>\n<\/div>\n\n            <\/div>\n        <\/div>\n            <\/div>\n<\/div>\n\n\n<div\n    id=\"\"\n    class=\"wp-block-blockquote margin-bottom-normal\"\n>\n    <div class=\"container-lg\">\n        <div class=\"row\">\n            <div class=\"col\">\n                <div class=\"d-block mb-2 fs-5 major-text-color\">\u201eWer \u00fcber Ereignisse und Entwicklungen berichten m\u00f6chte und diese kommentiert, braucht ein Grundverst\u00e4ndnis und muss wissen, wo er oder sie weitere Informationen beziehen kann. Der Lehrgang Nachhaltigkeitskommunikation &#038; Klimajournalismus vermittelt zum Thema Klimakrise beides. Da dieses Thema sich durch alle Lebens- und Gesellschaftsbereiche zieht, brauchen alle, die dazu kommunizieren, dieses Wissen. Deswegen beteilige ich mich gerne an der Ausbildung!\u201c<\/div>\n                <span class=\"d-flex justify-content-end\">Helga Kromp-Kolb, Meteorologin und Klimaforscherin und Autorin, Vortragende<\/span>\n            <\/div>\n        <\/div>\n    <\/div>\n<\/div>\n\n\n<div id=\"\" class=\"wp-block-text-content margin-bottom-normal\">\n    <div class=\"container-lg\">\n        <div class=\"row\">\n            <div class=\"col\">\n                <p> <div class=\"brlbs-cmpnt-container brlbs-cmpnt-content-blocker\" data-borlabs-cookie-content-blocker-id=\"youtube-content-blocker\" data-borlabs-cookie-content=\"PGlmcmFtZSBzcmM9Imh0dHBzOi8veW91dHViZS5jb20vZW1iZWQvU0cyMXB2WDVFbzA\/c2k9bXhWdjQ2Ul9JNFVXbE4zUSIgd2lkdGg9IjMxNSIgaGVpZ2h0PSI1NjAiIGZyYW1lYm9yZGVyPSIwIiBhbGxvd2Z1bGxzY3JlZW49ImFsbG93ZnVsbHNjcmVlbiIgYWxsb3c9ImFjY2VsZXJvbWV0ZXI7IGF1dG9wbGF5OyBjbGlwYm9hcmQtd3JpdGU7IGVuY3J5cHRlZC1tZWRpYTsgZ3lyb3Njb3BlOyBwaWN0dXJlLWluLXBpY3R1cmU7IHdlYi1zaGFyZSI+PC9pZnJhbWU+\" ><div class=\"brlbs-cmpnt-cb-preset-b\"> <div class=\"brlbs-cmpnt-cb-thumbnail\" style=\"background-image: url('https:\/\/cdn.fh-joanneum.at\/media\/2021\/02\/conversory-fh-joanneum-video-overlay-bg.jpg')\"><\/div> <div class=\"brlbs-cmpnt-cb-main\"> <div class=\"brlbs-cmpnt-cb-content\"> <h4 class=\"brlbs-cmpnt-cb-description\">Mit dem Laden des Videos stimmen Sie der <a href=\"https:\/\/www.youtube.com\/intl\/ALL_at\/howyoutubeworks\/user-settings\/privacy\/\" target=\"_blank\">Datenschutzerkl\u00e4rung<\/a> von YouTube zu.<\/h4> <\/div> <div class=\"brlbs-cmpnt-cb-buttons\"> <a class=\"brlbs-cmpnt-cb-btn\" href=\"#\" data-borlabs-cookie-accept-service role=\"button\" style=\"display: inherit\">Video laden<\/a> <\/div> <\/div> <\/div><\/div>  <div class=\"brlbs-cmpnt-container brlbs-cmpnt-content-blocker\" data-borlabs-cookie-content-blocker-id=\"youtube-content-blocker\" data-borlabs-cookie-content=\"PGlmcmFtZSBzcmM9Imh0dHBzOi8veW91dHViZS5jb20vZW1iZWQvYkRUaWV3OHNwNEk\/c2k9azlpYVdMeE9pQTZVdnlRTiIgd2lkdGg9IjMxNSIgaGVpZ2h0PSI1NjAiIGZyYW1lYm9yZGVyPSIwIiBhbGxvd2Z1bGxzY3JlZW49ImFsbG93ZnVsbHNjcmVlbiIgYWxsb3c9ImFjY2VsZXJvbWV0ZXI7IGF1dG9wbGF5OyBjbGlwYm9hcmQtd3JpdGU7IGVuY3J5cHRlZC1tZWRpYTsgZ3lyb3Njb3BlOyBwaWN0dXJlLWluLXBpY3R1cmU7IHdlYi1zaGFyZSI+PC9pZnJhbWU+\" ><div class=\"brlbs-cmpnt-cb-preset-b\"> <div class=\"brlbs-cmpnt-cb-thumbnail\" style=\"background-image: url('https:\/\/cdn.fh-joanneum.at\/media\/2021\/02\/conversory-fh-joanneum-video-overlay-bg.jpg')\"><\/div> <div class=\"brlbs-cmpnt-cb-main\"> <div class=\"brlbs-cmpnt-cb-content\"> <h4 class=\"brlbs-cmpnt-cb-description\">Mit dem Laden des Videos stimmen Sie der <a href=\"https:\/\/www.youtube.com\/intl\/ALL_at\/howyoutubeworks\/user-settings\/privacy\/\" target=\"_blank\">Datenschutzerkl\u00e4rung<\/a> von YouTube zu.<\/h4> <\/div> <div class=\"brlbs-cmpnt-cb-buttons\"> <a class=\"brlbs-cmpnt-cb-btn\" href=\"#\" data-borlabs-cookie-accept-service role=\"button\" style=\"display: inherit\">Video laden<\/a> <\/div> <\/div> <\/div><\/div><\/p>\n\n            <\/div>\n        <\/div>\n            <\/div>\n<\/div>\n\n\n<div id=\"\" class=\"wp-block-text-content margin-bottom-normal\">\n    <div class=\"container-lg\">\n        <div class=\"row\">\n            <div class=\"col\">\n                <h4>Einzigartige Kombination<\/h4>\n<p>Dieser akademische Hochschullehrgang ist der erste im deutschsprachigen Raum, der den Aufbau von Klima- und Nachhaltigkeitskompetenz auf akademischem Niveau f&uuml;r Journalist:innen und Kommunikator:innen anbietet. Er richtet sich an Journalist:innen aller Ressorts und Mediengattungen, au&szlig;erdem an Kommunikator:innen aus NGOs, Politik und Verwaltung, dem Bildungssektor, aus Kultur, Zivilgesellschaft und Wirtschaft. Sie alle m&uuml;ssen heute ihr Portfolio um Kompetenzen im Feld der Nachhaltigkeits- und Klimakommunikation erweitern, um das Informationsbed&uuml;rfnis von B&uuml;rger:innen, Mediennutzer:innen und Marktteilnehmer:innen zu erf&uuml;llen.<\/p>\n<h4>Kompetentes Netzwerk<\/h4>\n<p>An Konzeption und Umsetzung des Hochschullehrgangs sind renommierte Institute, Netzwerke und Expert:innen aus &Ouml;sterreich und Deutschland beteiligt, die seit Jahren zu Klima, Nachhaltigkeit und Kommunikation forschen und lehren &ndash; darunter das <a href=\"https:\/\/ccca.ac.at\/startseite\" target=\"_blank\" rel=\"noopener noreferrer\">Climate Change Centre Austria<\/a> und das <a href=\"https:\/\/ikum.mediencampus.h-da.de\/\" target=\"_blank\" rel=\"noopener noreferrer\">Institut f&uuml;r Kommunikation und Medien<\/a> der Hochschule Darmstadt.<\/p>\n<p>Gastvortr&auml;ge mit namhaften Expert:innen aus verschiedenen Bereichen erg&auml;nzen das Programm. Bisher waren u.a. zu Gast: Thomas Brudermann, Renate Christ, Gabriele Faber-Wiener, Marion Greilinger, Helga Kromp-Kolb, Douglas Maraun, Uwe H. Martin, Benedikt Narodoslawsky, Oliver Ressler, Katharina Rogenhofer, Stella Schaller, Patrick Scherhaufer, Torsten Sch&auml;fer, Thomas Waitz, Philipp Wilfinger u.v.a.<\/p>\n<h4>Aktuelle Inhalte, neue Formate<\/h4>\n<p>W&auml;hrend die wissenschaftlichen Grundlagen allen Teilnehmer:innen gemeinsam vermittelt werden, ist der Praxistransfers entsprechend der unterschiedlichen Bed&uuml;rfnisse von Journalist:innen und Kommunikator:innen organisiert.<\/p>\n<p>Im Fokus der kommunikationsspezifischen Lehrangebote stehen die Themenfelder strategische Kommunikation (Content Strategie), Kommunikationspsychologie, (visuelles) Storytelling sowie aktuelle Problemstellungen aus den unterschiedlichen Berufsfeldern (Nachhaltigkeitsreporting, Greenwashing). Das Klimakultur-Lab bietet dar&uuml;ber hinaus die M&ouml;glichkeit, im Austausch mit k&uuml;nstlerischen oder aktivistischen Positionen experimentellere Kommunikationsl&ouml;sungen kennenzulernen und zu erproben.<\/p>\n\n            <\/div>\n        <\/div>\n            <\/div>\n<\/div>\n\n\n<div id=\"\" class=\"wp-block-text-content margin-bottom-normal\">\n    <div class=\"container-lg\">\n        <div class=\"row\">\n            <div class=\"col\">\n                <p> <div class=\"brlbs-cmpnt-container brlbs-cmpnt-content-blocker\" data-borlabs-cookie-content-blocker-id=\"youtube-content-blocker\" data-borlabs-cookie-content=\"PGlmcmFtZSBzcmM9Imh0dHBzOi8veW91dHViZS5jb20vZW1iZWQvdDJNNHpON0NsOUU\/c2k9Vkl1MTFjV296MlU3QS1CZyIgd2lkdGg9IjMxNSIgaGVpZ2h0PSI1NjAiIGZyYW1lYm9yZGVyPSIwIiBhbGxvd2Z1bGxzY3JlZW49ImFsbG93ZnVsbHNjcmVlbiIgYWxsb3c9ImFjY2VsZXJvbWV0ZXI7IGF1dG9wbGF5OyBjbGlwYm9hcmQtd3JpdGU7IGVuY3J5cHRlZC1tZWRpYTsgZ3lyb3Njb3BlOyBwaWN0dXJlLWluLXBpY3R1cmU7IHdlYi1zaGFyZSI+PC9pZnJhbWU+\" ><div class=\"brlbs-cmpnt-cb-preset-b\"> <div class=\"brlbs-cmpnt-cb-thumbnail\" style=\"background-image: url('https:\/\/cdn.fh-joanneum.at\/media\/2021\/02\/conversory-fh-joanneum-video-overlay-bg.jpg')\"><\/div> <div class=\"brlbs-cmpnt-cb-main\"> <div class=\"brlbs-cmpnt-cb-content\"> <h4 class=\"brlbs-cmpnt-cb-description\">Mit dem Laden des Videos stimmen Sie der <a href=\"https:\/\/www.youtube.com\/intl\/ALL_at\/howyoutubeworks\/user-settings\/privacy\/\" target=\"_blank\">Datenschutzerkl\u00e4rung<\/a> von YouTube zu.<\/h4> <\/div> <div class=\"brlbs-cmpnt-cb-buttons\"> <a class=\"brlbs-cmpnt-cb-btn\" href=\"#\" data-borlabs-cookie-accept-service role=\"button\" style=\"display: inherit\">Video laden<\/a> <\/div> <\/div> <\/div><\/div> <div class=\"brlbs-cmpnt-container brlbs-cmpnt-content-blocker\" data-borlabs-cookie-content-blocker-id=\"youtube-content-blocker\" data-borlabs-cookie-content=\"PGlmcmFtZSBzcmM9Imh0dHBzOi8veW91dHViZS5jb20vZW1iZWQvaE9MQmNJY1VPaVU\/c2k9SEpRakNmM0JLdklLNmY5VSIgd2lkdGg9IjMxNSIgaGVpZ2h0PSI1NjAiIGZyYW1lYm9yZGVyPSIwIiBhbGxvd2Z1bGxzY3JlZW49ImFsbG93ZnVsbHNjcmVlbiIgYWxsb3c9ImFjY2VsZXJvbWV0ZXI7IGF1dG9wbGF5OyBjbGlwYm9hcmQtd3JpdGU7IGVuY3J5cHRlZC1tZWRpYTsgZ3lyb3Njb3BlOyBwaWN0dXJlLWluLXBpY3R1cmU7IHdlYi1zaGFyZSI+PC9pZnJhbWU+\" ><div class=\"brlbs-cmpnt-cb-preset-b\"> <div class=\"brlbs-cmpnt-cb-thumbnail\" style=\"background-image: url('https:\/\/cdn.fh-joanneum.at\/media\/2021\/02\/conversory-fh-joanneum-video-overlay-bg.jpg')\"><\/div> <div class=\"brlbs-cmpnt-cb-main\"> <div class=\"brlbs-cmpnt-cb-content\"> <h4 class=\"brlbs-cmpnt-cb-description\">Mit dem Laden des Videos stimmen Sie der <a href=\"https:\/\/www.youtube.com\/intl\/ALL_at\/howyoutubeworks\/user-settings\/privacy\/\" target=\"_blank\">Datenschutzerkl\u00e4rung<\/a> von YouTube zu.<\/h4> <\/div> <div class=\"brlbs-cmpnt-cb-buttons\"> <a class=\"brlbs-cmpnt-cb-btn\" href=\"#\" data-borlabs-cookie-accept-service role=\"button\" style=\"display: inherit\">Video laden<\/a> <\/div> <\/div> <\/div><\/div><\/p>\n\n            <\/div>\n        <\/div>\n            <\/div>\n<\/div>\n\n\n<div id=\"\" class=\"wp-block-text-content margin-bottom-normal\">\n    <div class=\"container-lg\">\n        <div class=\"row\">\n            <div class=\"col\">\n                <h4>Organisation des Lehrgangs<\/h4>\n<p>Der Lehrgang ist &uuml;ber zwei Semester berufsbegleitend und kompakt rund um 25 Pr&auml;senztage organisiert, die am Standort Graz stattfinden. Im zweiten Semester ist optional eine naturnahe Exkursion \/ Retreat (optional) geplant. Erg&auml;nzt werden die intensiven Pr&auml;senzphasen um Online-Lecture-Nights sowie geblockte und moderierte E-Learning-Module insbesondere zu Semesterbeginn.<\/p>\n<p>Konzipiert wurde der Lehrgang in Kooperation mit dem <a href=\"https:\/\/ccca.ac.at\/de\" target=\"_blank\" rel=\"noopener noreferrer\">CCCA<\/a> und dem <a href=\"https:\/\/ikum.mediencampus.h-da.de\/\" target=\"_blank\" rel=\"noopener noreferrer\">Institut f&uuml;r Kommunikation und Medien<\/a>&nbsp;der Hochschule Darmstadt, durchgef&uuml;hrt wird er u.a. in Zusammenarbeit mit <a href=\"https:\/\/www.klimafakten.de\/\" target=\"_blank\" rel=\"noopener noreferrer\">Klimafakten<\/a>.<\/p>\n\n            <\/div>\n        <\/div>\n            <\/div>\n<\/div>\n\n\n\n\n<div\n    id=\"\"\n    class=\"wp-block-partner margin-bottom-normal\"\n>\n    <div class=\"container-lg\">\n        <div class=\"row\">\n            <div class=\"col\">\n                <div class=\"partner-header\">\n                    <h2 class=\"mb-0\">Partner<\/h2>\n                                            <div class=\"swiper-navigation\">\n                            <div class=\"swiper-button-prev-custom\">\n                                <svg xmlns=\"http:\/\/www.w3.org\/2000\/svg\" width=\"9\" height=\"14\" viewBox=\"0 0 9 14\" fill=\"none\">\n  <path d=\"M8 13L2 7L8 1\" stroke=\"\" stroke-width=\"1.5\" stroke-linecap=\"round\"\/>\n<\/svg>                            <\/div>\n                            <div class=\"swiper-button-next-custom\">\n                                <svg xmlns=\"http:\/\/www.w3.org\/2000\/svg\" width=\"9\" height=\"14\" viewBox=\"0 0 9 14\" fill=\"none\">\n  <path d=\"M1 1L7 7L1 13\" stroke=\"\" stroke-width=\"1.5\" stroke-linecap=\"round\"\/>\n<\/svg>                            <\/div>\n                        <\/div>\n                                    <\/div>\n            <\/div>\n        <\/div>\n                    <div class=\"row\">\n                <div class=\"col-12\">\n                    <div class=\"swiper-outer-wrapper\">\n\n                        <div class=\"swiper partner-slider-swiper\">\n                            <div class=\"swiper-wrapper\">\n                                                                    <div class=\"swiper-slide item\">\n                                        <a href=\"https:\/\/www.klimafakten.de\/\">\n                                                                                            <picture>\n                        <source\n                media=\"(max-width: 576px)\"\n                srcset=\"https:\/\/cdn3.fh-joanneum.at\/media\/sites\/101\/2024\/10\/logo-klmafakten2-576x348.jpg, https:\/\/cdn3.fh-joanneum.at\/media\/sites\/101\/2024\/10\/logo-klmafakten2-768x464.jpg 2x\"\n            \/>\n                    <source\n                media=\"(max-width: 768px)\"\n                srcset=\"https:\/\/cdn3.fh-joanneum.at\/media\/sites\/101\/2024\/10\/logo-klmafakten2-768x464.jpg, https:\/\/cdn3.fh-joanneum.at\/media\/sites\/101\/2024\/10\/logo-klmafakten2-1024x618.jpg 2x\"\n            \/>\n                    <source\n                media=\"(max-width: 1024px)\"\n                srcset=\"https:\/\/cdn3.fh-joanneum.at\/media\/sites\/101\/2024\/10\/logo-klmafakten2-1024x618.jpg, https:\/\/cdn3.fh-joanneum.at\/media\/sites\/101\/2024\/10\/logo-klmafakten2.jpg 2x\"\n            \/>\n                    <source\n                media=\"(max-width: 1431px)\"\n                srcset=\"https:\/\/cdn3.fh-joanneum.at\/media\/sites\/101\/2024\/10\/logo-klmafakten2.jpg, https:\/\/cdn3.fh-joanneum.at\/media\/sites\/101\/2024\/10\/logo-klmafakten2.jpg 2x\"\n            \/>\n                    <source\n                media=\"(max-width: 1431px)\"\n                srcset=\"https:\/\/cdn3.fh-joanneum.at\/media\/sites\/101\/2024\/10\/logo-klmafakten2.jpg, https:\/\/cdn3.fh-joanneum.at\/media\/sites\/101\/2024\/10\/logo-klmafakten2.jpg 2x\"\n            \/>\n                <img decoding=\"async\"\n        class=\"img-fluid\"\n        src=\"https:\/\/cdn3.fh-joanneum.at\/media\/sites\/101\/2024\/10\/logo-klmafakten2.jpg\"\n        alt=\"\"\n        title=\"\"\n         loading=\"lazy\"             >\n<\/picture>\n\n                                                                                        <h4>Klimafakten<\/h4>\n                                            <p class=\"major-text-color\">\n                                                <\/p>\n                                        <\/a>\n                                    <\/div>\n                                                                    <div class=\"swiper-slide item\">\n                                        <a href=\"https:\/\/www.klimaaktiv.at\/\">\n                                                                                            <picture>\n                        <source\n                media=\"(max-width: 576px)\"\n                srcset=\"https:\/\/cdn3.fh-joanneum.at\/media\/sites\/101\/2025\/02\/klimaaktiv_Logo_partner2-576x386.jpg, https:\/\/cdn3.fh-joanneum.at\/media\/sites\/101\/2025\/02\/klimaaktiv_Logo_partner2-768x514.jpg 2x\"\n            \/>\n                    <source\n                media=\"(max-width: 768px)\"\n                srcset=\"https:\/\/cdn3.fh-joanneum.at\/media\/sites\/101\/2025\/02\/klimaaktiv_Logo_partner2-768x514.jpg, https:\/\/cdn3.fh-joanneum.at\/media\/sites\/101\/2025\/02\/klimaaktiv_Logo_partner2-1024x685.jpg 2x\"\n            \/>\n                    <source\n                media=\"(max-width: 1024px)\"\n                srcset=\"https:\/\/cdn3.fh-joanneum.at\/media\/sites\/101\/2025\/02\/klimaaktiv_Logo_partner2-1024x685.jpg, https:\/\/cdn3.fh-joanneum.at\/media\/sites\/101\/2025\/02\/klimaaktiv_Logo_partner2-1536x1028.jpg 2x\"\n            \/>\n                    <source\n                media=\"(max-width: 1536px)\"\n                srcset=\"https:\/\/cdn3.fh-joanneum.at\/media\/sites\/101\/2025\/02\/klimaaktiv_Logo_partner2-1536x1028.jpg, https:\/\/cdn3.fh-joanneum.at\/media\/sites\/101\/2025\/02\/klimaaktiv_Logo_partner2-2048x1371.jpg 2x\"\n            \/>\n                    <source\n                media=\"(max-width: 2048px)\"\n                srcset=\"https:\/\/cdn3.fh-joanneum.at\/media\/sites\/101\/2025\/02\/klimaaktiv_Logo_partner2-2048x1371.jpg, https:\/\/cdn3.fh-joanneum.at\/media\/sites\/101\/2025\/02\/klimaaktiv_Logo_partner2-scaled.jpg 2x\"\n            \/>\n                <img decoding=\"async\"\n        class=\"img-fluid\"\n        src=\"https:\/\/cdn3.fh-joanneum.at\/media\/sites\/101\/2025\/02\/klimaaktiv_Logo_partner2-scaled.jpg\"\n        alt=\"\"\n        title=\"\"\n         loading=\"lazy\"             >\n<\/picture>\n\n                                                                                        <h4>klimaaktiv<\/h4>\n                                            <p class=\"major-text-color\">\n                                                <\/p>\n                                        <\/a>\n                                    <\/div>\n                                                            <\/div>\n                        <\/div>\n\n                        <div class=\"swiper-navigation-pagination\">\n                            <div class=\"swiper-button-prev-custom\">\n                                <svg xmlns=\"http:\/\/www.w3.org\/2000\/svg\" width=\"9\" height=\"14\" viewBox=\"0 0 9 14\" fill=\"none\">\n  <path d=\"M8 13L2 7L8 1\" stroke=\"\" stroke-width=\"1.5\" stroke-linecap=\"round\"\/>\n<\/svg>                            <\/div>\n                            <div class=\"swiper-pagination\"><\/div>\n                            <div class=\"swiper-button-next-custom\">\n                                <svg xmlns=\"http:\/\/www.w3.org\/2000\/svg\" width=\"9\" height=\"14\" viewBox=\"0 0 9 14\" fill=\"none\">\n  <path d=\"M1 1L7 7L1 13\" stroke=\"\" stroke-width=\"1.5\" stroke-linecap=\"round\"\/>\n<\/svg>                            <\/div>\n                        <\/div>\n\n                    <\/div>\n                <\/div>\n            <\/div>\n            <\/div>\n<\/div>\n\n\n<div\n    id=\"\"\n    class=\"wp-block-downloads margin-bottom-normal\"\n>\n    <div class=\"container-lg\">\n        <div class=\"row\">\n                                                                        <div class=\"col-12 col-md-6 mb-4\">\n                            <a\n                                download\n                                href=\"https:\/\/cdn3.fh-joanneum.at\/media\/sites\/101\/2023\/02\/NKA_Folder-1.pdf\"\n                                target=\"_blank\"\n                                class=\"d-block text-decoration-none major-text-color-hover border p-2\"\n                            >\n                                <div class=\"d-flex align-items-center\">\n                                    <?xml version=\"1.0\" encoding=\"UTF-8\"?>\n<svg class=\"me-2 flex-shrink-0\" xmlns=\"http:\/\/www.w3.org\/2000\/svg\"  width=\"44\" height=\"48\" viewBox=\"0 0 512 512\">\n      <path d=\"m21 53l0 406c0 29 24 53 54 53l170 0c6 0 11-5 11-11 0-6-5-10-11-10l-170 0c-18 0-32-15-32-32l0-363c9 7 20 11 32 11l352 0 0 128c0 6 4 10 10 10 6 0 11-4 11-10l0-150-373 0c-18 0-32-14-32-32 0-17 14-32 32-32l362 0c6 0 11-4 11-10 0-6-5-11-11-11l-362 0c-30 0-54 24-54 53z m342 459c-71 0-128-57-128-128 0-71 57-128 128-128 70 0 128 57 128 128 0 71-58 128-128 128z m-8-67c0 0 0 0 0 0l-43-43c-4-4-4-11 0-15 5-4 11-4 16 0l24 25 0-81c0-6 5-11 11-11 6 0 10 5 10 11l0 81 25-25c4-4 11-4 15 0 4 4 4 11 0 15l-43 43c0 0 0 0 0 0l-7 7z m8-168c-59 0-107 48-107 107 0 59 48 107 107 107 58 0 106-48 106-107 0-59-48-107-106-107z m-288-234l0 21 352 0 0-21z\"\/>\n<\/svg>                                    <div class=\"download-info\">\n                                        <span class=\"download-title fw-bold\">\n                                            Infofolder\n                                        <\/span>\n\n                                        <div class=\"download-meta\">\n                                            <span class=\"download-size\">68 kB<\/span>\n                                            <span class=\"download-cta\">PDF<\/span>\n                                        <\/div>\n                                    <\/div>\n                                <\/div>\n                            <\/a>\n                        <\/div>\n                                                        <\/div>\n    <\/div>\n<\/div>\n","protected":false},"excerpt":{"rendered":"<p>Hier erfahren Sie alles zu den Themen und Schwerpunkten der Weiterbildung.<\/p>\n","protected":false},"author":11,"featured_media":0,"parent":10000014,"menu_order":20,"comment_status":"closed","ping_status":"closed","template":"","meta":{"_acf_changed":false,"footnotes":""},"acf":[],"aioseo_notices":[],"_links":{"self":[{"href":"https:\/\/www.fh-joanneum.at\/nachhaltigkeitskommunikation-und-klimajournalismus\/academic_certificate_programme\/wp-json\/wp\/v2\/pages\/10000015"}],"collection":[{"href":"https:\/\/www.fh-joanneum.at\/nachhaltigkeitskommunikation-und-klimajournalismus\/academic_certificate_programme\/wp-json\/wp\/v2\/pages"}],"about":[{"href":"https:\/\/www.fh-joanneum.at\/nachhaltigkeitskommunikation-und-klimajournalismus\/academic_certificate_programme\/wp-json\/wp\/v2\/types\/page"}],"author":[{"embeddable":true,"href":"https:\/\/www.fh-joanneum.at\/nachhaltigkeitskommunikation-und-klimajournalismus\/academic_certificate_programme\/wp-json\/wp\/v2\/users\/11"}],"replies":[{"embeddable":true,"href":"https:\/\/www.fh-joanneum.at\/nachhaltigkeitskommunikation-und-klimajournalismus\/academic_certificate_programme\/wp-json\/wp\/v2\/comments?post=10000015"}],"version-history":[{"count":12,"href":"https:\/\/www.fh-joanneum.at\/nachhaltigkeitskommunikation-und-klimajournalismus\/academic_certificate_programme\/wp-json\/wp\/v2\/pages\/10000015\/revisions"}],"predecessor-version":[{"id":10000172,"href":"https:\/\/www.fh-joanneum.at\/nachhaltigkeitskommunikation-und-klimajournalismus\/academic_certificate_programme\/wp-json\/wp\/v2\/pages\/10000015\/revisions\/10000172"}],"up":[{"embeddable":true,"href":"https:\/\/www.fh-joanneum.at\/nachhaltigkeitskommunikation-und-klimajournalismus\/academic_certificate_programme\/wp-json\/wp\/v2\/pages\/10000014"}],"wp:attachment":[{"href":"https:\/\/www.fh-joanneum.at\/nachhaltigkeitskommunikation-und-klimajournalismus\/academic_certificate_programme\/wp-json\/wp\/v2\/media?parent=10000015"}],"curies":[{"name":"wp","href":"https:\/\/api.w.org\/{rel}","templated":true}]}}