{"id":28,"date":"2024-09-03T08:32:10","date_gmt":"2024-09-03T08:32:10","guid":{"rendered":"https:\/\/www.fh-joanneum.at\/pelvic-health\/certificate_programme\/?page_id=28"},"modified":"2026-03-10T15:40:40","modified_gmt":"2026-03-10T15:40:40","slug":"voraussetzungen","status":"publish","type":"page","link":"https:\/\/www.fh-joanneum.at\/pelvic-health\/certificate_programme\/vor-dem-lehrgang\/voraussetzungen\/","title":{"rendered":"Voraussetzungen"},"content":{"rendered":"<div id=\"\" class=\"wp-block-text-content margin-bottom-normal\">\n    <div class=\"container-lg\">\n        <div class=\"row\">\n            <div class=\"col\">\n                <h3>Zugangsvoraussetzungen<\/h3>\n<p>Voraussetzung zur Zulassung sind:<\/p>\n<ul>\n<li>eine abgeschlossene Ausbildung der Physiotherapie<\/li>\n<li>die allgemeine Hochschulreife oder eine gleichwertige Qualifikation<\/li>\n<li>ein Nachweis &uuml;ber eine mindestens einj&auml;hrige einschl&auml;gige Berufserfahrung in Vollzeit<\/li>\n<li>f&uuml;r in &Ouml;sterreich t&auml;tige Physiotherapeut:innen: ein Nachweis &uuml;ber den Eintrag in das Gesundheitsberuferegister<\/li>\n<\/ul>\n<p>Die Pr&uuml;fung der Zugangsvoraussetzungen erfolgt nach der Bewerbung durch die Lehrgangsleitung.<\/p>\n\n            <\/div>\n        <\/div>\n            <\/div>\n<\/div>\n\n\n<div\n    id=\"\"\n    class=\"wp-block-tipp-box margin-bottom-normal\"\n>\n    <div class=\"container-lg\">\n        <div class=\"row\">\n            <div class=\"col\">\n                <div class=\"tipp-box border border-warning\">\n                    <div class=\"tipp-box-inner p-2 p-md-3\">\n                        <h4 class=\"\">Tipp<\/h4>\n                        <p>Absolvent:innen der Spezialisierung bei Physiotherapie auf EPP Niveau k\u00f6nnen in den Zertifikatslehrgang einsteigen und m\u00fcssen weitere 10 ECTS im Zertifikatskurs erwerben. Folgende <a href=\"https:\/\/www.fh-joanneum.at\/pelvic-health\/certificate_programme\/im-lehrgang\/studienplan\/\">Lehrveranstaltungen<\/a> m\u00fcssen dabei positiv abgeschlossen werden:<\/p>\n<p><strong>1. Semester (3 ECTS):<\/strong> Entwicklung der Funktionen der Beckenregion &#8211; Schwerpunkt Miktion, Def\u00e4kation und reproduktives System (Integrierte Lehrveranstaltung<br \/>\n<strong>2. Semester (7 ECTS):<\/strong> Techniken und \u00dcbungen zur motorischen Kontrolle im Beckenbereich \u2013 Vertiefung, Technologien der interdisziplin\u00e4ren Befundung und Therapie (integrierte Lehrveranstaltung, Entwicklung des Gesundheitsverhaltens im soziokulturellen Kontext, Integrativer Prozess Beckenregion 2<\/p>\n\n                    <\/div>\n                <\/div>\n            <\/div>\n        <\/div>\n    <\/div>\n<\/div>\n","protected":false},"excerpt":{"rendered":"<p>Welche Voraussetzungen m\u00fcssen Sie f\u00fcr den Lehrgang erf\u00fcllen? Die Antworten auf diese Frage geben wir Ihnen hier.<\/p>\n","protected":false},"author":143,"featured_media":0,"parent":5,"menu_order":20,"comment_status":"closed","ping_status":"closed","template":"","meta":{"_acf_changed":false,"footnotes":""},"acf":[],"aioseo_notices":[],"_links":{"self":[{"href":"https:\/\/www.fh-joanneum.at\/pelvic-health\/certificate_programme\/wp-json\/wp\/v2\/pages\/28"}],"collection":[{"href":"https:\/\/www.fh-joanneum.at\/pelvic-health\/certificate_programme\/wp-json\/wp\/v2\/pages"}],"about":[{"href":"https:\/\/www.fh-joanneum.at\/pelvic-health\/certificate_programme\/wp-json\/wp\/v2\/types\/page"}],"author":[{"embeddable":true,"href":"https:\/\/www.fh-joanneum.at\/pelvic-health\/certificate_programme\/wp-json\/wp\/v2\/users\/143"}],"replies":[{"embeddable":true,"href":"https:\/\/www.fh-joanneum.at\/pelvic-health\/certificate_programme\/wp-json\/wp\/v2\/comments?post=28"}],"version-history":[{"count":4,"href":"https:\/\/www.fh-joanneum.at\/pelvic-health\/certificate_programme\/wp-json\/wp\/v2\/pages\/28\/revisions"}],"predecessor-version":[{"id":117,"href":"https:\/\/www.fh-joanneum.at\/pelvic-health\/certificate_programme\/wp-json\/wp\/v2\/pages\/28\/revisions\/117"}],"up":[{"embeddable":true,"href":"https:\/\/www.fh-joanneum.at\/pelvic-health\/certificate_programme\/wp-json\/wp\/v2\/pages\/5"}],"wp:attachment":[{"href":"https:\/\/www.fh-joanneum.at\/pelvic-health\/certificate_programme\/wp-json\/wp\/v2\/media?parent=28"}],"curies":[{"name":"wp","href":"https:\/\/api.w.org\/{rel}","templated":true}]}}