{"id":10000275,"date":"2015-08-10T16:29:31","date_gmt":"2015-08-10T14:29:31","guid":{"rendered":"https:\/\/www.fh-joanneum.at\/physiotherapie\/bachelor\/?page_id=275"},"modified":"2023-10-02T12:44:15","modified_gmt":"2023-10-02T10:44:15","slug":"studienabschluss","status":"publish","type":"page","link":"https:\/\/www.fh-joanneum.at\/physiotherapie\/bachelor\/im-studium\/studienabschluss\/","title":{"rendered":"Studienabschluss"},"content":{"rendered":"<div id=\"\" class=\"wp-block-text-content margin-bottom-none\">\n    <div class=\"container-lg\">\n        <div class=\"row\">\n            <div class=\"col\">\n                <div class=\"module-migration-headline\">\n<h3>Voraussetzungen f&uuml;r den Studienabschluss<\/h3>\n<\/div>\n\n            <\/div>\n        <\/div>\n            <\/div>\n<\/div>\n\n<div id=\"\" class=\"wp-block-text-content margin-bottom-normal\">\n    <div class=\"container-lg\">\n        <div class=\"row\">\n            <div class=\"col\">\n                <p>Um das Bachelorstudium &bdquo;Physiotherapie&ldquo; erfolgreich abzuschlie&szlig;en, m&uuml;ssen Sie:<\/p>\n<ul>\n<li>alle Lehrveranstaltungen positiv absolvieren<\/li>\n<li>alle Praktika positiv absolvieren<\/li>\n<li>eine Bachelorarbeit verfassen, die positiv bewertet werden muss<\/li>\n<li>die Bachelorpr&uuml;fung positiv ablegen <\/li>\n<\/ul>\n<p>Sie schlie&szlig;en mit dem Titel &bdquo;Bachelor of Science in Health Studies (BSc)&ldquo; ab. Die Berufsbezeichnung lautet Physiotherapeut:in.<\/p>\n\n            <\/div>\n        <\/div>\n            <\/div>\n<\/div>\n\n<div id=\"\" class=\"wp-block-text-content margin-bottom-none\">\n    <div class=\"container-lg\">\n        <div class=\"row\">\n            <div class=\"col\">\n                <div class=\"module-migration-headline\">\n<h4>Bachelorarbeit<\/h4>\n<\/div>\n\n            <\/div>\n        <\/div>\n            <\/div>\n<\/div>\n\n<div id=\"\" class=\"wp-block-text-content margin-bottom-normal\">\n    <div class=\"container-lg\">\n        <div class=\"row\">\n            <div class=\"col\">\n                <p>Die Bachelorarbeit wird im sechsten Semester verfasst, wobei der Arbeitsprozess bereits im Bachelorseminar im f&uuml;nften Semester beginnt und auch im sechsten Semester durch ein weiteres Seminar begleitet wird. Zus&auml;tzlich unterst&uuml;tzen Lehrende aus dem Studiengang als pers&ouml;nliche Betreuungspersonen den Erarbeitungsprozess.<\/p>\n<p>In der Arbeit kann entweder ein frei gew&auml;hltes Thema oder ein Vorschlag des Studiengangs bearbeitet werden. Auch eine thematische Ankoppelung der Bachelorarbeit an das Studierendenprojekt des sechsten Semesters ist m&ouml;glich. Alle Themen ben&ouml;tigen eine klare physiotherapeutische Relevanz. <\/p>\n\n            <\/div>\n        <\/div>\n            <\/div>\n<\/div>\n\n<div id=\"\" class=\"wp-block-text-content margin-bottom-none\">\n    <div class=\"container-lg\">\n        <div class=\"row\">\n            <div class=\"col\">\n                <div class=\"module-migration-headline\">\n<h4>Bachelorpr&uuml;fung<\/h4>\n<\/div>\n\n            <\/div>\n        <\/div>\n            <\/div>\n<\/div>\n\n<div id=\"\" class=\"wp-block-text-content margin-bottom-normal\">\n    <div class=\"container-lg\">\n        <div class=\"row\">\n            <div class=\"col\">\n                <p>Die Bachelorpr&uuml;fungen finden jedes Jahr im Zeitraum zwischen Ende August und Anfang September statt. Die Kommission besteht aus drei Personen, meist wird die Kommission durch ein beobachtendes Mitglied unterst&uuml;tzt. Die Pr&uuml;fer:innen sind Vortragende des Studiengangs.<\/p>\n<p>Durch die Bachelorpr&uuml;fung soll festgestellt werden, dass Studierende die grundlegende Handlungskompetenz f&uuml;r den berufsspezifischen Bereich der Physiotherapie im Studiengang erworben haben, um den definierten Kompetenzen der Module aus dem Akkreditierungsantrag, der FH-MTD-AV und dem MTD-Gesetz gerecht zu werden. <\/p>\n<p>Die kommissionelle Pr&uuml;fung setzt sich dabei aus der Pr&auml;sentation der Bachelorarbeit und einem Pr&uuml;fungsgespr&auml;ch &uuml;ber die durchgef&uuml;hrte Arbeit sowie 2 weiteren Pr&uuml;fungsteilen zusammen. Eine der beiden zus&auml;tzlichen Fragenkomplexe wird durch ein Patient:innenbeispiel unterst&uuml;tzt. Es wird erwartet, dass die Studierenden im Pr&uuml;fungsgespr&auml;ch auf Basiswissen aus allen Bereichen der Physiotherapie zur&uuml;ckgreifen und Querverbindungen zu allen Lehrveranstaltungen herstellen k&ouml;nnen. <\/p>\n\n            <\/div>\n        <\/div>\n            <\/div>\n<\/div>\n\n<div id=\"\" class=\"wp-block-text-content margin-bottom-none\">\n    <div class=\"container-lg\">\n        <div class=\"row\">\n            <div class=\"col\">\n                <div class=\"module-migration-headline\">\n<h3>Nach dem Bachelorabschluss<\/h3>\n<\/div>\n\n            <\/div>\n        <\/div>\n            <\/div>\n<\/div>\n\n<div id=\"\" class=\"wp-block-text-content margin-bottom-normal\">\n    <div class=\"container-lg\">\n        <div class=\"row\">\n            <div class=\"col\">\n                <p>Die meisten unserer Absolvent:innen starten direkt nach ihrem Abschluss in das Berufsleben. Zus&auml;tzlich gibt es auch mehrere M&ouml;glichkeiten, nach dem Bachelorstudium eine Master-Ausbildung zu beginnen. In &Ouml;sterreich sind allerdings viele der physiotherapeutischen Vertiefungen kostenpflichtig: So bieten etwa einige Hochschulen facheinschl&auml;gige Lehrg&auml;nge an. Im Bereich von Public Health oder Management im Gesundheitswesen werden auch Masterstudieng&auml;nge angeboten, f&uuml;r die unsere Absolvent:innen die Zugangsvoraussetzungen erf&uuml;llen.<\/p>\n\n            <\/div>\n        <\/div>\n            <\/div>\n<\/div>\n\n","protected":false},"excerpt":{"rendered":"<p>Mit Ihrem Abschluss legen Sie den Grundstein f\u00fcr Ihre berufliche Zukunft. Welche Voraussetzungen Sie f\u00fcr den erfolgreichen Abschluss Ihres Studiums ben\u00f6tigen und alles, was Sie sonst noch wissen sollten, verraten wir Ihnen hier.<\/p>\n","protected":false},"author":12,"featured_media":0,"parent":10000261,"menu_order":54,"comment_status":"closed","ping_status":"closed","template":"","meta":{"_acf_changed":false,"footnotes":""},"acf":[],"aioseo_notices":[],"_links":{"self":[{"href":"https:\/\/www.fh-joanneum.at\/physiotherapie\/bachelor\/wp-json\/wp\/v2\/pages\/10000275"}],"collection":[{"href":"https:\/\/www.fh-joanneum.at\/physiotherapie\/bachelor\/wp-json\/wp\/v2\/pages"}],"about":[{"href":"https:\/\/www.fh-joanneum.at\/physiotherapie\/bachelor\/wp-json\/wp\/v2\/types\/page"}],"author":[{"embeddable":true,"href":"https:\/\/www.fh-joanneum.at\/physiotherapie\/bachelor\/wp-json\/wp\/v2\/users\/12"}],"replies":[{"embeddable":true,"href":"https:\/\/www.fh-joanneum.at\/physiotherapie\/bachelor\/wp-json\/wp\/v2\/comments?post=10000275"}],"version-history":[{"count":0,"href":"https:\/\/www.fh-joanneum.at\/physiotherapie\/bachelor\/wp-json\/wp\/v2\/pages\/10000275\/revisions"}],"up":[{"embeddable":true,"href":"https:\/\/www.fh-joanneum.at\/physiotherapie\/bachelor\/wp-json\/wp\/v2\/pages\/10000261"}],"wp:attachment":[{"href":"https:\/\/www.fh-joanneum.at\/physiotherapie\/bachelor\/wp-json\/wp\/v2\/media?parent=10000275"}],"curies":[{"name":"wp","href":"https:\/\/api.w.org\/{rel}","templated":true}]}}