{"id":10000645,"date":"2022-02-21T13:50:20","date_gmt":"2022-02-21T11:50:20","guid":{"rendered":"https:\/\/www.fh-joanneum.at\/physiotherapie\/bachelor\/?page_id=645"},"modified":"2023-11-02T14:05:10","modified_gmt":"2023-11-02T12:05:10","slug":"absolventinnen-absolventen","status":"publish","type":"page","link":"https:\/\/www.fh-joanneum.at\/physiotherapie\/bachelor\/nach-dem-studium\/absolventinnen-absolventen\/","title":{"rendered":"Absolvent:innen"},"content":{"rendered":"<div id=\"\" class=\"wp-block-text-content margin-bottom-none\">\n    <div class=\"container-lg\">\n        <div class=\"row\">\n            <div class=\"col\">\n                <div class=\"module-migration-headline\">\n<h3>Was machen unsere Absolvent:innen? <\/h3>\n<\/div>\n\n            <\/div>\n        <\/div>\n            <\/div>\n<\/div>\n\n<div id=\"\" class=\"wp-block-list-of-graduates margin-bottom-normal\">\n  <div class=\"container-lg\">\n    <div class=\"row\">\n                        <div class=\"col-6 col-sm-4 col-md-6 col-lg-4 col-xl-4 mb-4\">\n            <a\n    href=\"https:\/\/www.fh-joanneum.at\/physiotherapie\/bachelor\/nach-dem-studium\/absolventinnen-absolventen\/birgit-jocham-bsc-msc\/\"\n    class=\"graduate-card bg-light\"\n>\n    <div class=\"border border-light h-100\">\n        <div class=\"image-wrapper\">\n            <picture>\n                        <source\n                media=\"(max-width: 350px)\"\n                srcset=\"https:\/\/cdn3.fh-joanneum.at\/media\/sites\/25\/2022\/02\/birgit-jocham-bsc-msc.jpg, https:\/\/cdn3.fh-joanneum.at\/media\/sites\/25\/2022\/02\/birgit-jocham-bsc-msc.jpg 2x\"\n            \/>\n                    <source\n                media=\"(max-width: 350px)\"\n                srcset=\"https:\/\/cdn3.fh-joanneum.at\/media\/sites\/25\/2022\/02\/birgit-jocham-bsc-msc.jpg, https:\/\/cdn3.fh-joanneum.at\/media\/sites\/25\/2022\/02\/birgit-jocham-bsc-msc.jpg 2x\"\n            \/>\n                    <source\n                media=\"(max-width: 350px)\"\n                srcset=\"https:\/\/cdn3.fh-joanneum.at\/media\/sites\/25\/2022\/02\/birgit-jocham-bsc-msc.jpg, https:\/\/cdn3.fh-joanneum.at\/media\/sites\/25\/2022\/02\/birgit-jocham-bsc-msc.jpg 2x\"\n            \/>\n                    <source\n                media=\"(max-width: 350px)\"\n                srcset=\"https:\/\/cdn3.fh-joanneum.at\/media\/sites\/25\/2022\/02\/birgit-jocham-bsc-msc.jpg, https:\/\/cdn3.fh-joanneum.at\/media\/sites\/25\/2022\/02\/birgit-jocham-bsc-msc.jpg 2x\"\n            \/>\n                    <source\n                media=\"(max-width: 350px)\"\n                srcset=\"https:\/\/cdn3.fh-joanneum.at\/media\/sites\/25\/2022\/02\/birgit-jocham-bsc-msc.jpg, https:\/\/cdn3.fh-joanneum.at\/media\/sites\/25\/2022\/02\/birgit-jocham-bsc-msc.jpg 2x\"\n            \/>\n                <img decoding=\"async\"\n        class=\"img-fluid\"\n        src=\"https:\/\/cdn3.fh-joanneum.at\/media\/sites\/25\/2022\/02\/birgit-jocham-bsc-msc.jpg\"\n        alt=\"Birgit Jocham, BSc MSc\"\n        title=\"\"\n         loading=\"lazy\"             >\n<\/picture>\n\n        <\/div>\n        <div class=\"p-2 p-xl-3\">\n            <h6>Birgit Jocham, BSc MSc<\/h6>\n            <p class=\"mb-0 hyphens\">\n                Birgit Jocham ist als Hochschullektorin am Institut Physiotherapie der FH JOANNEUM t\u00e4tig. Sie absolvierte das Bachelorstudium Physiotherapie an der FH JOANNEUM Graz und sowie Masterstudium Health Assisting Engineering an der FH Campus Wien.\n            <\/p>\n        <\/div>\n    <\/div>\n<\/a>\n          <\/div>\n                  <div class=\"col-6 col-sm-4 col-md-6 col-lg-4 col-xl-4 mb-4\">\n            <a\n    href=\"https:\/\/www.fh-joanneum.at\/physiotherapie\/bachelor\/nach-dem-studium\/absolventinnen-absolventen\/martin-weissensteiner-bsc\/\"\n    class=\"graduate-card bg-light\"\n>\n    <div class=\"border border-light h-100\">\n        <div class=\"image-wrapper\">\n            <picture>\n                        <source\n                media=\"(max-width: 513px)\"\n                srcset=\"https:\/\/cdn3.fh-joanneum.at\/media\/sites\/25\/2022\/02\/martin-weissensteiner-bsc-2-scaled.jpg, https:\/\/cdn3.fh-joanneum.at\/media\/sites\/25\/2022\/02\/martin-weissensteiner-bsc-2-768x862.jpg 2x\"\n            \/>\n                    <source\n                media=\"(max-width: 768px)\"\n                srcset=\"https:\/\/cdn3.fh-joanneum.at\/media\/sites\/25\/2022\/02\/martin-weissensteiner-bsc-2-768x862.jpg, https:\/\/cdn3.fh-joanneum.at\/media\/sites\/25\/2022\/02\/martin-weissensteiner-bsc-2-912x1024.jpg 2x\"\n            \/>\n                    <source\n                media=\"(max-width: 912px)\"\n                srcset=\"https:\/\/cdn3.fh-joanneum.at\/media\/sites\/25\/2022\/02\/martin-weissensteiner-bsc-2-912x1024.jpg, https:\/\/cdn3.fh-joanneum.at\/media\/sites\/25\/2022\/02\/martin-weissensteiner-bsc-2-1368x1536.jpg 2x\"\n            \/>\n                    <source\n                media=\"(max-width: 1368px)\"\n                srcset=\"https:\/\/cdn3.fh-joanneum.at\/media\/sites\/25\/2022\/02\/martin-weissensteiner-bsc-2-1368x1536.jpg, https:\/\/cdn3.fh-joanneum.at\/media\/sites\/25\/2022\/02\/martin-weissensteiner-bsc-2-1824x2048.jpg 2x\"\n            \/>\n                    <source\n                media=\"(max-width: 1824px)\"\n                srcset=\"https:\/\/cdn3.fh-joanneum.at\/media\/sites\/25\/2022\/02\/martin-weissensteiner-bsc-2-1824x2048.jpg, https:\/\/cdn3.fh-joanneum.at\/media\/sites\/25\/2022\/02\/martin-weissensteiner-bsc-2-scaled.jpg 2x\"\n            \/>\n                <img decoding=\"async\"\n        class=\"img-fluid\"\n        src=\"https:\/\/cdn3.fh-joanneum.at\/media\/sites\/25\/2022\/02\/martin-weissensteiner-bsc-2-scaled.jpg\"\n        alt=\"Martin Wei\u00dfensteiner, BSc\"\n        title=\"\"\n         loading=\"lazy\"             >\n<\/picture>\n\n        <\/div>\n        <div class=\"p-2 p-xl-3\">\n            <h6>Martin Wei\u00dfensteiner, BSc<\/h6>\n            <p class=\"mb-0 hyphens\">\n                Gemeinsam mit seinem Partner gr\u00fcndete Martin Wei\u00dfensteiner 2018 die Home4Motion GMbH. Die modernst ausgestatteten Therapiezentren in Graz und Wien sind auf Menschen mit neurologischen Bewegungsst\u00f6rungen spezialisiert.\n            <\/p>\n        <\/div>\n    <\/div>\n<\/a>\n          <\/div>\n                  <div class=\"col-6 col-sm-4 col-md-6 col-lg-4 col-xl-4 mb-4\">\n            <a\n    href=\"https:\/\/www.fh-joanneum.at\/physiotherapie\/bachelor\/nach-dem-studium\/absolventinnen-absolventen\/katrin-wedenig-msc-bsc\/\"\n    class=\"graduate-card bg-light\"\n>\n    <div class=\"border border-light h-100\">\n        <div class=\"image-wrapper\">\n            <picture>\n                        <source\n                media=\"(max-width: 410px)\"\n                srcset=\"https:\/\/cdn3.fh-joanneum.at\/media\/sites\/25\/2022\/02\/katrin-wedenig-msc-bsc-3.jpg, https:\/\/cdn3.fh-joanneum.at\/media\/sites\/25\/2022\/02\/katrin-wedenig-msc-bsc-3-768x1080.jpg 2x\"\n            \/>\n                    <source\n                media=\"(max-width: 768px)\"\n                srcset=\"https:\/\/cdn3.fh-joanneum.at\/media\/sites\/25\/2022\/02\/katrin-wedenig-msc-bsc-3-768x1080.jpg, https:\/\/cdn3.fh-joanneum.at\/media\/sites\/25\/2022\/02\/katrin-wedenig-msc-bsc-3-728x1024.jpg 2x\"\n            \/>\n                    <source\n                media=\"(max-width: 728px)\"\n                srcset=\"https:\/\/cdn3.fh-joanneum.at\/media\/sites\/25\/2022\/02\/katrin-wedenig-msc-bsc-3-728x1024.jpg, https:\/\/cdn3.fh-joanneum.at\/media\/sites\/25\/2022\/02\/katrin-wedenig-msc-bsc-3-1093x1536.jpg 2x\"\n            \/>\n                    <source\n                media=\"(max-width: 1093px)\"\n                srcset=\"https:\/\/cdn3.fh-joanneum.at\/media\/sites\/25\/2022\/02\/katrin-wedenig-msc-bsc-3-1093x1536.jpg, https:\/\/cdn3.fh-joanneum.at\/media\/sites\/25\/2022\/02\/katrin-wedenig-msc-bsc-3-1457x2048.jpg 2x\"\n            \/>\n                    <source\n                media=\"(max-width: 1457px)\"\n                srcset=\"https:\/\/cdn3.fh-joanneum.at\/media\/sites\/25\/2022\/02\/katrin-wedenig-msc-bsc-3-1457x2048.jpg, https:\/\/cdn3.fh-joanneum.at\/media\/sites\/25\/2022\/02\/katrin-wedenig-msc-bsc-3.jpg 2x\"\n            \/>\n                <img decoding=\"async\"\n        class=\"img-fluid\"\n        src=\"https:\/\/cdn3.fh-joanneum.at\/media\/sites\/25\/2022\/02\/katrin-wedenig-msc-bsc-3.jpg\"\n        alt=\"Katrin Wedenig, MSc BSc 1\"\n        title=\"\"\n         loading=\"lazy\"             >\n<\/picture>\n\n        <\/div>\n        <div class=\"p-2 p-xl-3\">\n            <h6>Katrin Wedenig, MSc BSc<\/h6>\n            <p class=\"mb-0 hyphens\">\n                Katrin Wedenig arbeitet am Universit\u00e4tsklinikum Graz an der Klinischen Abteilung f\u00fcr Kinder- und Jugendchirurgie. Nebenbei ist sie selbstst\u00e4ndig in ihrer Praxis t\u00e4tig und unterrichtet an der FH JOANNEUM sowie an der Medizinischen Universit\u00e4t Graz.\n            <\/p>\n        <\/div>\n    <\/div>\n<\/a>\n          <\/div>\n                  <div class=\"col-6 col-sm-4 col-md-6 col-lg-4 col-xl-4 mb-4\">\n            <a\n    href=\"https:\/\/www.fh-joanneum.at\/physiotherapie\/bachelor\/nach-dem-studium\/absolventinnen-absolventen\/bernhard-guggenberger-msc\/\"\n    class=\"graduate-card bg-light\"\n>\n    <div class=\"border border-light h-100\">\n        <div class=\"image-wrapper\">\n            <picture>\n                        <source\n                media=\"(max-width: 473px)\"\n                srcset=\"https:\/\/cdn3.fh-joanneum.at\/media\/sites\/25\/2022\/02\/bernhard-guggenberger-bsc-msc-scaled.jpg, https:\/\/cdn3.fh-joanneum.at\/media\/sites\/25\/2022\/02\/bernhard-guggenberger-bsc-msc-768x934.jpg 2x\"\n            \/>\n                    <source\n                media=\"(max-width: 768px)\"\n                srcset=\"https:\/\/cdn3.fh-joanneum.at\/media\/sites\/25\/2022\/02\/bernhard-guggenberger-bsc-msc-768x934.jpg, https:\/\/cdn3.fh-joanneum.at\/media\/sites\/25\/2022\/02\/bernhard-guggenberger-bsc-msc-842x1024.jpg 2x\"\n            \/>\n                    <source\n                media=\"(max-width: 842px)\"\n                srcset=\"https:\/\/cdn3.fh-joanneum.at\/media\/sites\/25\/2022\/02\/bernhard-guggenberger-bsc-msc-842x1024.jpg, https:\/\/cdn3.fh-joanneum.at\/media\/sites\/25\/2022\/02\/bernhard-guggenberger-bsc-msc-1263x1536.jpg 2x\"\n            \/>\n                    <source\n                media=\"(max-width: 1263px)\"\n                srcset=\"https:\/\/cdn3.fh-joanneum.at\/media\/sites\/25\/2022\/02\/bernhard-guggenberger-bsc-msc-1263x1536.jpg, https:\/\/cdn3.fh-joanneum.at\/media\/sites\/25\/2022\/02\/bernhard-guggenberger-bsc-msc-1683x2048.jpg 2x\"\n            \/>\n                    <source\n                media=\"(max-width: 1683px)\"\n                srcset=\"https:\/\/cdn3.fh-joanneum.at\/media\/sites\/25\/2022\/02\/bernhard-guggenberger-bsc-msc-1683x2048.jpg, https:\/\/cdn3.fh-joanneum.at\/media\/sites\/25\/2022\/02\/bernhard-guggenberger-bsc-msc-scaled.jpg 2x\"\n            \/>\n                <img decoding=\"async\"\n        class=\"img-fluid\"\n        src=\"https:\/\/cdn3.fh-joanneum.at\/media\/sites\/25\/2022\/02\/bernhard-guggenberger-bsc-msc-scaled.jpg\"\n        alt=\"Bernhard Guggenberger, BSc MSc\"\n        title=\"\"\n         loading=\"lazy\"             >\n<\/picture>\n\n        <\/div>\n        <div class=\"p-2 p-xl-3\">\n            <h6>Bernhard Guggenberger, BSc MSc<\/h6>\n            <p class=\"mb-0 hyphens\">\n                Als wissenschaftlicher Mitarbeiter an der FH JOANNEUM und der MedUni Graz erforscht Bernhard Guggenberger in verschiedenen Projekten neue technologische M\u00f6glichkeiten in der Physiotherapie und biomechanische Simulationen.\n            <\/p>\n        <\/div>\n    <\/div>\n<\/a>\n          <\/div>\n                  <\/div>\n  <\/div>\n<\/div>\n\n","protected":false},"excerpt":{"rendered":"<p>Wollen Sie mehr \u00fcber die Berufs- und Karrierewege unserer Absolvent:innen erfahren? Wir haben einige unserer ehemaligen Studierenden portraitiert, damit Sie sich selbst ein Bild machen k\u00f6nnen.<\/p>\n","protected":false},"author":11,"featured_media":0,"parent":10000279,"menu_order":59,"comment_status":"closed","ping_status":"closed","template":"","meta":{"_acf_changed":false,"footnotes":""},"acf":[],"aioseo_notices":[],"_links":{"self":[{"href":"https:\/\/www.fh-joanneum.at\/physiotherapie\/bachelor\/wp-json\/wp\/v2\/pages\/10000645"}],"collection":[{"href":"https:\/\/www.fh-joanneum.at\/physiotherapie\/bachelor\/wp-json\/wp\/v2\/pages"}],"about":[{"href":"https:\/\/www.fh-joanneum.at\/physiotherapie\/bachelor\/wp-json\/wp\/v2\/types\/page"}],"author":[{"embeddable":true,"href":"https:\/\/www.fh-joanneum.at\/physiotherapie\/bachelor\/wp-json\/wp\/v2\/users\/11"}],"replies":[{"embeddable":true,"href":"https:\/\/www.fh-joanneum.at\/physiotherapie\/bachelor\/wp-json\/wp\/v2\/comments?post=10000645"}],"version-history":[{"count":0,"href":"https:\/\/www.fh-joanneum.at\/physiotherapie\/bachelor\/wp-json\/wp\/v2\/pages\/10000645\/revisions"}],"up":[{"embeddable":true,"href":"https:\/\/www.fh-joanneum.at\/physiotherapie\/bachelor\/wp-json\/wp\/v2\/pages\/10000279"}],"wp:attachment":[{"href":"https:\/\/www.fh-joanneum.at\/physiotherapie\/bachelor\/wp-json\/wp\/v2\/media?parent=10000645"}],"curies":[{"name":"wp","href":"https:\/\/api.w.org\/{rel}","templated":true}]}}