{"id":10000650,"date":"2022-02-21T15:33:19","date_gmt":"2022-02-21T13:33:19","guid":{"rendered":"https:\/\/www.fh-joanneum.at\/physiotherapie\/bachelor\/?page_id=650"},"modified":"2022-02-21T16:31:03","modified_gmt":"2022-02-21T14:31:03","slug":"katrin-wedenig-msc-bsc","status":"publish","type":"page","link":"https:\/\/www.fh-joanneum.at\/physiotherapie\/bachelor\/nach-dem-studium\/absolventinnen-absolventen\/katrin-wedenig-msc-bsc\/","title":{"rendered":"Katrin Wedenig, MSc BSc"},"content":{"rendered":"<div id=\"\" class=\"wp-block-text-content margin-bottom-normal\">\n    <div class=\"container-lg\">\n        <div class=\"row\">\n            <div class=\"col\">\n                <p><strong>Eckdaten:<\/strong><\/p>\n<p><strong>Berufsbezeichnung:<\/strong> Physiotherapeutin und Osteopathin  <br>\n<strong>Unternehmen:<\/strong> Universit&auml;tsklinikum Graz an der Klinischen Abteilung f&uuml;r Kinder- und Jugendchirurgie <br>\n<strong>Ich arbeite in:<\/strong> Graz, &Ouml;sterreich<\/p>\n<h5>Was ich mache:<\/h5>\n<p>Ich bin Physiotherapeutin und Osteopathin und betreue vor allem Fr&uuml;h- und Neugeborene sowie Kleinkinder, die einen schwierigen Start ins Leben haben. Au&szlig;erdem behandle ich Kinder mit respiratorischen Problemen rund um Operationen oder Unf&auml;llen.<\/p>\n<h5>Warum ich meinen Beruf liebe:<\/h5>\n<p>Ich liebe meinen Beruf, weil mich die Arbeit mit Kindern und S&auml;uglingen jeden Tag aufs Neue bereichert und gl&uuml;cklich macht. Es vergeht kein Tag, an dem ich mir nicht denke, was ich f&uuml;r ein Gl&uuml;ck habe, dass ich diese Arbeit machen darf.<\/p>\n<h5>Wichtige F&auml;higkeiten in meinem Beruf:<\/h5>\n<ul>\n<li>Kreativit&auml;t<\/li>\n<li>Gelassenheit<\/li>\n<li>Spontanit&auml;t<\/li>\n<li>Wissbegierde<\/li>\n<li>Emotionalit&auml;t<\/li>\n<li>Einf&uuml;hlverm&ouml;gen<\/li>\n<\/ul>\n<h5>Wie ich auf die Idee der Selbstst&auml;ndigkeit gekommen bin:<\/h5>\n<p>Nachdem ich die Osteopathie-Ausbildung startete und gemerkt habe, dass ich das Gelernte anwenden muss, habe ich mich dazu entschlossen, neben meiner Anstellung am Universit&auml;tsklinikum in die Praxis zu gehen und den Schritt in die Selbstst&auml;ndigkeit zu wagen.<\/p>\n<h5>Eigenschaften, die mir auf diesem Weg geholfen haben:<\/h5>\n<ul>\n<li>Zielstrebigkeit<\/li>\n<li>Motivation<\/li>\n<li>Unterst&uuml;tzung von Familie und Freundinnen sowie Freunden<\/li>\n<\/ul>\n<h5>Mein bisher gr&ouml;&szlig;ter Erfolg in meiner Karriere:<\/h5>\n<ul>\n<li>Publikation in der &bdquo;Deutschen Zeitschrift f&uuml;r Osteopathie&ldquo; im November 2021<\/li>\n<\/ul>\n<h5>Mein &bdquo;Big Moment&ldquo;:<\/h5>\n<ul>\n<li>Defensio der Masterthesis im September 2019 mit meiner damals zehn Wochen alten Tochter<\/li>\n<\/ul>\n<h5>So bin ich zu meinem Job gekommen:<\/h5>\n<p>Mir hat ein Freund meiner Eltern (Radiologe) geraten, dass ich einen medizinisch-technischen Beruf einschlagen soll, wenn ich Familie haben m&ouml;chte, anstatt wie urspr&uuml;nglich geplant Kinder&auml;rztin zu werden.<\/p>\n<h5>Das habe ich im Studium f&uuml;rs Berufsleben gelernt:<\/h5>\n<ul>\n<li>Akzeptanz gegen&uuml;ber anderen Meinungen, anderen Ideen<\/li>\n<\/ul>\n<h5>Ich bin &hellip;:<\/h5>\n<p>&hellip; gl&uuml;cklich mit meinem Job.<\/p>\n<h5>Ich &uuml;ber meine Arbeit<\/h5>\n<h5>Ich studierte weiter, weil &hellip;:<\/h5>\n<p>&hellip; ich das Gef&uuml;hl hatte, dass ich meinen &bdquo;Werkzeugkoffer&ldquo; noch mehr auff&uuml;llen muss f&uuml;r die Arbeit mit Neugeborenen und Kindern.<\/p>\n<h5>Was mich aktuell antreibt:<\/h5>\n<p>Aktuell treibt mich die Arbeit im Fachkarriereteam der kardiorespiratorischen Physiotherapie an, wo wir fachliche Expertise einbringen, fachliche Ansprechpartner sind, fachliche Supervision, fachliche Unterst&uuml;tzung der MTD-F&uuml;hrungskr&auml;fte und Qualit&auml;ts- und Risikomanagement anbieten. <\/p>\n<h5>Was ich anders gemacht h&auml;tte:<\/h5>\n<p>Ich h&auml;tte nach meiner Karenz mit weniger Stunden anfangen zu arbeiten sollen.<\/p>\n<h5>Ausblick:<\/h5>\n<p>Ich freue mich auf eine Zukunft mit zufriedenen Patientinnen, Patienten und Eltern sowie einer guten Work-Life-Balance!<\/p>\n\n            <\/div>\n        <\/div>\n            <\/div>\n<\/div>\n\n","protected":false},"excerpt":{"rendered":"<p>Katrin Wedenig arbeitet am Universit\u00e4tsklinikum Graz an der Klinischen Abteilung f\u00fcr Kinder- und Jugendchirurgie. Nebenbei ist sie selbstst\u00e4ndig in ihrer Praxis t\u00e4tig und unterrichtet an der FH JOANNEUM sowie an der Medizinischen Universit\u00e4t Graz.<\/p>\n","protected":false},"author":11,"featured_media":10000653,"parent":10000645,"menu_order":52,"comment_status":"closed","ping_status":"closed","template":"template-absolvent.blade.php","meta":{"_acf_changed":false,"footnotes":""},"acf":[],"aioseo_notices":[],"_links":{"self":[{"href":"https:\/\/www.fh-joanneum.at\/physiotherapie\/bachelor\/wp-json\/wp\/v2\/pages\/10000650"}],"collection":[{"href":"https:\/\/www.fh-joanneum.at\/physiotherapie\/bachelor\/wp-json\/wp\/v2\/pages"}],"about":[{"href":"https:\/\/www.fh-joanneum.at\/physiotherapie\/bachelor\/wp-json\/wp\/v2\/types\/page"}],"author":[{"embeddable":true,"href":"https:\/\/www.fh-joanneum.at\/physiotherapie\/bachelor\/wp-json\/wp\/v2\/users\/11"}],"replies":[{"embeddable":true,"href":"https:\/\/www.fh-joanneum.at\/physiotherapie\/bachelor\/wp-json\/wp\/v2\/comments?post=10000650"}],"version-history":[{"count":0,"href":"https:\/\/www.fh-joanneum.at\/physiotherapie\/bachelor\/wp-json\/wp\/v2\/pages\/10000650\/revisions"}],"up":[{"embeddable":true,"href":"https:\/\/www.fh-joanneum.at\/physiotherapie\/bachelor\/wp-json\/wp\/v2\/pages\/10000645"}],"wp:featuredmedia":[{"embeddable":true,"href":"https:\/\/www.fh-joanneum.at\/physiotherapie\/bachelor\/wp-json\/wp\/v2\/media\/10000653"}],"wp:attachment":[{"href":"https:\/\/www.fh-joanneum.at\/physiotherapie\/bachelor\/wp-json\/wp\/v2\/media?parent=10000650"}],"curies":[{"name":"wp","href":"https:\/\/api.w.org\/{rel}","templated":true}]}}