{"id":10000849,"date":"2024-09-30T12:33:53","date_gmt":"2024-09-30T10:33:53","guid":{"rendered":"https:\/\/www.fh-joanneum.at\/physiotherapie\/bachelor\/?page_id=10000849"},"modified":"2024-10-07T13:53:02","modified_gmt":"2024-10-07T11:53:02","slug":"bianca-hilweg-und-sonja-salzmann","status":"publish","type":"page","link":"https:\/\/www.fh-joanneum.at\/physiotherapie\/bachelor\/im-studium\/auslandspraktika\/bianca-hilweg-und-sonja-salzmann\/","title":{"rendered":"Bianca Hilweg, BSc und Sonja Salzmann, BSc"},"content":{"rendered":"<div\n    id=\"\"\n    class=\"wp-block-intro-text margin-bottom-normal\"\n>\n    <div class=\"container-lg\">\n        <div class=\"row\">\n            <div class=\"col\">\n                <div class=\"major-text-color fst-italic\"><p>Kambodscha ist eines der \u00e4rmsten L\u00e4nder der Welt. Im Durchschnitt verdient die Bev\u00f6lkerung nur 2,76 US-Dollar t\u00e4glich. Auch die medizinische Versorgung ist vor allem in den ruralen Gebieten des Landes kaum vorhanden. Wir, Bianca Hilweg (23) und Sonja Salzmann (21) \u2013 frische \u201ePhysiotherapie\u201c-Absolventinnen \u2013 hatten die Chance, im Angkor Hospital for Children (AHC) unser letztes Praktikum zu absolvieren und somit einen positiven Beitrag zu der medizinischen Versorgung der Einheimischen zu leisten.<\/p>\n<\/div>\n            <\/div>\n        <\/div>\n    <\/div>\n<\/div>\n\n\n<div id=\"\" class=\"wp-block-links-block margin-bottom-normal\">\n    <div class=\"container-lg\">\n        <div class=\"row\">\n            <div class=\"col-12\">\n                <div>\n                    <h4><\/h4>\n                    \n                <\/div>\n            <\/div>\n                            <div class=\"col-12\">\n                    <div class=\" border-bottom  border-top py-3\">\n                                                    <a href=\"https:\/\/www.fh-joanneum.at\/news\/zwischen-armut-und-lebensfreude-unser-praktikum-in-kambodscha\/\" target=\"_blank\" class=\"link arrow-link large-arrow major-text-color-hover text-decoration-none\" data-analytics=\"\">\n                                <div class=\"link-content w-100\">\n                                    <div class=\"d-flex align-items-center\">\n                                        <h5 class=\"w-100  mb-0 me-2 \">\n                                            Hier finden Sie den Bericht zum Nachlesen.<\/h5>\n                                        <svg width=\"9\" height=\"15\" viewbox=\"0 0 9 15\" fill=\"none\" xmlns=\"http:\/\/www.w3.org\/2000\/svg\">\n    <path id=\"chevron_right\" d=\"M1.5 1.5L7.5 7.5L1.5 13.5\" stroke=\"\" stroke-width=\"1.5\" stroke-linecap=\"round\"><\/path>\n<\/svg>                                    <\/div>\n                                    \n                                <\/div>\n                            <\/a>\n                                            <\/div>\n                <\/div>\n                    <\/div>\n    <\/div>\n<\/div>\n","protected":false},"excerpt":{"rendered":"","protected":false},"author":143,"featured_media":10000899,"parent":10000632,"menu_order":6,"comment_status":"closed","ping_status":"closed","template":"template-absolvent.blade.php","meta":{"_acf_changed":false,"footnotes":""},"acf":[],"aioseo_notices":[],"_links":{"self":[{"href":"https:\/\/www.fh-joanneum.at\/physiotherapie\/bachelor\/wp-json\/wp\/v2\/pages\/10000849"}],"collection":[{"href":"https:\/\/www.fh-joanneum.at\/physiotherapie\/bachelor\/wp-json\/wp\/v2\/pages"}],"about":[{"href":"https:\/\/www.fh-joanneum.at\/physiotherapie\/bachelor\/wp-json\/wp\/v2\/types\/page"}],"author":[{"embeddable":true,"href":"https:\/\/www.fh-joanneum.at\/physiotherapie\/bachelor\/wp-json\/wp\/v2\/users\/143"}],"replies":[{"embeddable":true,"href":"https:\/\/www.fh-joanneum.at\/physiotherapie\/bachelor\/wp-json\/wp\/v2\/comments?post=10000849"}],"version-history":[{"count":2,"href":"https:\/\/www.fh-joanneum.at\/physiotherapie\/bachelor\/wp-json\/wp\/v2\/pages\/10000849\/revisions"}],"predecessor-version":[{"id":10000856,"href":"https:\/\/www.fh-joanneum.at\/physiotherapie\/bachelor\/wp-json\/wp\/v2\/pages\/10000849\/revisions\/10000856"}],"up":[{"embeddable":true,"href":"https:\/\/www.fh-joanneum.at\/physiotherapie\/bachelor\/wp-json\/wp\/v2\/pages\/10000632"}],"wp:featuredmedia":[{"embeddable":true,"href":"https:\/\/www.fh-joanneum.at\/physiotherapie\/bachelor\/wp-json\/wp\/v2\/media\/10000899"}],"wp:attachment":[{"href":"https:\/\/www.fh-joanneum.at\/physiotherapie\/bachelor\/wp-json\/wp\/v2\/media?parent=10000849"}],"curies":[{"name":"wp","href":"https:\/\/api.w.org\/{rel}","templated":true}]}}