{"id":10000850,"date":"2024-09-30T12:35:04","date_gmt":"2024-09-30T10:35:04","guid":{"rendered":"https:\/\/www.fh-joanneum.at\/physiotherapie\/bachelor\/?page_id=10000850"},"modified":"2024-10-02T12:37:32","modified_gmt":"2024-10-02T10:37:32","slug":"sabrina-mildner-bsc-und-lea-wyss-bsc","status":"publish","type":"page","link":"https:\/\/www.fh-joanneum.at\/physiotherapie\/bachelor\/im-studium\/auslandspraktika\/sabrina-mildner-bsc-und-lea-wyss-bsc\/","title":{"rendered":"Sabrina Mildner, BSc und Lea Wyss, BSc"},"content":{"rendered":"<div\n    id=\"\"\n    class=\"wp-block-intro-text margin-bottom-normal\"\n>\n    <div class=\"container-lg\">\n        <div class=\"row\">\n            <div class=\"col\">\n                <div class=\"major-text-color fst-italic\"><p>Kambodscha ist eines der \u00e4rmsten L\u00e4nder der Welt: Weder gesundheitliche Versorgung noch die notwenige Infrastruktur sind in ausreichendem Ausma\u00df vorhanden. Trotzdem verspr\u00fchen die Bewohnerinnen und Bewohner des Landes eine Lebensfreude und Energie, die ansteckend wirkt. Wir Sabrina Mildner und Lea Wyss, frische Physiotherapie-Absolventinnen der FH JOANNEUM, durften uns von dieser Lebensfreude und Freundlichkeit der Kambodschanerinnen und Kambodschaner selbst \u00fcberzeugen und unser letztes Praktikum im Angkor Hospital for Children (AHC) in Siem Reap absolvieren.<\/p>\n<\/div>\n            <\/div>\n        <\/div>\n    <\/div>\n<\/div>\n\n\n<div id=\"\" class=\"wp-block-links-block margin-bottom-normal\">\n    <div class=\"container-lg\">\n        <div class=\"row\">\n            <div class=\"col-12\">\n                <div>\n                    <h4><\/h4>\n                    \n                <\/div>\n            <\/div>\n                            <div class=\"col-12\">\n                    <div class=\" border-bottom  border-top py-3\">\n                                                    <a href=\"https:\/\/www.fh-joanneum.at\/news\/kambodscha-lachen-ist-die-beste-medizin\/\" target=\"_blank\" class=\"link arrow-link large-arrow major-text-color-hover text-decoration-none\" data-analytics=\"\">\n                                <div class=\"link-content w-100\">\n                                    <div class=\"d-flex align-items-center\">\n                                        <h5 class=\"w-100  mb-0 me-2 \">\n                                            Hier finden Sie den Bericht zum Nachlesen.<\/h5>\n                                        <svg width=\"9\" height=\"15\" viewbox=\"0 0 9 15\" fill=\"none\" xmlns=\"http:\/\/www.w3.org\/2000\/svg\">\n    <path id=\"chevron_right\" d=\"M1.5 1.5L7.5 7.5L1.5 13.5\" stroke=\"\" stroke-width=\"1.5\" stroke-linecap=\"round\"><\/path>\n<\/svg>                                    <\/div>\n                                    \n                                <\/div>\n                            <\/a>\n                                            <\/div>\n                <\/div>\n                    <\/div>\n    <\/div>\n<\/div>\n","protected":false},"excerpt":{"rendered":"","protected":false},"author":143,"featured_media":10000858,"parent":10000632,"menu_order":10,"comment_status":"closed","ping_status":"closed","template":"template-absolvent.blade.php","meta":{"_acf_changed":false,"footnotes":""},"acf":[],"aioseo_notices":[],"_links":{"self":[{"href":"https:\/\/www.fh-joanneum.at\/physiotherapie\/bachelor\/wp-json\/wp\/v2\/pages\/10000850"}],"collection":[{"href":"https:\/\/www.fh-joanneum.at\/physiotherapie\/bachelor\/wp-json\/wp\/v2\/pages"}],"about":[{"href":"https:\/\/www.fh-joanneum.at\/physiotherapie\/bachelor\/wp-json\/wp\/v2\/types\/page"}],"author":[{"embeddable":true,"href":"https:\/\/www.fh-joanneum.at\/physiotherapie\/bachelor\/wp-json\/wp\/v2\/users\/143"}],"replies":[{"embeddable":true,"href":"https:\/\/www.fh-joanneum.at\/physiotherapie\/bachelor\/wp-json\/wp\/v2\/comments?post=10000850"}],"version-history":[{"count":1,"href":"https:\/\/www.fh-joanneum.at\/physiotherapie\/bachelor\/wp-json\/wp\/v2\/pages\/10000850\/revisions"}],"predecessor-version":[{"id":10000857,"href":"https:\/\/www.fh-joanneum.at\/physiotherapie\/bachelor\/wp-json\/wp\/v2\/pages\/10000850\/revisions\/10000857"}],"up":[{"embeddable":true,"href":"https:\/\/www.fh-joanneum.at\/physiotherapie\/bachelor\/wp-json\/wp\/v2\/pages\/10000632"}],"wp:featuredmedia":[{"embeddable":true,"href":"https:\/\/www.fh-joanneum.at\/physiotherapie\/bachelor\/wp-json\/wp\/v2\/media\/10000858"}],"wp:attachment":[{"href":"https:\/\/www.fh-joanneum.at\/physiotherapie\/bachelor\/wp-json\/wp\/v2\/media?parent=10000850"}],"curies":[{"name":"wp","href":"https:\/\/api.w.org\/{rel}","templated":true}]}}