{"id":10000329,"date":"2015-08-10T15:25:45","date_gmt":"2015-08-10T13:25:45","guid":{"rendered":"https:\/\/www.fh-joanneum.at\/advanced-electronic-engineering\/master\/?page_id=329"},"modified":"2024-06-18T14:09:11","modified_gmt":"2024-06-18T12:09:11","slug":"absolventinnen-absolventen","status":"publish","type":"page","link":"https:\/\/www.fh-joanneum.at\/power-electronic-engineering\/master\/nach-dem-studium\/absolventinnen-absolventen\/","title":{"rendered":"Absolvent:innen"},"content":{"rendered":"<div id=\"\" class=\"wp-block-text-content margin-bottom-none\">\n    <div class=\"container-lg\">\n        <div class=\"row\">\n            <div class=\"col\">\n                <div class=\"module-migration-headline\">\n<h3>Das machen unsere Absolvent:innen.<\/h3>\n<\/div>\n\n            <\/div>\n        <\/div>\n            <\/div>\n<\/div>\n\n<div id=\"\" class=\"wp-block-list-of-graduates margin-bottom-normal\">\n  <div class=\"container-lg\">\n    <div class=\"row\">\n                        <div class=\"col-6 col-sm-4 col-md-6 col-lg-4 col-xl-4 mb-4\">\n            <a\n    href=\"https:\/\/www.fh-joanneum.at\/power-electronic-engineering\/master\/nach-dem-studium\/absolventinnen-absolventen\/stefan-dierer-bsc-msc\/\"\n    class=\"graduate-card bg-light\"\n>\n    <div class=\"border border-light h-100\">\n        <div class=\"image-wrapper\">\n            <picture>\n                        <source\n                media=\"(max-width: 384px)\"\n                srcset=\"https:\/\/cdn3.fh-joanneum.at\/media\/sites\/16\/2019\/07\/stefan-dierer-msc-2.jpg, https:\/\/cdn3.fh-joanneum.at\/media\/sites\/16\/2019\/07\/stefan-dierer-msc-2-768x1152.jpg 2x\"\n            \/>\n                    <source\n                media=\"(max-width: 768px)\"\n                srcset=\"https:\/\/cdn3.fh-joanneum.at\/media\/sites\/16\/2019\/07\/stefan-dierer-msc-2-768x1152.jpg, https:\/\/cdn3.fh-joanneum.at\/media\/sites\/16\/2019\/07\/stefan-dierer-msc-2-683x1024.jpg 2x\"\n            \/>\n                    <source\n                media=\"(max-width: 683px)\"\n                srcset=\"https:\/\/cdn3.fh-joanneum.at\/media\/sites\/16\/2019\/07\/stefan-dierer-msc-2-683x1024.jpg, https:\/\/cdn3.fh-joanneum.at\/media\/sites\/16\/2019\/07\/stefan-dierer-msc-2.jpg 2x\"\n            \/>\n                    <source\n                media=\"(max-width: 1024px)\"\n                srcset=\"https:\/\/cdn3.fh-joanneum.at\/media\/sites\/16\/2019\/07\/stefan-dierer-msc-2.jpg, https:\/\/cdn3.fh-joanneum.at\/media\/sites\/16\/2019\/07\/stefan-dierer-msc-2.jpg 2x\"\n            \/>\n                    <source\n                media=\"(max-width: 1365px)\"\n                srcset=\"https:\/\/cdn3.fh-joanneum.at\/media\/sites\/16\/2019\/07\/stefan-dierer-msc-2.jpg, https:\/\/cdn3.fh-joanneum.at\/media\/sites\/16\/2019\/07\/stefan-dierer-msc-2.jpg 2x\"\n            \/>\n                <img decoding=\"async\"\n        class=\"img-fluid\"\n        src=\"https:\/\/cdn3.fh-joanneum.at\/media\/sites\/16\/2019\/07\/stefan-dierer-msc-2.jpg\"\n        alt=\"Stefan Dierer, MSc\"\n        title=\"\"\n         loading=\"lazy\"             >\n<\/picture>\n\n        <\/div>\n        <div class=\"p-2 p-xl-3\">\n            <h6>Stefan Dierer, BSc MSc<\/h6>\n            <p class=\"mb-0 hyphens\">\n                Quo vadis?&#8230; fragte sich auch Stefan Dierer einige Male in seinem Leben bis er schlie\u00dflich zu seiner wahren Passion, der Elektronik, fand. Heute forscht er an der FH JOANNEUM.\n            <\/p>\n        <\/div>\n    <\/div>\n<\/a>\n          <\/div>\n                  <div class=\"col-6 col-sm-4 col-md-6 col-lg-4 col-xl-4 mb-4\">\n            <a\n    href=\"https:\/\/www.fh-joanneum.at\/power-electronic-engineering\/master\/nach-dem-studium\/absolventinnen-absolventen\/bharat-singh\/\"\n    class=\"graduate-card bg-light\"\n>\n    <div class=\"border border-light h-100\">\n        <div class=\"image-wrapper\">\n            <picture>\n                        <source\n                media=\"(max-width: 490px)\"\n                srcset=\"https:\/\/cdn3.fh-joanneum.at\/media\/sites\/16\/2019\/10\/bharat-singh.jpg, https:\/\/cdn3.fh-joanneum.at\/media\/sites\/16\/2019\/10\/bharat-singh.jpg 2x\"\n            \/>\n                    <source\n                media=\"(max-width: 490px)\"\n                srcset=\"https:\/\/cdn3.fh-joanneum.at\/media\/sites\/16\/2019\/10\/bharat-singh.jpg, https:\/\/cdn3.fh-joanneum.at\/media\/sites\/16\/2019\/10\/bharat-singh.jpg 2x\"\n            \/>\n                    <source\n                media=\"(max-width: 490px)\"\n                srcset=\"https:\/\/cdn3.fh-joanneum.at\/media\/sites\/16\/2019\/10\/bharat-singh.jpg, https:\/\/cdn3.fh-joanneum.at\/media\/sites\/16\/2019\/10\/bharat-singh.jpg 2x\"\n            \/>\n                    <source\n                media=\"(max-width: 490px)\"\n                srcset=\"https:\/\/cdn3.fh-joanneum.at\/media\/sites\/16\/2019\/10\/bharat-singh.jpg, https:\/\/cdn3.fh-joanneum.at\/media\/sites\/16\/2019\/10\/bharat-singh.jpg 2x\"\n            \/>\n                    <source\n                media=\"(max-width: 490px)\"\n                srcset=\"https:\/\/cdn3.fh-joanneum.at\/media\/sites\/16\/2019\/10\/bharat-singh.jpg, https:\/\/cdn3.fh-joanneum.at\/media\/sites\/16\/2019\/10\/bharat-singh.jpg 2x\"\n            \/>\n                <img decoding=\"async\"\n        class=\"img-fluid\"\n        src=\"https:\/\/cdn3.fh-joanneum.at\/media\/sites\/16\/2019\/10\/bharat-singh.jpg\"\n        alt=\"Bharat Singh\"\n        title=\"\"\n         loading=\"lazy\"             >\n<\/picture>\n\n        <\/div>\n        <div class=\"p-2 p-xl-3\">\n            <h6>Bharat Singh, MSc<\/h6>\n            <p class=\"mb-0 hyphens\">\n                Loving cycles and motorcyles Bharat Singh found a job which perfectly fits &#8211; at the electric drivetrain divison of KTM.\n            <\/p>\n        <\/div>\n    <\/div>\n<\/a>\n          <\/div>\n                  <div class=\"col-6 col-sm-4 col-md-6 col-lg-4 col-xl-4 mb-4\">\n            <a\n    href=\"https:\/\/www.fh-joanneum.at\/power-electronic-engineering\/master\/nach-dem-studium\/absolventinnen-absolventen\/thomas-koeck\/\"\n    class=\"graduate-card bg-light\"\n>\n    <div class=\"border border-light h-100\">\n        <div class=\"image-wrapper\">\n            <picture>\n                        <source\n                media=\"(max-width: 576px)\"\n                srcset=\"https:\/\/cdn3.fh-joanneum.at\/media\/sites\/16\/2021\/11\/thomas-koeck-2-scaled.jpg, https:\/\/cdn3.fh-joanneum.at\/media\/sites\/16\/2021\/11\/thomas-koeck-2-768x432.jpg 2x\"\n            \/>\n                    <source\n                media=\"(max-width: 768px)\"\n                srcset=\"https:\/\/cdn3.fh-joanneum.at\/media\/sites\/16\/2021\/11\/thomas-koeck-2-768x432.jpg, https:\/\/cdn3.fh-joanneum.at\/media\/sites\/16\/2021\/11\/thomas-koeck-2-1024x575.jpg 2x\"\n            \/>\n                    <source\n                media=\"(max-width: 1024px)\"\n                srcset=\"https:\/\/cdn3.fh-joanneum.at\/media\/sites\/16\/2021\/11\/thomas-koeck-2-1024x575.jpg, https:\/\/cdn3.fh-joanneum.at\/media\/sites\/16\/2021\/11\/thomas-koeck-2-1536x863.jpg 2x\"\n            \/>\n                    <source\n                media=\"(max-width: 1536px)\"\n                srcset=\"https:\/\/cdn3.fh-joanneum.at\/media\/sites\/16\/2021\/11\/thomas-koeck-2-1536x863.jpg, https:\/\/cdn3.fh-joanneum.at\/media\/sites\/16\/2021\/11\/thomas-koeck-2-2048x1151.jpg 2x\"\n            \/>\n                    <source\n                media=\"(max-width: 2048px)\"\n                srcset=\"https:\/\/cdn3.fh-joanneum.at\/media\/sites\/16\/2021\/11\/thomas-koeck-2-2048x1151.jpg, https:\/\/cdn3.fh-joanneum.at\/media\/sites\/16\/2021\/11\/thomas-koeck-2-scaled.jpg 2x\"\n            \/>\n                <img decoding=\"async\"\n        class=\"img-fluid\"\n        src=\"https:\/\/cdn3.fh-joanneum.at\/media\/sites\/16\/2021\/11\/thomas-koeck-2-scaled.jpg\"\n        alt=\"Thomas K\u00f6ck\"\n        title=\"\"\n         loading=\"lazy\"             >\n<\/picture>\n\n        <\/div>\n        <div class=\"p-2 p-xl-3\">\n            <h6>Thomas K\u00f6ck, BSc MSc<\/h6>\n            <p class=\"mb-0 hyphens\">\n                Thomas K\u00f6ck hat sein gr\u00f6\u00dftes Ziel erreicht und forscht bei AT&amp;S unter anderem im Bereich Embedding von aktiven elektronischen Halbleitern.   \n            <\/p>\n        <\/div>\n    <\/div>\n<\/a>\n          <\/div>\n                  <div class=\"col-6 col-sm-4 col-md-6 col-lg-4 col-xl-4 mb-4\">\n            <a\n    href=\"https:\/\/www.fh-joanneum.at\/power-electronic-engineering\/master\/nach-dem-studium\/absolventinnen-absolventen\/fred-georg-nunziata\/\"\n    class=\"graduate-card bg-light\"\n>\n    <div class=\"border border-light h-100\">\n        <div class=\"image-wrapper\">\n            <picture>\n                        <source\n                media=\"(max-width: 576px)\"\n                srcset=\"https:\/\/cdn3.fh-joanneum.at\/media\/sites\/16\/2019\/07\/dott-fred-georg-nunziata-msc.jpg, https:\/\/cdn3.fh-joanneum.at\/media\/sites\/16\/2019\/07\/dott-fred-georg-nunziata-msc-768x512.jpg 2x\"\n            \/>\n                    <source\n                media=\"(max-width: 768px)\"\n                srcset=\"https:\/\/cdn3.fh-joanneum.at\/media\/sites\/16\/2019\/07\/dott-fred-georg-nunziata-msc-768x512.jpg, https:\/\/cdn3.fh-joanneum.at\/media\/sites\/16\/2019\/07\/dott-fred-georg-nunziata-msc-1024x683.jpg 2x\"\n            \/>\n                    <source\n                media=\"(max-width: 1024px)\"\n                srcset=\"https:\/\/cdn3.fh-joanneum.at\/media\/sites\/16\/2019\/07\/dott-fred-georg-nunziata-msc-1024x683.jpg, https:\/\/cdn3.fh-joanneum.at\/media\/sites\/16\/2019\/07\/dott-fred-georg-nunziata-msc.jpg 2x\"\n            \/>\n                    <source\n                media=\"(max-width: 1536px)\"\n                srcset=\"https:\/\/cdn3.fh-joanneum.at\/media\/sites\/16\/2019\/07\/dott-fred-georg-nunziata-msc.jpg, https:\/\/cdn3.fh-joanneum.at\/media\/sites\/16\/2019\/07\/dott-fred-georg-nunziata-msc.jpg 2x\"\n            \/>\n                    <source\n                media=\"(max-width: 2048px)\"\n                srcset=\"https:\/\/cdn3.fh-joanneum.at\/media\/sites\/16\/2019\/07\/dott-fred-georg-nunziata-msc.jpg, https:\/\/cdn3.fh-joanneum.at\/media\/sites\/16\/2019\/07\/dott-fred-georg-nunziata-msc.jpg 2x\"\n            \/>\n                <img decoding=\"async\"\n        class=\"img-fluid\"\n        src=\"https:\/\/cdn3.fh-joanneum.at\/media\/sites\/16\/2019\/07\/dott-fred-georg-nunziata-msc.jpg\"\n        alt=\"Dott. Fred Georg Nunziata, MSc\"\n        title=\"\"\n         loading=\"lazy\"             >\n<\/picture>\n\n        <\/div>\n        <div class=\"p-2 p-xl-3\">\n            <h6>Dott. Fred Georg Nunziata, MSc<\/h6>\n            <p class=\"mb-0 hyphens\">\n                Fred Georg Nunziata entwickelt, testet und verifiziert Kommunikationsger\u00e4te zur sicheren Daten\u00fcbertragung bei NXP Semiconductors. \n            <\/p>\n        <\/div>\n    <\/div>\n<\/a>\n          <\/div>\n                  <div class=\"col-6 col-sm-4 col-md-6 col-lg-4 col-xl-4 mb-4\">\n            <a\n    href=\"https:\/\/www.fh-joanneum.at\/power-electronic-engineering\/master\/nach-dem-studium\/absolventinnen-absolventen\/richard-sbuell\/\"\n    class=\"graduate-card bg-light\"\n>\n    <div class=\"border border-light h-100\">\n        <div class=\"image-wrapper\">\n            <picture>\n                        <source\n                media=\"(max-width: 384px)\"\n                srcset=\"https:\/\/cdn3.fh-joanneum.at\/media\/sites\/16\/2018\/04\/richard-sbuell.jpg, https:\/\/cdn3.fh-joanneum.at\/media\/sites\/16\/2018\/04\/richard-sbuell-768x1152.jpg 2x\"\n            \/>\n                    <source\n                media=\"(max-width: 768px)\"\n                srcset=\"https:\/\/cdn3.fh-joanneum.at\/media\/sites\/16\/2018\/04\/richard-sbuell-768x1152.jpg, https:\/\/cdn3.fh-joanneum.at\/media\/sites\/16\/2018\/04\/richard-sbuell-683x1024.jpg 2x\"\n            \/>\n                    <source\n                media=\"(max-width: 683px)\"\n                srcset=\"https:\/\/cdn3.fh-joanneum.at\/media\/sites\/16\/2018\/04\/richard-sbuell-683x1024.jpg, https:\/\/cdn3.fh-joanneum.at\/media\/sites\/16\/2018\/04\/richard-sbuell.jpg 2x\"\n            \/>\n                    <source\n                media=\"(max-width: 1024px)\"\n                srcset=\"https:\/\/cdn3.fh-joanneum.at\/media\/sites\/16\/2018\/04\/richard-sbuell.jpg, https:\/\/cdn3.fh-joanneum.at\/media\/sites\/16\/2018\/04\/richard-sbuell.jpg 2x\"\n            \/>\n                    <source\n                media=\"(max-width: 1365px)\"\n                srcset=\"https:\/\/cdn3.fh-joanneum.at\/media\/sites\/16\/2018\/04\/richard-sbuell.jpg, https:\/\/cdn3.fh-joanneum.at\/media\/sites\/16\/2018\/04\/richard-sbuell.jpg 2x\"\n            \/>\n                <img decoding=\"async\"\n        class=\"img-fluid\"\n        src=\"https:\/\/cdn3.fh-joanneum.at\/media\/sites\/16\/2018\/04\/richard-sbuell.jpg\"\n        alt=\"Richard Sb\u00fcll\"\n        title=\"\"\n         loading=\"lazy\"             >\n<\/picture>\n\n        <\/div>\n        <div class=\"p-2 p-xl-3\">\n            <h6>Richard Sb\u00fcll<\/h6>\n            <p class=\"mb-0 hyphens\">\n                Komplexe Elektronik, Kreativit\u00e4t und viel Liebe zum Detail inspirierten Richard Sb\u00fcll nach Abschluss des Studiums an der FH JOANNEUM dazu, ein eigenes Unternehmen zu gr\u00fcnden.\n            <\/p>\n        <\/div>\n    <\/div>\n<\/a>\n          <\/div>\n                  <div class=\"col-6 col-sm-4 col-md-6 col-lg-4 col-xl-4 mb-4\">\n            <a\n    href=\"https:\/\/www.fh-joanneum.at\/power-electronic-engineering\/master\/nach-dem-studium\/absolventinnen-absolventen\/herwig-fartek\/\"\n    class=\"graduate-card bg-light\"\n>\n    <div class=\"border border-light h-100\">\n        <div class=\"image-wrapper\">\n            <picture>\n                        <source\n                media=\"(max-width: 383px)\"\n                srcset=\"https:\/\/cdn3.fh-joanneum.at\/media\/sites\/16\/2017\/07\/herwig-fartek.jpg, https:\/\/cdn3.fh-joanneum.at\/media\/sites\/16\/2017\/07\/herwig-fartek-768x1156.jpg 2x\"\n            \/>\n                    <source\n                media=\"(max-width: 768px)\"\n                srcset=\"https:\/\/cdn3.fh-joanneum.at\/media\/sites\/16\/2017\/07\/herwig-fartek-768x1156.jpg, https:\/\/cdn3.fh-joanneum.at\/media\/sites\/16\/2017\/07\/herwig-fartek-680x1024.jpg 2x\"\n            \/>\n                    <source\n                media=\"(max-width: 680px)\"\n                srcset=\"https:\/\/cdn3.fh-joanneum.at\/media\/sites\/16\/2017\/07\/herwig-fartek-680x1024.jpg, https:\/\/cdn3.fh-joanneum.at\/media\/sites\/16\/2017\/07\/herwig-fartek.jpg 2x\"\n            \/>\n                    <source\n                media=\"(max-width: 1020px)\"\n                srcset=\"https:\/\/cdn3.fh-joanneum.at\/media\/sites\/16\/2017\/07\/herwig-fartek.jpg, https:\/\/cdn3.fh-joanneum.at\/media\/sites\/16\/2017\/07\/herwig-fartek.jpg 2x\"\n            \/>\n                    <source\n                media=\"(max-width: 1360px)\"\n                srcset=\"https:\/\/cdn3.fh-joanneum.at\/media\/sites\/16\/2017\/07\/herwig-fartek.jpg, https:\/\/cdn3.fh-joanneum.at\/media\/sites\/16\/2017\/07\/herwig-fartek.jpg 2x\"\n            \/>\n                <img decoding=\"async\"\n        class=\"img-fluid\"\n        src=\"https:\/\/cdn3.fh-joanneum.at\/media\/sites\/16\/2017\/07\/herwig-fartek.jpg\"\n        alt=\"Herwig Fartek\"\n        title=\"\"\n         loading=\"lazy\"             >\n<\/picture>\n\n        <\/div>\n        <div class=\"p-2 p-xl-3\">\n            <h6>Herwig Fartek BSc, MSc<\/h6>\n            <p class=\"mb-0 hyphens\">\n                Herwig Fartek ist f\u00fcr Projektcontrolling, Akquise und technische L\u00f6sungen bei Spath MicroElectronicDesign GmbH verantwortlich.\n            <\/p>\n        <\/div>\n    <\/div>\n<\/a>\n          <\/div>\n                  <div class=\"col-6 col-sm-4 col-md-6 col-lg-4 col-xl-4 mb-4\">\n            <a\n    href=\"https:\/\/www.fh-joanneum.at\/power-electronic-engineering\/master\/nach-dem-studium\/absolventinnen-absolventen\/manuela-midl-2\/\"\n    class=\"graduate-card bg-light\"\n>\n    <div class=\"border border-light h-100\">\n        <div class=\"image-wrapper\">\n            <picture>\n                        <source\n                media=\"(max-width: 576px)\"\n                srcset=\"https:\/\/cdn3.fh-joanneum.at\/media\/sites\/16\/2017\/11\/manuela-midl-3.jpg, https:\/\/cdn3.fh-joanneum.at\/media\/sites\/16\/2017\/11\/manuela-midl-3-768x576.jpg 2x\"\n            \/>\n                    <source\n                media=\"(max-width: 768px)\"\n                srcset=\"https:\/\/cdn3.fh-joanneum.at\/media\/sites\/16\/2017\/11\/manuela-midl-3-768x576.jpg, https:\/\/cdn3.fh-joanneum.at\/media\/sites\/16\/2017\/11\/manuela-midl-3-1024x768.jpg 2x\"\n            \/>\n                    <source\n                media=\"(max-width: 1024px)\"\n                srcset=\"https:\/\/cdn3.fh-joanneum.at\/media\/sites\/16\/2017\/11\/manuela-midl-3-1024x768.jpg, https:\/\/cdn3.fh-joanneum.at\/media\/sites\/16\/2017\/11\/manuela-midl-3.jpg 2x\"\n            \/>\n                    <source\n                media=\"(max-width: 1536px)\"\n                srcset=\"https:\/\/cdn3.fh-joanneum.at\/media\/sites\/16\/2017\/11\/manuela-midl-3.jpg, https:\/\/cdn3.fh-joanneum.at\/media\/sites\/16\/2017\/11\/manuela-midl-3.jpg 2x\"\n            \/>\n                    <source\n                media=\"(max-width: 2048px)\"\n                srcset=\"https:\/\/cdn3.fh-joanneum.at\/media\/sites\/16\/2017\/11\/manuela-midl-3.jpg, https:\/\/cdn3.fh-joanneum.at\/media\/sites\/16\/2017\/11\/manuela-midl-3.jpg 2x\"\n            \/>\n                <img decoding=\"async\"\n        class=\"img-fluid\"\n        src=\"https:\/\/cdn3.fh-joanneum.at\/media\/sites\/16\/2017\/11\/manuela-midl-3.jpg\"\n        alt=\"Manuela Midl 2\"\n        title=\"\"\n         loading=\"lazy\"             >\n<\/picture>\n\n        <\/div>\n        <div class=\"p-2 p-xl-3\">\n            <h6>Manuela Midl<\/h6>\n            <p class=\"mb-0 hyphens\">\n                Von Kapfenberg \u00fcber M\u00fcnchen ins Silicon Valley \u2013 Manuela Midl lebt den Traum vieler Studierender.\n            <\/p>\n        <\/div>\n    <\/div>\n<\/a>\n          <\/div>\n                  <\/div>\n  <\/div>\n<\/div>\n\n","protected":false},"excerpt":{"rendered":"<p>Wir haben einige unserer ehemaligen Studierenden portraitiert. So k\u00f6nnen Sie sich selbst ein Bild \u00fcber die Berufs- und Karrierem\u00f6glichkeiten machen.<\/p>\n","protected":false},"author":10,"featured_media":0,"parent":10000921,"menu_order":25,"comment_status":"closed","ping_status":"closed","template":"","meta":{"_acf_changed":false,"footnotes":""},"acf":[],"aioseo_notices":[],"_links":{"self":[{"href":"https:\/\/www.fh-joanneum.at\/power-electronic-engineering\/master\/wp-json\/wp\/v2\/pages\/10000329"}],"collection":[{"href":"https:\/\/www.fh-joanneum.at\/power-electronic-engineering\/master\/wp-json\/wp\/v2\/pages"}],"about":[{"href":"https:\/\/www.fh-joanneum.at\/power-electronic-engineering\/master\/wp-json\/wp\/v2\/types\/page"}],"author":[{"embeddable":true,"href":"https:\/\/www.fh-joanneum.at\/power-electronic-engineering\/master\/wp-json\/wp\/v2\/users\/10"}],"replies":[{"embeddable":true,"href":"https:\/\/www.fh-joanneum.at\/power-electronic-engineering\/master\/wp-json\/wp\/v2\/comments?post=10000329"}],"version-history":[{"count":1,"href":"https:\/\/www.fh-joanneum.at\/power-electronic-engineering\/master\/wp-json\/wp\/v2\/pages\/10000329\/revisions"}],"predecessor-version":[{"id":10000942,"href":"https:\/\/www.fh-joanneum.at\/power-electronic-engineering\/master\/wp-json\/wp\/v2\/pages\/10000329\/revisions\/10000942"}],"up":[{"embeddable":true,"href":"https:\/\/www.fh-joanneum.at\/power-electronic-engineering\/master\/wp-json\/wp\/v2\/pages\/10000921"}],"wp:attachment":[{"href":"https:\/\/www.fh-joanneum.at\/power-electronic-engineering\/master\/wp-json\/wp\/v2\/media?parent=10000329"}],"curies":[{"name":"wp","href":"https:\/\/api.w.org\/{rel}","templated":true}]}}