{"id":10000546,"date":"2018-04-18T10:37:54","date_gmt":"2018-04-18T08:37:54","guid":{"rendered":"https:\/\/www.fh-joanneum.at\/electronics-and-computer-engineering\/master\/?page_id=546"},"modified":"2022-03-24T08:51:39","modified_gmt":"2022-03-24T06:51:39","slug":"richard-sbuell","status":"publish","type":"page","link":"https:\/\/www.fh-joanneum.at\/power-electronic-engineering\/master\/nach-dem-studium\/absolventinnen-absolventen\/richard-sbuell\/","title":{"rendered":"Richard Sb\u00fcll"},"content":{"rendered":"<div id=\"\" class=\"wp-block-text-content margin-bottom-normal\">\n    <div class=\"container-lg\">\n        <div class=\"row\">\n            <div class=\"col\">\n                <h4>Eckdaten<\/h4>\n<p><strong>Jobbezeichnung:<\/strong> CEO<\/p>\n<p><strong>Unternehmen:<\/strong> Supersonic, Wien.   <br>\nIch habe das Unternehmen 2015 gegr&uuml;ndet.<\/p>\n<p><strong>Mein Kontakt:<\/strong> <a href=\"mailto:info@supersonic.at\">info@supersonic.at<\/a><\/p>\n<p><strong>Meine Social URLs:<\/strong><\/p>\n<p><a href=\"http:\/\/www.facebook.com\/vienna.supersonic\" target=\"_blank\" rel=\"noopener noreferrer\">Facebook<\/a>   <br>\n<a href=\"http:\/\/www.instagram.com\/supersonic_vienna\" target=\"_blank\" rel=\"noopener noreferrer\">Instagramm<\/a> <br>\n<a href=\"http:\/\/www.supersonic.at\" target=\"_blank\" rel=\"noopener noreferrer\">www.supersonic.at<\/a><\/p>\n<h4>Was ich mache<\/h4>\n<ul>\n<li>Entwicklung, Produktion und Vertrieb von High-End-Hi-Fi-Ger&auml;ten<\/li>\n<li>Restauration, Reparatur und Re-Interpretation von klassischen R&ouml;hrenradioger&auml;ten<\/li>\n<li>Embedded Elektronik &amp; ASIC Design<\/li>\n<\/ul>\n<h4>Warum ich meinen Job liebe<\/h4>\n<ul>\n<li>Musik und Elektronik haben mich schon als Kind begeistert. Beides kann ich im meinem Job verkn&uuml;pfen.<\/li>\n<li>Wundersch&ouml;ne Ger&auml;te f&uuml;r die Nachwelt zu erhalten und damit anderen Menschen eine Freude bereiten, spornt mich an.<\/li>\n<li>Die pers&ouml;nliche Freiheit des Unternehmers und der Kontakt zum Kunden<\/li>\n<\/ul>\n<h4>Was ich an meinem Job nicht so mag<\/h4>\n<ul>\n<li>Als Selbstst&auml;ndiger k&ouml;nnte man 24 Stunden am Tag arbeiten. Sich selbst Grenzen zu setzen und auf seine Gesundheit zu achten, ist nicht immer leicht.<\/li>\n<\/ul>\n<h4>Wichtige F&auml;higkeiten in meinem Job<\/h4>\n<ul>\n<li>Leidenschaft und damit einhergehende technische Skills<\/li>\n<li>Konsequenz und Durchhalteverm&ouml;gen<\/li>\n<li>Kommunikationsfreudigkeit<\/li>\n<\/ul>\n<h4>Mein bisher gr&ouml;&szlig;ter Erfolg \/ mein tollstes Erlebnis<\/h4>\n<p>Aufgaben anzugehen, von denen ich am Anfang nicht wusste, ob ich sie &uuml;berhaupt umsetzen kann, wie beispielsweise die extrem aufwendige Restaurierung eines Tonm&ouml;bels aus den 50er Jahren, sind eine sehr gro&szlig;e Herausforderung. Wenn ich am Ende des Prozesses vor einem Ger&auml;t stehe, wei&szlig; ich: Das gibt es so nur einmal auf der Welt und es gibt keine andere Firma, die diese M&ouml;bel in &auml;hnlicher Qualit&auml;t entwickelt. Das ist ein tolles Gef&uuml;hl.<\/p>\n<h4>Wie ich diesen Job bekommen habe<\/h4>\n<p>Ich wollte nicht mehr den ganzen Tag vor dem Computer sitzen und habe mir damals auch aus gesundheitlichen Gr&uuml;nden eine Auszeit nehmen m&uuml;ssen. In der Zeit habe ich einfach das gemacht, was mir Freude bereitet hat und daraus ist Supersonic entstanden.<\/p>\n<h4>Was ich im Studium f&uuml;r den Job gelernt habe<\/h4>\n<p>Vor allem technische Skills. Mein FH-Diplomstudium ist die Basis daf&uuml;r, dass man im Bereich komplexer Elektronik &uuml;berhaupt etwas Sinnvolles tun kann. Ein Studium ist hier auf jedem Fall erforderlich.<\/p>\n<h4>Die Jobchancen in meinem Bereich<\/h4>\n<p>Hier spielt zum einen sicher die pers&ouml;nliche Begeisterung f&uuml;r eine Sache mit. Das alleine reicht jedoch nicht, um ein erfolgreiches Unternehmen zu gr&uuml;nden. Da spielt auch Gl&uuml;ck, also zur richtigen Zeit am richtigen Ort zu sein und das Richtige zu tun, eine Rolle.<\/p>\n\n            <\/div>\n        <\/div>\n            <\/div>\n<\/div>\n\n<div\n    id=\"\"\n    class=\"wp-block-image-slider margin-bottom-normal\"\n>\n    <div class=\"container-lg\">\n        <div class=\"row\">\n            <div class=\"col-12\">\n                <div class=\"swiper-outer-wrapper\">\n                    <div class=\"image-header\">\n                        <div class=\"swiper-navigation\">\n                            <div class=\"swiper-button-prev-custom\">\n                                <svg xmlns=\"http:\/\/www.w3.org\/2000\/svg\" width=\"9\" height=\"14\" viewBox=\"0 0 9 14\" fill=\"none\">\n  <path d=\"M8 13L2 7L8 1\" stroke=\"\" stroke-width=\"1.5\" stroke-linecap=\"round\"\/>\n<\/svg>                            <\/div>\n                            <div class=\"swiper-button-next-custom\">\n                                <svg xmlns=\"http:\/\/www.w3.org\/2000\/svg\" width=\"9\" height=\"14\" viewBox=\"0 0 9 14\" fill=\"none\">\n  <path d=\"M1 1L7 7L1 13\" stroke=\"\" stroke-width=\"1.5\" stroke-linecap=\"round\"\/>\n<\/svg>                            <\/div>\n                        <\/div>\n                    <\/div>\n                    <div class=\"swiper image-slider-swiper\">\n                        <div class=\"swiper-wrapper\">\n                                                                                                <div class=\"swiper-slide item\">\n                                        <picture>\n                        <source\n                media=\"(max-width: 576px)\"\n                srcset=\"https:\/\/cdn3.fh-joanneum.at\/media\/sites\/16\/2018\/04\/richard-sbuell-6.jpg, https:\/\/cdn3.fh-joanneum.at\/media\/sites\/16\/2018\/04\/richard-sbuell-6-768x768.jpg 2x\"\n            \/>\n                    <source\n                media=\"(max-width: 768px)\"\n                srcset=\"https:\/\/cdn3.fh-joanneum.at\/media\/sites\/16\/2018\/04\/richard-sbuell-6-768x768.jpg, https:\/\/cdn3.fh-joanneum.at\/media\/sites\/16\/2018\/04\/richard-sbuell-6-1024x1024.jpg 2x\"\n            \/>\n                    <source\n                media=\"(max-width: 1024px)\"\n                srcset=\"https:\/\/cdn3.fh-joanneum.at\/media\/sites\/16\/2018\/04\/richard-sbuell-6-1024x1024.jpg, https:\/\/cdn3.fh-joanneum.at\/media\/sites\/16\/2018\/04\/richard-sbuell-6.jpg 2x\"\n            \/>\n                    <source\n                media=\"(max-width: 1536px)\"\n                srcset=\"https:\/\/cdn3.fh-joanneum.at\/media\/sites\/16\/2018\/04\/richard-sbuell-6.jpg, https:\/\/cdn3.fh-joanneum.at\/media\/sites\/16\/2018\/04\/richard-sbuell-6.jpg 2x\"\n            \/>\n                    <source\n                media=\"(max-width: 2048px)\"\n                srcset=\"https:\/\/cdn3.fh-joanneum.at\/media\/sites\/16\/2018\/04\/richard-sbuell-6.jpg, https:\/\/cdn3.fh-joanneum.at\/media\/sites\/16\/2018\/04\/richard-sbuell-6.jpg 2x\"\n            \/>\n                <img decoding=\"async\"\n        class=\"img-fluid\"\n        src=\"https:\/\/cdn3.fh-joanneum.at\/media\/sites\/16\/2018\/04\/richard-sbuell-6.jpg\"\n        alt=\"Richard Sb\u00fcll 5\"\n        title=\"\"\n         loading=\"lazy\"             >\n<\/picture>\n\n                                                                                    <p class=\"text-muted mt-2\">Minerva<\/p>\n                                                                            <\/div>\n                                                                    <div class=\"swiper-slide item\">\n                                        <picture>\n                        <source\n                media=\"(max-width: 576px)\"\n                srcset=\"https:\/\/cdn3.fh-joanneum.at\/media\/sites\/16\/2018\/04\/richard-sbuell-5.jpg, https:\/\/cdn3.fh-joanneum.at\/media\/sites\/16\/2018\/04\/richard-sbuell-5-768x576.jpg 2x\"\n            \/>\n                    <source\n                media=\"(max-width: 768px)\"\n                srcset=\"https:\/\/cdn3.fh-joanneum.at\/media\/sites\/16\/2018\/04\/richard-sbuell-5-768x576.jpg, https:\/\/cdn3.fh-joanneum.at\/media\/sites\/16\/2018\/04\/richard-sbuell-5-1024x768.jpg 2x\"\n            \/>\n                    <source\n                media=\"(max-width: 1024px)\"\n                srcset=\"https:\/\/cdn3.fh-joanneum.at\/media\/sites\/16\/2018\/04\/richard-sbuell-5-1024x768.jpg, https:\/\/cdn3.fh-joanneum.at\/media\/sites\/16\/2018\/04\/richard-sbuell-5.jpg 2x\"\n            \/>\n                    <source\n                media=\"(max-width: 1536px)\"\n                srcset=\"https:\/\/cdn3.fh-joanneum.at\/media\/sites\/16\/2018\/04\/richard-sbuell-5.jpg, https:\/\/cdn3.fh-joanneum.at\/media\/sites\/16\/2018\/04\/richard-sbuell-5.jpg 2x\"\n            \/>\n                    <source\n                media=\"(max-width: 2048px)\"\n                srcset=\"https:\/\/cdn3.fh-joanneum.at\/media\/sites\/16\/2018\/04\/richard-sbuell-5.jpg, https:\/\/cdn3.fh-joanneum.at\/media\/sites\/16\/2018\/04\/richard-sbuell-5.jpg 2x\"\n            \/>\n                <img decoding=\"async\"\n        class=\"img-fluid\"\n        src=\"https:\/\/cdn3.fh-joanneum.at\/media\/sites\/16\/2018\/04\/richard-sbuell-5.jpg\"\n        alt=\"Richard Sb\u00fcll 4\"\n        title=\"\"\n         loading=\"lazy\"             >\n<\/picture>\n\n                                                                                    <p class=\"text-muted mt-2\">Copyright: stefanjoham.com<\/p>\n                                                                            <\/div>\n                                                                    <div class=\"swiper-slide item\">\n                                        <picture>\n                        <source\n                media=\"(max-width: 576px)\"\n                srcset=\"https:\/\/cdn3.fh-joanneum.at\/media\/sites\/16\/2018\/04\/richard-sbuell-4.jpg, https:\/\/cdn3.fh-joanneum.at\/media\/sites\/16\/2018\/04\/richard-sbuell-4-768x506.jpg 2x\"\n            \/>\n                    <source\n                media=\"(max-width: 768px)\"\n                srcset=\"https:\/\/cdn3.fh-joanneum.at\/media\/sites\/16\/2018\/04\/richard-sbuell-4-768x506.jpg, https:\/\/cdn3.fh-joanneum.at\/media\/sites\/16\/2018\/04\/richard-sbuell-4.jpg 2x\"\n            \/>\n                    <source\n                media=\"(max-width: 1000px)\"\n                srcset=\"https:\/\/cdn3.fh-joanneum.at\/media\/sites\/16\/2018\/04\/richard-sbuell-4.jpg, https:\/\/cdn3.fh-joanneum.at\/media\/sites\/16\/2018\/04\/richard-sbuell-4.jpg 2x\"\n            \/>\n                    <source\n                media=\"(max-width: 1000px)\"\n                srcset=\"https:\/\/cdn3.fh-joanneum.at\/media\/sites\/16\/2018\/04\/richard-sbuell-4.jpg, https:\/\/cdn3.fh-joanneum.at\/media\/sites\/16\/2018\/04\/richard-sbuell-4.jpg 2x\"\n            \/>\n                    <source\n                media=\"(max-width: 1000px)\"\n                srcset=\"https:\/\/cdn3.fh-joanneum.at\/media\/sites\/16\/2018\/04\/richard-sbuell-4.jpg, https:\/\/cdn3.fh-joanneum.at\/media\/sites\/16\/2018\/04\/richard-sbuell-4.jpg 2x\"\n            \/>\n                <img decoding=\"async\"\n        class=\"img-fluid\"\n        src=\"https:\/\/cdn3.fh-joanneum.at\/media\/sites\/16\/2018\/04\/richard-sbuell-4.jpg\"\n        alt=\"Richard Sb\u00fcll 3\"\n        title=\"\"\n         loading=\"lazy\"             >\n<\/picture>\n\n                                                                            <\/div>\n                                                                    <div class=\"swiper-slide item\">\n                                        <picture>\n                        <source\n                media=\"(max-width: 576px)\"\n                srcset=\"https:\/\/cdn3.fh-joanneum.at\/media\/sites\/16\/2018\/04\/richard-sbuell-3.jpg, https:\/\/cdn3.fh-joanneum.at\/media\/sites\/16\/2018\/04\/richard-sbuell-3-768x576.jpg 2x\"\n            \/>\n                    <source\n                media=\"(max-width: 768px)\"\n                srcset=\"https:\/\/cdn3.fh-joanneum.at\/media\/sites\/16\/2018\/04\/richard-sbuell-3-768x576.jpg, https:\/\/cdn3.fh-joanneum.at\/media\/sites\/16\/2018\/04\/richard-sbuell-3-1024x768.jpg 2x\"\n            \/>\n                    <source\n                media=\"(max-width: 1024px)\"\n                srcset=\"https:\/\/cdn3.fh-joanneum.at\/media\/sites\/16\/2018\/04\/richard-sbuell-3-1024x768.jpg, https:\/\/cdn3.fh-joanneum.at\/media\/sites\/16\/2018\/04\/richard-sbuell-3.jpg 2x\"\n            \/>\n                    <source\n                media=\"(max-width: 1536px)\"\n                srcset=\"https:\/\/cdn3.fh-joanneum.at\/media\/sites\/16\/2018\/04\/richard-sbuell-3.jpg, https:\/\/cdn3.fh-joanneum.at\/media\/sites\/16\/2018\/04\/richard-sbuell-3.jpg 2x\"\n            \/>\n                    <source\n                media=\"(max-width: 2048px)\"\n                srcset=\"https:\/\/cdn3.fh-joanneum.at\/media\/sites\/16\/2018\/04\/richard-sbuell-3.jpg, https:\/\/cdn3.fh-joanneum.at\/media\/sites\/16\/2018\/04\/richard-sbuell-3.jpg 2x\"\n            \/>\n                <img decoding=\"async\"\n        class=\"img-fluid\"\n        src=\"https:\/\/cdn3.fh-joanneum.at\/media\/sites\/16\/2018\/04\/richard-sbuell-3.jpg\"\n        alt=\"Richard Sb\u00fcll 2\"\n        title=\"\"\n         loading=\"lazy\"             >\n<\/picture>\n\n                                                                            <\/div>\n                                                                    <div class=\"swiper-slide item\">\n                                        <picture>\n                        <source\n                media=\"(max-width: 576px)\"\n                srcset=\"https:\/\/cdn3.fh-joanneum.at\/media\/sites\/16\/2018\/04\/richard-sbuell-2.jpg, https:\/\/cdn3.fh-joanneum.at\/media\/sites\/16\/2018\/04\/richard-sbuell-2-768x408.jpg 2x\"\n            \/>\n                    <source\n                media=\"(max-width: 768px)\"\n                srcset=\"https:\/\/cdn3.fh-joanneum.at\/media\/sites\/16\/2018\/04\/richard-sbuell-2-768x408.jpg, https:\/\/cdn3.fh-joanneum.at\/media\/sites\/16\/2018\/04\/richard-sbuell-2-1024x544.jpg 2x\"\n            \/>\n                    <source\n                media=\"(max-width: 1024px)\"\n                srcset=\"https:\/\/cdn3.fh-joanneum.at\/media\/sites\/16\/2018\/04\/richard-sbuell-2-1024x544.jpg, https:\/\/cdn3.fh-joanneum.at\/media\/sites\/16\/2018\/04\/richard-sbuell-2.jpg 2x\"\n            \/>\n                    <source\n                media=\"(max-width: 1536px)\"\n                srcset=\"https:\/\/cdn3.fh-joanneum.at\/media\/sites\/16\/2018\/04\/richard-sbuell-2.jpg, https:\/\/cdn3.fh-joanneum.at\/media\/sites\/16\/2018\/04\/richard-sbuell-2.jpg 2x\"\n            \/>\n                    <source\n                media=\"(max-width: 2048px)\"\n                srcset=\"https:\/\/cdn3.fh-joanneum.at\/media\/sites\/16\/2018\/04\/richard-sbuell-2.jpg, https:\/\/cdn3.fh-joanneum.at\/media\/sites\/16\/2018\/04\/richard-sbuell-2.jpg 2x\"\n            \/>\n                <img decoding=\"async\"\n        class=\"img-fluid\"\n        src=\"https:\/\/cdn3.fh-joanneum.at\/media\/sites\/16\/2018\/04\/richard-sbuell-2.jpg\"\n        alt=\"Richard Sb\u00fcll 1\"\n        title=\"\"\n         loading=\"lazy\"             >\n<\/picture>\n\n                                                                            <\/div>\n                                                                                    <\/div>\n                    <\/div>\n\n                    <div class=\"swiper-navigation-pagination\">\n                        <div class=\"swiper-button-prev-custom\">\n                            <svg xmlns=\"http:\/\/www.w3.org\/2000\/svg\" width=\"9\" height=\"14\" viewBox=\"0 0 9 14\" fill=\"none\">\n  <path d=\"M8 13L2 7L8 1\" stroke=\"\" stroke-width=\"1.5\" stroke-linecap=\"round\"\/>\n<\/svg>                        <\/div>\n                        <div class=\"swiper-pagination\"><\/div>\n                        <div class=\"swiper-button-next-custom\">\n                            <svg xmlns=\"http:\/\/www.w3.org\/2000\/svg\" width=\"9\" height=\"14\" viewBox=\"0 0 9 14\" fill=\"none\">\n  <path d=\"M1 1L7 7L1 13\" stroke=\"\" stroke-width=\"1.5\" stroke-linecap=\"round\"\/>\n<\/svg>                        <\/div>\n                    <\/div>\n                <\/div>\n            <\/div>\n        <\/div>\n    <\/div>\n<\/div>\n\n<div id=\"\" class=\"wp-block-text-content margin-bottom-normal\">\n    <div class=\"container-lg\">\n        <div class=\"row\">\n            <div class=\"col\">\n                <h4>Ich bin<\/h4>\n<ul>\n<li>begeisterungsf&auml;hig<\/li>\n<li>kreativ<\/li>\n<li>konsequent<\/li>\n<\/ul>\n<h4>Ich &uuml;ber meinen Job<\/h4>\n<p>Ich werde Supersonic in den n&auml;chsten Jahren weiterentwickeln, neue Produkte auf den Markt bringen und letztendlich ist es mein Ziel, dass Supersonic f&uuml;r historische R&ouml;hrenradioger&auml;te im deutschsprachigen Raum die Adresse schlechthin wird. Da sind wir auf einem guten Weg. Ich versuche die Balance zwischen Ambition und Vergn&uuml;gen zu finden, sodass die Freude am Job erhalten bleibt. <\/p>\n<p>Wien ist die optimale Stadt f&uuml;r mein Unternehmen. Es gibt hier eine gro&szlig;e Vintage- und Handwerkcommunity. Zus&auml;tzlich hat man in Wien einen guten Zugang zu Print- und TV-Medien und man kann sich gut vernetzen. Es gibt auch zahlreiche Spezialistinnen beziehungsweise Spezialisten und Perfektionistinnen beziehungsweise und Perfektionisten, die Zulieferer f&uuml;r meine Produkte sind. Man kann nicht alles selbst machen. Hier gibt es wirklich einen Pool an unglaublich f&auml;higen Leuten, mit denen man sich austauschen kann.<\/p>\n<h4>Mein Tipp f&uuml;r unsere Studierenden:<\/h4>\n<p>Jeder sollte in sich gehen und &uuml;berlegen, was einem wirklich Freude bereitet, und mit etwas Geduld sein Leben dann dahin entwickeln. R&uuml;ckschl&auml;ge sind <em>Part of the Game<\/em>.<\/p>\n\n            <\/div>\n        <\/div>\n            <\/div>\n<\/div>\n\n<div id=\"\" class=\"wp-block-links-block margin-bottom-normal\">\n    <div class=\"container-lg\">\n        <div class=\"row\">\n            <div class=\"col-12\">\n                <div>\n                    <h4><\/h4>\n                    \n                <\/div>\n            <\/div>\n                            <div class=\"col-12\">\n                    <div class=\" border-bottom  border-top py-3\">\n                                                    <a href=\"https:\/\/www.fh-joanneum.at\/blog\/02-lebensgschichten-studiensachen-richard-sbuell\/\" target=\"\" class=\"link arrow-link large-arrow major-text-color-hover text-decoration-none\" data-analytics=\"\">\n                                <div class=\"link-content w-100\">\n                                    <div class=\"d-flex align-items-center\">\n                                        <h5 class=\"w-100 \">\n                                            #02 Lebensg&rsquo;schichten &amp; Studiensachen: Richard Sb&uuml;ll<\/h5>\n                                        <svg width=\"9\" height=\"15\" viewbox=\"0 0 9 15\" fill=\"none\" xmlns=\"http:\/\/www.w3.org\/2000\/svg\">\n    <path id=\"chevron_right\" d=\"M1.5 1.5L7.5 7.5L1.5 13.5\" stroke=\"\" stroke-width=\"1.5\" stroke-linecap=\"round\"><\/path>\n<\/svg>                                    <\/div>\n                                    <p>In der zweiten Episode unseres Alumni Podcasts &bdquo;Lebensg&rsquo;schichten &amp; Studiensachen&ldquo; ist Alumnus Richard Sb&uuml;ll zu Besuch.<\/p>\n\n                                <\/div>\n                            <\/a>\n                                            <\/div>\n                <\/div>\n                    <\/div>\n    <\/div>\n<\/div>\n\n","protected":false},"excerpt":{"rendered":"<p>Komplexe Elektronik, Kreativit\u00e4t und viel Liebe zum Detail inspirierten Richard Sb\u00fcll nach Abschluss des Studiums an der FH JOANNEUM dazu, ein eigenes Unternehmen zu gr\u00fcnden.<\/p>\n","protected":false},"author":52,"featured_media":10000550,"parent":10000329,"menu_order":34,"comment_status":"closed","ping_status":"closed","template":"template-absolvent.blade.php","meta":{"_acf_changed":false,"footnotes":""},"acf":[],"aioseo_notices":[],"_links":{"self":[{"href":"https:\/\/www.fh-joanneum.at\/power-electronic-engineering\/master\/wp-json\/wp\/v2\/pages\/10000546"}],"collection":[{"href":"https:\/\/www.fh-joanneum.at\/power-electronic-engineering\/master\/wp-json\/wp\/v2\/pages"}],"about":[{"href":"https:\/\/www.fh-joanneum.at\/power-electronic-engineering\/master\/wp-json\/wp\/v2\/types\/page"}],"author":[{"embeddable":true,"href":"https:\/\/www.fh-joanneum.at\/power-electronic-engineering\/master\/wp-json\/wp\/v2\/users\/52"}],"replies":[{"embeddable":true,"href":"https:\/\/www.fh-joanneum.at\/power-electronic-engineering\/master\/wp-json\/wp\/v2\/comments?post=10000546"}],"version-history":[{"count":0,"href":"https:\/\/www.fh-joanneum.at\/power-electronic-engineering\/master\/wp-json\/wp\/v2\/pages\/10000546\/revisions"}],"up":[{"embeddable":true,"href":"https:\/\/www.fh-joanneum.at\/power-electronic-engineering\/master\/wp-json\/wp\/v2\/pages\/10000329"}],"wp:featuredmedia":[{"embeddable":true,"href":"https:\/\/www.fh-joanneum.at\/power-electronic-engineering\/master\/wp-json\/wp\/v2\/media\/10000550"}],"wp:attachment":[{"href":"https:\/\/www.fh-joanneum.at\/power-electronic-engineering\/master\/wp-json\/wp\/v2\/media?parent=10000546"}],"curies":[{"name":"wp","href":"https:\/\/api.w.org\/{rel}","templated":true}]}}